{"id":26,"date":"2014-09-18T12:24:32","date_gmt":"2014-09-18T12:24:32","guid":{"rendered":"http:\/\/agora.xtec.cat\/ceiptiana\/?page_id=26"},"modified":"2024-02-02T15:32:34","modified_gmt":"2024-02-02T14:32:34","slug":"historia","status":"publish","type":"page","link":"https:\/\/agora.xtec.cat\/ceiptiana\/lescola\/historia\/","title":{"rendered":"Hist\u00f2ria"},"content":{"rendered":"<p>L&#8217;Escola Tiana va n\u00e9ixer en la ubicaci\u00f3 actual al curs 1990-91. Est\u00e0 situada al poble de Ripollet, municipi del Vall\u00e8s Occidental, amb un cens aproximat d\u2019uns 40.000 habitants i ubicada al barri de Can Tiana-Pont vell. Aix\u00ed, es troba separada de la resta del municipi per l\u2019autopista i el riu Ripoll, molt propera a Cerdanyola del Vall\u00e8s. El barri ha millorat urban\u00edsticament amb noves construccions que han fet cr\u00e9ixer la poblaci\u00f3 al barri i han augmentat els seus serveis (CAP, farm\u00e0cia&#8230;).<\/p>\n<p>L\u2019escola, juntament amb l\u2019AMPA aix\u00ed com amb d\u2019altres entitats esportives i culturals del poble treballen en el sentit d\u2019establir lligams i realitzar activitats que permetin la integraci\u00f3 de tots els habitants en la construcci\u00f3 d\u2019una vida social, cultural i esportiva que afavoreixi la conviv\u00e8ncia.<\/p>\n","protected":false},"excerpt":{"rendered":"<p>L&#8217;Escola Tiana va n\u00e9ixer en la ubicaci\u00f3 actual al curs 1990-91. Est\u00e0 situada al poble de Ripollet, municipi del Vall\u00e8s Occidental, amb un cens aproximat d\u2019uns 40.000 habitants i ubicada al barri de Can Tiana-Pont vell. Aix\u00ed, es troba separada de la resta del municipi&hellip;  <a href=\"https:\/\/agora.xtec.cat\/ceiptiana\/lescola\/historia\/\" title=\"Read Hist\u00f2ria\">Llegeix m\u00e9s\u00bb<\/a><\/p>\n","protected":false},"author":2,"featured_media":0,"parent":22,"menu_order":20,"comment_status":"closed","ping_status":"closed","template":"page-templates\/side-menu.php","meta":{"_bbp_topic_count":0,"_bbp_reply_count":0,"_bbp_total_topic_count":0,"_bbp_total_reply_count":0,"_bbp_voice_count":0,"_bbp_anonymous_reply_count":0,"_bbp_topic_count_hidden":0,"_bbp_reply_count_hidden":0,"_bbp_forum_subforum_count":0,"footnotes":""},"class_list":["post-26","page","type-page","status-publish","hentry"],"post_mailing_queue_ids":[],"_links":{"self":[{"href":"https:\/\/agora.xtec.cat\/ceiptiana\/wp-json\/wp\/v2\/pages\/26","targetHints":{"allow":["GET"]}}],"collection":[{"href":"https:\/\/agora.xtec.cat\/ceiptiana\/wp-json\/wp\/v2\/pages"}],"about":[{"href":"https:\/\/agora.xtec.cat\/ceiptiana\/wp-json\/wp\/v2\/types\/page"}],"author":[{"embeddable":true,"href":"https:\/\/agora.xtec.cat\/ceiptiana\/wp-json\/wp\/v2\/users\/2"}],"replies":[{"embeddable":true,"href":"https:\/\/agora.xtec.cat\/ceiptiana\/wp-json\/wp\/v2\/comments?post=26"}],"version-history":[{"count":5,"href":"https:\/\/agora.xtec.cat\/ceiptiana\/wp-json\/wp\/v2\/pages\/26\/revisions"}],"predecessor-version":[{"id":9650,"href":"https:\/\/agora.xtec.cat\/ceiptiana\/wp-json\/wp\/v2\/pages\/26\/revisions\/9650"}],"up":[{"embeddable":true,"href":"https:\/\/agora.xtec.cat\/ceiptiana\/wp-json\/wp\/v2\/pages\/22"}],"wp:attachment":[{"href":"https:\/\/agora.xtec.cat\/ceiptiana\/wp-json\/wp\/v2\/media?parent=26"}],"curies":[{"name":"wp","href":"https:\/\/api.w.org\/{rel}","templated":true}]}}