{"id":185,"date":"2015-02-04T13:33:59","date_gmt":"2015-02-04T12:33:59","guid":{"rendered":"http:\/\/agora.xtec.cat\/ceipteresaclaramunt\/?page_id=185"},"modified":"2025-02-20T10:50:18","modified_gmt":"2025-02-20T09:50:18","slug":"instal%c2%b7lacions-2","status":"publish","type":"page","link":"https:\/\/agora.xtec.cat\/ceipteresaclaramunt\/lescola\/instal%c2%b7lacions-2\/","title":{"rendered":"Instal\u00b7lacions"},"content":{"rendered":"<p>L&#8217;escola disposa de 18 aules ordin\u00e0ries,<strong> 6 d&#8217;educaci\u00f3 infantil i 12 per a prim\u00e0ria.<\/strong> Hi ha 4 tutories (una per a cada cicle) i altres espais d&#8217;\u00fas com\u00fa com:<\/p>\n<ul>\n<li style=\"list-style-type: none;\">\n<ul>\n<li>Aula d&#8217;inform\u00e0tica<\/li>\n<li>M\u00fasica<\/li>\n<li>Angl\u00e8s<\/li>\n<li>Art<\/li>\n<li>Dues aules d&#8217;educaci\u00f3 especial<\/li>\n<li>Biblioteca<\/li>\n<li>Gimn\u00e0s amb vestuaris i dutxes<\/li>\n<li>Aula de psicomotricitat<\/li>\n<li>Menjador i cuina.<\/li>\n<\/ul>\n<\/li>\n<\/ul>\n<p>Un dels grans avantatges de l&#8217;escola \u00e9s que disposa de <strong>tres patis molt amplis prove\u00efts d&#8217;equipaments de joc<\/strong>. Aix\u00ed doncs, hi ha un pati pels alumnes d&#8217;infantil, un altre pels alumnes de cicle inicial i mitj\u00e0 (amb pati i pista) i finalment, un tercer espai pels alumnes de cicle superior (amb pista esportiva i grades).<\/p>\n","protected":false},"excerpt":{"rendered":"<p>L&#8217;escola disposa de 18 aules ordin\u00e0ries, 6 d&#8217;educaci\u00f3 infantil i 12 per a prim\u00e0ria. Hi ha 4 tutories (una per a cada cicle) i altres espais d&#8217;\u00fas com\u00fa com:<\/p>\n<ul>\n<li style=\"list-style-type: none;\">\n<ul>\n<li>Aula d&#8217;inform\u00e0tica<\/li>\n<li>M\u00fasica<\/li>\n<li>Angl\u00e8s<\/li>\n<li>Art<\/li>\n<li>Dues aules d&#8217;educaci\u00f3 especial<\/li>\n<li>Biblioteca<\/li>\n<li>Gimn\u00e0s amb vestuaris i dutxes<\/li>\n<li>Aula de psicomotricitat<\/li>\n<li>Menjador i cuina.<\/li>\n<\/ul>\n<\/li>\n<\/ul>\n<p>Un dels grans&hellip;  <a href=\"https:\/\/agora.xtec.cat\/ceipteresaclaramunt\/lescola\/instal%c2%b7lacions-2\/\" title=\"Read Instal\u00b7lacions\">Llegeix m\u00e9s\u00bb<\/a><\/p>\n","protected":false},"author":1,"featured_media":0,"parent":22,"menu_order":90,"comment_status":"closed","ping_status":"closed","template":"page-templates\/side-menu.php","meta":{"_bbp_topic_count":0,"_bbp_reply_count":0,"_bbp_total_topic_count":0,"_bbp_total_reply_count":0,"_bbp_voice_count":0,"_bbp_anonymous_reply_count":0,"_bbp_topic_count_hidden":0,"_bbp_reply_count_hidden":0,"_bbp_forum_subforum_count":0,"footnotes":""},"class_list":["post-185","page","type-page","status-publish","hentry"],"post_mailing_queue_ids":[],"_links":{"self":[{"href":"https:\/\/agora.xtec.cat\/ceipteresaclaramunt\/wp-json\/wp\/v2\/pages\/185","targetHints":{"allow":["GET"]}}],"collection":[{"href":"https:\/\/agora.xtec.cat\/ceipteresaclaramunt\/wp-json\/wp\/v2\/pages"}],"about":[{"href":"https:\/\/agora.xtec.cat\/ceipteresaclaramunt\/wp-json\/wp\/v2\/types\/page"}],"author":[{"embeddable":true,"href":"https:\/\/agora.xtec.cat\/ceipteresaclaramunt\/wp-json\/wp\/v2\/users\/1"}],"replies":[{"embeddable":true,"href":"https:\/\/agora.xtec.cat\/ceipteresaclaramunt\/wp-json\/wp\/v2\/comments?post=185"}],"version-history":[{"count":5,"href":"https:\/\/agora.xtec.cat\/ceipteresaclaramunt\/wp-json\/wp\/v2\/pages\/185\/revisions"}],"predecessor-version":[{"id":464,"href":"https:\/\/agora.xtec.cat\/ceipteresaclaramunt\/wp-json\/wp\/v2\/pages\/185\/revisions\/464"}],"up":[{"embeddable":true,"href":"https:\/\/agora.xtec.cat\/ceipteresaclaramunt\/wp-json\/wp\/v2\/pages\/22"}],"wp:attachment":[{"href":"https:\/\/agora.xtec.cat\/ceipteresaclaramunt\/wp-json\/wp\/v2\/media?parent=185"}],"curies":[{"name":"wp","href":"https:\/\/api.w.org\/{rel}","templated":true}]}}