{"id":77,"date":"2014-09-18T14:05:08","date_gmt":"2014-09-18T14:05:08","guid":{"rendered":"http:\/\/agora.xtec.cat\/ceiptarra\/?page_id=77"},"modified":"2017-09-29T18:04:08","modified_gmt":"2017-09-29T16:04:08","slug":"acollida","status":"publish","type":"page","link":"https:\/\/agora.xtec.cat\/ceiptarra\/serveis\/acollida\/","title":{"rendered":"Acollida"},"content":{"rendered":"<p>Per tal de facilitar la conciliaci\u00f3 de la vida laboral amb els horaris escolars, es posa a la vostra disposici\u00f3 un servei d\u2019acollida matinal previ a l\u2019inici de les classes, des de les 7:45h fins a les 9:00 h, durant tots els dies lectius.<\/p>\n<p>En aquest servei els nens i les nenes estan atesos mentre no comencen les classes, oferint un espai agradable i l\u00fadic. Est\u00e0 dirigit tant per a les fam\u00edlies on els pares\/mares comencen a treballar molt d\u2019hora al mat\u00ed, com per a les que hagin de fer \u00fas d\u2019aquest servei de manera puntual.<\/p>\n<ul>\n<li>Preu usuaris fixes:\u00a025\u20ac mes<\/li>\n<li>Preu usuaris espor\u00e0dics: 2,5\u20ac dia<\/li>\n<\/ul>\n<p>En l&#8217;enlla\u00e7 de sota trobareu m\u00e9s informaci\u00f3:<\/p>\n<p><a href=\"http:\/\/www.ampatarradellas.org\/que-fem\/servei-dacollida\/\" target=\"_blank\" rel=\"noopener noreferrer\">M\u00e9s informaci\u00f3 web AMPA<\/a><\/p>\n","protected":false},"excerpt":{"rendered":"<p>Per tal de facilitar la conciliaci\u00f3 de la vida laboral amb els horaris escolars, es posa a la vostra disposici\u00f3 un servei d\u2019acollida matinal previ a l\u2019inici de les classes, des de les 7:45h fins a les 9:00 h, durant tots els dies lectius. En aquest servei els nens i les nenes estan atesos mentre [&hellip;]<\/p>\n","protected":false},"author":2,"featured_media":0,"parent":66,"menu_order":20,"comment_status":"closed","ping_status":"closed","template":"page-templates\/side-menu.php","meta":{"_bbp_topic_count":0,"_bbp_reply_count":0,"_bbp_total_topic_count":0,"_bbp_total_reply_count":0,"_bbp_voice_count":0,"_bbp_anonymous_reply_count":0,"_bbp_topic_count_hidden":0,"_bbp_reply_count_hidden":0,"_bbp_forum_subforum_count":0,"site-sidebar-layout":"default","site-content-layout":"","ast-site-content-layout":"","site-content-style":"default","site-sidebar-style":"default","ast-global-header-display":"","ast-banner-title-visibility":"","ast-main-header-display":"","ast-hfb-above-header-display":"","ast-hfb-below-header-display":"","ast-hfb-mobile-header-display":"","site-post-title":"","ast-breadcrumbs-content":"","ast-featured-img":"","footer-sml-layout":"","theme-transparent-header-meta":"","adv-header-id-meta":"","stick-header-meta":"","header-above-stick-meta":"","header-main-stick-meta":"","header-below-stick-meta":"","astra-migrate-meta-layouts":"default","ast-page-background-enabled":"default","ast-page-background-meta":{"desktop":{"background-color":"var(--ast-global-color-4)","background-image":"","background-repeat":"repeat","background-position":"center center","background-size":"auto","background-attachment":"scroll","background-type":"","background-media":"","overlay-type":"","overlay-color":"","overlay-opacity":"","overlay-gradient":""},"tablet":{"background-color":"","background-image":"","background-repeat":"repeat","background-position":"center center","background-size":"auto","background-attachment":"scroll","background-type":"","background-media":"","overlay-type":"","overlay-color":"","overlay-opacity":"","overlay-gradient":""},"mobile":{"background-color":"","background-image":"","background-repeat":"repeat","background-position":"center center","background-size":"auto","background-attachment":"scroll","background-type":"","background-media":"","overlay-type":"","overlay-color":"","overlay-opacity":"","overlay-gradient":""}},"ast-content-background-meta":{"desktop":{"background-color":"var(--ast-global-color-5)","background-image":"","background-repeat":"repeat","background-position":"center center","background-size":"auto","background-attachment":"scroll","background-type":"","background-media":"","overlay-type":"","overlay-color":"","overlay-opacity":"","overlay-gradient":""},"tablet":{"background-color":"var(--ast-global-color-5)","background-image":"","background-repeat":"repeat","background-position":"center center","background-size":"auto","background-attachment":"scroll","background-type":"","background-media":"","overlay-type":"","overlay-color":"","overlay-opacity":"","overlay-gradient":""},"mobile":{"background-color":"var(--ast-global-color-5)","background-image":"","background-repeat":"repeat","background-position":"center center","background-size":"auto","background-attachment":"scroll","background-type":"","background-media":"","overlay-type":"","overlay-color":"","overlay-opacity":"","overlay-gradient":""}},"footnotes":""},"class_list":["post-77","page","type-page","status-publish","hentry"],"post_mailing_queue_ids":[],"_links":{"self":[{"href":"https:\/\/agora.xtec.cat\/ceiptarra\/wp-json\/wp\/v2\/pages\/77","targetHints":{"allow":["GET"]}}],"collection":[{"href":"https:\/\/agora.xtec.cat\/ceiptarra\/wp-json\/wp\/v2\/pages"}],"about":[{"href":"https:\/\/agora.xtec.cat\/ceiptarra\/wp-json\/wp\/v2\/types\/page"}],"author":[{"embeddable":true,"href":"https:\/\/agora.xtec.cat\/ceiptarra\/wp-json\/wp\/v2\/users\/2"}],"replies":[{"embeddable":true,"href":"https:\/\/agora.xtec.cat\/ceiptarra\/wp-json\/wp\/v2\/comments?post=77"}],"version-history":[{"count":3,"href":"https:\/\/agora.xtec.cat\/ceiptarra\/wp-json\/wp\/v2\/pages\/77\/revisions"}],"predecessor-version":[{"id":4320,"href":"https:\/\/agora.xtec.cat\/ceiptarra\/wp-json\/wp\/v2\/pages\/77\/revisions\/4320"}],"up":[{"embeddable":true,"href":"https:\/\/agora.xtec.cat\/ceiptarra\/wp-json\/wp\/v2\/pages\/66"}],"wp:attachment":[{"href":"https:\/\/agora.xtec.cat\/ceiptarra\/wp-json\/wp\/v2\/media?parent=77"}],"curies":[{"name":"wp","href":"https:\/\/api.w.org\/{rel}","templated":true}]}}