{"id":28,"date":"2014-09-18T12:29:35","date_gmt":"2014-09-18T12:29:35","guid":{"rendered":"http:\/\/agora.xtec.cat\/ceiptarra\/?page_id=28"},"modified":"2023-11-22T15:56:23","modified_gmt":"2023-11-22T14:56:23","slug":"consell-escolar","status":"publish","type":"page","link":"https:\/\/agora.xtec.cat\/ceiptarra\/lescola\/consell-escolar\/","title":{"rendered":"Consell escolar"},"content":{"rendered":"<p>El consell escolar \u00e9s l&#8217;\u00f2rgan de participaci\u00f3 dels diferents sectors de la comunitat educativa en el govern dels centres.<\/p>\n<p>El formen els representants de tota la comunitat educativa, \u00e9s a dir, direcci\u00f3, professorat, fam\u00edlies, representant de l\u2019AMPA, personal d&#8217;administraci\u00f3 i serveis i el representant de l&#8217;administraci\u00f3 local.<br \/>\nLa funci\u00f3 principal del consell escolar \u00e9s participar en la presa de decisions en relaci\u00f3 amb aquells temes importants per al funcionament i l&#8217;organitzaci\u00f3 del centre: el projecte educatiu, la programaci\u00f3 general, la gesti\u00f3 econ\u00f2mica, la resoluci\u00f3 dels conflictes, les activitats extraescolars, l&#8217;horari lectiu, etc.<\/p>\n<p><a href=\"http:\/\/ensenyament.gencat.cat\/ca\/arees-actuacio\/centres-serveis-educatius\/centres\/consells-escolars-centres\/centres-publics\/\" target=\"_blank\" rel=\"noopener\">Per saber-ne m\u00e9s<\/a><\/p>\n<p style=\"text-align: center;\"><b>COMPOSICI\u00d3 CONSELL ESCOLAR JOSEP TARRADELLAS<\/b><\/p>\n<p style=\"text-align: center;\"><a href=\"https:\/\/agora.xtec.cat\/ceiptarra\/wp-content\/uploads\/usu1004\/2023\/11\/consell-escolar.png\"><img loading=\"lazy\" decoding=\"async\" class=\"alignnone size-full wp-image-22260\" src=\"https:\/\/agora.xtec.cat\/ceiptarra\/wp-content\/uploads\/usu1004\/2023\/11\/consell-escolar.png\" alt=\"\" width=\"492\" height=\"426\" srcset=\"https:\/\/agora.xtec.cat\/ceiptarra\/wp-content\/uploads\/usu1004\/2023\/11\/consell-escolar.png 492w, https:\/\/agora.xtec.cat\/ceiptarra\/wp-content\/uploads\/usu1004\/2023\/11\/consell-escolar-300x260.png 300w\" sizes=\"auto, (max-width: 492px) 100vw, 492px\" \/><\/a><\/p>\n","protected":false},"excerpt":{"rendered":"<p>El consell escolar \u00e9s l&#8217;\u00f2rgan de participaci\u00f3 dels diferents sectors de la comunitat educativa en el govern dels centres. El formen els representants de tota la comunitat educativa, \u00e9s a dir, direcci\u00f3, professorat, fam\u00edlies, representant de l\u2019AMPA, personal d&#8217;administraci\u00f3 i serveis i el representant de l&#8217;administraci\u00f3 local. La funci\u00f3 principal del consell escolar \u00e9s participar [&hellip;]<\/p>\n","protected":false},"author":2,"featured_media":0,"parent":22,"menu_order":30,"comment_status":"closed","ping_status":"closed","template":"page-templates\/side-menu.php","meta":{"_bbp_topic_count":0,"_bbp_reply_count":0,"_bbp_total_topic_count":0,"_bbp_total_reply_count":0,"_bbp_voice_count":0,"_bbp_anonymous_reply_count":0,"_bbp_topic_count_hidden":0,"_bbp_reply_count_hidden":0,"_bbp_forum_subforum_count":0,"site-sidebar-layout":"default","site-content-layout":"","ast-site-content-layout":"","site-content-style":"default","site-sidebar-style":"default","ast-global-header-display":"","ast-banner-title-visibility":"","ast-main-header-display":"","ast-hfb-above-header-display":"","ast-hfb-below-header-display":"","ast-hfb-mobile-header-display":"","site-post-title":"","ast-breadcrumbs-content":"","ast-featured-img":"","footer-sml-layout":"","theme-transparent-header-meta":"","adv-header-id-meta":"","stick-header-meta":"","header-above-stick-meta":"","header-main-stick-meta":"","header-below-stick-meta":"","astra-migrate-meta-layouts":"default","ast-page-background-enabled":"default","ast-page-background-meta":{"desktop":{"background-color":"var(--ast-global-color-4)","background-image":"","background-repeat":"repeat","background-position":"center center","background-size":"auto","background-attachment":"scroll","background-type":"","background-media":"","overlay-type":"","overlay-color":"","overlay-opacity":"","overlay-gradient":""},"tablet":{"background-color":"","background-image":"","background-repeat":"repeat","background-position":"center center","background-size":"auto","background-attachment":"scroll","background-type":"","background-media":"","overlay-type":"","overlay-color":"","overlay-opacity":"","overlay-gradient":""},"mobile":{"background-color":"","background-image":"","background-repeat":"repeat","background-position":"center center","background-size":"auto","background-attachment":"scroll","background-type":"","background-media":"","overlay-type":"","overlay-color":"","overlay-opacity":"","overlay-gradient":""}},"ast-content-background-meta":{"desktop":{"background-color":"var(--ast-global-color-5)","background-image":"","background-repeat":"repeat","background-position":"center center","background-size":"auto","background-attachment":"scroll","background-type":"","background-media":"","overlay-type":"","overlay-color":"","overlay-opacity":"","overlay-gradient":""},"tablet":{"background-color":"var(--ast-global-color-5)","background-image":"","background-repeat":"repeat","background-position":"center center","background-size":"auto","background-attachment":"scroll","background-type":"","background-media":"","overlay-type":"","overlay-color":"","overlay-opacity":"","overlay-gradient":""},"mobile":{"background-color":"var(--ast-global-color-5)","background-image":"","background-repeat":"repeat","background-position":"center center","background-size":"auto","background-attachment":"scroll","background-type":"","background-media":"","overlay-type":"","overlay-color":"","overlay-opacity":"","overlay-gradient":""}},"footnotes":""},"class_list":["post-28","page","type-page","status-publish","hentry"],"post_mailing_queue_ids":[],"_links":{"self":[{"href":"https:\/\/agora.xtec.cat\/ceiptarra\/wp-json\/wp\/v2\/pages\/28","targetHints":{"allow":["GET"]}}],"collection":[{"href":"https:\/\/agora.xtec.cat\/ceiptarra\/wp-json\/wp\/v2\/pages"}],"about":[{"href":"https:\/\/agora.xtec.cat\/ceiptarra\/wp-json\/wp\/v2\/types\/page"}],"author":[{"embeddable":true,"href":"https:\/\/agora.xtec.cat\/ceiptarra\/wp-json\/wp\/v2\/users\/2"}],"replies":[{"embeddable":true,"href":"https:\/\/agora.xtec.cat\/ceiptarra\/wp-json\/wp\/v2\/comments?post=28"}],"version-history":[{"count":4,"href":"https:\/\/agora.xtec.cat\/ceiptarra\/wp-json\/wp\/v2\/pages\/28\/revisions"}],"predecessor-version":[{"id":22261,"href":"https:\/\/agora.xtec.cat\/ceiptarra\/wp-json\/wp\/v2\/pages\/28\/revisions\/22261"}],"up":[{"embeddable":true,"href":"https:\/\/agora.xtec.cat\/ceiptarra\/wp-json\/wp\/v2\/pages\/22"}],"wp:attachment":[{"href":"https:\/\/agora.xtec.cat\/ceiptarra\/wp-json\/wp\/v2\/media?parent=28"}],"curies":[{"name":"wp","href":"https:\/\/api.w.org\/{rel}","templated":true}]}}