{"id":26,"date":"2014-09-18T12:24:32","date_gmt":"2014-09-18T12:24:32","guid":{"rendered":"http:\/\/agora.xtec.cat\/ceiptarra\/?page_id=26"},"modified":"2024-01-16T15:56:48","modified_gmt":"2024-01-16T14:56:48","slug":"historia","status":"publish","type":"page","link":"https:\/\/agora.xtec.cat\/ceiptarra\/lescola\/historia\/","title":{"rendered":"Hist\u00f2ria"},"content":{"rendered":"<p>&nbsp;<\/p>\n<h2><u><span style=\"color: #000099;\">FEM UNA MICA D&#8217;HIST\u00d2RIA<\/span><\/u><\/h2>\n<p>&nbsp;<\/p>\n<table border=\"0\" width=\"100%\" cellspacing=\"0\" cellpadding=\"0\">\n<tbody>\n<tr>\n<td width=\"25%\"><center><a href=\"https:\/\/agora.xtec.cat\/ceiptarra\/wp-content\/uploads\/usu1004\/2024\/01\/tarrad01.jpg\"><img loading=\"lazy\" decoding=\"async\" class=\"alignnone size-full wp-image-22449\" src=\"https:\/\/agora.xtec.cat\/ceiptarra\/wp-content\/uploads\/usu1004\/2024\/01\/tarrad01.jpg\" alt=\"\" width=\"305\" height=\"198\" srcset=\"https:\/\/agora.xtec.cat\/ceiptarra\/wp-content\/uploads\/usu1004\/2024\/01\/tarrad01.jpg 305w, https:\/\/agora.xtec.cat\/ceiptarra\/wp-content\/uploads\/usu1004\/2024\/01\/tarrad01-300x195.jpg 300w\" sizes=\"auto, (max-width: 305px) 100vw, 305px\" \/><\/a><\/center><\/td>\n<td><b><span style=\"color: #000099;\">La nostra hist\u00f2ria comen\u00e7a al setembre de 1976, quan aquesta escola era un camp abandonat, sense conreus, a la Carretera de la Marina, on el riu hi arribava quan volia. Aleshores un grup de mestres sense feina van decidir fer classes a l&#8217;aire lliure i van muntar una escola for\u00e7a nombrosa formada per 5 mestres i vuitanta alumnes sense escolaritzar oficialment.<\/span><\/b><\/td>\n<\/tr>\n<\/tbody>\n<\/table>\n<p>&nbsp;<\/p>\n<hr width=\"100%\" \/>\n<p><span style=\"color: #990000;\"><b>El Dominical del Brusi<\/b> del <b>Diario de Barcelona<\/b>, publicava la not\u00edcia a les p\u00e0gines centrals de la seva edici\u00f3 del 24 d&#8217;octubre de 1976, de la manera seg\u00fcent:<\/span><\/p>\n<hr width=\"100%\" \/>\n<p>&nbsp;<\/p>\n<table border=\"0\" width=\"88%\" cellspacing=\"0\" cellpadding=\"2\">\n<tbody>\n<tr>\n<td width=\"24%\"><center><a href=\"https:\/\/agora.xtec.cat\/ceiptarra\/wp-content\/uploads\/usu1004\/2024\/01\/juli2.jpg\"><img loading=\"lazy\" decoding=\"async\" class=\"alignnone size-full wp-image-22441\" src=\"https:\/\/agora.xtec.cat\/ceiptarra\/wp-content\/uploads\/usu1004\/2024\/01\/juli2.jpg\" alt=\"\" width=\"105\" height=\"244\" \/><\/a><\/center><\/td>\n<td width=\"45%\">\n<div align=\"center\"><a href=\"https:\/\/agora.xtec.cat\/ceiptarra\/wp-content\/uploads\/usu1004\/2024\/01\/juli1.jpg\"><img loading=\"lazy\" decoding=\"async\" class=\"alignnone size-full wp-image-22440\" src=\"https:\/\/agora.xtec.cat\/ceiptarra\/wp-content\/uploads\/usu1004\/2024\/01\/juli1.jpg\" alt=\"\" width=\"205\" height=\"204\" srcset=\"https:\/\/agora.xtec.cat\/ceiptarra\/wp-content\/uploads\/usu1004\/2024\/01\/juli1.jpg 205w, https:\/\/agora.xtec.cat\/ceiptarra\/wp-content\/uploads\/usu1004\/2024\/01\/juli1-150x150.jpg 150w\" sizes=\"auto, (max-width: 205px) 100vw, 205px\" \/><\/a><\/div>\n<\/td>\n<td width=\"31%\"><center><a href=\"https:\/\/agora.xtec.cat\/ceiptarra\/wp-content\/uploads\/usu1004\/2024\/01\/juli6.jpg\"><img loading=\"lazy\" decoding=\"async\" class=\"alignnone size-full wp-image-22445\" src=\"https:\/\/agora.xtec.cat\/ceiptarra\/wp-content\/uploads\/usu1004\/2024\/01\/juli6.jpg\" alt=\"\" width=\"145\" height=\"99\" \/><\/a><\/center><\/td>\n<\/tr>\n<tr>\n<td width=\"24%\"><b><i><span style=\"color: #000099;\">Havia una vegada uns nens sense escola &#8230;<\/span><\/i><\/b><\/td>\n<td width=\"45%\">\n<div align=\"center\"><b><i><span style=\"color: #000099;\">Aix\u00f2 succeia al Prat, l&#8217;any 1976<\/span><\/i><\/b><\/div>\n<\/td>\n<td width=\"31%\"><b><i><span style=\"color: #000099;\">.. El Prat era (\u00e9s) una ciutat de Catalunya, industriosa i desenvolupada &#8230;<\/span><\/i><\/b><\/td>\n<\/tr>\n<tr>\n<td width=\"24%\"><center><a href=\"https:\/\/agora.xtec.cat\/ceiptarra\/wp-content\/uploads\/usu1004\/2024\/01\/juli4.jpg\"><img loading=\"lazy\" decoding=\"async\" class=\"alignnone size-full wp-image-22443\" src=\"https:\/\/agora.xtec.cat\/ceiptarra\/wp-content\/uploads\/usu1004\/2024\/01\/juli4.jpg\" alt=\"\" width=\"104\" height=\"127\" \/><\/a><\/center><\/td>\n<td width=\"45%\"><center><a href=\"https:\/\/agora.xtec.cat\/ceiptarra\/wp-content\/uploads\/usu1004\/2024\/01\/juli7.jpg\"><img loading=\"lazy\" decoding=\"async\" class=\"alignnone size-full wp-image-22446\" src=\"https:\/\/agora.xtec.cat\/ceiptarra\/wp-content\/uploads\/usu1004\/2024\/01\/juli7.jpg\" alt=\"\" width=\"146\" height=\"126\" \/><\/a><\/center><\/td>\n<td width=\"31%\"><center><a href=\"https:\/\/agora.xtec.cat\/ceiptarra\/wp-content\/uploads\/usu1004\/2024\/01\/juli5.jpg\"><img loading=\"lazy\" decoding=\"async\" class=\"alignnone size-full wp-image-22444\" src=\"https:\/\/agora.xtec.cat\/ceiptarra\/wp-content\/uploads\/usu1004\/2024\/01\/juli5.jpg\" alt=\"\" width=\"94\" height=\"111\" \/><\/a><\/center><\/td>\n<\/tr>\n<tr>\n<td width=\"24%\"><span style=\"color: #000099;\"><b><i>En tot el pais s&#8217;aplicava des de feia cinc anys la Llei General d&#8217;Educaci\u00f3<\/i><\/b> &#8230;<\/span><\/td>\n<td width=\"45%\"><b><span style=\"color: #000099;\">&#8230; <i>Els problemes de la Universitat no es resolien.\u00a0<\/i><\/span><\/b><span style=\"color: #000099;\"><b><i>Tampoc els de l&#8217;E. G. B. &#8230;<\/i><\/b><\/span><\/td>\n<td width=\"31%\"><b><i><span style=\"color: #000099;\">&#8230; I van venir cinc mestres que no tenien feina, perqu\u00e8 no hi havia aules per a elles, ni per als nens &#8230;<\/span><\/i><\/b><\/td>\n<\/tr>\n<tr>\n<td width=\"24%\"><center><a href=\"https:\/\/agora.xtec.cat\/ceiptarra\/wp-content\/uploads\/usu1004\/2024\/01\/juli3.jpg\"><img loading=\"lazy\" decoding=\"async\" class=\"alignnone size-full wp-image-22442\" src=\"https:\/\/agora.xtec.cat\/ceiptarra\/wp-content\/uploads\/usu1004\/2024\/01\/juli3.jpg\" alt=\"\" width=\"151\" height=\"116\" \/><\/a><\/center><\/td>\n<td width=\"45%\"><center><a href=\"https:\/\/agora.xtec.cat\/ceiptarra\/wp-content\/uploads\/usu1004\/2024\/01\/juli8.jpg\"><img loading=\"lazy\" decoding=\"async\" class=\"alignnone size-full wp-image-22447\" src=\"https:\/\/agora.xtec.cat\/ceiptarra\/wp-content\/uploads\/usu1004\/2024\/01\/juli8.jpg\" alt=\"\" width=\"157\" height=\"247\" \/><\/a><\/center><\/td>\n<td width=\"31%\"><center><a href=\"https:\/\/agora.xtec.cat\/ceiptarra\/wp-content\/uploads\/usu1004\/2024\/01\/juli9.jpg\"><img loading=\"lazy\" decoding=\"async\" class=\"alignnone size-full wp-image-22448\" src=\"https:\/\/agora.xtec.cat\/ceiptarra\/wp-content\/uploads\/usu1004\/2024\/01\/juli9.jpg\" alt=\"\" width=\"153\" height=\"112\" \/><\/a><\/center><\/td>\n<\/tr>\n<tr>\n<td width=\"24%\"><b><i><span style=\"color: #000099;\">&#8230;\u00a0 En ple descampat, en mig del carrer, van aconseguir instal\u00b7lar una pissarra &#8230;<\/span><\/i><\/b><\/td>\n<td width=\"45%\"><b><i><span style=\"color: #000099;\">&#8230; Els nens portaven la cadira de casa seva, per tal de no seure&#8217;s al terra, que estava dur, brut i humit &#8230;<\/span><\/i><\/b><\/td>\n<td width=\"31%\"><b><i><span style=\"color: #000099;\">&#8230; Quan plovia o tenien ganes de fer pip\u00ed, havien d&#8217;anar als lavabos de les cases veines &#8230;<\/span><\/i><\/b><\/td>\n<\/tr>\n<\/tbody>\n<\/table>\n<p>&nbsp;<\/p>\n<hr size=\"1\" \/>\n<div align=\"center\">\n<table border=\"0\" width=\"533\" cellspacing=\"0\">\n<tbody>\n<tr>\n<td width=\"118\" height=\"202\">\n<div align=\"center\"><a href=\"https:\/\/agora.xtec.cat\/ceiptarra\/wp-content\/uploads\/usu1004\/2024\/01\/honorab.jpg\"><img loading=\"lazy\" decoding=\"async\" class=\"alignnone size-full wp-image-22439\" src=\"https:\/\/agora.xtec.cat\/ceiptarra\/wp-content\/uploads\/usu1004\/2024\/01\/honorab.jpg\" alt=\"\" width=\"77\" height=\"154\" \/><\/a><\/div>\n<\/td>\n<td width=\"407\" height=\"202\">\n<div align=\"left\"><b><span style=\"color: #000099;\">A les autoritats municipals no els va fer gaire gr\u00e0cia la iniciativa i es van haver d&#8217;espavilar per habilitar unes aules en diferents locals del poble per tal de reduir aquell d\u00e8ficit escolar.\u00a0<\/span><\/b><\/div>\n<p align=\"left\"><b><span style=\"color: #000099;\">Al cap d&#8217;un any en aquest mateix solar es va comen\u00e7ar a construir un grup d&#8217;aules prefabricades, que l&#8217;Honorable Josep Tarradellas va inaugurar al febrer de 1978, i que formaven la primera part del que seria un gran grup escolar.\u00a0<\/span><\/b><\/p>\n<\/td>\n<\/tr>\n<\/tbody>\n<\/table>\n<\/div>\n<div align=\"center\">\n<table border=\"0\" width=\"98%\" cellspacing=\"0\">\n<tbody>\n<tr>\n<td width=\"60%\"><b><span style=\"color: #000099;\">Aquest nou centre, anomenat oficialment &#8220;Colegio Espa\u00f1a&#8221; havia de tenir inicialment quaranta aules distribu\u00efdes en dos blocs i en una guarderia infantil.\u00a0<\/span><\/b><br \/>\n<b><span style=\"color: #000099;\">M\u00e9s tard, per motius de funcionalitat es va decidir dividir aquest gran complex en dues escoles diferenciades i una d&#8217;elles es va anomenar a petici\u00f3 de l&#8217;Associaci\u00f3 de Pares i Mares d&#8217;alumnes: Col\u00b7legi HONORABLE JOSEP TARRADELLAS<\/span><\/b><\/td>\n<td width=\"40%\"><a href=\"https:\/\/agora.xtec.cat\/ceiptarra\/wp-content\/uploads\/usu1004\/2024\/01\/tarrad02.jpg\"><img loading=\"lazy\" decoding=\"async\" class=\"alignnone size-full wp-image-22450\" src=\"https:\/\/agora.xtec.cat\/ceiptarra\/wp-content\/uploads\/usu1004\/2024\/01\/tarrad02.jpg\" alt=\"\" width=\"311\" height=\"198\" srcset=\"https:\/\/agora.xtec.cat\/ceiptarra\/wp-content\/uploads\/usu1004\/2024\/01\/tarrad02.jpg 311w, https:\/\/agora.xtec.cat\/ceiptarra\/wp-content\/uploads\/usu1004\/2024\/01\/tarrad02-300x191.jpg 300w\" sizes=\"auto, (max-width: 311px) 100vw, 311px\" \/><\/a><\/td>\n<\/tr>\n<\/tbody>\n<\/table>\n<\/div>\n","protected":false},"excerpt":{"rendered":"<p>&nbsp; FEM UNA MICA D&#8217;HIST\u00d2RIA &nbsp; La nostra hist\u00f2ria comen\u00e7a al setembre de 1976, quan aquesta escola era un camp abandonat, sense conreus, a la Carretera de la Marina, on el riu hi arribava quan volia. Aleshores un grup de mestres sense feina van decidir fer classes a l&#8217;aire lliure i van muntar una escola [&hellip;]<\/p>\n","protected":false},"author":2,"featured_media":0,"parent":22,"menu_order":20,"comment_status":"closed","ping_status":"closed","template":"page-templates\/side-menu.php","meta":{"_bbp_topic_count":0,"_bbp_reply_count":0,"_bbp_total_topic_count":0,"_bbp_total_reply_count":0,"_bbp_voice_count":0,"_bbp_anonymous_reply_count":0,"_bbp_topic_count_hidden":0,"_bbp_reply_count_hidden":0,"_bbp_forum_subforum_count":0,"site-sidebar-layout":"default","site-content-layout":"","ast-site-content-layout":"","site-content-style":"default","site-sidebar-style":"default","ast-global-header-display":"","ast-banner-title-visibility":"","ast-main-header-display":"","ast-hfb-above-header-display":"","ast-hfb-below-header-display":"","ast-hfb-mobile-header-display":"","site-post-title":"","ast-breadcrumbs-content":"","ast-featured-img":"","footer-sml-layout":"","theme-transparent-header-meta":"","adv-header-id-meta":"","stick-header-meta":"","header-above-stick-meta":"","header-main-stick-meta":"","header-below-stick-meta":"","astra-migrate-meta-layouts":"default","ast-page-background-enabled":"default","ast-page-background-meta":{"desktop":{"background-color":"var(--ast-global-color-4)","background-image":"","background-repeat":"repeat","background-position":"center center","background-size":"auto","background-attachment":"scroll","background-type":"","background-media":"","overlay-type":"","overlay-color":"","overlay-opacity":"","overlay-gradient":""},"tablet":{"background-color":"","background-image":"","background-repeat":"repeat","background-position":"center center","background-size":"auto","background-attachment":"scroll","background-type":"","background-media":"","overlay-type":"","overlay-color":"","overlay-opacity":"","overlay-gradient":""},"mobile":{"background-color":"","background-image":"","background-repeat":"repeat","background-position":"center center","background-size":"auto","background-attachment":"scroll","background-type":"","background-media":"","overlay-type":"","overlay-color":"","overlay-opacity":"","overlay-gradient":""}},"ast-content-background-meta":{"desktop":{"background-color":"var(--ast-global-color-5)","background-image":"","background-repeat":"repeat","background-position":"center center","background-size":"auto","background-attachment":"scroll","background-type":"","background-media":"","overlay-type":"","overlay-color":"","overlay-opacity":"","overlay-gradient":""},"tablet":{"background-color":"var(--ast-global-color-5)","background-image":"","background-repeat":"repeat","background-position":"center center","background-size":"auto","background-attachment":"scroll","background-type":"","background-media":"","overlay-type":"","overlay-color":"","overlay-opacity":"","overlay-gradient":""},"mobile":{"background-color":"var(--ast-global-color-5)","background-image":"","background-repeat":"repeat","background-position":"center center","background-size":"auto","background-attachment":"scroll","background-type":"","background-media":"","overlay-type":"","overlay-color":"","overlay-opacity":"","overlay-gradient":""}},"footnotes":""},"class_list":["post-26","page","type-page","status-publish","hentry"],"post_mailing_queue_ids":[],"_links":{"self":[{"href":"https:\/\/agora.xtec.cat\/ceiptarra\/wp-json\/wp\/v2\/pages\/26","targetHints":{"allow":["GET"]}}],"collection":[{"href":"https:\/\/agora.xtec.cat\/ceiptarra\/wp-json\/wp\/v2\/pages"}],"about":[{"href":"https:\/\/agora.xtec.cat\/ceiptarra\/wp-json\/wp\/v2\/types\/page"}],"author":[{"embeddable":true,"href":"https:\/\/agora.xtec.cat\/ceiptarra\/wp-json\/wp\/v2\/users\/2"}],"replies":[{"embeddable":true,"href":"https:\/\/agora.xtec.cat\/ceiptarra\/wp-json\/wp\/v2\/comments?post=26"}],"version-history":[{"count":2,"href":"https:\/\/agora.xtec.cat\/ceiptarra\/wp-json\/wp\/v2\/pages\/26\/revisions"}],"predecessor-version":[{"id":22451,"href":"https:\/\/agora.xtec.cat\/ceiptarra\/wp-json\/wp\/v2\/pages\/26\/revisions\/22451"}],"up":[{"embeddable":true,"href":"https:\/\/agora.xtec.cat\/ceiptarra\/wp-json\/wp\/v2\/pages\/22"}],"wp:attachment":[{"href":"https:\/\/agora.xtec.cat\/ceiptarra\/wp-json\/wp\/v2\/media?parent=26"}],"curies":[{"name":"wp","href":"https:\/\/api.w.org\/{rel}","templated":true}]}}