{"id":1415,"date":"2016-11-09T20:37:15","date_gmt":"2016-11-09T19:37:15","guid":{"rendered":"http:\/\/agora.xtec.cat\/ceiptarra\/?page_id=1415"},"modified":"2023-11-20T17:59:36","modified_gmt":"2023-11-20T16:59:36","slug":"eleccions-consell-escolar","status":"publish","type":"page","link":"https:\/\/agora.xtec.cat\/ceiptarra\/lescola\/consell-escolar\/eleccions-consell-escolar\/","title":{"rendered":"Eleccions Consell escolar"},"content":{"rendered":"<p>Benvolgudes fam\u00edlies,<\/p>\n<p>Com ja sabeu ahir dia 16 de novembre es va acabar el termini per a presentar-se com a cantidat\/a a les eleccions del Consell Escolar.<\/p>\n<p>Us adjuntem les candidatures perqu\u00e8 en tingueu const\u00e0ncia. Recordeu que el dimarts dia 21 \u00e9s el dia de les eleccions. Podreu venir a votar de 9:00 a 10:00 i de 16:00 a 17:00. Moltes gr\u00e0cies per proposar-vos com a candidats i candidates! El Tarra sempre suma!<\/p>\n<p>\u2013\u00a0<a href=\"https:\/\/photos.app.goo.gl\/2AeZEhRno9Bz5CAv5\">Sergi Soler<\/a><\/p>\n<p>\u2013\u00a0<a href=\"https:\/\/photos.app.goo.gl\/7di6Jq3GSuS2wsJk9\">Arantxa L\u00f3pez<\/a><\/p>\n<p>\u2013\u00a0<a href=\"https:\/\/photos.app.goo.gl\/B6Foi5RpNpZny8oFA\">Nayat Aalien<\/a><\/p>\n<p>\u2013\u00a0<a href=\"https:\/\/photos.app.goo.gl\/E8qvfzg34tSuZk6X7\">Elena Barriga<\/a><\/p>\n<p>\u2013\u00a0<a href=\"https:\/\/photos.app.goo.gl\/PjontwhxLcTigC7E7\">Mario Yepes<\/a><\/p>\n<p>\u2013\u00a0<a href=\"https:\/\/photos.app.goo.gl\/59FE5NvDbjg14irP6\">Eduard Querol<\/a><\/p>\n<p>\u2013\u00a0<a href=\"https:\/\/photos.app.goo.gl\/qV3nvQUpRrtVvhDv6\">Cristina Giner<\/a><\/p>\n<p>\u2013 Ra\u00fal Orellana<\/p>\n","protected":false},"excerpt":{"rendered":"<p>Benvolgudes fam\u00edlies, Com ja sabeu ahir dia 16 de novembre es va acabar el termini per a presentar-se com a cantidat\/a a les eleccions del Consell Escolar. Us adjuntem les candidatures perqu\u00e8 en tingueu const\u00e0ncia. Recordeu que el dimarts dia 21 \u00e9s el dia de les eleccions. Podreu venir a votar de 9:00 a 10:00 [&hellip;]<\/p>\n","protected":false},"author":3,"featured_media":0,"parent":28,"menu_order":35,"comment_status":"closed","ping_status":"closed","template":"","meta":{"_bbp_topic_count":0,"_bbp_reply_count":0,"_bbp_total_topic_count":0,"_bbp_total_reply_count":0,"_bbp_voice_count":0,"_bbp_anonymous_reply_count":0,"_bbp_topic_count_hidden":0,"_bbp_reply_count_hidden":0,"_bbp_forum_subforum_count":0,"site-sidebar-layout":"default","site-content-layout":"","ast-site-content-layout":"","site-content-style":"default","site-sidebar-style":"default","ast-global-header-display":"","ast-banner-title-visibility":"","ast-main-header-display":"","ast-hfb-above-header-display":"","ast-hfb-below-header-display":"","ast-hfb-mobile-header-display":"","site-post-title":"","ast-breadcrumbs-content":"","ast-featured-img":"","footer-sml-layout":"","theme-transparent-header-meta":"","adv-header-id-meta":"","stick-header-meta":"","header-above-stick-meta":"","header-main-stick-meta":"","header-below-stick-meta":"","astra-migrate-meta-layouts":"default","ast-page-background-enabled":"default","ast-page-background-meta":{"desktop":{"background-color":"var(--ast-global-color-4)","background-image":"","background-repeat":"repeat","background-position":"center center","background-size":"auto","background-attachment":"scroll","background-type":"","background-media":"","overlay-type":"","overlay-color":"","overlay-opacity":"","overlay-gradient":""},"tablet":{"background-color":"","background-image":"","background-repeat":"repeat","background-position":"center center","background-size":"auto","background-attachment":"scroll","background-type":"","background-media":"","overlay-type":"","overlay-color":"","overlay-opacity":"","overlay-gradient":""},"mobile":{"background-color":"","background-image":"","background-repeat":"repeat","background-position":"center center","background-size":"auto","background-attachment":"scroll","background-type":"","background-media":"","overlay-type":"","overlay-color":"","overlay-opacity":"","overlay-gradient":""}},"ast-content-background-meta":{"desktop":{"background-color":"var(--ast-global-color-5)","background-image":"","background-repeat":"repeat","background-position":"center center","background-size":"auto","background-attachment":"scroll","background-type":"","background-media":"","overlay-type":"","overlay-color":"","overlay-opacity":"","overlay-gradient":""},"tablet":{"background-color":"var(--ast-global-color-5)","background-image":"","background-repeat":"repeat","background-position":"center center","background-size":"auto","background-attachment":"scroll","background-type":"","background-media":"","overlay-type":"","overlay-color":"","overlay-opacity":"","overlay-gradient":""},"mobile":{"background-color":"var(--ast-global-color-5)","background-image":"","background-repeat":"repeat","background-position":"center center","background-size":"auto","background-attachment":"scroll","background-type":"","background-media":"","overlay-type":"","overlay-color":"","overlay-opacity":"","overlay-gradient":""}},"footnotes":""},"class_list":["post-1415","page","type-page","status-publish","hentry"],"post_mailing_queue_ids":[],"_links":{"self":[{"href":"https:\/\/agora.xtec.cat\/ceiptarra\/wp-json\/wp\/v2\/pages\/1415","targetHints":{"allow":["GET"]}}],"collection":[{"href":"https:\/\/agora.xtec.cat\/ceiptarra\/wp-json\/wp\/v2\/pages"}],"about":[{"href":"https:\/\/agora.xtec.cat\/ceiptarra\/wp-json\/wp\/v2\/types\/page"}],"author":[{"embeddable":true,"href":"https:\/\/agora.xtec.cat\/ceiptarra\/wp-json\/wp\/v2\/users\/3"}],"replies":[{"embeddable":true,"href":"https:\/\/agora.xtec.cat\/ceiptarra\/wp-json\/wp\/v2\/comments?post=1415"}],"version-history":[{"count":6,"href":"https:\/\/agora.xtec.cat\/ceiptarra\/wp-json\/wp\/v2\/pages\/1415\/revisions"}],"predecessor-version":[{"id":22218,"href":"https:\/\/agora.xtec.cat\/ceiptarra\/wp-json\/wp\/v2\/pages\/1415\/revisions\/22218"}],"up":[{"embeddable":true,"href":"https:\/\/agora.xtec.cat\/ceiptarra\/wp-json\/wp\/v2\/pages\/28"}],"wp:attachment":[{"href":"https:\/\/agora.xtec.cat\/ceiptarra\/wp-json\/wp\/v2\/media?parent=1415"}],"curies":[{"name":"wp","href":"https:\/\/api.w.org\/{rel}","templated":true}]}}