{"id":9655,"date":"2025-01-29T09:44:28","date_gmt":"2025-01-29T08:44:28","guid":{"rendered":"https:\/\/agora.xtec.cat\/ceiptallo\/?page_id=9655"},"modified":"2025-01-29T09:52:11","modified_gmt":"2025-01-29T08:52:11","slug":"transport-escolar-2","status":"publish","type":"page","link":"https:\/\/agora.xtec.cat\/ceiptallo\/transport-escolar-2\/","title":{"rendered":"Transport escolar"},"content":{"rendered":"\n<p>El Consell comarcal subvenciona el transport escolar a aquelles fam\u00edlies que viuen a m\u00e9s de dos quil\u00f2metres del poble i que el necessiten regularment.<\/p>\n\n\n\n<p>La ruta segueix els pobles seg\u00fcents:&nbsp;<\/p>\n\n\n\n<p>Bor \u2013 Beders &#8211; Baltarga \u2013Galliss\u00e0 \u2013 Pi \u2013Bellver de Cerdanya.<\/p>\n\n\n\n<p>Aquest servei s\u2019ha de tramitar al Consell Comarcal de la Cerdanya.<\/p>\n","protected":false},"excerpt":{"rendered":"<p>El Consell comarcal subvenciona el transport escolar a aquelles fam\u00edlies que viuen a m\u00e9s de dos quil\u00f2metres del poble i que el necessiten regularment.<\/p>\n<p>La ruta segueix els pobles seg\u00fcents:&nbsp;<\/p>\n<p>Bor \u2013 Beders &#8211; Baltarga \u2013Galliss\u00e0 \u2013 Pi \u2013Bellver de Cerdanya.<\/p>\n<p>Aquest servei s\u2019ha de tramitar al Consell&hellip;  <a href=\"https:\/\/agora.xtec.cat\/ceiptallo\/transport-escolar-2\/\" title=\"Read Transport escolar\">Llegeix m\u00e9s\u00bb<\/a><\/p>\n","protected":false},"author":1,"featured_media":0,"parent":0,"menu_order":0,"comment_status":"closed","ping_status":"close","template":"","meta":{"_bbp_topic_count":0,"_bbp_reply_count":0,"_bbp_total_topic_count":0,"_bbp_total_reply_count":0,"_bbp_voice_count":0,"_bbp_anonymous_reply_count":0,"_bbp_topic_count_hidden":0,"_bbp_reply_count_hidden":0,"_bbp_forum_subforum_count":0,"footnotes":""},"class_list":["post-9655","page","type-page","status-publish","hentry"],"post_mailing_queue_ids":[],"_links":{"self":[{"href":"https:\/\/agora.xtec.cat\/ceiptallo\/wp-json\/wp\/v2\/pages\/9655","targetHints":{"allow":["GET"]}}],"collection":[{"href":"https:\/\/agora.xtec.cat\/ceiptallo\/wp-json\/wp\/v2\/pages"}],"about":[{"href":"https:\/\/agora.xtec.cat\/ceiptallo\/wp-json\/wp\/v2\/types\/page"}],"author":[{"embeddable":true,"href":"https:\/\/agora.xtec.cat\/ceiptallo\/wp-json\/wp\/v2\/users\/1"}],"replies":[{"embeddable":true,"href":"https:\/\/agora.xtec.cat\/ceiptallo\/wp-json\/wp\/v2\/comments?post=9655"}],"version-history":[{"count":1,"href":"https:\/\/agora.xtec.cat\/ceiptallo\/wp-json\/wp\/v2\/pages\/9655\/revisions"}],"predecessor-version":[{"id":9656,"href":"https:\/\/agora.xtec.cat\/ceiptallo\/wp-json\/wp\/v2\/pages\/9655\/revisions\/9656"}],"wp:attachment":[{"href":"https:\/\/agora.xtec.cat\/ceiptallo\/wp-json\/wp\/v2\/media?parent=9655"}],"curies":[{"name":"wp","href":"https:\/\/api.w.org\/{rel}","templated":true}]}}