{"id":9151,"date":"2023-12-14T11:02:52","date_gmt":"2023-12-14T10:02:52","guid":{"rendered":"https:\/\/agora.xtec.cat\/ceiptallo\/?page_id=9151"},"modified":"2025-01-30T09:36:07","modified_gmt":"2025-01-30T08:36:07","slug":"associacio-esportiva","status":"publish","type":"page","link":"https:\/\/agora.xtec.cat\/ceiptallo\/associacio-esportiva\/","title":{"rendered":"Associaci\u00f3 Esportiva"},"content":{"rendered":"<p><strong><span style=\"color: #008000;\">CONTACTE:<\/span><\/strong><\/p>\n<p><a href=\"mailto:extraescolars.escolabellver@gmail.com\"><u>extraescolars.escolabellver<span class=\"\">@gmail.com<\/span><\/u><\/a><\/p>\n<p><strong><span style=\"color: #008000;\">LA JUNTA:\u00a0 \u00a0 \u00a0<\/span><\/strong><\/p>\n<ul>\n<li>Ivet R (mare 3r i 5\u00e8)<\/li>\n<li>Anna M (mare 1r i 3r)<\/li>\n<li>Marina P (mare 5\u00e8)<\/li>\n<li>S\u00edlvia V (mare 1r)<\/li>\n<li>Anna R (mare 4t)<\/li>\n<\/ul>\n<table style=\"width: 100%; border-collapse: collapse; border-color: #fafafa; background-color: #c7f2da;\">\n<tbody>\n<tr>\n<td style=\"width: 100%; text-align: center;\"><span style=\"color: #008000;\">Aprofitem per recordar que l\u2019AEE de la nostra escola es gestiona des de fa anys gr\u00e0cies a mares i pares voluntaris que dediquem part del seu temps per a que els infants puguin gaudir d\u2019activitats extraescolars de qualitat a un preu econ\u00f2mic. <\/span><span style=\"color: #008000;\">Si hi han fam\u00edlies <strong>volunt\u00e0ries <\/strong>per formar part de l\u2019equip estarem encantades de que s\u2019hi uneixin!<\/span><\/td>\n<\/tr>\n<\/tbody>\n<\/table>\n<p><strong><span style=\"color: #008000;\">ASSOCIACI\u00d3 ESPORTIVA:<\/span><\/strong><\/p>\n<p>L&#8217;objectiu de l&#8217;AEE \u00e9s oferir activitats extraescolars als infants de l&#8217;escola, on es promouen h\u00e0bits saludables, valors com l&#8217;esfor\u00e7, el treball en equip, la const\u00e0ncia, etc. i apropar-los a diferents esports a trav\u00e9s de professionals del territori, on es promouen h\u00e0bits saludables, valors com l&#8217;esfor\u00e7, el treball en equip o la const\u00e0ncia.<\/p>\n<p>Aquestes activitats tenen un preu ajustat ja que l\u2019escola participa des de fa tretze anys al programa PCEE (Pla Catal\u00e0 de l\u2019Esport a l\u2019Escola) de qui rebem una subvenci\u00f3 a trav\u00e9s del Consell Comarcal de la Cerdanya.<\/p>\n<p><strong><span style=\"color: #008000;\">ACTIVITATS, HORARIS i PREUS<\/span><\/strong><\/p>\n<p>Podeu consultar tota aquesta informaci\u00f3 a l&#8217;apartat d&#8217;<a href=\"https:\/\/agora.xtec.cat\/ceiptallo\/extraescolars\/\">extraescolars<\/a> de la web<\/p>\n","protected":false},"excerpt":{"rendered":"<p>CONTACTE:<br \/>\n<a href=\"mailto:extraescolars.escolabellver@gmail.com\">extraescolars.escolabellver@gmail.com<\/a><br \/>\nLA JUNTA:\u00a0 \u00a0 \u00a0<\/p>\n<ul>\n<li>Ivet R (mare 3r i 5\u00e8)<\/li>\n<li>Anna M (mare 1r i 3r)<\/li>\n<li>Marina P (mare 5\u00e8)<\/li>\n<li>S\u00edlvia V (mare 1r)<\/li>\n<li>Anna R (mare 4t)<\/li>\n<\/ul>\n<p>Aprofitem per recordar que l\u2019AEE de la nostra escola es gestiona des de fa anys gr\u00e0cies a mares i pares voluntaris que&hellip;  <a href=\"https:\/\/agora.xtec.cat\/ceiptallo\/associacio-esportiva\/\" title=\"Read Associaci\u00f3 Esportiva\">Llegeix m\u00e9s\u00bb<\/a><\/p>\n","protected":false},"author":1,"featured_media":0,"parent":0,"menu_order":0,"comment_status":"closed","ping_status":"closed","template":"","meta":{"_bbp_topic_count":0,"_bbp_reply_count":0,"_bbp_total_topic_count":0,"_bbp_total_reply_count":0,"_bbp_voice_count":0,"_bbp_anonymous_reply_count":0,"_bbp_topic_count_hidden":0,"_bbp_reply_count_hidden":0,"_bbp_forum_subforum_count":0,"footnotes":""},"class_list":["post-9151","page","type-page","status-publish","hentry"],"post_mailing_queue_ids":[],"_links":{"self":[{"href":"https:\/\/agora.xtec.cat\/ceiptallo\/wp-json\/wp\/v2\/pages\/9151","targetHints":{"allow":["GET"]}}],"collection":[{"href":"https:\/\/agora.xtec.cat\/ceiptallo\/wp-json\/wp\/v2\/pages"}],"about":[{"href":"https:\/\/agora.xtec.cat\/ceiptallo\/wp-json\/wp\/v2\/types\/page"}],"author":[{"embeddable":true,"href":"https:\/\/agora.xtec.cat\/ceiptallo\/wp-json\/wp\/v2\/users\/1"}],"replies":[{"embeddable":true,"href":"https:\/\/agora.xtec.cat\/ceiptallo\/wp-json\/wp\/v2\/comments?post=9151"}],"version-history":[{"count":6,"href":"https:\/\/agora.xtec.cat\/ceiptallo\/wp-json\/wp\/v2\/pages\/9151\/revisions"}],"predecessor-version":[{"id":9667,"href":"https:\/\/agora.xtec.cat\/ceiptallo\/wp-json\/wp\/v2\/pages\/9151\/revisions\/9667"}],"wp:attachment":[{"href":"https:\/\/agora.xtec.cat\/ceiptallo\/wp-json\/wp\/v2\/media?parent=9151"}],"curies":[{"name":"wp","href":"https:\/\/api.w.org\/{rel}","templated":true}]}}