{"id":28,"date":"2014-09-18T12:29:35","date_gmt":"2014-09-18T11:29:35","guid":{"rendered":"http:\/\/agora.xtec.cat\/ceiptallo\/?page_id=28"},"modified":"2026-01-20T16:28:48","modified_gmt":"2026-01-20T15:28:48","slug":"consell-escolar","status":"publish","type":"page","link":"https:\/\/agora.xtec.cat\/ceiptallo\/lescola\/consell-escolar\/","title":{"rendered":"Consell Escolar"},"content":{"rendered":"<p class=\"estilo16\" style=\"text-align: justify; line-height: 150%;\"><span style=\"font-family: 'Arial','sans-serif';\">El Consell Escolar \u00e9s el m\u00e0xim \u00f2rgan de govern de l&#8217;escola. Des del Consell es decideixen fets tan important com el canvi de direcci\u00f3, l&#8217;aprovaci\u00f3 de les sortides i activitats generals de l&#8217;escola, els horaris, els pressupostos&#8230; I qualsevol punt que es consideri important. <\/span><\/p>\n<p class=\"estilo16\" style=\"text-align: justify; line-height: 150%;\"><span style=\"font-family: 'Arial','sans-serif';\">Per aix\u00f2 hi estem representats tots els que formem l&#8217;escola:<\/span><\/p>\n<table width=\"615\">\n<tbody>\n<tr>\n<td style=\"text-align: center;\" width=\"149\">AJUNTAMENT<\/td>\n<td style=\"text-align: center;\" width=\"460\">Judit T.<\/td>\n<\/tr>\n<tr>\n<td style=\"text-align: center;\" width=\"149\">PARES I MARES D&#8217;ALUMNES<\/td>\n<td style=\"text-align: center;\" width=\"460\">\n<div>\n<p><span style=\"font-weight: 400;\">Plamena (mare 2n i 5\u00e8)\u00a0<\/span><\/p>\n<p><span style=\"font-weight: 400;\">Pau S. (pare I3)<\/span><\/p>\n<p><span style=\"font-weight: 400;\">F\u00e0tima T. (mare 1r)<\/span><\/p>\n<p><span style=\"font-weight: 400;\">Arantxa B. (mare 1r)<\/span><\/p>\n<\/div>\n<div><\/div>\n<\/td>\n<\/tr>\n<tr>\n<td style=\"text-align: center;\" width=\"149\">AFA<\/td>\n<td style=\"text-align: center;\" width=\"460\">Esther R (mare 1r ESO)<\/td>\n<\/tr>\n<tr>\n<td style=\"text-align: center;\" width=\"149\">MESTRES<\/td>\n<td style=\"text-align: center;\" width=\"460\">\n<div>\n<p><span style=\"font-weight: 400;\">Irene A<\/span><\/p>\n<p><span style=\"font-weight: 400;\">Emilia U.<\/span><\/p>\n<p><span style=\"font-weight: 400;\">N\u00faria S.<\/span><\/p>\n<p><span style=\"font-weight: 400;\">Gemma B.<\/span><\/p>\n<p><span style=\"font-weight: 400;\">Anna M.<\/span><\/p>\n<\/div>\n<\/td>\n<\/tr>\n<tr>\n<td style=\"text-align: center;\" width=\"149\">EQUIP DIRECTIU<\/td>\n<td style=\"text-align: center;\" width=\"460\">M\u00edriam P. Clara G. Marta B.<\/td>\n<\/tr>\n<tr>\n<td style=\"text-align: center;\" width=\"149\">PAS<\/td>\n<td style=\"text-align: center;\" width=\"460\">Marta R. \/ Eva M.<\/td>\n<\/tr>\n<tr>\n<td style=\"text-align: center;\">PAE<\/td>\n<td style=\"text-align: center;\">Elisabet M.<\/td>\n<\/tr>\n<\/tbody>\n<\/table>\n","protected":false},"excerpt":{"rendered":"<p>El Consell Escolar \u00e9s el m\u00e0xim \u00f2rgan de govern de l&#8217;escola. Des del Consell es decideixen fets tan important com el canvi de direcci\u00f3, l&#8217;aprovaci\u00f3 de les sortides i activitats generals de l&#8217;escola, els horaris, els pressupostos&#8230; I qualsevol punt que es consideri important.<br \/>\nPer&hellip;  <a href=\"https:\/\/agora.xtec.cat\/ceiptallo\/lescola\/consell-escolar\/\" title=\"Read Consell Escolar\">Llegeix m\u00e9s\u00bb<\/a><\/p>\n","protected":false},"author":1,"featured_media":0,"parent":22,"menu_order":60,"comment_status":"closed","ping_status":"closed","template":"page-templates\/side-menu.php","meta":{"_bbp_topic_count":0,"_bbp_reply_count":0,"_bbp_total_topic_count":0,"_bbp_total_reply_count":0,"_bbp_voice_count":0,"_bbp_anonymous_reply_count":0,"_bbp_topic_count_hidden":0,"_bbp_reply_count_hidden":0,"_bbp_forum_subforum_count":0,"footnotes":""},"class_list":["post-28","page","type-page","status-publish","hentry"],"post_mailing_queue_ids":[],"_links":{"self":[{"href":"https:\/\/agora.xtec.cat\/ceiptallo\/wp-json\/wp\/v2\/pages\/28","targetHints":{"allow":["GET"]}}],"collection":[{"href":"https:\/\/agora.xtec.cat\/ceiptallo\/wp-json\/wp\/v2\/pages"}],"about":[{"href":"https:\/\/agora.xtec.cat\/ceiptallo\/wp-json\/wp\/v2\/types\/page"}],"author":[{"embeddable":true,"href":"https:\/\/agora.xtec.cat\/ceiptallo\/wp-json\/wp\/v2\/users\/1"}],"replies":[{"embeddable":true,"href":"https:\/\/agora.xtec.cat\/ceiptallo\/wp-json\/wp\/v2\/comments?post=28"}],"version-history":[{"count":6,"href":"https:\/\/agora.xtec.cat\/ceiptallo\/wp-json\/wp\/v2\/pages\/28\/revisions"}],"predecessor-version":[{"id":9743,"href":"https:\/\/agora.xtec.cat\/ceiptallo\/wp-json\/wp\/v2\/pages\/28\/revisions\/9743"}],"up":[{"embeddable":true,"href":"https:\/\/agora.xtec.cat\/ceiptallo\/wp-json\/wp\/v2\/pages\/22"}],"wp:attachment":[{"href":"https:\/\/agora.xtec.cat\/ceiptallo\/wp-json\/wp\/v2\/media?parent=28"}],"curies":[{"name":"wp","href":"https:\/\/api.w.org\/{rel}","templated":true}]}}