{"id":26,"date":"2014-09-18T12:24:32","date_gmt":"2014-09-18T11:24:32","guid":{"rendered":"http:\/\/agora.xtec.cat\/ceiptallo\/?page_id=26"},"modified":"2026-01-20T16:25:12","modified_gmt":"2026-01-20T15:25:12","slug":"historia","status":"publish","type":"page","link":"https:\/\/agora.xtec.cat\/ceiptallo\/lescola\/historia\/","title":{"rendered":"Centre"},"content":{"rendered":"<p><b>ALUMNAT<\/b><\/p>\n<ul>\n<li><span style=\"font-weight: 400;\"> 163 alumnes <\/span><\/li>\n<li>3 grups d&#8217;educaci\u00f3 infantil: I3, I4 i I5<\/li>\n<li>6 grups d&#8217;educaci\u00f3 prim\u00e0ria: 1r, 2n, 3r, 4t, 5\u00e8 i 6\u00e8<\/li>\n<\/ul>\n<p><b>MESTRES<\/b><\/p>\n<p><strong>\u00a0 \u00a0 \u00a0Tutories i nom de classe<\/strong><\/p>\n<ul style=\"list-style-type: disc;\">\n<li>I3: S\u00edlvia T. (Cavalls i eugues)<\/li>\n<li>I4: N\u00faria V. (Gossos)<\/li>\n<li>I5: Anna M. (Teixons)<\/li>\n<li>1r: Jessica M. (Papallones)<\/li>\n<li>2n: Emilia U. (Experiments i bombolles)<\/li>\n<li>3r: J\u00falia B. (Eclipsis)<\/li>\n<li>4rt: Irene A. (Els gal\u00e0ctics)<\/li>\n<li>5\u00e8: Clara G. (Els aventurers i les aventureres ODS)<\/li>\n<li>6\u00e8: Mireia C. i Joana V.\u00a0 (Biodetectius)<\/li>\n<\/ul>\n<p><strong>\u00a0 \u00a0 \u00a0Especialistes:\u00a0<\/strong><\/p>\n<ul style=\"list-style-type: disc;\">\n<li><span style=\"font-weight: 400;\"> Llengua estrangera angl\u00e8s: S\u00f2nia B., Mireia A<\/span><\/li>\n<li><span style=\"font-weight: 400;\"> Llengua estrangera franc\u00e8s: Raquel P.<\/span><\/li>\n<li><span style=\"font-weight: 400;\"> Educaci\u00f3 f\u00edsica: Judith G.<\/span><\/li>\n<li><span style=\"font-weight: 400;\"> M\u00fasica: M\u00edriam P., Emilia U. i Raquel P.<\/span><\/li>\n<li><span style=\"font-weight: 400;\"> Pedagogia terap\u00e8utica: Gemma V., Meritxell D.<\/span><\/li>\n<li><span style=\"font-weight: 400;\"> Religi\u00f3 cat\u00f2lica: Al\u00edcia B<\/span><\/li>\n<li>Rob\u00f2tica: Judith G., Irene A.,\u00a0 i M\u00edriam P.<\/li>\n<li>SIEI: Sara B.<\/li>\n<\/ul>\n<p>Professorat de Secund\u00e0ria:<\/p>\n<ul>\n<li>Catal\u00e0, castell\u00e0, visual i pl\u00e0stica: N\u00faria S.<\/li>\n<li>Matem\u00e0tiques i biologia: Gemma B.<\/li>\n<li>Hist\u00f2ria: Sandra M. \/ Al\u00edcia<\/li>\n<li>Religi\u00f3: Xavi V.<\/li>\n<\/ul>\n<p><span style=\"font-weight: 400;\"><strong>PAE<\/strong>:<\/span><\/p>\n<ul>\n<li style=\"font-weight: 400;\" aria-level=\"1\"><span style=\"font-weight: 400;\">Educadora d\u2019educaci\u00f3 especial: Judith C.<\/span><\/li>\n<li style=\"font-weight: 400;\" aria-level=\"1\"><span style=\"font-weight: 400;\">T\u00e8cnica d&#8217;educaci\u00f3 infantil (TEI): Elisabet M.<\/span><\/li>\n<li aria-level=\"1\"><span style=\"font-weight: 400;\">Vetlladores: Gemma B. i Meritxell P.<\/span><\/li>\n<\/ul>\n<p><span style=\"font-weight: 400;\"><strong>PAE<\/strong>:\u00a0<\/span><\/p>\n<ul>\n<li style=\"font-weight: 400;\" aria-level=\"1\"><span style=\"font-weight: 400;\">Auxiliar administrativa: Marta R.<\/span><\/li>\n<li style=\"font-weight: 400;\" aria-level=\"1\"><span style=\"font-weight: 400;\">Conserge: Eva M.<\/span><\/li>\n<\/ul>\n<p style=\"text-align: center;\">\n","protected":false},"excerpt":{"rendered":"<p>ALUMNAT<\/p>\n<ul>\n<li> 163 alumnes <\/li>\n<li>3 grups d&#8217;educaci\u00f3 infantil: I3, I4 i I5<\/li>\n<li>6 grups d&#8217;educaci\u00f3 prim\u00e0ria: 1r, 2n, 3r, 4t, 5\u00e8 i 6\u00e8<\/li>\n<\/ul>\n<p>MESTRES<br \/>\n\u00a0 \u00a0 \u00a0Tutories i nom de classe<\/p>\n<ul style=\"list-style-type: disc;\">\n<li>I3: S\u00edlvia T. (Cavalls i eugues)<\/li>\n<li>I4: N\u00faria V. (Gossos)<\/li>\n<li>I5: Anna M. (Teixons)<\/li>\n<li>1r: Jessica M. (Papallones)<\/li>\n<li>2n: Emilia U.&hellip;  <a href=\"https:\/\/agora.xtec.cat\/ceiptallo\/lescola\/historia\/\" title=\"Read Centre\">Llegeix m\u00e9s\u00bb<\/a><br \/>\n","protected":false},"author":1,"featured_media":0,"parent":22,"menu_order":20,"comment_status":"closed","ping_status":"closed","template":"page-templates\/side-menu.php","meta":{"_bbp_topic_count":0,"_bbp_reply_count":0,"_bbp_total_topic_count":0,"_bbp_total_reply_count":0,"_bbp_voice_count":0,"_bbp_anonymous_reply_count":0,"_bbp_topic_count_hidden":0,"_bbp_reply_count_hidden":0,"_bbp_forum_subforum_count":0,"footnotes":""},"class_list":["post-26","page","type-page","status-publish","hentry"],"post_mailing_queue_ids":[],"_links":{"self":[{"href":"https:\/\/agora.xtec.cat\/ceiptallo\/wp-json\/wp\/v2\/pages\/26","targetHints":{"allow":["GET"]}}],"collection":[{"href":"https:\/\/agora.xtec.cat\/ceiptallo\/wp-json\/wp\/v2\/pages"}],"about":[{"href":"https:\/\/agora.xtec.cat\/ceiptallo\/wp-json\/wp\/v2\/types\/page"}],"author":[{"embeddable":true,"href":"https:\/\/agora.xtec.cat\/ceiptallo\/wp-json\/wp\/v2\/users\/1"}],"replies":[{"embeddable":true,"href":"https:\/\/agora.xtec.cat\/ceiptallo\/wp-json\/wp\/v2\/comments?post=26"}],"version-history":[{"count":5,"href":"https:\/\/agora.xtec.cat\/ceiptallo\/wp-json\/wp\/v2\/pages\/26\/revisions"}],"predecessor-version":[{"id":9742,"href":"https:\/\/agora.xtec.cat\/ceiptallo\/wp-json\/wp\/v2\/pages\/26\/revisions\/9742"}],"up":[{"embeddable":true,"href":"https:\/\/agora.xtec.cat\/ceiptallo\/wp-json\/wp\/v2\/pages\/22"}],"wp:attachment":[{"href":"https:\/\/agora.xtec.cat\/ceiptallo\/wp-json\/wp\/v2\/media?parent=26"}],"curies":[{"name":"wp","href":"https:\/\/api.w.org\/{rel}","templated":true}]}}