{"id":73,"date":"2014-09-18T14:01:51","date_gmt":"2014-09-18T13:01:51","guid":{"rendered":"http:\/\/agora.xtec.cat\/ceiptagamanent\/?page_id=73"},"modified":"2026-04-10T11:54:57","modified_gmt":"2026-04-10T09:54:57","slug":"menjador-escolar","status":"publish","type":"page","link":"https:\/\/agora.xtec.cat\/ceiptagamanent\/serveis\/menjador-escolar\/","title":{"rendered":"Espai Migdia"},"content":{"rendered":"\n\n<p>El servei d&#8217;espai migdia l&#8217;ofereix l&#8217;AFA de l&#8217;escola a trav\u00e9s de l&#8217;empresa<a href=\"https:\/\/www.teno.cat\/ca\/\"> TENO<\/a>. (Aqu\u00ed teniu un <a href=\"https:\/\/agora.xtec.cat\/ceiptagamanent\/wp-content\/uploads\/usu914\/2023\/08\/DOSSIER-DEL-MENJADOR-23-24.pdf\">dossier informatiu del projecte<\/a>)<\/p>\n<p>La Montse Santalla, la dietista col\u00b7legiada de TENO, \u00e9s l&#8217;encarregada de <a href=\"https:\/\/www.teno.cat\/ca\/el-nostre-projecte-alimentai.html\">dissenyar els men\u00fas<\/a> seguint les <a href=\"https:\/\/salutpublica.gencat.cat\/ca\/ambits\/promocio_salut\/alimentacio_saludable\/PREME\/\">directrius de la Generalitat<\/a>.<\/p>\n<p>Per fer-ne \u00fas cal inscriure-s&#8217;hi. Per a qualsevol dubte podeu posar-vos en contacte amb la coordinadora de menjador (Alba Ventura) a trav\u00e9s del tel\u00e8fon 665009476 o del correu electr\u00f2nic <strong>espaimigdia@escolatagamanent.cat<\/strong>.<\/p>\n<p>Aqu\u00ed teniu els documents necessaris per fer la inscripci\u00f3, saber la normativa i els preus del servei, aix\u00ed com un dossier informatiu d&#8217;aquest espai.<\/p>\n<ul>\n<li style=\"list-style-type: none;\">\n<ul>\n<li><a href=\"https:\/\/agora.xtec.cat\/ceiptagamanent\/wp-content\/uploads\/usu914\/2025\/07\/Tagamanent-DOSSIER-NORMATIVA-I-PREUS-25-26.pdf\">DOSSIER NORMATIVA I PREUS 25-26<\/a><\/li>\n<li><a href=\"https:\/\/agora.xtec.cat\/ceiptagamanent\/wp-content\/uploads\/usu914\/2025\/07\/Inscripcions-de-menjador-TAGAMANENT-25-26.pdf\">Inscripci\u00f3 pel curs 25\/26<\/a><\/li>\n<li><a href=\"https:\/\/agora.xtec.cat\/ceiptagamanent\/wp-content\/uploads\/usu914\/2025\/07\/CIRCULAR-INFORMATIVA-INFORME-MEDIC-AL\u00b7LERGIES.pdf\">Informes d&#8217;al\u00b7l\u00e8rgies<\/a><\/li>\n<li><a href=\"https:\/\/www.youtube.com\/watch?v=JDqYJCiwcDg\">L&#8217;Equip de l&#8217;espai migdia curs 25\/26<\/a><\/li>\n<li><a href=\"https:\/\/agora.xtec.cat\/ceiptagamanent\/wp-content\/uploads\/usu914\/2025\/11\/G_A_EspaiMigdia_TENO_1T-25-26.pdf\">Activitats 1r trimestre<\/a>\n<ul>\n<li><a href=\"https:\/\/www.youtube.com\/watch?v=5PM0YJ6oIhA\">V\u00eddeo de les activitats<\/a><\/li>\n<\/ul>\n<\/li>\n<li><a href=\"https:\/\/www.youtube.com\/watch?v=Ih4mac87goE\">V\u00eddeo de les activitats del 2n trimestre<\/a><\/li>\n<\/ul>\n<\/li>\n<\/ul>\n<ul>\n<li>Resoluci\u00f3 <a href=\"https:\/\/portaldogc.gencat.cat\/utilsEADOP\/PDF\/8671\/1907513.pdf\">preus menjador<\/a> Departament Educaci\u00f3<\/li>\n<\/ul>\n<p><strong>MEN\u00daS 25\/26:<\/strong><\/p>\n<ul>\n<li style=\"list-style-type: none;\">\n<ul>\n<li><a href=\"https:\/\/agora.xtec.cat\/ceiptagamanent\/wp-content\/uploads\/usu914\/2025\/09\/SETEMBRE-25-TAGAMANENT.pdf\">Men\u00fa Est\u00e0ndard setembre 2025<\/a>\n<ul>\n<li>(dietes especials <a href=\"https:\/\/agora.xtec.cat\/ceiptagamanent\/wp-content\/uploads\/usu914\/2025\/09\/SETEMBRE-25-DIETES-TAGAMANENT.pdf\">aqu\u00ed<\/a>)<\/li>\n<\/ul>\n<\/li>\n<li><a href=\"https:\/\/agora.xtec.cat\/ceiptagamanent\/wp-content\/uploads\/usu914\/2025\/10\/OCTUBRE-25-TAGAMANENT-1.pdf\">Men\u00fa Est\u00e0ndard octubre 2025<\/a>\n<ul>\n<li>(dietes especials <a href=\"https:\/\/agora.xtec.cat\/ceiptagamanent\/wp-content\/uploads\/usu914\/2025\/10\/OCTUBRE-25-DIETES-TAGAMANENT-1.pdf\">aqu\u00ed<\/a>)<\/li>\n<\/ul>\n<\/li>\n<li><a href=\"https:\/\/agora.xtec.cat\/ceiptagamanent\/wp-content\/uploads\/usu914\/2025\/10\/NOVEMBRE-25-TAGAMANENT.pdf\">Men\u00fa Est\u00e0ndard novembre 2025<\/a>\n<ul>\n<li>(dietes especials <a href=\"https:\/\/agora.xtec.cat\/ceiptagamanent\/wp-content\/uploads\/usu914\/2025\/10\/NOVEMBRE-25-DIETES-TAGAMANENT.pdf\">aqu\u00ed<\/a>)<\/li>\n<\/ul>\n<\/li>\n<li><a href=\"https:\/\/agora.xtec.cat\/ceiptagamanent\/wp-content\/uploads\/usu914\/2025\/11\/DESEMBRE-25-TAGAMANENT.pdf\">Men\u00fa Est\u00e0ndard desembre 2025<\/a>\n<ul>\n<li>(dietes especials <a href=\"https:\/\/agora.xtec.cat\/ceiptagamanent\/wp-content\/uploads\/usu914\/2025\/11\/DESEMBRE-25-DIETES-TAGAMANENT.pdf\">aqu\u00ed<\/a>)<\/li>\n<\/ul>\n<\/li>\n<li><a href=\"https:\/\/agora.xtec.cat\/ceiptagamanent\/wp-content\/uploads\/usu914\/2025\/12\/GENER-26-TAGAMANENT.pdf\">Men\u00fa Est\u00e0ndard gener 2026<\/a>\n<ul>\n<li>(dietes especials <a href=\"https:\/\/agora.xtec.cat\/ceiptagamanent\/wp-content\/uploads\/usu914\/2025\/12\/GENER-26-DIETES-TAGAMANENT.pdf\">aqu\u00ed<\/a>)<\/li>\n<\/ul>\n<\/li>\n<li><a href=\"https:\/\/agora.xtec.cat\/ceiptagamanent\/wp-content\/uploads\/usu914\/2026\/01\/FEBRER-26-TAGAMANENT.pdf\">Men\u00fa Est\u00e0ndard febrer 2026<\/a>\n<ul>\n<li>(dietes especials <a href=\"https:\/\/agora.xtec.cat\/ceiptagamanent\/wp-content\/uploads\/usu914\/2026\/01\/FEBRER-26-DIETES-TAGAMANENT-2.pdf\">aqu\u00ed<\/a>)<\/li>\n<\/ul>\n<\/li>\n<li><a href=\"https:\/\/agora.xtec.cat\/ceiptagamanent\/wp-content\/uploads\/usu914\/2026\/02\/MARC-26-TAGAMANENT.pdf\">Men\u00fa Est\u00e0ndard mar\u00e7 2026<\/a>\n<ul>\n<li>(dietes especials <a href=\"https:\/\/agora.xtec.cat\/ceiptagamanent\/wp-content\/uploads\/usu914\/2026\/02\/MARC-26-DIETES-TAGAMANENT.pdf\">aqu\u00ed<\/a>)<\/li>\n<\/ul>\n<\/li>\n<li><a href=\"https:\/\/agora.xtec.cat\/ceiptagamanent\/wp-content\/uploads\/usu914\/2026\/03\/ABRIL-26-TAGAMANENT-1.pdf\">Men\u00fa Est\u00e0ndard abril 2026<\/a>\n<ul>\n<li>(dietes especials <a href=\"https:\/\/agora.xtec.cat\/ceiptagamanent\/wp-content\/uploads\/usu914\/2026\/03\/ABRIL-26-DIETES-TAGAMANENT-1.pdf\">aqu\u00ed<\/a>)<\/li>\n<\/ul>\n<\/li>\n<\/ul>\n<\/li>\n<\/ul>\n<p><iframe loading=\"lazy\" src=\"\/\/www.youtube.com\/embed\/qCCBXkQxy0E\" width=\"560\" height=\"314\"><\/iframe><\/p>","protected":false},"excerpt":{"rendered":"<p>El servei d&#8217;espai migdia l&#8217;ofereix l&#8217;AFA de l&#8217;escola a trav\u00e9s de l&#8217;empresa TENO. (Aqu\u00ed teniu un dossier informatiu del projecte) La Montse Santalla, la dietista col\u00b7legiada de TENO, \u00e9s l&#8217;encarregada de dissenyar els men\u00fas seguint les directrius de la Generalitat. Per fer-ne \u00fas cal inscriure-s&#8217;hi. Per a qualsevol dubte podeu posar-vos en contacte amb la [&hellip;]<\/p>\n","protected":false},"author":1,"featured_media":0,"parent":66,"menu_order":30,"comment_status":"closed","ping_status":"closed","template":"","meta":{"_bbp_topic_count":0,"_bbp_reply_count":0,"_bbp_total_topic_count":0,"_bbp_total_reply_count":0,"_bbp_voice_count":0,"_bbp_anonymous_reply_count":0,"_bbp_topic_count_hidden":0,"_bbp_reply_count_hidden":0,"_bbp_forum_subforum_count":0,"site-sidebar-layout":"default","site-content-layout":"","ast-site-content-layout":"default","site-content-style":"default","site-sidebar-style":"default","ast-global-header-display":"","ast-banner-title-visibility":"","ast-main-header-display":"","ast-hfb-above-header-display":"","ast-hfb-below-header-display":"","ast-hfb-mobile-header-display":"","site-post-title":"","ast-breadcrumbs-content":"","ast-featured-img":"","footer-sml-layout":"","theme-transparent-header-meta":"default","adv-header-id-meta":"","stick-header-meta":"","header-above-stick-meta":"","header-main-stick-meta":"","header-below-stick-meta":"","astra-migrate-meta-layouts":"set","ast-page-background-enabled":"default","ast-page-background-meta":{"desktop":{"background-color":"var(--ast-global-color-4)","background-image":"","background-repeat":"repeat","background-position":"center center","background-size":"auto","background-attachment":"scroll","background-type":"","background-media":"","overlay-type":"","overlay-color":"","overlay-opacity":"","overlay-gradient":""},"tablet":{"background-color":"","background-image":"","background-repeat":"repeat","background-position":"center center","background-size":"auto","background-attachment":"scroll","background-type":"","background-media":"","overlay-type":"","overlay-color":"","overlay-opacity":"","overlay-gradient":""},"mobile":{"background-color":"","background-image":"","background-repeat":"repeat","background-position":"center center","background-size":"auto","background-attachment":"scroll","background-type":"","background-media":"","overlay-type":"","overlay-color":"","overlay-opacity":"","overlay-gradient":""}},"ast-content-background-meta":{"desktop":{"background-color":"var(--ast-global-color-5)","background-image":"","background-repeat":"repeat","background-position":"center center","background-size":"auto","background-attachment":"scroll","background-type":"","background-media":"","overlay-type":"","overlay-color":"","overlay-opacity":"","overlay-gradient":""},"tablet":{"background-color":"var(--ast-global-color-5)","background-image":"","background-repeat":"repeat","background-position":"center center","background-size":"auto","background-attachment":"scroll","background-type":"","background-media":"","overlay-type":"","overlay-color":"","overlay-opacity":"","overlay-gradient":""},"mobile":{"background-color":"var(--ast-global-color-5)","background-image":"","background-repeat":"repeat","background-position":"center center","background-size":"auto","background-attachment":"scroll","background-type":"","background-media":"","overlay-type":"","overlay-color":"","overlay-opacity":"","overlay-gradient":""}},"footnotes":""},"class_list":["post-73","page","type-page","status-publish","hentry"],"post_mailing_queue_ids":[],"_links":{"self":[{"href":"https:\/\/agora.xtec.cat\/ceiptagamanent\/wp-json\/wp\/v2\/pages\/73","targetHints":{"allow":["GET"]}}],"collection":[{"href":"https:\/\/agora.xtec.cat\/ceiptagamanent\/wp-json\/wp\/v2\/pages"}],"about":[{"href":"https:\/\/agora.xtec.cat\/ceiptagamanent\/wp-json\/wp\/v2\/types\/page"}],"author":[{"embeddable":true,"href":"https:\/\/agora.xtec.cat\/ceiptagamanent\/wp-json\/wp\/v2\/users\/1"}],"replies":[{"embeddable":true,"href":"https:\/\/agora.xtec.cat\/ceiptagamanent\/wp-json\/wp\/v2\/comments?post=73"}],"version-history":[{"count":6,"href":"https:\/\/agora.xtec.cat\/ceiptagamanent\/wp-json\/wp\/v2\/pages\/73\/revisions"}],"predecessor-version":[{"id":2675,"href":"https:\/\/agora.xtec.cat\/ceiptagamanent\/wp-json\/wp\/v2\/pages\/73\/revisions\/2675"}],"up":[{"embeddable":true,"href":"https:\/\/agora.xtec.cat\/ceiptagamanent\/wp-json\/wp\/v2\/pages\/66"}],"wp:attachment":[{"href":"https:\/\/agora.xtec.cat\/ceiptagamanent\/wp-json\/wp\/v2\/media?parent=73"}],"curies":[{"name":"wp","href":"https:\/\/api.w.org\/{rel}","templated":true}]}}