{"id":34,"date":"2014-09-18T12:32:18","date_gmt":"2014-09-18T10:32:18","guid":{"rendered":"http:\/\/agora.xtec.cat\/ceiptagamanent\/?page_id=34"},"modified":"2025-02-11T12:23:09","modified_gmt":"2025-02-11T11:23:09","slug":"oferta-educativa","status":"publish","type":"page","link":"https:\/\/agora.xtec.cat\/ceiptagamanent\/lescola\/oferta-educativa\/","title":{"rendered":"L\u00ednia pedag\u00f2gica del Taga"},"content":{"rendered":"<p><strong>Quins s\u00f3n els nostres fonaments?<\/strong><\/p>\n<p>Som una escola oberta, diversa, coeducativa i inclusiva:<\/p>\n<p>&#8211; Fonamentem els nostres aprenentatges sobres tres eixos: arts, aprenentatges i natura.<\/p>\n<p>&#8211; Apliquem el m\u00e8tode dial\u00f2gic i cient\u00edfic: observaci\u00f3, la hip\u00f2tesis, l\u2019experimentaci\u00f3, la comprovaci\u00f3 i la comunicaci\u00f3 de la teoria.<\/p>\n<p>&#8211; Potencien el treball cooperatiu i les relacions per aprendre a viure en comunitat.<\/p>\n<p>&#8211; Eduquem els infants a trav\u00e9s de valors com, la democr\u00e0cia, l\u2019actitud cr\u00edtica, el feminisme, la llibertat personal, la creativitat, la solidaritat i la just\u00edcia.<\/p>\n<p><strong>Quins alumnes volem?<\/strong><\/p>\n<p>A partir d\u2019una visi\u00f3 democr\u00e0tica del m\u00f3n i de l\u2019apoderament dels infants com a centre de la seva educaci\u00f3, vetllem per un ensenyament de qualitat. Afavorint el desenvolupament personal i social, creant alumnes competents i amb principis com la igualtat, la integraci\u00f3 i la pluralitat.<\/p>\n<p>Afavorim la construcci\u00f3 de la pr\u00f2pia identitat per un correcte equilibri personal, mantenint la il\u00b7lusi\u00f3 i millorant la capacitat de descobrir i investigar.<\/p>\n<p><strong>Qu\u00e8 voldrem transmetre com a escola?<\/strong><\/p>\n<p>&#8211; Escola catalana i laica<\/p>\n<p>&#8211; Democr\u00e0tica, participativa, coeducativa i feminista.<\/p>\n<p>&#8211; Verda, respectuosa amb l\u2019entorn i sostenible amb el medi ambient.<\/p>\n<p>&#8211; Acollidora i plural. Que atengui a la diversitat i a la pluralitat.<\/p>\n<p>&#8211; Potenciadora de la conviv\u00e8ncia i de la participaci\u00f3 social.<\/p>\n<p>&#8211; Educaci\u00f3 basada en una aprenentatge actiu, constructiu i creatiu.<\/p>\n<p>&#8211; Impulsora de la relaci\u00f3 amb les fam\u00edlies per tal de fomentar la seva participaci\u00f3.<\/p>\n<p>&#8211; Integrada en la realitat de municipi i part\u00edcip de la seva activitat.<\/p>\n","protected":false},"excerpt":{"rendered":"<p>Quins s\u00f3n els nostres fonaments? Som una escola oberta, diversa, coeducativa i inclusiva: &#8211; Fonamentem els nostres aprenentatges sobres tres eixos: arts, aprenentatges i natura. &#8211; Apliquem el m\u00e8tode dial\u00f2gic i cient\u00edfic: observaci\u00f3, la hip\u00f2tesis, l\u2019experimentaci\u00f3, la comprovaci\u00f3 i la comunicaci\u00f3 de la teoria. &#8211; Potencien el treball cooperatiu i les relacions per aprendre a [&hellip;]<\/p>\n","protected":false},"author":1,"featured_media":0,"parent":22,"menu_order":60,"comment_status":"closed","ping_status":"closed","template":"page-templates\/side-menu.php","meta":{"_bbp_topic_count":0,"_bbp_reply_count":0,"_bbp_total_topic_count":0,"_bbp_total_reply_count":0,"_bbp_voice_count":0,"_bbp_anonymous_reply_count":0,"_bbp_topic_count_hidden":0,"_bbp_reply_count_hidden":0,"_bbp_forum_subforum_count":0,"site-sidebar-layout":"default","site-content-layout":"","ast-site-content-layout":"","site-content-style":"default","site-sidebar-style":"default","ast-global-header-display":"","ast-banner-title-visibility":"","ast-main-header-display":"","ast-hfb-above-header-display":"","ast-hfb-below-header-display":"","ast-hfb-mobile-header-display":"","site-post-title":"","ast-breadcrumbs-content":"","ast-featured-img":"","footer-sml-layout":"","theme-transparent-header-meta":"","adv-header-id-meta":"","stick-header-meta":"","header-above-stick-meta":"","header-main-stick-meta":"","header-below-stick-meta":"","astra-migrate-meta-layouts":"default","ast-page-background-enabled":"default","ast-page-background-meta":{"desktop":{"background-color":"var(--ast-global-color-4)","background-image":"","background-repeat":"repeat","background-position":"center center","background-size":"auto","background-attachment":"scroll","background-type":"","background-media":"","overlay-type":"","overlay-color":"","overlay-opacity":"","overlay-gradient":""},"tablet":{"background-color":"","background-image":"","background-repeat":"repeat","background-position":"center center","background-size":"auto","background-attachment":"scroll","background-type":"","background-media":"","overlay-type":"","overlay-color":"","overlay-opacity":"","overlay-gradient":""},"mobile":{"background-color":"","background-image":"","background-repeat":"repeat","background-position":"center center","background-size":"auto","background-attachment":"scroll","background-type":"","background-media":"","overlay-type":"","overlay-color":"","overlay-opacity":"","overlay-gradient":""}},"ast-content-background-meta":{"desktop":{"background-color":"var(--ast-global-color-5)","background-image":"","background-repeat":"repeat","background-position":"center center","background-size":"auto","background-attachment":"scroll","background-type":"","background-media":"","overlay-type":"","overlay-color":"","overlay-opacity":"","overlay-gradient":""},"tablet":{"background-color":"var(--ast-global-color-5)","background-image":"","background-repeat":"repeat","background-position":"center center","background-size":"auto","background-attachment":"scroll","background-type":"","background-media":"","overlay-type":"","overlay-color":"","overlay-opacity":"","overlay-gradient":""},"mobile":{"background-color":"var(--ast-global-color-5)","background-image":"","background-repeat":"repeat","background-position":"center center","background-size":"auto","background-attachment":"scroll","background-type":"","background-media":"","overlay-type":"","overlay-color":"","overlay-opacity":"","overlay-gradient":""}},"footnotes":""},"class_list":["post-34","page","type-page","status-publish","hentry"],"post_mailing_queue_ids":[],"_links":{"self":[{"href":"https:\/\/agora.xtec.cat\/ceiptagamanent\/wp-json\/wp\/v2\/pages\/34","targetHints":{"allow":["GET"]}}],"collection":[{"href":"https:\/\/agora.xtec.cat\/ceiptagamanent\/wp-json\/wp\/v2\/pages"}],"about":[{"href":"https:\/\/agora.xtec.cat\/ceiptagamanent\/wp-json\/wp\/v2\/types\/page"}],"author":[{"embeddable":true,"href":"https:\/\/agora.xtec.cat\/ceiptagamanent\/wp-json\/wp\/v2\/users\/1"}],"replies":[{"embeddable":true,"href":"https:\/\/agora.xtec.cat\/ceiptagamanent\/wp-json\/wp\/v2\/comments?post=34"}],"version-history":[{"count":6,"href":"https:\/\/agora.xtec.cat\/ceiptagamanent\/wp-json\/wp\/v2\/pages\/34\/revisions"}],"predecessor-version":[{"id":2473,"href":"https:\/\/agora.xtec.cat\/ceiptagamanent\/wp-json\/wp\/v2\/pages\/34\/revisions\/2473"}],"up":[{"embeddable":true,"href":"https:\/\/agora.xtec.cat\/ceiptagamanent\/wp-json\/wp\/v2\/pages\/22"}],"wp:attachment":[{"href":"https:\/\/agora.xtec.cat\/ceiptagamanent\/wp-json\/wp\/v2\/media?parent=34"}],"curies":[{"name":"wp","href":"https:\/\/api.w.org\/{rel}","templated":true}]}}