{"id":30,"date":"2014-09-18T12:30:23","date_gmt":"2014-09-18T11:30:23","guid":{"rendered":"http:\/\/agora.xtec.cat\/ceiptagamanent\/?page_id=30"},"modified":"2025-02-11T20:06:48","modified_gmt":"2025-02-11T19:06:48","slug":"instal%c2%b7lacions","status":"publish","type":"page","link":"https:\/\/agora.xtec.cat\/ceiptagamanent\/lescola\/instal%c2%b7lacions\/","title":{"rendered":"Com \u00e9s la nostra escola?"},"content":{"rendered":"<p>&nbsp;<\/p>\n<p><a style=\"color: #2795b6;\" href=\"https:\/\/agora.xtec.cat\/ceiptagamanent\/wp-content\/uploads\/usu914\/2022\/09\/planta-baixa.jpg\"><img loading=\"lazy\" decoding=\"async\" class=\"alignright wp-image-1984 size-full\" src=\"https:\/\/agora.xtec.cat\/ceiptagamanent\/wp-content\/uploads\/usu914\/2022\/09\/planta-baixa.jpg\" alt=\"\" width=\"653\" height=\"536\" srcset=\"https:\/\/agora.xtec.cat\/ceiptagamanent\/wp-content\/uploads\/usu914\/2022\/09\/planta-baixa.jpg 653w, https:\/\/agora.xtec.cat\/ceiptagamanent\/wp-content\/uploads\/usu914\/2022\/09\/planta-baixa-300x246.jpg 300w\" sizes=\"auto, (max-width: 653px) 100vw, 653px\" \/><\/a><\/p>\n<p>El centre est\u00e0 dissenyat per acollir una l\u00ednia per\u00f2 disposa de dos edificis des del 2001 quan es van separar les aules d\u2019infantil de les de prim\u00e0ria, per tal de guanyar espais.<\/p>\n<p>L\u2019edifici d\u2019educaci\u00f3 infantil, compta amb tres aules equipades amb lavabos per a I3, I4 i I5, dues aules petites (actualment destinades a propostes pedag\u00f2giques), una aula on s\u2019hi fa la psicomotricitat i lavabos per als mestres.<\/p>\n<p>Edifici d\u2019educaci\u00f3 prim\u00e0ria t\u00e9 dues plantes que s&#8217;organitzen al voltant d&#8217;un vest\u00edbul central. En la primera planta trobem lavabos per infants i docents, cuina, menjador, l&#8217;aula de m\u00fasica i el menjador d&#8217;I4 i I5, sala de mestres, sala material i despatxos per administraci\u00f3 i l\u2019equip directiu. En la segona planta s\u2019hi troben les 6 aules de 1r fins a 6\u00e8, l&#8217;aula d&#8217;angl\u00e8s, l&#8217;Atelier i un espai polivalent i lavabos per infants i docents.<\/p>\n<p>A l&#8217;exterior, els infants disposen d&#8217;un pati amb m\u00faltiples propostes que potencien el joc en tots els seus \u00e0mbits. La diversificaci\u00f3 dels espais de pati permet la pr\u00e0ctica de l&#8217;esport, del joc lliure, del joc simb\u00f2lic, de la lectura o simplement del descans,<\/p>\n<p>El centre, tamb\u00e9 disposa d\u2019un porxo on realitzar diverses activitats, zones enjardinades i un espai per a l&#8217;hort on s&#8217;hi desenvolupa el nostre projecte.<\/p>\n<p>&nbsp;<\/p>\n<p>Des de fa for\u00e7a any s&#8217;ha mantingut estable el nombre total d&#8217;infants (210 alumnes aproximadament) A l&#8217;escola hi treballem molts professionals que formem un equip: docents, equip d&#8217;administraci\u00f3 i serveis, professionals externs, equip migdia, equip de neteja i extraescolars.<\/p>\n<p>Som 15 docents repartits de la seg\u00fcent manera: 9 mestres que tenen assignada una tutoria, 4 especialistes (1 angl\u00e8s, 1 educaci\u00f3 f\u00edsica, 1 educaci\u00f3 inclusiva i 1 educaci\u00f3 musical), 1 mestra de refor\u00e7 a infantil i prim\u00e0ria i l&#8217;equip directiu (la cap d&#8217;estudis i el secretari duen a terme una tutoria i el director participa d&#8217;activitats docents a tots els cursos).<\/p>\n<p>Disposem d&#8217;un conserge municipal que cobreix tot l&#8217;horari escolar i d&#8217;una administrativa a jornada sencera. Tamb\u00e9 hi ha altres professionals externs que donen suport com una psic\u00f2loga de l\u2019EAP i una logopeda municipal (2 matins).\u00a0 L&#8217;equip migdia est\u00e0 integrat per 10 monitores, una per cada grup classe m\u00e9s una coordinadora que tamb\u00e9 d\u00f3na suport puntual. L&#8217;equip de neteja municipal integrada per dues persones i l&#8217;equip d&#8217;extraescolars, que varia segons la demanda, completen tot l&#8217;equip hum\u00e0 que treballem al Tagamanent.<\/p>\n<p><a href=\"https:\/\/agora.xtec.cat\/ceiptagamanent\/wp-content\/uploads\/usu914\/2022\/09\/exterior.jpg\"><img loading=\"lazy\" decoding=\"async\" class=\"alignright wp-image-1983 size-full\" src=\"https:\/\/agora.xtec.cat\/ceiptagamanent\/wp-content\/uploads\/usu914\/2022\/09\/exterior.jpg\" alt=\"\" width=\"653\" height=\"536\" srcset=\"https:\/\/agora.xtec.cat\/ceiptagamanent\/wp-content\/uploads\/usu914\/2022\/09\/exterior.jpg 653w, https:\/\/agora.xtec.cat\/ceiptagamanent\/wp-content\/uploads\/usu914\/2022\/09\/exterior-300x246.jpg 300w\" sizes=\"auto, (max-width: 653px) 100vw, 653px\" \/><\/a><\/p>\n<p>&nbsp;<\/p>\n<p><span style=\"font-family: inherit; font-size: 1em;\">L\u2019escola integra la comunitat edu<\/span><span style=\"font-family: inherit; font-size: 1em;\">cativa en el normal funcionament del centre, convidant a les fam\u00edlies i a l\u2019AFA en diverses activitats i festivitats.<\/span><\/p>\n<p>El centre compta amb una AFA molt col\u00b7laboradora que participa en la creaci\u00f3 d\u2019idees i propostes per tal de millorar l\u2019escola i aportant el seu rol a trav\u00e9s de les activitats extraescolars i l\u2019organitzaci\u00f3 d\u2019activitats formatives, aix\u00ed com l&#8217;organitzaci\u00f3 de l&#8217;espai obert del pati fora de l&#8217;horari lectiu perqu\u00e8 els infants es puguin quedar a berenar i jugar cada dia a l&#8217;escola, fomentant, aix\u00ed, la conviv\u00e8ncia i interacci\u00f3 entre les fam\u00edlies i infants.<\/p>\n","protected":false},"excerpt":{"rendered":"<p>&nbsp; El centre est\u00e0 dissenyat per acollir una l\u00ednia per\u00f2 disposa de dos edificis des del 2001 quan es van separar les aules d\u2019infantil de les de prim\u00e0ria, per tal de guanyar espais. L\u2019edifici d\u2019educaci\u00f3 infantil, compta amb tres aules equipades amb lavabos per a I3, I4 i I5, dues aules petites (actualment destinades a [&hellip;]<\/p>\n","protected":false},"author":1,"featured_media":0,"parent":22,"menu_order":40,"comment_status":"closed","ping_status":"closed","template":"page-templates\/side-menu.php","meta":{"_bbp_topic_count":0,"_bbp_reply_count":0,"_bbp_total_topic_count":0,"_bbp_total_reply_count":0,"_bbp_voice_count":0,"_bbp_anonymous_reply_count":0,"_bbp_topic_count_hidden":0,"_bbp_reply_count_hidden":0,"_bbp_forum_subforum_count":0,"site-sidebar-layout":"default","site-content-layout":"","ast-site-content-layout":"","site-content-style":"default","site-sidebar-style":"default","ast-global-header-display":"","ast-banner-title-visibility":"","ast-main-header-display":"","ast-hfb-above-header-display":"","ast-hfb-below-header-display":"","ast-hfb-mobile-header-display":"","site-post-title":"","ast-breadcrumbs-content":"","ast-featured-img":"","footer-sml-layout":"","theme-transparent-header-meta":"","adv-header-id-meta":"","stick-header-meta":"","header-above-stick-meta":"","header-main-stick-meta":"","header-below-stick-meta":"","astra-migrate-meta-layouts":"default","ast-page-background-enabled":"default","ast-page-background-meta":{"desktop":{"background-color":"var(--ast-global-color-4)","background-image":"","background-repeat":"repeat","background-position":"center center","background-size":"auto","background-attachment":"scroll","background-type":"","background-media":"","overlay-type":"","overlay-color":"","overlay-opacity":"","overlay-gradient":""},"tablet":{"background-color":"","background-image":"","background-repeat":"repeat","background-position":"center center","background-size":"auto","background-attachment":"scroll","background-type":"","background-media":"","overlay-type":"","overlay-color":"","overlay-opacity":"","overlay-gradient":""},"mobile":{"background-color":"","background-image":"","background-repeat":"repeat","background-position":"center center","background-size":"auto","background-attachment":"scroll","background-type":"","background-media":"","overlay-type":"","overlay-color":"","overlay-opacity":"","overlay-gradient":""}},"ast-content-background-meta":{"desktop":{"background-color":"var(--ast-global-color-5)","background-image":"","background-repeat":"repeat","background-position":"center center","background-size":"auto","background-attachment":"scroll","background-type":"","background-media":"","overlay-type":"","overlay-color":"","overlay-opacity":"","overlay-gradient":""},"tablet":{"background-color":"var(--ast-global-color-5)","background-image":"","background-repeat":"repeat","background-position":"center center","background-size":"auto","background-attachment":"scroll","background-type":"","background-media":"","overlay-type":"","overlay-color":"","overlay-opacity":"","overlay-gradient":""},"mobile":{"background-color":"var(--ast-global-color-5)","background-image":"","background-repeat":"repeat","background-position":"center center","background-size":"auto","background-attachment":"scroll","background-type":"","background-media":"","overlay-type":"","overlay-color":"","overlay-opacity":"","overlay-gradient":""}},"footnotes":""},"class_list":["post-30","page","type-page","status-publish","hentry"],"post_mailing_queue_ids":[],"_links":{"self":[{"href":"https:\/\/agora.xtec.cat\/ceiptagamanent\/wp-json\/wp\/v2\/pages\/30","targetHints":{"allow":["GET"]}}],"collection":[{"href":"https:\/\/agora.xtec.cat\/ceiptagamanent\/wp-json\/wp\/v2\/pages"}],"about":[{"href":"https:\/\/agora.xtec.cat\/ceiptagamanent\/wp-json\/wp\/v2\/types\/page"}],"author":[{"embeddable":true,"href":"https:\/\/agora.xtec.cat\/ceiptagamanent\/wp-json\/wp\/v2\/users\/1"}],"replies":[{"embeddable":true,"href":"https:\/\/agora.xtec.cat\/ceiptagamanent\/wp-json\/wp\/v2\/comments?post=30"}],"version-history":[{"count":5,"href":"https:\/\/agora.xtec.cat\/ceiptagamanent\/wp-json\/wp\/v2\/pages\/30\/revisions"}],"predecessor-version":[{"id":2476,"href":"https:\/\/agora.xtec.cat\/ceiptagamanent\/wp-json\/wp\/v2\/pages\/30\/revisions\/2476"}],"up":[{"embeddable":true,"href":"https:\/\/agora.xtec.cat\/ceiptagamanent\/wp-json\/wp\/v2\/pages\/22"}],"wp:attachment":[{"href":"https:\/\/agora.xtec.cat\/ceiptagamanent\/wp-json\/wp\/v2\/media?parent=30"}],"curies":[{"name":"wp","href":"https:\/\/api.w.org\/{rel}","templated":true}]}}