{"id":2301,"date":"2024-03-18T10:19:45","date_gmt":"2024-03-18T09:19:45","guid":{"rendered":"https:\/\/agora.xtec.cat\/ceiptagamanent\/?page_id=2301"},"modified":"2025-09-28T20:47:22","modified_gmt":"2025-09-28T18:47:22","slug":"formacio","status":"publish","type":"page","link":"https:\/\/agora.xtec.cat\/ceiptagamanent\/formacio\/","title":{"rendered":"Formaci\u00f3"},"content":{"rendered":"<p>En aquesta p\u00e0gina podreu accedir a les xerrades formatives per a fam\u00edlies de la psicopedagoga que col\u00b7labora amb el projecte de l&#8217;escola, Anna Maria Serra.<\/p>\n<p>Curs 2024\/25<\/p>\n<p><a href=\"https:\/\/youtu.be\/263uLG4IlrA\">Adolesc\u00e8ncia<\/a><\/p>\n<p><a href=\"https:\/\/youtu.be\/bdIUbRKmNXQ\">H\u00e0bits saludables i \u00fas de pantalles<\/a><\/p>\n<p><a href=\"https:\/\/youtu.be\/vQSzT8yD_rk\">Els l\u00edmits i l&#8217;autoritat en una crian\u00e7a respectuosa_1<\/a><\/p>\n<p><a href=\"https:\/\/youtu.be\/vX3-CAQ-WZQ\">Els l\u00edmits i l&#8217;autoritat en una crian\u00e7a respectuosa_2<\/a><\/p>\n<p><a href=\"https:\/\/youtu.be\/5PyS-P4A13o\">Els l\u00edmits i l&#8217;autoritat en una crian\u00e7a respectuosa_3<\/a><\/p>\n<p><a href=\"https:\/\/youtu.be\/_qbDOqcpEoQ\">Els l\u00edmits i l&#8217;autoritat en una crian\u00e7a respectuosa_4<\/a><\/p>\n<p><a href=\"https:\/\/youtu.be\/4Y1BZ0wXXs0\">Els l\u00edmits i l&#8217;autoritat en una crian\u00e7a respectuosa_5<\/a><\/p>\n<p><a href=\"https:\/\/youtu.be\/ClRpmhBhDSM\">Els l\u00edmits i l&#8217;autoritat en una crian\u00e7a respectuosa_6<\/a><\/p>\n<p>Curs 2023\/24<\/p>\n<p><a href=\"https:\/\/youtu.be\/fGlkH-J55ag\">Sexualitat Infantil (Primera part)<\/a><\/p>\n<p><a href=\"https:\/\/youtu.be\/MUjlTHttuNk\">Sexualitat Infantil (Segona part)<\/a><\/p>\n<p><a href=\"https:\/\/youtu.be\/SMjLqBXrecc\">L&#8217;autoestima (Primera part)<\/a><\/p>\n<p><a href=\"https:\/\/youtu.be\/a7zouJTGJB8\">L&#8217;autoestima (Segona part)<\/a><\/p>\n<p><a href=\"https:\/\/youtu.be\/af00l1hZ4gU\">L\u00edmits (Primera part)<\/a><\/p>\n<p><a href=\"https:\/\/youtu.be\/NiIwLgubq24\">L\u00edmits (Segona part)<\/a><\/p>\n<p>&nbsp;<\/p>\n<p>&nbsp;<\/p>\n","protected":false},"excerpt":{"rendered":"<p>En aquesta p\u00e0gina podreu accedir a les xerrades formatives per a fam\u00edlies de la psicopedagoga que col\u00b7labora amb el projecte de l&#8217;escola, Anna Maria Serra. Curs 2024\/25 Adolesc\u00e8ncia H\u00e0bits saludables i \u00fas de pantalles Els l\u00edmits i l&#8217;autoritat en una crian\u00e7a respectuosa_1 Els l\u00edmits i l&#8217;autoritat en una crian\u00e7a respectuosa_2 Els l\u00edmits i l&#8217;autoritat en [&hellip;]<\/p>\n","protected":false},"author":1,"featured_media":0,"parent":0,"menu_order":0,"comment_status":"closed","ping_status":"closed","template":"","meta":{"_bbp_topic_count":0,"_bbp_reply_count":0,"_bbp_total_topic_count":0,"_bbp_total_reply_count":0,"_bbp_voice_count":0,"_bbp_anonymous_reply_count":0,"_bbp_topic_count_hidden":0,"_bbp_reply_count_hidden":0,"_bbp_forum_subforum_count":0,"site-sidebar-layout":"default","site-content-layout":"","ast-site-content-layout":"","site-content-style":"default","site-sidebar-style":"default","ast-global-header-display":"","ast-banner-title-visibility":"","ast-main-header-display":"","ast-hfb-above-header-display":"","ast-hfb-below-header-display":"","ast-hfb-mobile-header-display":"","site-post-title":"","ast-breadcrumbs-content":"","ast-featured-img":"","footer-sml-layout":"","theme-transparent-header-meta":"","adv-header-id-meta":"","stick-header-meta":"","header-above-stick-meta":"","header-main-stick-meta":"","header-below-stick-meta":"","astra-migrate-meta-layouts":"default","ast-page-background-enabled":"default","ast-page-background-meta":{"desktop":{"background-color":"var(--ast-global-color-4)","background-image":"","background-repeat":"repeat","background-position":"center center","background-size":"auto","background-attachment":"scroll","background-type":"","background-media":"","overlay-type":"","overlay-color":"","overlay-opacity":"","overlay-gradient":""},"tablet":{"background-color":"","background-image":"","background-repeat":"repeat","background-position":"center center","background-size":"auto","background-attachment":"scroll","background-type":"","background-media":"","overlay-type":"","overlay-color":"","overlay-opacity":"","overlay-gradient":""},"mobile":{"background-color":"","background-image":"","background-repeat":"repeat","background-position":"center center","background-size":"auto","background-attachment":"scroll","background-type":"","background-media":"","overlay-type":"","overlay-color":"","overlay-opacity":"","overlay-gradient":""}},"ast-content-background-meta":{"desktop":{"background-color":"var(--ast-global-color-5)","background-image":"","background-repeat":"repeat","background-position":"center center","background-size":"auto","background-attachment":"scroll","background-type":"","background-media":"","overlay-type":"","overlay-color":"","overlay-opacity":"","overlay-gradient":""},"tablet":{"background-color":"var(--ast-global-color-5)","background-image":"","background-repeat":"repeat","background-position":"center center","background-size":"auto","background-attachment":"scroll","background-type":"","background-media":"","overlay-type":"","overlay-color":"","overlay-opacity":"","overlay-gradient":""},"mobile":{"background-color":"var(--ast-global-color-5)","background-image":"","background-repeat":"repeat","background-position":"center center","background-size":"auto","background-attachment":"scroll","background-type":"","background-media":"","overlay-type":"","overlay-color":"","overlay-opacity":"","overlay-gradient":""}},"footnotes":""},"class_list":["post-2301","page","type-page","status-publish","hentry"],"post_mailing_queue_ids":[],"_links":{"self":[{"href":"https:\/\/agora.xtec.cat\/ceiptagamanent\/wp-json\/wp\/v2\/pages\/2301","targetHints":{"allow":["GET"]}}],"collection":[{"href":"https:\/\/agora.xtec.cat\/ceiptagamanent\/wp-json\/wp\/v2\/pages"}],"about":[{"href":"https:\/\/agora.xtec.cat\/ceiptagamanent\/wp-json\/wp\/v2\/types\/page"}],"author":[{"embeddable":true,"href":"https:\/\/agora.xtec.cat\/ceiptagamanent\/wp-json\/wp\/v2\/users\/1"}],"replies":[{"embeddable":true,"href":"https:\/\/agora.xtec.cat\/ceiptagamanent\/wp-json\/wp\/v2\/comments?post=2301"}],"version-history":[{"count":6,"href":"https:\/\/agora.xtec.cat\/ceiptagamanent\/wp-json\/wp\/v2\/pages\/2301\/revisions"}],"predecessor-version":[{"id":2571,"href":"https:\/\/agora.xtec.cat\/ceiptagamanent\/wp-json\/wp\/v2\/pages\/2301\/revisions\/2571"}],"wp:attachment":[{"href":"https:\/\/agora.xtec.cat\/ceiptagamanent\/wp-json\/wp\/v2\/media?parent=2301"}],"curies":[{"name":"wp","href":"https:\/\/api.w.org\/{rel}","templated":true}]}}