{"id":22,"date":"2014-09-18T12:19:57","date_gmt":"2014-09-18T11:19:57","guid":{"rendered":"http:\/\/agora.xtec.cat\/ceiptagamanent\/?page_id=22"},"modified":"2025-11-03T10:27:51","modified_gmt":"2025-11-03T09:27:51","slug":"lescola","status":"publish","type":"page","link":"https:\/\/agora.xtec.cat\/ceiptagamanent\/","title":{"rendered":"L&#8217;escola"},"content":{"rendered":"<p>L&#8217;Escola Tagamanent, \u00e9s un centre p\u00fablic d&#8217;infantil i prim\u00e0ria, que es troba al municipi de La Garriga (Vall\u00e8s Oriental). Tenim una metodologia oberta a les fam\u00edlies, participativa amb la comunitat educativa i amb l&#8217;objectiu clar de posar l&#8217;alumne al centre de l&#8217;aprenentatge. Volem nens i nenes imaginatius, aut\u00f2nomes, democr\u00e0tics, art\u00edstiques, sensibles\u00a0 i que vegin el m\u00f3n amb una mirada cr\u00edtica, que els permeti gaudir d&#8217;all\u00f2 que volen i intentar millorar el seu entorn.<\/p>\n<p>Per fer-ho, comen\u00e7arem a utilitzar els projectes i els centres d&#8217;inter\u00e8s. Ens organitzem a trav\u00e9s de comunitats (petits, mitjans i grans) que ens ajudaran a compartir les necessitats i interessos dels nens i les nenes. Tamb\u00e9 buscarem la globalitzaci\u00f3 dels continguts i l&#8217;aprenentatge significatiu a trav\u00e9s dels projectes finalistes.<\/p>\n","protected":false},"excerpt":{"rendered":"<p>L&#8217;Escola Tagamanent, \u00e9s un centre p\u00fablic d&#8217;infantil i prim\u00e0ria, que es troba al municipi de La Garriga (Vall\u00e8s Oriental). Tenim una metodologia oberta a les fam\u00edlies, participativa amb la comunitat educativa i amb l&#8217;objectiu clar de posar l&#8217;alumne al centre de l&#8217;aprenentatge. Volem nens i nenes imaginatius, aut\u00f2nomes, democr\u00e0tics, art\u00edstiques, sensibles\u00a0 i que vegin el [&hellip;]<\/p>\n","protected":false},"author":1,"featured_media":0,"parent":0,"menu_order":0,"comment_status":"closed","ping_status":"closed","template":"","meta":{"_bbp_topic_count":0,"_bbp_reply_count":0,"_bbp_total_topic_count":0,"_bbp_total_reply_count":0,"_bbp_voice_count":0,"_bbp_anonymous_reply_count":0,"_bbp_topic_count_hidden":0,"_bbp_reply_count_hidden":0,"_bbp_forum_subforum_count":0,"site-sidebar-layout":"default","site-content-layout":"","ast-site-content-layout":"default","site-content-style":"default","site-sidebar-style":"default","ast-global-header-display":"","ast-banner-title-visibility":"","ast-main-header-display":"","ast-hfb-above-header-display":"","ast-hfb-below-header-display":"","ast-hfb-mobile-header-display":"","site-post-title":"","ast-breadcrumbs-content":"","ast-featured-img":"","footer-sml-layout":"","theme-transparent-header-meta":"default","adv-header-id-meta":"","stick-header-meta":"","header-above-stick-meta":"","header-main-stick-meta":"","header-below-stick-meta":"","astra-migrate-meta-layouts":"set","ast-page-background-enabled":"default","ast-page-background-meta":{"desktop":{"background-color":"var(--ast-global-color-4)","background-image":"","background-repeat":"repeat","background-position":"center center","background-size":"auto","background-attachment":"scroll","background-type":"","background-media":"","overlay-type":"","overlay-color":"","overlay-opacity":"","overlay-gradient":""},"tablet":{"background-color":"","background-image":"","background-repeat":"repeat","background-position":"center center","background-size":"auto","background-attachment":"scroll","background-type":"","background-media":"","overlay-type":"","overlay-color":"","overlay-opacity":"","overlay-gradient":""},"mobile":{"background-color":"","background-image":"","background-repeat":"repeat","background-position":"center center","background-size":"auto","background-attachment":"scroll","background-type":"","background-media":"","overlay-type":"","overlay-color":"","overlay-opacity":"","overlay-gradient":""}},"ast-content-background-meta":{"desktop":{"background-color":"var(--ast-global-color-5)","background-image":"","background-repeat":"repeat","background-position":"center center","background-size":"auto","background-attachment":"scroll","background-type":"","background-media":"","overlay-type":"","overlay-color":"","overlay-opacity":"","overlay-gradient":""},"tablet":{"background-color":"var(--ast-global-color-5)","background-image":"","background-repeat":"repeat","background-position":"center center","background-size":"auto","background-attachment":"scroll","background-type":"","background-media":"","overlay-type":"","overlay-color":"","overlay-opacity":"","overlay-gradient":""},"mobile":{"background-color":"var(--ast-global-color-5)","background-image":"","background-repeat":"repeat","background-position":"center center","background-size":"auto","background-attachment":"scroll","background-type":"","background-media":"","overlay-type":"","overlay-color":"","overlay-opacity":"","overlay-gradient":""}},"footnotes":""},"class_list":["post-22","page","type-page","status-publish","hentry"],"post_mailing_queue_ids":[],"_links":{"self":[{"href":"https:\/\/agora.xtec.cat\/ceiptagamanent\/wp-json\/wp\/v2\/pages\/22","targetHints":{"allow":["GET"]}}],"collection":[{"href":"https:\/\/agora.xtec.cat\/ceiptagamanent\/wp-json\/wp\/v2\/pages"}],"about":[{"href":"https:\/\/agora.xtec.cat\/ceiptagamanent\/wp-json\/wp\/v2\/types\/page"}],"author":[{"embeddable":true,"href":"https:\/\/agora.xtec.cat\/ceiptagamanent\/wp-json\/wp\/v2\/users\/1"}],"replies":[{"embeddable":true,"href":"https:\/\/agora.xtec.cat\/ceiptagamanent\/wp-json\/wp\/v2\/comments?post=22"}],"version-history":[{"count":4,"href":"https:\/\/agora.xtec.cat\/ceiptagamanent\/wp-json\/wp\/v2\/pages\/22\/revisions"}],"predecessor-version":[{"id":2631,"href":"https:\/\/agora.xtec.cat\/ceiptagamanent\/wp-json\/wp\/v2\/pages\/22\/revisions\/2631"}],"wp:attachment":[{"href":"https:\/\/agora.xtec.cat\/ceiptagamanent\/wp-json\/wp\/v2\/media?parent=22"}],"curies":[{"name":"wp","href":"https:\/\/api.w.org\/{rel}","templated":true}]}}