{"id":1500,"date":"2021-05-31T10:10:45","date_gmt":"2021-05-31T08:10:45","guid":{"rendered":"https:\/\/agora.xtec.cat\/ceiptagamanent\/?page_id=1500"},"modified":"2025-11-14T10:04:55","modified_gmt":"2025-11-14T09:04:55","slug":"pla-de-comunicacio","status":"publish","type":"page","link":"https:\/\/agora.xtec.cat\/ceiptagamanent\/documents-centre\/pla-de-comunicacio\/","title":{"rendered":"Pla de comunicaci\u00f3"},"content":{"rendered":"<p>El Pla de comunicaci\u00f3 de l\u2019escola Tagamanent \u00e9s un document que explica com s\u2019organitza el centre a nivell comunicatiu. T\u00e9 com a objectiu, garantir que tothom dins i fora de l\u2019escola conegui quins s\u00f3n els objectius comunicatius i quines estrat\u00e8gies, recursos, canals i accions a desenvolupar per generar una comunicaci\u00f3 eficient que\u00a0 permeti difondre de manera exitosa la tasca de l\u2019escola.<\/p>\n<p>El pla defineix quins s\u00f3n els canals de comunicaci\u00f3 oficials del centre, aix\u00ed com l\u2019\u00fas de cada un d\u2019ells depenent de cada situaci\u00f3 informativa, comunicativa, organitzativa o pedag\u00f2gica.<\/p>\n<p>Aquest document est\u00e0 pendent de revisi\u00f3<\/p>\n<p><a href=\"https:\/\/drive.google.com\/file\/d\/1IZGw2CtcIy-HrW-a-znIE_HtcJI6FLVy\/view?usp=sharing\" target=\"_blank\" rel=\"noopener\">Pla de comunicaci\u00f3 Escola Tagamanent<\/a><\/p>\n<pre><em>Si sou una escola i us interessa poder editar el document nom\u00e9s cal que ens envieu un correu a info@escolatagamanent.cat i us el farem arribar.<\/em><\/pre>\n","protected":false},"excerpt":{"rendered":"<p>El Pla de comunicaci\u00f3 de l\u2019escola Tagamanent \u00e9s un document que explica com s\u2019organitza el centre a nivell comunicatiu. T\u00e9 com a objectiu, garantir que tothom dins i fora de l\u2019escola conegui quins s\u00f3n els objectius comunicatius i quines estrat\u00e8gies, recursos, canals i accions a desenvolupar per generar una comunicaci\u00f3 eficient que\u00a0 permeti difondre de [&hellip;]<\/p>\n","protected":false},"author":1,"featured_media":0,"parent":64,"menu_order":0,"comment_status":"closed","ping_status":"closed","template":"","meta":{"_bbp_topic_count":0,"_bbp_reply_count":0,"_bbp_total_topic_count":0,"_bbp_total_reply_count":0,"_bbp_voice_count":0,"_bbp_anonymous_reply_count":0,"_bbp_topic_count_hidden":0,"_bbp_reply_count_hidden":0,"_bbp_forum_subforum_count":0,"site-sidebar-layout":"default","site-content-layout":"","ast-site-content-layout":"default","site-content-style":"default","site-sidebar-style":"default","ast-global-header-display":"","ast-banner-title-visibility":"","ast-main-header-display":"","ast-hfb-above-header-display":"","ast-hfb-below-header-display":"","ast-hfb-mobile-header-display":"","site-post-title":"","ast-breadcrumbs-content":"","ast-featured-img":"","footer-sml-layout":"","theme-transparent-header-meta":"default","adv-header-id-meta":"","stick-header-meta":"","header-above-stick-meta":"","header-main-stick-meta":"","header-below-stick-meta":"","astra-migrate-meta-layouts":"set","ast-page-background-enabled":"default","ast-page-background-meta":{"desktop":{"background-color":"var(--ast-global-color-4)","background-image":"","background-repeat":"repeat","background-position":"center center","background-size":"auto","background-attachment":"scroll","background-type":"","background-media":"","overlay-type":"","overlay-color":"","overlay-opacity":"","overlay-gradient":""},"tablet":{"background-color":"","background-image":"","background-repeat":"repeat","background-position":"center center","background-size":"auto","background-attachment":"scroll","background-type":"","background-media":"","overlay-type":"","overlay-color":"","overlay-opacity":"","overlay-gradient":""},"mobile":{"background-color":"","background-image":"","background-repeat":"repeat","background-position":"center center","background-size":"auto","background-attachment":"scroll","background-type":"","background-media":"","overlay-type":"","overlay-color":"","overlay-opacity":"","overlay-gradient":""}},"ast-content-background-meta":{"desktop":{"background-color":"var(--ast-global-color-5)","background-image":"","background-repeat":"repeat","background-position":"center center","background-size":"auto","background-attachment":"scroll","background-type":"","background-media":"","overlay-type":"","overlay-color":"","overlay-opacity":"","overlay-gradient":""},"tablet":{"background-color":"var(--ast-global-color-5)","background-image":"","background-repeat":"repeat","background-position":"center center","background-size":"auto","background-attachment":"scroll","background-type":"","background-media":"","overlay-type":"","overlay-color":"","overlay-opacity":"","overlay-gradient":""},"mobile":{"background-color":"var(--ast-global-color-5)","background-image":"","background-repeat":"repeat","background-position":"center center","background-size":"auto","background-attachment":"scroll","background-type":"","background-media":"","overlay-type":"","overlay-color":"","overlay-opacity":"","overlay-gradient":""}},"footnotes":""},"class_list":["post-1500","page","type-page","status-publish","hentry"],"post_mailing_queue_ids":[],"_links":{"self":[{"href":"https:\/\/agora.xtec.cat\/ceiptagamanent\/wp-json\/wp\/v2\/pages\/1500","targetHints":{"allow":["GET"]}}],"collection":[{"href":"https:\/\/agora.xtec.cat\/ceiptagamanent\/wp-json\/wp\/v2\/pages"}],"about":[{"href":"https:\/\/agora.xtec.cat\/ceiptagamanent\/wp-json\/wp\/v2\/types\/page"}],"author":[{"embeddable":true,"href":"https:\/\/agora.xtec.cat\/ceiptagamanent\/wp-json\/wp\/v2\/users\/1"}],"replies":[{"embeddable":true,"href":"https:\/\/agora.xtec.cat\/ceiptagamanent\/wp-json\/wp\/v2\/comments?post=1500"}],"version-history":[{"count":4,"href":"https:\/\/agora.xtec.cat\/ceiptagamanent\/wp-json\/wp\/v2\/pages\/1500\/revisions"}],"predecessor-version":[{"id":2611,"href":"https:\/\/agora.xtec.cat\/ceiptagamanent\/wp-json\/wp\/v2\/pages\/1500\/revisions\/2611"}],"up":[{"embeddable":true,"href":"https:\/\/agora.xtec.cat\/ceiptagamanent\/wp-json\/wp\/v2\/pages\/64"}],"wp:attachment":[{"href":"https:\/\/agora.xtec.cat\/ceiptagamanent\/wp-json\/wp\/v2\/media?parent=1500"}],"curies":[{"name":"wp","href":"https:\/\/api.w.org\/{rel}","templated":true}]}}