{"id":1056,"date":"2020-05-14T11:04:50","date_gmt":"2020-05-14T09:04:50","guid":{"rendered":"https:\/\/agora.xtec.cat\/ceiptagamanent\/?page_id=1056"},"modified":"2020-05-15T11:19:44","modified_gmt":"2020-05-15T09:19:44","slug":"portes-obertes-2020","status":"publish","type":"page","link":"https:\/\/agora.xtec.cat\/ceiptagamanent\/lescola\/portesobertes\/portes-obertes-2020\/","title":{"rendered":"Portes Obertes 2020"},"content":{"rendered":"<div class=\"container-wrapper-genially\" style=\"position: relative; min-height: 400px; max-width: 100%;\">\n<p><img decoding=\"async\" class=\"loader-genially\" style=\"position: absolute; top: 0; right: 0; bottom: 0; left: 0; z-index: 1; width: 80px; height: 80px; margin: auto;\" src=\"https:\/\/genially.blob.core.windows.net\/genially\/version3.0\/loader.gif\" \/><\/p>\n<h4 id=\"5eaab1dd32376f0d7de33643\" class=\"genially-embed\" style=\"margin: 0px auto; position: relative; height: auto; width: 100%;\">PRESENTACI\u00d3 DE LES TROBADES VIRTUALS DE PORTES OBERTES 2020<\/h4>\n<\/div>\n<p><script>(function (d) { var js, id = \"genially-embed-js\", ref = d.getElementsByTagName(\"script\")[0]; if (d.getElementById(id)) { return; } js = d.createElement(\"script\"); js.id = id; js.async = true; js.src = \"https:\/\/view.genial.ly\/static\/embed\/embed.js\"; ref.parentNode.insertBefore(js, ref); }(document));<\/script><\/p>\n<h4>VOLEU FER UNA VOLTA PER CON\u00c8IXER MILLOR QU\u00c8 FAN ELS I LES ALUMNES DE P3 A L&#8217;ESCOLA TAGAMANENT?<\/h4>\n<h4>Feu un cop d&#8217;ull al panell interactiu i cliqueu sobre les imatges. Que ho gaudiu!!!<\/h4>\n<div class=\"container-wrapper-genially\" style=\"position: relative; min-height: 400px; max-width: 40%;\">\n<p><img decoding=\"async\" class=\"loader-genially\" style=\"position: absolute; top: 0; right: 0; bottom: 0; left: 0; z-index: 1; width: 80px; height: 80px; margin: auto;\" src=\"https:\/\/genially.blob.core.windows.net\/genially\/version3.0\/loader.gif\" \/><\/p>\n<div id=\"5e9db4803120dd0da82a0362\" class=\"genially-embed\" style=\"margin: 0px auto; position: relative; height: auto; width: 100%;\"><\/div>\n<\/div>\n<p><script>(function (d) { var js, id = \"genially-embed-js\", ref = d.getElementsByTagName(\"script\")[0]; if (d.getElementById(id)) { return; } js = d.createElement(\"script\"); js.id = id; js.async = true; js.src = \"https:\/\/view.genial.ly\/static\/embed\/embed.js\"; ref.parentNode.insertBefore(js, ref); }(document));<\/script><\/p>\n<h4>VOLEU FER UNA VOLTA PER CON\u00c8IXER L&#8217;ESCOLA TAGAMANENT?<\/h4>\n<div class=\"ast-oembed-container \" style=\"height: 100%;\"><iframe loading=\"lazy\" title=\"Vols con\u00e8ixer el TAGA?\" width=\"500\" height=\"281\" src=\"https:\/\/www.youtube.com\/embed\/DmPPU4TY3F0?feature=oembed\" frameborder=\"0\" allow=\"accelerometer; autoplay; clipboard-write; encrypted-media; gyroscope; picture-in-picture; web-share\" referrerpolicy=\"strict-origin-when-cross-origin\" allowfullscreen><\/iframe><\/div>\n<h4><\/h4>\n<p>Oferim la possibilitat de fer una VISITA VIRTUAL A L&#8217;ESCOLA i RESOLDRE DUBTES fent una videotrucada amb els membres de l&#8217;equip directiu. Les fam\u00edlies interessades escriviu un correu a info@escolatagamanent.cat<\/p>\n<p>&nbsp;<\/p>\n<div class=\"ast-oembed-container \" style=\"height: 100%;\"><iframe loading=\"lazy\" title=\"JO SOC DEL TAGA... I TU?\" width=\"500\" height=\"281\" src=\"https:\/\/www.youtube.com\/embed\/QcuSwpAwssk?feature=oembed\" frameborder=\"0\" allow=\"accelerometer; autoplay; clipboard-write; encrypted-media; gyroscope; picture-in-picture; web-share\" referrerpolicy=\"strict-origin-when-cross-origin\" allowfullscreen><\/iframe><\/div>\n<div class=\"container-wrapper-genially\" style=\"position: relative; min-height: 400px; max-width: 70%;\">\n<p><img decoding=\"async\" class=\"loader-genially\" style=\"position: absolute; top: 0; right: 0; bottom: 0; left: 0; z-index: 1; width: 80px; height: 80px; margin: auto;\" src=\"https:\/\/genially.blob.core.windows.net\/genially\/version3.0\/loader.gif\" \/><\/p>\n<div id=\"5e830de9a8bed70dad0cd8f1\" class=\"genially-embed\" style=\"margin: 0px auto; position: relative; height: auto; width: 100%;\"><\/div>\n<\/div>\n<p><script>(function (d) { var js, id = \"genially-embed-js\", ref = d.getElementsByTagName(\"script\")[0]; if (d.getElementById(id)) { return; } js = d.createElement(\"script\"); js.id = id; js.async = true; js.src = \"https:\/\/view.genial.ly\/static\/embed\/embed.js\"; ref.parentNode.insertBefore(js, ref); }(document));<\/script><\/p>\n<div class=\"container-wrapper-genially\" style=\"position: relative; min-height: 400px; max-width: 70%;\">\n<p><img decoding=\"async\" class=\"loader-genially\" style=\"position: absolute; top: 0; right: 0; bottom: 0; left: 0; z-index: 1; width: 80px; height: 80px; margin: auto;\" src=\"https:\/\/genially.blob.core.windows.net\/genially\/version3.0\/loader.gif\" \/><\/p>\n<div id=\"5e831afa3fea8d0db0eaa446\" class=\"genially-embed\" style=\"margin: 0px auto; position: relative; height: auto; width: 100%;\"><\/div>\n<\/div>\n<p><script>(function (d) { var js, id = \"genially-embed-js\", ref = d.getElementsByTagName(\"script\")[0]; if (d.getElementById(id)) { return; } js = d.createElement(\"script\"); js.id = id; js.async = true; js.src = \"https:\/\/view.genial.ly\/static\/embed\/embed.js\"; ref.parentNode.insertBefore(js, ref); }(document));<\/script><\/p>\n","protected":false},"excerpt":{"rendered":"<p>PRESENTACI\u00d3 DE LES TROBADES VIRTUALS DE PORTES OBERTES 2020 VOLEU FER UNA VOLTA PER CON\u00c8IXER MILLOR QU\u00c8 FAN ELS I LES ALUMNES DE P3 A L&#8217;ESCOLA TAGAMANENT? Feu un cop d&#8217;ull al panell interactiu i cliqueu sobre les imatges. Que ho gaudiu!!! VOLEU FER UNA VOLTA PER CON\u00c8IXER L&#8217;ESCOLA TAGAMANENT? Oferim la possibilitat de fer [&hellip;]<\/p>\n","protected":false},"author":1,"featured_media":0,"parent":785,"menu_order":0,"comment_status":"closed","ping_status":"closed","template":"","meta":{"_bbp_topic_count":0,"_bbp_reply_count":0,"_bbp_total_topic_count":0,"_bbp_total_reply_count":0,"_bbp_voice_count":0,"_bbp_anonymous_reply_count":0,"_bbp_topic_count_hidden":0,"_bbp_reply_count_hidden":0,"_bbp_forum_subforum_count":0,"site-sidebar-layout":"default","site-content-layout":"","ast-site-content-layout":"","site-content-style":"default","site-sidebar-style":"default","ast-global-header-display":"","ast-banner-title-visibility":"","ast-main-header-display":"","ast-hfb-above-header-display":"","ast-hfb-below-header-display":"","ast-hfb-mobile-header-display":"","site-post-title":"","ast-breadcrumbs-content":"","ast-featured-img":"","footer-sml-layout":"","theme-transparent-header-meta":"","adv-header-id-meta":"","stick-header-meta":"","header-above-stick-meta":"","header-main-stick-meta":"","header-below-stick-meta":"","astra-migrate-meta-layouts":"default","ast-page-background-enabled":"default","ast-page-background-meta":{"desktop":{"background-color":"var(--ast-global-color-4)","background-image":"","background-repeat":"repeat","background-position":"center center","background-size":"auto","background-attachment":"scroll","background-type":"","background-media":"","overlay-type":"","overlay-color":"","overlay-opacity":"","overlay-gradient":""},"tablet":{"background-color":"","background-image":"","background-repeat":"repeat","background-position":"center center","background-size":"auto","background-attachment":"scroll","background-type":"","background-media":"","overlay-type":"","overlay-color":"","overlay-opacity":"","overlay-gradient":""},"mobile":{"background-color":"","background-image":"","background-repeat":"repeat","background-position":"center center","background-size":"auto","background-attachment":"scroll","background-type":"","background-media":"","overlay-type":"","overlay-color":"","overlay-opacity":"","overlay-gradient":""}},"ast-content-background-meta":{"desktop":{"background-color":"var(--ast-global-color-5)","background-image":"","background-repeat":"repeat","background-position":"center center","background-size":"auto","background-attachment":"scroll","background-type":"","background-media":"","overlay-type":"","overlay-color":"","overlay-opacity":"","overlay-gradient":""},"tablet":{"background-color":"var(--ast-global-color-5)","background-image":"","background-repeat":"repeat","background-position":"center center","background-size":"auto","background-attachment":"scroll","background-type":"","background-media":"","overlay-type":"","overlay-color":"","overlay-opacity":"","overlay-gradient":""},"mobile":{"background-color":"var(--ast-global-color-5)","background-image":"","background-repeat":"repeat","background-position":"center center","background-size":"auto","background-attachment":"scroll","background-type":"","background-media":"","overlay-type":"","overlay-color":"","overlay-opacity":"","overlay-gradient":""}},"footnotes":""},"class_list":["post-1056","page","type-page","status-publish","hentry"],"post_mailing_queue_ids":[],"_links":{"self":[{"href":"https:\/\/agora.xtec.cat\/ceiptagamanent\/wp-json\/wp\/v2\/pages\/1056","targetHints":{"allow":["GET"]}}],"collection":[{"href":"https:\/\/agora.xtec.cat\/ceiptagamanent\/wp-json\/wp\/v2\/pages"}],"about":[{"href":"https:\/\/agora.xtec.cat\/ceiptagamanent\/wp-json\/wp\/v2\/types\/page"}],"author":[{"embeddable":true,"href":"https:\/\/agora.xtec.cat\/ceiptagamanent\/wp-json\/wp\/v2\/users\/1"}],"replies":[{"embeddable":true,"href":"https:\/\/agora.xtec.cat\/ceiptagamanent\/wp-json\/wp\/v2\/comments?post=1056"}],"version-history":[{"count":4,"href":"https:\/\/agora.xtec.cat\/ceiptagamanent\/wp-json\/wp\/v2\/pages\/1056\/revisions"}],"predecessor-version":[{"id":1069,"href":"https:\/\/agora.xtec.cat\/ceiptagamanent\/wp-json\/wp\/v2\/pages\/1056\/revisions\/1069"}],"up":[{"embeddable":true,"href":"https:\/\/agora.xtec.cat\/ceiptagamanent\/wp-json\/wp\/v2\/pages\/785"}],"wp:attachment":[{"href":"https:\/\/agora.xtec.cat\/ceiptagamanent\/wp-json\/wp\/v2\/media?parent=1056"}],"curies":[{"name":"wp","href":"https:\/\/api.w.org\/{rel}","templated":true}]}}