{"id":775,"date":"2014-10-29T17:49:46","date_gmt":"2014-10-29T17:49:46","guid":{"rendered":"http:\/\/agora.xtec.cat\/ceipstamargarida\/?page_id=775"},"modified":"2025-12-29T13:16:37","modified_gmt":"2025-12-29T12:16:37","slug":"escola-pares","status":"publish","type":"page","link":"https:\/\/agora.xtec.cat\/ceipstamargarida\/escola-pares\/","title":{"rendered":"Escola de pares"},"content":{"rendered":"<p>A continuaci\u00f3 us oferim algunes claus que us poden ser \u00fatils per treballar l&#8217;<strong>educaci\u00f3 en valors<\/strong> amb els vostres fills, colze a colze amb l&#8217;escola, des de casa:<\/p>\n<p><a href=\"https:\/\/educacio.gencat.cat\/ca\/arees-actuacio\/families\/fomentem-valors\/esforc\/\"><strong><u>Esfor\u00e7<\/u><\/strong><\/a><\/p>\n<p><a href=\"https:\/\/educacio.gencat.cat\/ca\/arees-actuacio\/families\/fomentem-valors\/educacio-sexual-afectiva\/\"><strong><u>Educaci\u00f3 sexual i afectiva<\/u><\/strong><\/a><\/p>\n<p><a href=\"https:\/\/educacio.gencat.cat\/ca\/arees-actuacio\/families\/ajudem-fills\/dol\/\"><strong><u>Dol<\/u><\/strong><\/a><\/p>\n<p><a href=\"https:\/\/educacio.gencat.cat\/ca\/arees-actuacio\/families\/fomentem-valors\/igualtat-genere\/\"><strong><u>Igualtat de g\u00e8nere<\/u><\/strong><\/a><\/p>\n<p><a href=\"https:\/\/educacio.gencat.cat\/ca\/arees-actuacio\/families\/fomentem-valors\/responsabilitat\/\"><strong><u>Responsabilitat<\/u><\/strong><\/a><\/p>\n<p><a href=\"https:\/\/educacio.gencat.cat\/ca\/arees-actuacio\/families\/fomentem-valors\/respecte\/\"><strong><u>Respecte<\/u><\/strong><\/a><\/p>\n<p><a href=\"https:\/\/educacio.gencat.cat\/ca\/arees-actuacio\/families\/fomentem-valors\/acompanyem-emocions\/\"><strong><u>Acompanyem les emocions<\/u><\/strong><\/a><\/p>\n<p><a href=\"https:\/\/educacio.gencat.cat\/ca\/arees-actuacio\/families\/families-escola\/acompanyament-escolar-casa\/\"><strong><u>Acompanyament escolar a casa<\/u><\/strong><\/a><\/p>\n<p><a href=\"https:\/\/educacio.gencat.cat\/ca\/arees-actuacio\/families\/fomentem-valors\/consum-responsable\/\"><strong><u>Consum responsable<\/u><\/strong><\/a><\/p>\n<p><a href=\"https:\/\/educacio.gencat.cat\/ca\/arees-actuacio\/families\/fomentem-valors\/aprofitament-aliments\/\"><strong><u>Aprofitament d&#8217;aliments<\/u><\/strong><\/a><\/p>\n<p><a href=\"https:\/\/drive.google.com\/file\/d\/1QUqZ1YVqiu2wwHquaJ7M0p2Fj58xuWQC\/view?usp=sharing\"><strong><u>Orientacions sobre l&#8217;\u00fas d&#8217;Internet i els dispositius m\u00f2bils a casa<\/u><\/strong><\/a><\/p>\n<p><a href=\"https:\/\/educacio.gencat.cat\/ca\/arees-actuacio\/families\/us-tecnologies\/us-saludable-tecnologies\/\"><strong><u>\u00das saludable de les tecnologies<\/u><\/strong><\/a><\/p>\n","protected":false},"excerpt":{"rendered":"<p>A continuaci\u00f3 us oferim algunes claus que us poden ser \u00fatils per treballar l&#8217;educaci\u00f3 en valors amb els vostres fills, colze a colze amb l&#8217;escola, des de casa:<br \/>\n<a href=\"https:\/\/educacio.gencat.cat\/ca\/arees-actuacio\/families\/fomentem-valors\/esforc\/\">Esfor\u00e7<\/a><br \/>\n<a href=\"https:\/\/educacio.gencat.cat\/ca\/arees-actuacio\/families\/fomentem-valors\/educacio-sexual-afectiva\/\">Educaci\u00f3 sexual i afectiva<\/a><br \/>\n<a href=\"https:\/\/educacio.gencat.cat\/ca\/arees-actuacio\/families\/ajudem-fills\/dol\/\">Dol<\/a><br \/>\n<a href=\"https:\/\/educacio.gencat.cat\/ca\/arees-actuacio\/families\/fomentem-valors\/igualtat-genere\/\">Igualtat de g\u00e8nere<\/a><br \/>\n<a href=\"https:\/\/educacio.gencat.cat\/ca\/arees-actuacio\/families\/fomentem-valors\/responsabilitat\/\">Responsabilitat<\/a><br \/>\n<a href=\"https:\/\/educacio.gencat.cat\/ca\/arees-actuacio\/families\/fomentem-valors\/respecte\/\">Respecte<\/a><br \/>\n<a href=\"https:\/\/educacio.gencat.cat\/ca\/arees-actuacio\/families\/fomentem-valors\/acompanyem-emocions\/\">Acompanyem les emocions<\/a><br \/>\n<a href=\"https:\/\/educacio.gencat.cat\/ca\/arees-actuacio\/families\/families-escola\/acompanyament-escolar-casa\/\">Acompanyament escolar a&hellip;  <a href=\"https:\/\/agora.xtec.cat\/ceipstamargarida\/escola-pares\/\" title=\"Read Escola de pares\">Llegeix m\u00e9s\u00bb<\/a><\/p>\n","protected":false},"author":1,"featured_media":0,"parent":0,"menu_order":0,"comment_status":"closed","ping_status":"closed","template":"","meta":{"_bbp_topic_count":0,"_bbp_reply_count":0,"_bbp_total_topic_count":0,"_bbp_total_reply_count":0,"_bbp_voice_count":0,"_bbp_anonymous_reply_count":0,"_bbp_topic_count_hidden":0,"_bbp_reply_count_hidden":0,"_bbp_forum_subforum_count":0,"footnotes":""},"class_list":["post-775","page","type-page","status-publish","hentry"],"post_mailing_queue_ids":[],"_links":{"self":[{"href":"https:\/\/agora.xtec.cat\/ceipstamargarida\/wp-json\/wp\/v2\/pages\/775","targetHints":{"allow":["GET"]}}],"collection":[{"href":"https:\/\/agora.xtec.cat\/ceipstamargarida\/wp-json\/wp\/v2\/pages"}],"about":[{"href":"https:\/\/agora.xtec.cat\/ceipstamargarida\/wp-json\/wp\/v2\/types\/page"}],"author":[{"embeddable":true,"href":"https:\/\/agora.xtec.cat\/ceipstamargarida\/wp-json\/wp\/v2\/users\/1"}],"replies":[{"embeddable":true,"href":"https:\/\/agora.xtec.cat\/ceipstamargarida\/wp-json\/wp\/v2\/comments?post=775"}],"version-history":[{"count":4,"href":"https:\/\/agora.xtec.cat\/ceipstamargarida\/wp-json\/wp\/v2\/pages\/775\/revisions"}],"predecessor-version":[{"id":5765,"href":"https:\/\/agora.xtec.cat\/ceipstamargarida\/wp-json\/wp\/v2\/pages\/775\/revisions\/5765"}],"wp:attachment":[{"href":"https:\/\/agora.xtec.cat\/ceipstamargarida\/wp-json\/wp\/v2\/media?parent=775"}],"curies":[{"name":"wp","href":"https:\/\/api.w.org\/{rel}","templated":true}]}}