{"id":647,"date":"2014-10-12T06:38:26","date_gmt":"2014-10-12T06:38:26","guid":{"rendered":"http:\/\/agora.xtec.cat\/ceipstamargarida\/?page_id=647"},"modified":"2026-02-12T11:43:45","modified_gmt":"2026-02-12T10:43:45","slug":"presentacio-de-lescola","status":"publish","type":"page","link":"https:\/\/agora.xtec.cat\/ceipstamargarida\/lescola\/presentacio-de-lescola\/","title":{"rendered":"Presentaci\u00f3"},"content":{"rendered":"<p><span style=\"color: #000000;\">L&#8217;escola Santa Margarida \u00e9s un centre d&#8217;una l\u00ednia, amb dos cursos desdoblats el curs 2025-26.<\/span><\/p>\n<ul>\n<li>Si voleu saber com treballem podeu venir a les portes obertes o consultar la seg\u00fcent <a href=\"https:\/\/www.canva.com\/design\/DAG_h2d8kGo\/XsAGSgm6Jpav-A33eThSmw\/view\">presentaci\u00f3<\/a>.<\/li>\n<li>Si el que voleu \u00e9s veure l&#8217;escola per dins, aqu\u00ed teniu un petit v\u00eddeo:<\/li>\n<\/ul>\n<p><iframe loading=\"lazy\" src=\"https:\/\/drive.google.com\/file\/d\/1cfgE7jHj0WJ4pa-v_vor8QvpNpTlnt4a\/preview\" width=\"850\" height=\"650\"><\/iframe><\/p>\n","protected":false},"excerpt":{"rendered":"<p>L&#8217;escola Santa Margarida \u00e9s un centre d&#8217;una l\u00ednia, amb dos cursos desdoblats el curs 2025-26.<\/p>\n<ul>\n<li>Si voleu saber com treballem podeu venir a les portes obertes o consultar la seg\u00fcent <a href=\"https:\/\/www.canva.com\/design\/DAG_h2d8kGo\/XsAGSgm6Jpav-A33eThSmw\/view\">presentaci\u00f3<\/a>.<\/li>\n<li>Si el que voleu \u00e9s veure l&#8217;escola per dins, aqu\u00ed teniu un petit v\u00eddeo:<\/li>\n<\/ul>\n","protected":false},"author":1,"featured_media":0,"parent":22,"menu_order":20,"comment_status":"closed","ping_status":"closed","template":"page-templates\/side-menu.php","meta":{"_bbp_topic_count":0,"_bbp_reply_count":0,"_bbp_total_topic_count":0,"_bbp_total_reply_count":0,"_bbp_voice_count":0,"_bbp_anonymous_reply_count":0,"_bbp_topic_count_hidden":0,"_bbp_reply_count_hidden":0,"_bbp_forum_subforum_count":0,"footnotes":""},"class_list":["post-647","page","type-page","status-publish","hentry"],"post_mailing_queue_ids":[],"_links":{"self":[{"href":"https:\/\/agora.xtec.cat\/ceipstamargarida\/wp-json\/wp\/v2\/pages\/647","targetHints":{"allow":["GET"]}}],"collection":[{"href":"https:\/\/agora.xtec.cat\/ceipstamargarida\/wp-json\/wp\/v2\/pages"}],"about":[{"href":"https:\/\/agora.xtec.cat\/ceipstamargarida\/wp-json\/wp\/v2\/types\/page"}],"author":[{"embeddable":true,"href":"https:\/\/agora.xtec.cat\/ceipstamargarida\/wp-json\/wp\/v2\/users\/1"}],"replies":[{"embeddable":true,"href":"https:\/\/agora.xtec.cat\/ceipstamargarida\/wp-json\/wp\/v2\/comments?post=647"}],"version-history":[{"count":6,"href":"https:\/\/agora.xtec.cat\/ceipstamargarida\/wp-json\/wp\/v2\/pages\/647\/revisions"}],"predecessor-version":[{"id":5785,"href":"https:\/\/agora.xtec.cat\/ceipstamargarida\/wp-json\/wp\/v2\/pages\/647\/revisions\/5785"}],"up":[{"embeddable":true,"href":"https:\/\/agora.xtec.cat\/ceipstamargarida\/wp-json\/wp\/v2\/pages\/22"}],"wp:attachment":[{"href":"https:\/\/agora.xtec.cat\/ceipstamargarida\/wp-json\/wp\/v2\/media?parent=647"}],"curies":[{"name":"wp","href":"https:\/\/api.w.org\/{rel}","templated":true}]}}