{"id":3121,"date":"2025-07-07T15:00:59","date_gmt":"2025-07-07T13:00:59","guid":{"rendered":"http:\/\/agora.xtec.cat\/ceipstamargarida\/?page_id=3121"},"modified":"2025-09-19T16:09:30","modified_gmt":"2025-09-19T14:09:30","slug":"qui-som","status":"publish","type":"page","link":"https:\/\/agora.xtec.cat\/ceipstamargarida\/lescola\/qui-som\/","title":{"rendered":"Qui som"},"content":{"rendered":"<p>El claustre de l&#8217;escola Santa Margarida per al curs 2025-26 el formen 17,875 mestres.<\/p>\n<p><strong>TUTORS\/ES<\/strong><\/p>\n<ul>\n<li>I3: Paula Vall-llovera<\/li>\n<li>I4: Ariadna Xicars i Sara Mir<\/li>\n<li>I5 A: T\u00e0nia Batllori<\/li>\n<li>I5 B: Mireia Toca<\/li>\n<li>1r: Marta Crous<\/li>\n<li style=\"font-weight: 400;\">2n: Lydia Navarro<\/li>\n<li style=\"font-weight: 400;\">3r: Anna Quer<\/li>\n<li style=\"font-weight: 400;\">4t: \u00c8lia Bonmat\u00ed<\/li>\n<li style=\"font-weight: 400;\">5\u00e8: Anna Puigdevall i <span style=\"font-weight: 400;\">Cristina Voz<\/span><\/li>\n<li style=\"font-weight: 400;\">6\u00e8 A: Roser Torn\u00e9s i\u00a0 Imma Teixidor<\/li>\n<li>6\u00e8 B: Quim Mendoza<\/li>\n<\/ul>\n<p><strong>ESPECIALISTES i SUPORTS<\/strong><\/p>\n<ul>\n<li>Angl\u00e8s: T\u00e0nia Batllori, Sandra F\u00edgols i Marc Boix<\/li>\n<li>Educaci\u00f3 musical: Anna Quer i Marta Crous<\/li>\n<li>Educaci\u00f3 f\u00edsica: Laura Trayter<span style=\"font-weight: 400;\">\u00a0i Pep Vin\u00f3s<\/span><\/li>\n<li>Educaci\u00f3 especial: Vict\u00f2ria Fern\u00e1ndez<\/li>\n<li>Religi\u00f3: <span style=\"font-weight: 400;\">T\u00e0nia Arbus\u00e9\u00a0i David Romero<\/span><\/li>\n<li>Suport INF: Eva Masmiquel<\/li>\n<li>Suports PRI: Ester Gonz\u00e1lez, Eva L\u00f3pez i Marta Ferrer<\/li>\n<\/ul>\n<p><strong>EQUIP DIRECTIU<\/strong><\/p>\n<ul>\n<li>Secret\u00e0ria: <a href=\"https:\/\/drive.google.com\/file\/d\/1p0kSZp47wDOTvAIcaxlEvaIMitnzRmZl\/view?usp=sharing\">Eva L\u00f3pez<\/a><\/li>\n<li>Cap d&#8217;Estudis: <a href=\"https:\/\/drive.google.com\/file\/d\/1QbmZpnOl3786t7WuzHCD4aaU5NF6WBfj\/view?usp=sharing\">Eva Masmiquel\u00a0<\/a><\/li>\n<li>Direcci\u00f3: <a href=\"https:\/\/drive.google.com\/file\/d\/1BYHJpWP6uJJnDSJ1H0WXT03wWhlrB687\/view?usp=sharing\">Marta Ferrer<\/a><\/li>\n<\/ul>\n","protected":false},"excerpt":{"rendered":"<p>El claustre de l&#8217;escola Santa Margarida per al curs 2025-26 el formen 17,875 mestres.<br \/>\nTUTORS\/ES<\/p>\n<ul>\n<li>I3: Paula Vall-llovera<\/li>\n<li>I4: Ariadna Xicars i Sara Mir<\/li>\n<li>I5 A: T\u00e0nia Batllori<\/li>\n<li>I5 B: Mireia Toca<\/li>\n<li>1r: Marta Crous<\/li>\n<li style=\"font-weight: 400;\">2n: Lydia Navarro<\/li>\n<li style=\"font-weight: 400;\">3r: Anna Quer<\/li>\n<li style=\"font-weight: 400;\">4t: \u00c8lia Bonmat\u00ed<\/li>\n<li style=\"font-weight: 400;\">5\u00e8: Anna Puigdevall&hellip;  <a href=\"https:\/\/agora.xtec.cat\/ceipstamargarida\/lescola\/qui-som\/\" title=\"Read Qui som\">Llegeix m\u00e9s\u00bb<\/a><br \/>\n","protected":false},"author":1,"featured_media":0,"parent":22,"menu_order":0,"comment_status":"closed","ping_status":"closed","template":"page-templates\/side-menu.php","meta":{"_bbp_topic_count":0,"_bbp_reply_count":0,"_bbp_total_topic_count":0,"_bbp_total_reply_count":0,"_bbp_voice_count":0,"_bbp_anonymous_reply_count":0,"_bbp_topic_count_hidden":0,"_bbp_reply_count_hidden":0,"_bbp_forum_subforum_count":0,"footnotes":""},"class_list":["post-3121","page","type-page","status-publish","hentry"],"post_mailing_queue_ids":[],"_links":{"self":[{"href":"https:\/\/agora.xtec.cat\/ceipstamargarida\/wp-json\/wp\/v2\/pages\/3121","targetHints":{"allow":["GET"]}}],"collection":[{"href":"https:\/\/agora.xtec.cat\/ceipstamargarida\/wp-json\/wp\/v2\/pages"}],"about":[{"href":"https:\/\/agora.xtec.cat\/ceipstamargarida\/wp-json\/wp\/v2\/types\/page"}],"author":[{"embeddable":true,"href":"https:\/\/agora.xtec.cat\/ceipstamargarida\/wp-json\/wp\/v2\/users\/1"}],"replies":[{"embeddable":true,"href":"https:\/\/agora.xtec.cat\/ceipstamargarida\/wp-json\/wp\/v2\/comments?post=3121"}],"version-history":[{"count":6,"href":"https:\/\/agora.xtec.cat\/ceipstamargarida\/wp-json\/wp\/v2\/pages\/3121\/revisions"}],"predecessor-version":[{"id":5751,"href":"https:\/\/agora.xtec.cat\/ceipstamargarida\/wp-json\/wp\/v2\/pages\/3121\/revisions\/5751"}],"up":[{"embeddable":true,"href":"https:\/\/agora.xtec.cat\/ceipstamargarida\/wp-json\/wp\/v2\/pages\/22"}],"wp:attachment":[{"href":"https:\/\/agora.xtec.cat\/ceipstamargarida\/wp-json\/wp\/v2\/media?parent=3121"}],"curies":[{"name":"wp","href":"https:\/\/api.w.org\/{rel}","templated":true}]}}