{"id":26,"date":"2014-09-18T12:24:32","date_gmt":"2014-09-18T12:24:32","guid":{"rendered":"http:\/\/agora.xtec.cat\/ceipstamargarida\/\/?page_id=26"},"modified":"2021-03-12T10:14:36","modified_gmt":"2021-03-12T09:14:36","slug":"historia","status":"publish","type":"page","link":"https:\/\/agora.xtec.cat\/ceipstamargarida\/lescola\/historia\/","title":{"rendered":"Edifici"},"content":{"rendered":"<p>L&#8217;Escola Santa Margarida, del poble de Quart, \u00e9s p\u00fablica, catalana i adaptada als canvis de la societat.<br \/>\nEst\u00e0 situada a la urbanitzaci\u00f3 Quart Nou, en una zona residencial.<br \/>\nL&#8217;edifici, constru\u00eft en diverses etapes, va comen\u00e7ar a funcionar a partir del 1989. Les diferents ampliacions han estat motivades, b\u00e0sicament, per l&#8217;augment de matr\u00edcula que cal relacionar amb el creixement del poble.<\/p>\n<p><img loading=\"lazy\" decoding=\"async\" class=\"alignnone wp-image-4657\" src=\"https:\/\/agora.xtec.cat\/ceipstamargarida\/wp-content\/uploads\/usu106\/2021\/03\/Anotaci\u00f3-2021-03-10-122048-1024x643.png\" alt=\"\" width=\"810\" height=\"509\" srcset=\"https:\/\/agora.xtec.cat\/ceipstamargarida\/wp-content\/uploads\/usu106\/2021\/03\/Anotaci\u00f3-2021-03-10-122048-1024x643.png 1024w, https:\/\/agora.xtec.cat\/ceipstamargarida\/wp-content\/uploads\/usu106\/2021\/03\/Anotaci\u00f3-2021-03-10-122048-478x300.png 478w, https:\/\/agora.xtec.cat\/ceipstamargarida\/wp-content\/uploads\/usu106\/2021\/03\/Anotaci\u00f3-2021-03-10-122048-768x482.png 768w, https:\/\/agora.xtec.cat\/ceipstamargarida\/wp-content\/uploads\/usu106\/2021\/03\/Anotaci\u00f3-2021-03-10-122048.png 1199w\" sizes=\"auto, (max-width: 810px) 100vw, 810px\" \/><\/p>\n<p><img loading=\"lazy\" decoding=\"async\" class=\" wp-image-4656\" src=\"https:\/\/agora.xtec.cat\/ceipstamargarida\/wp-content\/uploads\/usu106\/2021\/03\/780_008_3620826_39f413096e91440d0badab81db54b3bf.jpg\" alt=\"\" width=\"810\" height=\"461\" srcset=\"https:\/\/agora.xtec.cat\/ceipstamargarida\/wp-content\/uploads\/usu106\/2021\/03\/780_008_3620826_39f413096e91440d0badab81db54b3bf.jpg 800w, https:\/\/agora.xtec.cat\/ceipstamargarida\/wp-content\/uploads\/usu106\/2021\/03\/780_008_3620826_39f413096e91440d0badab81db54b3bf-527x300.jpg 527w, https:\/\/agora.xtec.cat\/ceipstamargarida\/wp-content\/uploads\/usu106\/2021\/03\/780_008_3620826_39f413096e91440d0badab81db54b3bf-768x437.jpg 768w\" sizes=\"auto, (max-width: 810px) 100vw, 810px\" \/><\/p>\n","protected":false},"excerpt":{"rendered":"<p>L&#8217;Escola Santa Margarida, del poble de Quart, \u00e9s p\u00fablica, catalana i adaptada als canvis de la societat.<br \/>\nEst\u00e0 situada a la urbanitzaci\u00f3 Quart Nou, en una zona residencial.<br \/>\nL&#8217;edifici, constru\u00eft en diverses etapes, va comen\u00e7ar a funcionar a partir del 1989. Les diferents ampliacions han estat motivades,&hellip;  <a href=\"https:\/\/agora.xtec.cat\/ceipstamargarida\/lescola\/historia\/\" title=\"Read Edifici\">Llegeix m\u00e9s\u00bb<\/a><\/p>\n","protected":false},"author":2,"featured_media":0,"parent":22,"menu_order":30,"comment_status":"closed","ping_status":"closed","template":"page-templates\/side-menu.php","meta":{"_bbp_topic_count":0,"_bbp_reply_count":0,"_bbp_total_topic_count":0,"_bbp_total_reply_count":0,"_bbp_voice_count":0,"_bbp_anonymous_reply_count":0,"_bbp_topic_count_hidden":0,"_bbp_reply_count_hidden":0,"_bbp_forum_subforum_count":0,"footnotes":""},"class_list":["post-26","page","type-page","status-publish","hentry"],"post_mailing_queue_ids":[],"_links":{"self":[{"href":"https:\/\/agora.xtec.cat\/ceipstamargarida\/wp-json\/wp\/v2\/pages\/26","targetHints":{"allow":["GET"]}}],"collection":[{"href":"https:\/\/agora.xtec.cat\/ceipstamargarida\/wp-json\/wp\/v2\/pages"}],"about":[{"href":"https:\/\/agora.xtec.cat\/ceipstamargarida\/wp-json\/wp\/v2\/types\/page"}],"author":[{"embeddable":true,"href":"https:\/\/agora.xtec.cat\/ceipstamargarida\/wp-json\/wp\/v2\/users\/2"}],"replies":[{"embeddable":true,"href":"https:\/\/agora.xtec.cat\/ceipstamargarida\/wp-json\/wp\/v2\/comments?post=26"}],"version-history":[{"count":4,"href":"https:\/\/agora.xtec.cat\/ceipstamargarida\/wp-json\/wp\/v2\/pages\/26\/revisions"}],"predecessor-version":[{"id":4658,"href":"https:\/\/agora.xtec.cat\/ceipstamargarida\/wp-json\/wp\/v2\/pages\/26\/revisions\/4658"}],"up":[{"embeddable":true,"href":"https:\/\/agora.xtec.cat\/ceipstamargarida\/wp-json\/wp\/v2\/pages\/22"}],"wp:attachment":[{"href":"https:\/\/agora.xtec.cat\/ceipstamargarida\/wp-json\/wp\/v2\/media?parent=26"}],"curies":[{"name":"wp","href":"https:\/\/api.w.org\/{rel}","templated":true}]}}