{"id":1394,"date":"2022-03-04T12:32:34","date_gmt":"2022-03-04T11:32:34","guid":{"rendered":"https:\/\/agora.xtec.cat\/ceipssantalo\/?page_id=1394"},"modified":"2022-03-04T13:17:06","modified_gmt":"2022-03-04T12:17:06","slug":"estrategia-digital-de-centre","status":"publish","type":"page","link":"https:\/\/agora.xtec.cat\/ceipssantalo\/estrategia-digital-de-centre\/","title":{"rendered":"ESTRAT\u00c8GIA DIGITAL DE CENTRE"},"content":{"rendered":"<p>L\u2019Estrat\u00e8gia Digital de Centre defineix i concreta les l\u00ednies d\u2019actuaci\u00f3 del centre que fa possible que docents, alumnat i centre assolim la compet\u00e8ncia digital. Per aconseguir aquesta compet\u00e8ncia digital, l\u2019Estrat\u00e8gia Digital de Centre compr\u00e8n tots els \u00e0mbits del centre: organitzatius, metodol\u00f2gics, curriculars i comunicatius.<\/p>\n<p><b>Descripci\u00f3 de serveis<\/b><\/p>\n<p><span style=\"font-weight: 400;\">L\u2019escola disposa d\u2019una p\u00e0gina web (<\/span><a href=\"https:\/\/agora.xtec.cat\/ceipssantalo\"><span style=\"font-weight: 400;\">https:\/\/agora.xtec.cat\/ceipssantalo<\/span><\/a><span style=\"font-weight: 400;\">), allotjada dins el servei Nodes del departament d\u2019Educaci\u00f3. Aquesta p\u00e0gina recull les novetats i informacions m\u00e9s destacades. Totes les imatges i fotografies estan protegides amb contrasenya.<\/span><\/p>\n<p><span style=\"font-weight: 400;\">Tamb\u00e9 disposa de domini propi (@silvestresantalo.cat). Aquest domini incorpora un servei de G-Suite (Google Workspace) amb tots els serveis associats tant per a alumnes com per a docents. Aquests serveis inclouen:<\/span><\/p>\n<ul>\n<li style=\"font-weight: 400;\" aria-level=\"1\"><span style=\"font-weight: 400;\">Correu electr\u00f2nic gmail<\/span><\/li>\n<li style=\"font-weight: 400;\" aria-level=\"1\"><span style=\"font-weight: 400;\">Emmagatzematge en el n\u00favol (google drive)<\/span><\/li>\n<li style=\"font-weight: 400;\" aria-level=\"1\"><span style=\"font-weight: 400;\">EVA (Google classroom)<\/span><\/li>\n<li style=\"font-weight: 400;\" aria-level=\"1\"><span style=\"font-weight: 400;\">Suite ofimatica amb procesador de textos, full de c\u00e0lcul i presentacions (docs, sheets i presentacions de google)<\/span><\/li>\n<li style=\"font-weight: 400;\" aria-level=\"1\"><span style=\"font-weight: 400;\">Calendari online (google calendar)<\/span><\/li>\n<li style=\"font-weight: 400;\" aria-level=\"1\"><span style=\"font-weight: 400;\">Serveis de geolocalitzaci\u00f3 (google maps, google earth i mymaps)<\/span><\/li>\n<\/ul>\n<p>&nbsp;<\/p>\n<p><span style=\"font-weight: 400;\">El centre <strong>NO<\/strong> disposa de xarxes socials.<\/span><\/p>\n","protected":false},"excerpt":{"rendered":"<p>L\u2019Estrat\u00e8gia Digital de Centre defineix i concreta les l\u00ednies d\u2019actuaci\u00f3 del centre que fa possible que docents, alumnat i centre assolim la compet\u00e8ncia digital. Per aconseguir aquesta compet\u00e8ncia digital, l\u2019Estrat\u00e8gia Digital de Centre compr\u00e8n tots els \u00e0mbits del centre: organitzatius, metodol\u00f2gics, curriculars i comunicatius.<br \/>\nDescripci\u00f3 de&hellip;  <a href=\"https:\/\/agora.xtec.cat\/ceipssantalo\/estrategia-digital-de-centre\/\" title=\"Read ESTRAT\u00c8GIA DIGITAL DE CENTRE\">Llegeix m\u00e9s\u00bb<\/a><\/p>\n","protected":false},"author":4,"featured_media":0,"parent":0,"menu_order":0,"comment_status":"closed","ping_status":"closed","template":"","meta":{"_bbp_topic_count":0,"_bbp_reply_count":0,"_bbp_total_topic_count":0,"_bbp_total_reply_count":0,"_bbp_voice_count":0,"_bbp_anonymous_reply_count":0,"_bbp_topic_count_hidden":0,"_bbp_reply_count_hidden":0,"_bbp_forum_subforum_count":0,"footnotes":""},"class_list":["post-1394","page","type-page","status-publish","hentry"],"post_mailing_queue_ids":[],"_links":{"self":[{"href":"https:\/\/agora.xtec.cat\/ceipssantalo\/wp-json\/wp\/v2\/pages\/1394","targetHints":{"allow":["GET"]}}],"collection":[{"href":"https:\/\/agora.xtec.cat\/ceipssantalo\/wp-json\/wp\/v2\/pages"}],"about":[{"href":"https:\/\/agora.xtec.cat\/ceipssantalo\/wp-json\/wp\/v2\/types\/page"}],"author":[{"embeddable":true,"href":"https:\/\/agora.xtec.cat\/ceipssantalo\/wp-json\/wp\/v2\/users\/4"}],"replies":[{"embeddable":true,"href":"https:\/\/agora.xtec.cat\/ceipssantalo\/wp-json\/wp\/v2\/comments?post=1394"}],"version-history":[{"count":3,"href":"https:\/\/agora.xtec.cat\/ceipssantalo\/wp-json\/wp\/v2\/pages\/1394\/revisions"}],"predecessor-version":[{"id":1402,"href":"https:\/\/agora.xtec.cat\/ceipssantalo\/wp-json\/wp\/v2\/pages\/1394\/revisions\/1402"}],"wp:attachment":[{"href":"https:\/\/agora.xtec.cat\/ceipssantalo\/wp-json\/wp\/v2\/media?parent=1394"}],"curies":[{"name":"wp","href":"https:\/\/api.w.org\/{rel}","templated":true}]}}