{"id":84,"date":"2014-09-18T14:11:31","date_gmt":"2014-09-18T13:11:31","guid":{"rendered":"http:\/\/agora.xtec.cat\/ceipsotdelcamp\/?page_id=84"},"modified":"2020-04-28T20:58:57","modified_gmt":"2020-04-28T18:58:57","slug":"activitats-extraescolars","status":"publish","type":"page","link":"https:\/\/agora.xtec.cat\/ceipsotdelcamp\/serveis\/activitats-extraescolars\/","title":{"rendered":"Activitats extraescolars. Eurostage, TEA The English Academy i L&#8217;Oriola."},"content":{"rendered":"<p><strong>Activitats extraescolars: <a href=\"https:\/\/agora.xtec.cat\/ceipsotdelcamp\/wp-content\/uploads\/usu1699\/2020\/04\/logo-eurostage.png\"><img loading=\"lazy\" decoding=\"async\" class=\"size-full wp-image-4293 alignleft\" src=\"https:\/\/agora.xtec.cat\/ceipsotdelcamp\/wp-content\/uploads\/usu1699\/2020\/04\/logo-eurostage.png\" alt=\"\" width=\"359\" height=\"120\" srcset=\"https:\/\/agora.xtec.cat\/ceipsotdelcamp\/wp-content\/uploads\/usu1699\/2020\/04\/logo-eurostage.png 359w, https:\/\/agora.xtec.cat\/ceipsotdelcamp\/wp-content\/uploads\/usu1699\/2020\/04\/logo-eurostage-300x100.png 300w\" sizes=\"auto, (max-width: 359px) 100vw, 359px\" \/><\/a><\/strong><\/p>\n<p>&nbsp;<\/p>\n<p><a href=\"https:\/\/agora.xtec.cat\/ceipsotdelcamp\/wp-content\/uploads\/usu1699\/2020\/04\/tea-english.jpg\"><img loading=\"lazy\" decoding=\"async\" class=\"wp-image-4294 alignnone\" src=\"https:\/\/agora.xtec.cat\/ceipsotdelcamp\/wp-content\/uploads\/usu1699\/2020\/04\/tea-english.jpg\" alt=\"\" width=\"107\" height=\"107\" srcset=\"https:\/\/agora.xtec.cat\/ceipsotdelcamp\/wp-content\/uploads\/usu1699\/2020\/04\/tea-english.jpg 749w, https:\/\/agora.xtec.cat\/ceipsotdelcamp\/wp-content\/uploads\/usu1699\/2020\/04\/tea-english-150x150.jpg 150w, https:\/\/agora.xtec.cat\/ceipsotdelcamp\/wp-content\/uploads\/usu1699\/2020\/04\/tea-english-300x300.jpg 300w\" sizes=\"auto, (max-width: 107px) 100vw, 107px\" \/><\/a><a href=\"https:\/\/agora.xtec.cat\/ceipsotdelcamp\/wp-content\/uploads\/usu1699\/2020\/04\/loriola.png\"><img loading=\"lazy\" decoding=\"async\" class=\"alignnone size-full wp-image-4295\" src=\"https:\/\/agora.xtec.cat\/ceipsotdelcamp\/wp-content\/uploads\/usu1699\/2020\/04\/loriola.png\" alt=\"\" width=\"325\" height=\"155\" srcset=\"https:\/\/agora.xtec.cat\/ceipsotdelcamp\/wp-content\/uploads\/usu1699\/2020\/04\/loriola.png 325w, https:\/\/agora.xtec.cat\/ceipsotdelcamp\/wp-content\/uploads\/usu1699\/2020\/04\/loriola-300x143.png 300w\" sizes=\"auto, (max-width: 325px) 100vw, 325px\" \/><\/a><\/p>\n<p>&nbsp;<\/p>\n<p>Serveis que ofereix l&#8217;escola:<\/p>\n<p><strong>Acollida matinal<\/strong> (a\u00a0 c\u00e0rrec de 7 i Tria)<\/p>\n<ul style=\"list-style-type: disc;\">\n<li>Horari: De dilluns a divendres de \u00be de 8 a 9 del mat\u00ed. Tots els cursos<\/li>\n<\/ul>\n<p><strong>Perman\u00e8ncies a la tarda <\/strong>(a c\u00e0rrec de l&#8217;empresa Eurostage)<\/p>\n<ul>\n<li>De dilluns a divendres de 16:30 a 18h. Tots els cursos.<\/li>\n<\/ul>\n<p>Activitats que es realitzen a l&#8217;escola: horari de migdia<\/p>\n<p><em><strong>Horari de migdia (entre les 12:30h i les 15h, respectant horari de menjador)<\/strong><\/em><\/p>\n<ul style=\"list-style-type: square;\">\n<li><strong>Angl\u00e8s<\/strong> des de P4 a 6\u00e8 a c\u00e0rrec de TEA The English Academy<\/li>\n<li><strong>M\u00fasica<\/strong> pels cursos:<\/li>\n<li style=\"text-align: left;\">\u00a0 \u00a0 \u00a0 \u00a0 \u00a0 \u00a0 \u00a0 \u00a0 P4 i P5: roda d&#8217;instruments, cant i dansa.<\/li>\n<li>\u00a0 \u00a0 \u00a0 \u00a0 \u00a0 \u00a0 \u00a0 \u00a0 1r i 2n: ukelele<\/li>\n<li>\u00a0 \u00a0 \u00a0 \u00a0 \u00a0 \u00a0 \u00a0 \u00a0 5\u00e8 i 6\u00e8: guitarra<\/li>\n<li>Els cursos de 3r i 4t participen en una activitat promoguda per l&#8217;Escola L&#8217;Oriola (Un infant-Un instrument)<\/li>\n<\/ul>\n<p><a href=\"https:\/\/drive.google.com\/file\/d\/1POn34Pw7E8UhPmzz9HVI1O0QzE0KqcCV\/view?usp=sharing\">INFORMACI\u00d3 AMB PREUS I HORARIS<\/a><\/p>\n<p><strong>Activitats que es realitzen a l&#8217;escola o amb transport (a c\u00e0rrec d&#8217;EUROSTAGE)<\/strong><\/p>\n<p><strong><em>Horari de tardes, de 16:30h a 18h.<\/em><\/strong><\/p>\n<ul style=\"list-style-type: square;\">\n<li>Tennis<\/li>\n<li>Judo<\/li>\n<li>Ioga Kid&#8217;s<\/li>\n<li>Gimn\u00e0stica r\u00edtmica<\/li>\n<li>Modern Dance (escola)<\/li>\n<li>Rob\u00f2tica (escola)<\/li>\n<li>Iniciaci\u00f3 a l\u2019Esport (escola)<\/li>\n<\/ul>\n<p><a href=\"https:\/\/drive.google.com\/file\/d\/1598a3fCq7dNOUe7xNEtyVdhieMLO2_XX\/view?usp=sharing\">INFOGRAFIA AMB PREUS I HORARIS.<\/a><\/p>\n<p><strong><span style=\"font-family: inherit; font-size: 1em;\">Activitats coordinades per l&#8217;AFA que es realitzen a: <\/span><\/strong><\/p>\n<p><strong>Sorli Sport: <\/strong><\/p>\n<p>A les seves instal\u00b7lacions de Sant Vicen\u00e7 de Montalt, en breu us informarem del proc\u00e9s d\u2019inscripci\u00f3<em>. <\/em><\/p>\n<p><em>(Us avancem programa, sobretot no s\u2019acceptar\u00e0 cap sol\u00b7licitud ni email que arribi abans d\u2019indicar el proc\u00e9s d\u2019inscripci\u00f3<\/em>)<\/p>\n<p>&nbsp;<\/p>\n<ul>\n<li><strong>Piscina: <\/strong>Preu 15\u20ac\/mes.\u2022 Dilluns 18:15h. Per nens\/es de 1r fins 6\u00e8 \u2022 Dimecres 17:15h. Per nen\/es de P3 fins P5. \u2022 Dimecres 18:15h. Per nens\/es de P5 fins 1r.<\/li>\n<li><strong>P\u00e0del: <\/strong>Preu 37\u20ac\/mes. 1 dia de classe per setmana, pendents dels dies en funci\u00f3 dels grups i nivells (tan aviat els tinguem us els farem saber, a priori ens haurem d\u2019esperar a Setembre).<\/li>\n<\/ul>\n<p><strong>\u00a0<\/strong><\/p>\n","protected":false},"excerpt":{"rendered":"<p>Activitats extraescolars: &nbsp; &nbsp; Serveis que ofereix l&#8217;escola: Acollida matinal (a\u00a0 c\u00e0rrec de 7 i Tria) Horari: De dilluns a divendres de \u00be de 8 a 9 del mat\u00ed. Tots els cursos Perman\u00e8ncies a la tarda (a c\u00e0rrec de l&#8217;empresa Eurostage) De dilluns a divendres de 16:30 a 18h. Tots els cursos. Activitats que es [&hellip;]<\/p>\n","protected":false},"author":1,"featured_media":0,"parent":66,"menu_order":30,"comment_status":"closed","ping_status":"closed","template":"page-templates\/side-menu.php","meta":{"_bbp_topic_count":0,"_bbp_reply_count":0,"_bbp_total_topic_count":0,"_bbp_total_reply_count":0,"_bbp_voice_count":0,"_bbp_anonymous_reply_count":0,"_bbp_topic_count_hidden":0,"_bbp_reply_count_hidden":0,"_bbp_forum_subforum_count":0,"site-sidebar-layout":"default","site-content-layout":"","ast-site-content-layout":"","site-content-style":"default","site-sidebar-style":"default","ast-global-header-display":"","ast-banner-title-visibility":"","ast-main-header-display":"","ast-hfb-above-header-display":"","ast-hfb-below-header-display":"","ast-hfb-mobile-header-display":"","site-post-title":"","ast-breadcrumbs-content":"","ast-featured-img":"","footer-sml-layout":"","theme-transparent-header-meta":"","adv-header-id-meta":"","stick-header-meta":"","header-above-stick-meta":"","header-main-stick-meta":"","header-below-stick-meta":"","astra-migrate-meta-layouts":"default","ast-page-background-enabled":"default","ast-page-background-meta":{"desktop":{"background-color":"var(--ast-global-color-4)","background-image":"","background-repeat":"repeat","background-position":"center center","background-size":"auto","background-attachment":"scroll","background-type":"","background-media":"","overlay-type":"","overlay-color":"","overlay-opacity":"","overlay-gradient":""},"tablet":{"background-color":"","background-image":"","background-repeat":"repeat","background-position":"center center","background-size":"auto","background-attachment":"scroll","background-type":"","background-media":"","overlay-type":"","overlay-color":"","overlay-opacity":"","overlay-gradient":""},"mobile":{"background-color":"","background-image":"","background-repeat":"repeat","background-position":"center center","background-size":"auto","background-attachment":"scroll","background-type":"","background-media":"","overlay-type":"","overlay-color":"","overlay-opacity":"","overlay-gradient":""}},"ast-content-background-meta":{"desktop":{"background-color":"var(--ast-global-color-5)","background-image":"","background-repeat":"repeat","background-position":"center center","background-size":"auto","background-attachment":"scroll","background-type":"","background-media":"","overlay-type":"","overlay-color":"","overlay-opacity":"","overlay-gradient":""},"tablet":{"background-color":"var(--ast-global-color-5)","background-image":"","background-repeat":"repeat","background-position":"center center","background-size":"auto","background-attachment":"scroll","background-type":"","background-media":"","overlay-type":"","overlay-color":"","overlay-opacity":"","overlay-gradient":""},"mobile":{"background-color":"var(--ast-global-color-5)","background-image":"","background-repeat":"repeat","background-position":"center center","background-size":"auto","background-attachment":"scroll","background-type":"","background-media":"","overlay-type":"","overlay-color":"","overlay-opacity":"","overlay-gradient":""}},"footnotes":""},"class_list":["post-84","page","type-page","status-publish","hentry"],"post_mailing_queue_ids":[],"_links":{"self":[{"href":"https:\/\/agora.xtec.cat\/ceipsotdelcamp\/wp-json\/wp\/v2\/pages\/84","targetHints":{"allow":["GET"]}}],"collection":[{"href":"https:\/\/agora.xtec.cat\/ceipsotdelcamp\/wp-json\/wp\/v2\/pages"}],"about":[{"href":"https:\/\/agora.xtec.cat\/ceipsotdelcamp\/wp-json\/wp\/v2\/types\/page"}],"author":[{"embeddable":true,"href":"https:\/\/agora.xtec.cat\/ceipsotdelcamp\/wp-json\/wp\/v2\/users\/1"}],"replies":[{"embeddable":true,"href":"https:\/\/agora.xtec.cat\/ceipsotdelcamp\/wp-json\/wp\/v2\/comments?post=84"}],"version-history":[{"count":3,"href":"https:\/\/agora.xtec.cat\/ceipsotdelcamp\/wp-json\/wp\/v2\/pages\/84\/revisions"}],"predecessor-version":[{"id":4305,"href":"https:\/\/agora.xtec.cat\/ceipsotdelcamp\/wp-json\/wp\/v2\/pages\/84\/revisions\/4305"}],"up":[{"embeddable":true,"href":"https:\/\/agora.xtec.cat\/ceipsotdelcamp\/wp-json\/wp\/v2\/pages\/66"}],"wp:attachment":[{"href":"https:\/\/agora.xtec.cat\/ceipsotdelcamp\/wp-json\/wp\/v2\/media?parent=84"}],"curies":[{"name":"wp","href":"https:\/\/api.w.org\/{rel}","templated":true}]}}