{"id":538,"date":"2018-02-15T09:26:11","date_gmt":"2018-02-15T08:26:11","guid":{"rendered":"http:\/\/agora.xtec.cat\/ceipsotdelcamp\/?page_id=538"},"modified":"2025-09-25T16:15:17","modified_gmt":"2025-09-25T14:15:17","slug":"pec","status":"publish","type":"page","link":"https:\/\/agora.xtec.cat\/ceipsotdelcamp\/projecte-educatiu\/pec\/","title":{"rendered":"PEC: Projecte Educatiu de Centre"},"content":{"rendered":"<h3>PROJECTE EDUCATIU DE CENTRE<\/h3>\n<p>El projecte educatiu de centre (PEC) \u00e9s un document que inclou els trets d&#8217;identitat del centre, els principis pedag\u00f2gics, els principis organitzatius i el projecte ling\u00fc\u00edstic.<\/p>\n<p>En aquest document s&#8217;especifiquen els valors, els objectius i les prioritats d&#8217;actuaci\u00f3 del centre, la concreci\u00f3 dels curr\u00edculums que s&#8217;imparteixen i el tractament transversal en les \u00e0rees, mat\u00e8ries o m\u00f2duls de l&#8217;educaci\u00f3 en valors i altres ensenyaments.<\/p>\n<p>El PEC de l&#8217;Escola Sot del camp est\u00e0 elaborat d&#8217;acord amb el qu\u00e8 estableix la Llei 12\/2009, del 10 de juliol i <strong><em>va ser aprovat en sessi\u00f3 ordin\u00e0ria del Consell Escolar el 28 de novembre de 2021.<\/em><\/strong><\/p>\n<p>&nbsp;<\/p>\n<table style=\"border-collapse: collapse; width: 100%;\">\n<tbody>\n<tr>\n<td style=\"width: 50%;\">\n<h5>\u270d Projecte Educatiu de centre<\/h5>\n<p style=\"text-align: center;\">(en revisi\u00f3)<\/p>\n<\/td>\n<td style=\"width: 50%;\">\n<h5><a href=\"https:\/\/agora.xtec.cat\/ceipsotdelcamp\/wp-content\/uploads\/usu1699\/2021\/11\/Projecte-Educatiu-escola-sot-del-camp.pdf\">Descarrega PEC aqu\u00ed<\/a><\/h5>\n<\/td>\n<\/tr>\n<tr>\n<td style=\"width: 50%;\">\n<h5>\ud83d\udcccPresentaci\u00f3 del PEC (infografia)<\/h5>\n<\/td>\n<td style=\"width: 50%;\">\n<h5><a href=\"https:\/\/prezi.com\/p\/4wt8icl4ympn\/projecte-educatiu-escola-sot-del-camp\/\">Descarrega la presentaci\u00f3 PREZI aqu\u00ed<\/a><\/h5>\n<p>Per dispositius m\u00f2bils requereix aplicaci\u00f3.<\/p>\n<h5><a href=\"https:\/\/drive.google.com\/file\/d\/1s4jj9qAfcmljShY-xbmRyQ8SdJGH3AxH\/view?usp=sharing\">Visualitza la imatge<\/a><\/h5>\n<\/td>\n<\/tr>\n<tr>\n<td style=\"width: 50%;\">\n<h5>\ud83d\udcddCarta de comprom\u00eds educatiu<\/h5>\n<\/td>\n<td style=\"width: 50%;\">\n<h5><a href=\"https:\/\/agora.xtec.cat\/ceipsotdelcamp\/wp-content\/uploads\/usu1699\/2025\/09\/Carta-de-compromis-ESDC.pdf\">Carta de comprom\u00eds <\/a><\/h5>\n<\/td>\n<\/tr>\n<tr>\n<td style=\"width: 50%;\">\n<h5>\ud83d\udcfd V\u00eddeo Escola Sot del Camp. Projectes<\/h5>\n<\/td>\n<td style=\"width: 50%;\">\n<h5><a href=\"https:\/\/drive.google.com\/file\/d\/1J9-D2NOcb_TMk4Y1Nn0i81jU_U5NXXYA\/view?usp=sharing\">Visualitza el v\u00eddeo aqu\u00ed<\/a><\/h5>\n<\/td>\n<\/tr>\n<\/tbody>\n<\/table>\n<p>&nbsp;<\/p>\n","protected":false},"excerpt":{"rendered":"<p>PROJECTE EDUCATIU DE CENTRE El projecte educatiu de centre (PEC) \u00e9s un document que inclou els trets d&#8217;identitat del centre, els principis pedag\u00f2gics, els principis organitzatius i el projecte ling\u00fc\u00edstic. En aquest document s&#8217;especifiquen els valors, els objectius i les prioritats d&#8217;actuaci\u00f3 del centre, la concreci\u00f3 dels curr\u00edculums que s&#8217;imparteixen i el tractament transversal en [&hellip;]<\/p>\n","protected":false},"author":3,"featured_media":0,"parent":64,"menu_order":10,"comment_status":"closed","ping_status":"closed","template":"","meta":{"_bbp_topic_count":0,"_bbp_reply_count":0,"_bbp_total_topic_count":0,"_bbp_total_reply_count":0,"_bbp_voice_count":0,"_bbp_anonymous_reply_count":0,"_bbp_topic_count_hidden":0,"_bbp_reply_count_hidden":0,"_bbp_forum_subforum_count":0,"site-sidebar-layout":"default","site-content-layout":"","ast-site-content-layout":"default","site-content-style":"default","site-sidebar-style":"default","ast-global-header-display":"","ast-banner-title-visibility":"","ast-main-header-display":"","ast-hfb-above-header-display":"","ast-hfb-below-header-display":"","ast-hfb-mobile-header-display":"","site-post-title":"","ast-breadcrumbs-content":"","ast-featured-img":"","footer-sml-layout":"","theme-transparent-header-meta":"default","adv-header-id-meta":"","stick-header-meta":"","header-above-stick-meta":"","header-main-stick-meta":"","header-below-stick-meta":"","astra-migrate-meta-layouts":"set","ast-page-background-enabled":"default","ast-page-background-meta":{"desktop":{"background-color":"var(--ast-global-color-4)","background-image":"","background-repeat":"repeat","background-position":"center center","background-size":"auto","background-attachment":"scroll","background-type":"","background-media":"","overlay-type":"","overlay-color":"","overlay-opacity":"","overlay-gradient":""},"tablet":{"background-color":"","background-image":"","background-repeat":"repeat","background-position":"center center","background-size":"auto","background-attachment":"scroll","background-type":"","background-media":"","overlay-type":"","overlay-color":"","overlay-opacity":"","overlay-gradient":""},"mobile":{"background-color":"","background-image":"","background-repeat":"repeat","background-position":"center center","background-size":"auto","background-attachment":"scroll","background-type":"","background-media":"","overlay-type":"","overlay-color":"","overlay-opacity":"","overlay-gradient":""}},"ast-content-background-meta":{"desktop":{"background-color":"var(--ast-global-color-5)","background-image":"","background-repeat":"repeat","background-position":"center center","background-size":"auto","background-attachment":"scroll","background-type":"","background-media":"","overlay-type":"","overlay-color":"","overlay-opacity":"","overlay-gradient":""},"tablet":{"background-color":"var(--ast-global-color-5)","background-image":"","background-repeat":"repeat","background-position":"center center","background-size":"auto","background-attachment":"scroll","background-type":"","background-media":"","overlay-type":"","overlay-color":"","overlay-opacity":"","overlay-gradient":""},"mobile":{"background-color":"var(--ast-global-color-5)","background-image":"","background-repeat":"repeat","background-position":"center center","background-size":"auto","background-attachment":"scroll","background-type":"","background-media":"","overlay-type":"","overlay-color":"","overlay-opacity":"","overlay-gradient":""}},"footnotes":""},"class_list":["post-538","page","type-page","status-publish","hentry"],"post_mailing_queue_ids":[],"_links":{"self":[{"href":"https:\/\/agora.xtec.cat\/ceipsotdelcamp\/wp-json\/wp\/v2\/pages\/538","targetHints":{"allow":["GET"]}}],"collection":[{"href":"https:\/\/agora.xtec.cat\/ceipsotdelcamp\/wp-json\/wp\/v2\/pages"}],"about":[{"href":"https:\/\/agora.xtec.cat\/ceipsotdelcamp\/wp-json\/wp\/v2\/types\/page"}],"author":[{"embeddable":true,"href":"https:\/\/agora.xtec.cat\/ceipsotdelcamp\/wp-json\/wp\/v2\/users\/3"}],"replies":[{"embeddable":true,"href":"https:\/\/agora.xtec.cat\/ceipsotdelcamp\/wp-json\/wp\/v2\/comments?post=538"}],"version-history":[{"count":7,"href":"https:\/\/agora.xtec.cat\/ceipsotdelcamp\/wp-json\/wp\/v2\/pages\/538\/revisions"}],"predecessor-version":[{"id":9302,"href":"https:\/\/agora.xtec.cat\/ceipsotdelcamp\/wp-json\/wp\/v2\/pages\/538\/revisions\/9302"}],"up":[{"embeddable":true,"href":"https:\/\/agora.xtec.cat\/ceipsotdelcamp\/wp-json\/wp\/v2\/pages\/64"}],"wp:attachment":[{"href":"https:\/\/agora.xtec.cat\/ceipsotdelcamp\/wp-json\/wp\/v2\/media?parent=538"}],"curies":[{"name":"wp","href":"https:\/\/api.w.org\/{rel}","templated":true}]}}