{"id":3429,"date":"2019-12-11T11:51:35","date_gmt":"2019-12-11T10:51:35","guid":{"rendered":"http:\/\/agora.xtec.cat\/ceipsotdelcamp\/?page_id=3429"},"modified":"2025-09-24T21:42:55","modified_gmt":"2025-09-24T19:42:55","slug":"projecte-de-convivencia-convivim","status":"publish","type":"page","link":"https:\/\/agora.xtec.cat\/ceipsotdelcamp\/projecte-educatiu\/projecte-de-convivencia-convivim\/","title":{"rendered":"Projecte de conviv\u00e8ncia: Convivim"},"content":{"rendered":"<p>El Projecte de Conviv\u00e8ncia Convivim recull les accions que fan refer\u00e8ncia\u00a0 a l&#8217;\u00e0mbit de la conviv\u00e8ncia de centre i estan estructurades en tres blocs: Valors i actituds, Resoluci\u00f3 de conflictes i Organitzaci\u00f3 de centre.<\/p>\n<p>Podeu descarregar-vos el document gr\u00e0fic que resum el funcionament de centre amb una breu descripci\u00f3 de cada apartat i una imatge identificativa, tamb\u00e9 est\u00e0 a la vostra disposici\u00f3 el projecte CONVIVIM i les NOFC, normativa d&#8217;organitzaci\u00f3 i funcionament de centres.<\/p>\n<p><a href=\"https:\/\/agora.xtec.cat\/ceipsotdelcamp\/wp-content\/uploads\/usu1699\/2020\/03\/projecte-de-conviv\u00e8ncia-mar\u00e720-convivim.pdf\">Projecte de Conviv\u00e8ncia: Convivim<\/a><\/p>\n<p><a href=\"https:\/\/agora.xtec.cat\/ceipsotdelcamp\/wp-content\/uploads\/usu1699\/2020\/02\/Document-gr\u00e0fic-Projecte-Convivim-1.pdf\">Document gr\u00e0fic Projecte Convivim<\/a><\/p>\n<p><a href=\"https:\/\/agora.xtec.cat\/ceipsotdelcamp\/wp-content\/uploads\/usu1699\/2024\/02\/NOFC-ESCOLA-SOT-DEL-CAMP-revisio-gener-2024.pdf\">NOFC Escola Sot del Camp\u00a0\u00a0\u00a0\u00a0\u00a0\u00a0\u00a0\u00a0<\/a><\/p>\n<p><a href=\"https:\/\/agora.xtec.cat\/ceipsotdelcamp\/wp-content\/uploads\/usu1699\/2021\/10\/Carta-de-compromis-R.pdf\">Carta de comprom\u00eds<\/a><\/p>\n","protected":false},"excerpt":{"rendered":"<p>El Projecte de Conviv\u00e8ncia Convivim recull les accions que fan refer\u00e8ncia\u00a0 a l&#8217;\u00e0mbit de la conviv\u00e8ncia de centre i estan estructurades en tres blocs: Valors i actituds, Resoluci\u00f3 de conflictes i Organitzaci\u00f3 de centre. Podeu descarregar-vos el document gr\u00e0fic que resum el funcionament de centre amb una breu descripci\u00f3 de cada apartat i una imatge [&hellip;]<\/p>\n","protected":false},"author":3,"featured_media":0,"parent":64,"menu_order":50,"comment_status":"closed","ping_status":"closed","template":"","meta":{"_bbp_topic_count":0,"_bbp_reply_count":0,"_bbp_total_topic_count":0,"_bbp_total_reply_count":0,"_bbp_voice_count":0,"_bbp_anonymous_reply_count":0,"_bbp_topic_count_hidden":0,"_bbp_reply_count_hidden":0,"_bbp_forum_subforum_count":0,"site-sidebar-layout":"default","site-content-layout":"","ast-site-content-layout":"default","site-content-style":"default","site-sidebar-style":"default","ast-global-header-display":"","ast-banner-title-visibility":"","ast-main-header-display":"","ast-hfb-above-header-display":"","ast-hfb-below-header-display":"","ast-hfb-mobile-header-display":"","site-post-title":"","ast-breadcrumbs-content":"","ast-featured-img":"","footer-sml-layout":"","theme-transparent-header-meta":"default","adv-header-id-meta":"","stick-header-meta":"","header-above-stick-meta":"","header-main-stick-meta":"","header-below-stick-meta":"","astra-migrate-meta-layouts":"set","ast-page-background-enabled":"default","ast-page-background-meta":{"desktop":{"background-color":"var(--ast-global-color-4)","background-image":"","background-repeat":"repeat","background-position":"center center","background-size":"auto","background-attachment":"scroll","background-type":"","background-media":"","overlay-type":"","overlay-color":"","overlay-opacity":"","overlay-gradient":""},"tablet":{"background-color":"","background-image":"","background-repeat":"repeat","background-position":"center center","background-size":"auto","background-attachment":"scroll","background-type":"","background-media":"","overlay-type":"","overlay-color":"","overlay-opacity":"","overlay-gradient":""},"mobile":{"background-color":"","background-image":"","background-repeat":"repeat","background-position":"center center","background-size":"auto","background-attachment":"scroll","background-type":"","background-media":"","overlay-type":"","overlay-color":"","overlay-opacity":"","overlay-gradient":""}},"ast-content-background-meta":{"desktop":{"background-color":"var(--ast-global-color-5)","background-image":"","background-repeat":"repeat","background-position":"center center","background-size":"auto","background-attachment":"scroll","background-type":"","background-media":"","overlay-type":"","overlay-color":"","overlay-opacity":"","overlay-gradient":""},"tablet":{"background-color":"var(--ast-global-color-5)","background-image":"","background-repeat":"repeat","background-position":"center center","background-size":"auto","background-attachment":"scroll","background-type":"","background-media":"","overlay-type":"","overlay-color":"","overlay-opacity":"","overlay-gradient":""},"mobile":{"background-color":"var(--ast-global-color-5)","background-image":"","background-repeat":"repeat","background-position":"center center","background-size":"auto","background-attachment":"scroll","background-type":"","background-media":"","overlay-type":"","overlay-color":"","overlay-opacity":"","overlay-gradient":""}},"footnotes":""},"class_list":["post-3429","page","type-page","status-publish","hentry"],"post_mailing_queue_ids":[],"_links":{"self":[{"href":"https:\/\/agora.xtec.cat\/ceipsotdelcamp\/wp-json\/wp\/v2\/pages\/3429","targetHints":{"allow":["GET"]}}],"collection":[{"href":"https:\/\/agora.xtec.cat\/ceipsotdelcamp\/wp-json\/wp\/v2\/pages"}],"about":[{"href":"https:\/\/agora.xtec.cat\/ceipsotdelcamp\/wp-json\/wp\/v2\/types\/page"}],"author":[{"embeddable":true,"href":"https:\/\/agora.xtec.cat\/ceipsotdelcamp\/wp-json\/wp\/v2\/users\/3"}],"replies":[{"embeddable":true,"href":"https:\/\/agora.xtec.cat\/ceipsotdelcamp\/wp-json\/wp\/v2\/comments?post=3429"}],"version-history":[{"count":6,"href":"https:\/\/agora.xtec.cat\/ceipsotdelcamp\/wp-json\/wp\/v2\/pages\/3429\/revisions"}],"predecessor-version":[{"id":9293,"href":"https:\/\/agora.xtec.cat\/ceipsotdelcamp\/wp-json\/wp\/v2\/pages\/3429\/revisions\/9293"}],"up":[{"embeddable":true,"href":"https:\/\/agora.xtec.cat\/ceipsotdelcamp\/wp-json\/wp\/v2\/pages\/64"}],"wp:attachment":[{"href":"https:\/\/agora.xtec.cat\/ceipsotdelcamp\/wp-json\/wp\/v2\/media?parent=3429"}],"curies":[{"name":"wp","href":"https:\/\/api.w.org\/{rel}","templated":true}]}}