{"id":2108,"date":"2019-04-09T12:33:07","date_gmt":"2019-04-09T10:33:07","guid":{"rendered":"http:\/\/agora.xtec.cat\/ceipsotdelcamp\/?page_id=2108"},"modified":"2025-09-24T22:25:15","modified_gmt":"2025-09-24T20:25:15","slug":"espai-familiar","status":"publish","type":"page","link":"https:\/\/agora.xtec.cat\/ceipsotdelcamp\/espai-familiar\/","title":{"rendered":"ESPAI FAMILIAR"},"content":{"rendered":"<p>En aquest espai articles de divulgaci\u00f3 amb contingut relacionat amb la crian\u00e7a dels infants, educaci\u00f3, valors i \u00fas de les pantalles.<\/p>\n<p>1.- <a href=\"https:\/\/agora.xtec.cat\/ceipsotdelcamp\/wp-content\/uploads\/usu1699\/2019\/04\/5-coses-que-has-de-saber-si-els-teus-fills-juguen-a-Fortnite.pdf\">5 coses que has de saber si els teus fills juguen a Fortnite<\/a><\/p>\n<p>2.- <a href=\"https:\/\/agora.xtec.cat\/ceipsotdelcamp\/wp-content\/uploads\/usu1699\/2019\/04\/Com-ha-anat-avui-lescola.pdf\">Com ha anat avui l&#8217;escola<\/a><\/p>\n<p>3.- <a href=\"https:\/\/agora.xtec.cat\/ceipsotdelcamp\/wp-content\/uploads\/usu1699\/2019\/04\/Com-triar-els-millors-regals-pels-nostres-fills.pdf\">Com triar els millors regals pels nostres fills<\/a><\/p>\n<p>4.- <a href=\"https:\/\/agora.xtec.cat\/ceipsotdelcamp\/wp-content\/uploads\/usu1699\/2019\/04\/el_regal_de_reis.pdf\">El regal de reis<\/a><\/p>\n<p>5.- <a href=\"https:\/\/agora.xtec.cat\/ceipsotdelcamp\/wp-content\/uploads\/usu1699\/2019\/04\/Integraci\u00f3-dels-hemisferis-cerebrals.pdf\">Integraci\u00f3 dels hemisferis cerebrals<\/a><a href=\"https:\/\/agora.xtec.cat\/ceipsotdelcamp\/wp-content\/uploads\/usu1699\/2019\/04\/baixa-1.jpg\"><img loading=\"lazy\" decoding=\"async\" class=\"size-full wp-image-2141 alignright\" src=\"https:\/\/agora.xtec.cat\/ceipsotdelcamp\/wp-content\/uploads\/usu1699\/2019\/04\/baixa-1.jpg\" alt=\"\" width=\"275\" height=\"183\" \/><\/a><\/p>\n<p>6.- <a href=\"https:\/\/agora.xtec.cat\/ceipsotdelcamp\/wp-content\/uploads\/usu1699\/2019\/04\/Internet-m\u00f2bils-i-educaci\u00f3-digital.pdf\">Internet, m\u00f2bils i educaci\u00f3 digital<\/a><\/p>\n<p>7.- <a href=\"https:\/\/agora.xtec.cat\/ceipsotdelcamp\/wp-content\/uploads\/usu1699\/2019\/04\/La-responsabilitat-de-3-a-12-anys.pdf\">La responsabilitat de 3 a 12 anys<\/a><\/p>\n<p>8.- <a href=\"https:\/\/agora.xtec.cat\/ceipsotdelcamp\/wp-content\/uploads\/usu1699\/2019\/04\/Slow-parenting-Lavorriment.pdf\">Slow parenting L&#8217;avorriment<\/a><\/p>\n<p>9.- <a href=\"https:\/\/agora.xtec.cat\/ceipsotdelcamp\/wp-content\/uploads\/usu1699\/2019\/04\/Un-conte-de-nadal.pdf\">Un conte de nadal<\/a><\/p>\n<p>10.\u00a0<a href=\"https:\/\/agora.xtec.cat\/ceipsotdelcamp\/wp-content\/uploads\/usu1699\/2025\/09\/Pla-digitalitzacio-responsable.pdf\">Pla de digitalitzaci\u00f3 responsable- fam\u00edlies<\/a><\/p>\n","protected":false},"excerpt":{"rendered":"<p>En aquest espai articles de divulgaci\u00f3 amb contingut relacionat amb la crian\u00e7a dels infants, educaci\u00f3, valors i \u00fas de les pantalles. 1.- 5 coses que has de saber si els teus fills juguen a Fortnite 2.- Com ha anat avui l&#8217;escola 3.- Com triar els millors regals pels nostres fills 4.- El regal de reis [&hellip;]<\/p>\n","protected":false},"author":3,"featured_media":0,"parent":0,"menu_order":0,"comment_status":"closed","ping_status":"closed","template":"","meta":{"_bbp_topic_count":0,"_bbp_reply_count":0,"_bbp_total_topic_count":0,"_bbp_total_reply_count":0,"_bbp_voice_count":0,"_bbp_anonymous_reply_count":0,"_bbp_topic_count_hidden":0,"_bbp_reply_count_hidden":0,"_bbp_forum_subforum_count":0,"site-sidebar-layout":"default","site-content-layout":"","ast-site-content-layout":"default","site-content-style":"default","site-sidebar-style":"default","ast-global-header-display":"","ast-banner-title-visibility":"","ast-main-header-display":"","ast-hfb-above-header-display":"","ast-hfb-below-header-display":"","ast-hfb-mobile-header-display":"","site-post-title":"","ast-breadcrumbs-content":"","ast-featured-img":"","footer-sml-layout":"","theme-transparent-header-meta":"default","adv-header-id-meta":"","stick-header-meta":"","header-above-stick-meta":"","header-main-stick-meta":"","header-below-stick-meta":"","astra-migrate-meta-layouts":"set","ast-page-background-enabled":"default","ast-page-background-meta":{"desktop":{"background-color":"var(--ast-global-color-4)","background-image":"","background-repeat":"repeat","background-position":"center center","background-size":"auto","background-attachment":"scroll","background-type":"","background-media":"","overlay-type":"","overlay-color":"","overlay-opacity":"","overlay-gradient":""},"tablet":{"background-color":"","background-image":"","background-repeat":"repeat","background-position":"center center","background-size":"auto","background-attachment":"scroll","background-type":"","background-media":"","overlay-type":"","overlay-color":"","overlay-opacity":"","overlay-gradient":""},"mobile":{"background-color":"","background-image":"","background-repeat":"repeat","background-position":"center center","background-size":"auto","background-attachment":"scroll","background-type":"","background-media":"","overlay-type":"","overlay-color":"","overlay-opacity":"","overlay-gradient":""}},"ast-content-background-meta":{"desktop":{"background-color":"var(--ast-global-color-5)","background-image":"","background-repeat":"repeat","background-position":"center center","background-size":"auto","background-attachment":"scroll","background-type":"","background-media":"","overlay-type":"","overlay-color":"","overlay-opacity":"","overlay-gradient":""},"tablet":{"background-color":"var(--ast-global-color-5)","background-image":"","background-repeat":"repeat","background-position":"center center","background-size":"auto","background-attachment":"scroll","background-type":"","background-media":"","overlay-type":"","overlay-color":"","overlay-opacity":"","overlay-gradient":""},"mobile":{"background-color":"var(--ast-global-color-5)","background-image":"","background-repeat":"repeat","background-position":"center center","background-size":"auto","background-attachment":"scroll","background-type":"","background-media":"","overlay-type":"","overlay-color":"","overlay-opacity":"","overlay-gradient":""}},"footnotes":""},"class_list":["post-2108","page","type-page","status-publish","hentry"],"post_mailing_queue_ids":[],"_links":{"self":[{"href":"https:\/\/agora.xtec.cat\/ceipsotdelcamp\/wp-json\/wp\/v2\/pages\/2108","targetHints":{"allow":["GET"]}}],"collection":[{"href":"https:\/\/agora.xtec.cat\/ceipsotdelcamp\/wp-json\/wp\/v2\/pages"}],"about":[{"href":"https:\/\/agora.xtec.cat\/ceipsotdelcamp\/wp-json\/wp\/v2\/types\/page"}],"author":[{"embeddable":true,"href":"https:\/\/agora.xtec.cat\/ceipsotdelcamp\/wp-json\/wp\/v2\/users\/3"}],"replies":[{"embeddable":true,"href":"https:\/\/agora.xtec.cat\/ceipsotdelcamp\/wp-json\/wp\/v2\/comments?post=2108"}],"version-history":[{"count":4,"href":"https:\/\/agora.xtec.cat\/ceipsotdelcamp\/wp-json\/wp\/v2\/pages\/2108\/revisions"}],"predecessor-version":[{"id":9299,"href":"https:\/\/agora.xtec.cat\/ceipsotdelcamp\/wp-json\/wp\/v2\/pages\/2108\/revisions\/9299"}],"wp:attachment":[{"href":"https:\/\/agora.xtec.cat\/ceipsotdelcamp\/wp-json\/wp\/v2\/media?parent=2108"}],"curies":[{"name":"wp","href":"https:\/\/api.w.org\/{rel}","templated":true}]}}