{"id":1742,"date":"2019-02-26T12:08:50","date_gmt":"2019-02-26T11:08:50","guid":{"rendered":"http:\/\/agora.xtec.cat\/ceipsotdelcamp\/?page_id=1742"},"modified":"2019-03-19T22:52:40","modified_gmt":"2019-03-19T21:52:40","slug":"innovacio","status":"publish","type":"page","link":"https:\/\/agora.xtec.cat\/ceipsotdelcamp\/lescola\/projectes-escolars\/innovacio\/","title":{"rendered":"Innovaci\u00f3"},"content":{"rendered":"<p>L&#8217;escola innova en diferents \u00e0mbits:<\/p>\n<ul>\n<li>El <strong>treball cooperatiu<\/strong> com a metodologia i eina d&#8217;aprenentatge que at\u00e9n la diversitat i que estimula l&#8217;alumnat en el coneixement de l&#8217;altri, l&#8217;assoliment dels continguts i les relacions socials.<\/li>\n<li>L&#8217;aprenentatge de continguts en lleng\u00fces estrangeres (<strong>AICLE<\/strong>): aprendre a calcular, a fer projectes de geometria i a relacionar-se amb els companys i companyes de classe en llengua anglesa.<\/li>\n<li><strong>TIC:<\/strong> fer recerca a les aules amb ordinadors port\u00e0tils, fer presentacions de medi natural i medi social, fer treballs i dossiers, fer \u00fas de les pissarres digitals a diari.<\/li>\n<li><strong>Ambients d&#8217;aprenentatge<\/strong>: espai de creixement, aprenentatge i construcci\u00f3 per educaci\u00f3 infantil. A l&#8217;escola es portaran a terme els ambients ambients: experimentaci\u00f3, art\u00edstic, construccions, joc simb\u00f2lic, tecnol\u00f2gic i disfresses en llengua anglesa.<\/li>\n<li><strong>Matem\u00e0tiques manipulatives<\/strong>: Des de P3 a 6\u00e8 els continguts de matem\u00e0tiques es treballen amb materials manipulatius: regletes de cuisin\u00e8re, blocs l\u00f2gics, gimcanes matem\u00e0tiques&#8230;<\/li>\n<li><strong>Educaci\u00f3 emocional:<\/strong> A les aules, al pati, al menjador i a tots els espais del centre treballem les emocions. El projecte forma part del pla d&#8217;acci\u00f3 tutorial i conviv\u00e8ncia.<\/li>\n<li><strong>Mestres en formaci\u00f3 permanent<\/strong>: Cada any l&#8217;equip de mestres participa en formacions organitzades pel Departament d&#8217;Educaci\u00f3.<\/li>\n<\/ul>\n","protected":false},"excerpt":{"rendered":"<p>L&#8217;escola innova en diferents \u00e0mbits: El treball cooperatiu com a metodologia i eina d&#8217;aprenentatge que at\u00e9n la diversitat i que estimula l&#8217;alumnat en el coneixement de l&#8217;altri, l&#8217;assoliment dels continguts i les relacions socials. L&#8217;aprenentatge de continguts en lleng\u00fces estrangeres (AICLE): aprendre a calcular, a fer projectes de geometria i a relacionar-se amb els companys [&hellip;]<\/p>\n","protected":false},"author":3,"featured_media":0,"parent":1738,"menu_order":20,"comment_status":"closed","ping_status":"closed","template":"","meta":{"_bbp_topic_count":0,"_bbp_reply_count":0,"_bbp_total_topic_count":0,"_bbp_total_reply_count":0,"_bbp_voice_count":0,"_bbp_anonymous_reply_count":0,"_bbp_topic_count_hidden":0,"_bbp_reply_count_hidden":0,"_bbp_forum_subforum_count":0,"site-sidebar-layout":"default","site-content-layout":"","ast-site-content-layout":"","site-content-style":"default","site-sidebar-style":"default","ast-global-header-display":"","ast-banner-title-visibility":"","ast-main-header-display":"","ast-hfb-above-header-display":"","ast-hfb-below-header-display":"","ast-hfb-mobile-header-display":"","site-post-title":"","ast-breadcrumbs-content":"","ast-featured-img":"","footer-sml-layout":"","theme-transparent-header-meta":"","adv-header-id-meta":"","stick-header-meta":"","header-above-stick-meta":"","header-main-stick-meta":"","header-below-stick-meta":"","astra-migrate-meta-layouts":"default","ast-page-background-enabled":"default","ast-page-background-meta":{"desktop":{"background-color":"var(--ast-global-color-4)","background-image":"","background-repeat":"repeat","background-position":"center center","background-size":"auto","background-attachment":"scroll","background-type":"","background-media":"","overlay-type":"","overlay-color":"","overlay-opacity":"","overlay-gradient":""},"tablet":{"background-color":"","background-image":"","background-repeat":"repeat","background-position":"center center","background-size":"auto","background-attachment":"scroll","background-type":"","background-media":"","overlay-type":"","overlay-color":"","overlay-opacity":"","overlay-gradient":""},"mobile":{"background-color":"","background-image":"","background-repeat":"repeat","background-position":"center center","background-size":"auto","background-attachment":"scroll","background-type":"","background-media":"","overlay-type":"","overlay-color":"","overlay-opacity":"","overlay-gradient":""}},"ast-content-background-meta":{"desktop":{"background-color":"var(--ast-global-color-5)","background-image":"","background-repeat":"repeat","background-position":"center center","background-size":"auto","background-attachment":"scroll","background-type":"","background-media":"","overlay-type":"","overlay-color":"","overlay-opacity":"","overlay-gradient":""},"tablet":{"background-color":"var(--ast-global-color-5)","background-image":"","background-repeat":"repeat","background-position":"center center","background-size":"auto","background-attachment":"scroll","background-type":"","background-media":"","overlay-type":"","overlay-color":"","overlay-opacity":"","overlay-gradient":""},"mobile":{"background-color":"var(--ast-global-color-5)","background-image":"","background-repeat":"repeat","background-position":"center center","background-size":"auto","background-attachment":"scroll","background-type":"","background-media":"","overlay-type":"","overlay-color":"","overlay-opacity":"","overlay-gradient":""}},"footnotes":""},"class_list":["post-1742","page","type-page","status-publish","hentry"],"post_mailing_queue_ids":[],"_links":{"self":[{"href":"https:\/\/agora.xtec.cat\/ceipsotdelcamp\/wp-json\/wp\/v2\/pages\/1742","targetHints":{"allow":["GET"]}}],"collection":[{"href":"https:\/\/agora.xtec.cat\/ceipsotdelcamp\/wp-json\/wp\/v2\/pages"}],"about":[{"href":"https:\/\/agora.xtec.cat\/ceipsotdelcamp\/wp-json\/wp\/v2\/types\/page"}],"author":[{"embeddable":true,"href":"https:\/\/agora.xtec.cat\/ceipsotdelcamp\/wp-json\/wp\/v2\/users\/3"}],"replies":[{"embeddable":true,"href":"https:\/\/agora.xtec.cat\/ceipsotdelcamp\/wp-json\/wp\/v2\/comments?post=1742"}],"version-history":[{"count":3,"href":"https:\/\/agora.xtec.cat\/ceipsotdelcamp\/wp-json\/wp\/v2\/pages\/1742\/revisions"}],"predecessor-version":[{"id":1976,"href":"https:\/\/agora.xtec.cat\/ceipsotdelcamp\/wp-json\/wp\/v2\/pages\/1742\/revisions\/1976"}],"up":[{"embeddable":true,"href":"https:\/\/agora.xtec.cat\/ceipsotdelcamp\/wp-json\/wp\/v2\/pages\/1738"}],"wp:attachment":[{"href":"https:\/\/agora.xtec.cat\/ceipsotdelcamp\/wp-json\/wp\/v2\/media?parent=1742"}],"curies":[{"name":"wp","href":"https:\/\/api.w.org\/{rel}","templated":true}]}}