{"id":1740,"date":"2019-02-26T12:07:25","date_gmt":"2019-02-26T11:07:25","guid":{"rendered":"http:\/\/agora.xtec.cat\/ceipsotdelcamp\/?page_id=1740"},"modified":"2019-03-19T22:28:13","modified_gmt":"2019-03-19T21:28:13","slug":"estalvi-energetic-euronet-50x50","status":"publish","type":"page","link":"https:\/\/agora.xtec.cat\/ceipsotdelcamp\/lescola\/projectes-escolars\/estalvi-energetic-euronet-50x50\/","title":{"rendered":"Estalvi Energ\u00e8tic: Euronet 50X50"},"content":{"rendered":"<p>El projecte <em><strong>Euronet 50&#215;50 max<\/strong><\/em> \u00e9s un projecte que promou l&#8217;estalvi energ\u00e8tic a les escoles i en col.laboraci\u00f3 amb l&#8217;Ajuntament.<\/p>\n<p>L&#8217;objectiu d&#8217;estalvi millora la sostenibilitat, doncs amb la reducci\u00f3 de consum de gas i electricitat es redueixen les emissions a l&#8217;atmosfera i s&#8217;estalvia energia i diners.<\/p>\n<p>L&#8217;estalvi aconseguit es converteix en inversions al centre: canvi del sistema d&#8217;il.luminaci\u00f3 a leds i altres m\u00e9s sostenibles i amb m\u00e9s durabilitat.<\/p>\n<p>Des de l&#8217;escola es porten a terme diverses iniciatives que ajuden a sensibilitzar la cura del medi ambient i l&#8217;estalvi energ\u00e8tic.<\/p>\n<ul>\n<li><em>La comissi\u00f3 energ\u00e8tica:<\/em> est\u00e0 formada per mestres de l&#8217;escola que semanalment revisen l&#8217;estalvi energ\u00e8tic, promouen iniciatives de reciclatge de residus al centre i juntament amb altres mestres dinamitzen l&#8217;hort escolar.<\/li>\n<li><em>Escamot &#8220;Els Xispes&#8221;<\/em>: est\u00e0 format per alumnes de 4t d&#8217;Ed. Prim\u00e0ria. L&#8217;objectiu de l&#8217;escamot \u00e9s la vigil\u00e0ncia, control i sensibilitzaci\u00f3 en el bon \u00fas de les energies al centre: electricitat i gas. De forma peri\u00f2dica aquest grup d&#8217;alumnes passa per totes les aules del centre i observa la ventilaci\u00f3 de les aules, els endolls i l&#8217;\u00fas de la calefacci\u00f3.<\/li>\n<li><em>Aula sostenible:\u00a0<\/em>Aula que ha aconseguit les fites del curs (estalvi energ\u00e8tic d&#8217;electricitat i gas.<\/li>\n<\/ul>\n<p><a href=\"http:\/\/euronet50-50max.eu\/ca\/about-euronet-50-50-max\/what-is-the-euronet-50-50-max-about\">Projecte de la Diputaci\u00f3 de Barcelona<\/a><\/p>\n<p>&nbsp;<\/p>\n<p>&nbsp;<\/p>\n<p>&nbsp;<\/p>\n<p>&nbsp;<\/p>\n","protected":false},"excerpt":{"rendered":"<p>El projecte Euronet 50&#215;50 max \u00e9s un projecte que promou l&#8217;estalvi energ\u00e8tic a les escoles i en col.laboraci\u00f3 amb l&#8217;Ajuntament. L&#8217;objectiu d&#8217;estalvi millora la sostenibilitat, doncs amb la reducci\u00f3 de consum de gas i electricitat es redueixen les emissions a l&#8217;atmosfera i s&#8217;estalvia energia i diners. L&#8217;estalvi aconseguit es converteix en inversions al centre: canvi [&hellip;]<\/p>\n","protected":false},"author":3,"featured_media":0,"parent":1738,"menu_order":10,"comment_status":"closed","ping_status":"closed","template":"","meta":{"_bbp_topic_count":0,"_bbp_reply_count":0,"_bbp_total_topic_count":0,"_bbp_total_reply_count":0,"_bbp_voice_count":0,"_bbp_anonymous_reply_count":0,"_bbp_topic_count_hidden":0,"_bbp_reply_count_hidden":0,"_bbp_forum_subforum_count":0,"site-sidebar-layout":"default","site-content-layout":"","ast-site-content-layout":"","site-content-style":"default","site-sidebar-style":"default","ast-global-header-display":"","ast-banner-title-visibility":"","ast-main-header-display":"","ast-hfb-above-header-display":"","ast-hfb-below-header-display":"","ast-hfb-mobile-header-display":"","site-post-title":"","ast-breadcrumbs-content":"","ast-featured-img":"","footer-sml-layout":"","theme-transparent-header-meta":"","adv-header-id-meta":"","stick-header-meta":"","header-above-stick-meta":"","header-main-stick-meta":"","header-below-stick-meta":"","astra-migrate-meta-layouts":"default","ast-page-background-enabled":"default","ast-page-background-meta":{"desktop":{"background-color":"var(--ast-global-color-4)","background-image":"","background-repeat":"repeat","background-position":"center center","background-size":"auto","background-attachment":"scroll","background-type":"","background-media":"","overlay-type":"","overlay-color":"","overlay-opacity":"","overlay-gradient":""},"tablet":{"background-color":"","background-image":"","background-repeat":"repeat","background-position":"center center","background-size":"auto","background-attachment":"scroll","background-type":"","background-media":"","overlay-type":"","overlay-color":"","overlay-opacity":"","overlay-gradient":""},"mobile":{"background-color":"","background-image":"","background-repeat":"repeat","background-position":"center center","background-size":"auto","background-attachment":"scroll","background-type":"","background-media":"","overlay-type":"","overlay-color":"","overlay-opacity":"","overlay-gradient":""}},"ast-content-background-meta":{"desktop":{"background-color":"var(--ast-global-color-5)","background-image":"","background-repeat":"repeat","background-position":"center center","background-size":"auto","background-attachment":"scroll","background-type":"","background-media":"","overlay-type":"","overlay-color":"","overlay-opacity":"","overlay-gradient":""},"tablet":{"background-color":"var(--ast-global-color-5)","background-image":"","background-repeat":"repeat","background-position":"center center","background-size":"auto","background-attachment":"scroll","background-type":"","background-media":"","overlay-type":"","overlay-color":"","overlay-opacity":"","overlay-gradient":""},"mobile":{"background-color":"var(--ast-global-color-5)","background-image":"","background-repeat":"repeat","background-position":"center center","background-size":"auto","background-attachment":"scroll","background-type":"","background-media":"","overlay-type":"","overlay-color":"","overlay-opacity":"","overlay-gradient":""}},"footnotes":""},"class_list":["post-1740","page","type-page","status-publish","hentry"],"post_mailing_queue_ids":[],"_links":{"self":[{"href":"https:\/\/agora.xtec.cat\/ceipsotdelcamp\/wp-json\/wp\/v2\/pages\/1740","targetHints":{"allow":["GET"]}}],"collection":[{"href":"https:\/\/agora.xtec.cat\/ceipsotdelcamp\/wp-json\/wp\/v2\/pages"}],"about":[{"href":"https:\/\/agora.xtec.cat\/ceipsotdelcamp\/wp-json\/wp\/v2\/types\/page"}],"author":[{"embeddable":true,"href":"https:\/\/agora.xtec.cat\/ceipsotdelcamp\/wp-json\/wp\/v2\/users\/3"}],"replies":[{"embeddable":true,"href":"https:\/\/agora.xtec.cat\/ceipsotdelcamp\/wp-json\/wp\/v2\/comments?post=1740"}],"version-history":[{"count":3,"href":"https:\/\/agora.xtec.cat\/ceipsotdelcamp\/wp-json\/wp\/v2\/pages\/1740\/revisions"}],"predecessor-version":[{"id":1971,"href":"https:\/\/agora.xtec.cat\/ceipsotdelcamp\/wp-json\/wp\/v2\/pages\/1740\/revisions\/1971"}],"up":[{"embeddable":true,"href":"https:\/\/agora.xtec.cat\/ceipsotdelcamp\/wp-json\/wp\/v2\/pages\/1738"}],"wp:attachment":[{"href":"https:\/\/agora.xtec.cat\/ceipsotdelcamp\/wp-json\/wp\/v2\/media?parent=1740"}],"curies":[{"name":"wp","href":"https:\/\/api.w.org\/{rel}","templated":true}]}}