{"id":1738,"date":"2019-02-26T12:07:50","date_gmt":"2019-02-26T11:07:50","guid":{"rendered":"http:\/\/agora.xtec.cat\/ceipsotdelcamp\/?page_id=1738"},"modified":"2025-10-03T16:06:11","modified_gmt":"2025-10-03T14:06:11","slug":"projectes-escolars","status":"publish","type":"page","link":"https:\/\/agora.xtec.cat\/ceipsotdelcamp\/lescola\/projectes-escolars\/","title":{"rendered":"Projectes Escolars"},"content":{"rendered":"<p>Els nostres projectes d&#8217;innovaci\u00f3 s\u00f3n:<\/p>\n<ul>\n<li><strong>AICLE (<\/strong>Aprenentatge Integrat de Continguts en Lleng\u00fces Estrangeres)<\/li>\n<\/ul>\n<p><strong><em>\u00a0 \u00a0 \u00a0 Let\u2019s Maths<\/em><\/strong>: C\u00e0lcul i projectes de geometria i mesura des de 4t d\u2019Ed. Prim\u00e0ria.<\/p>\n<ul>\n<li><strong>Aprenentatge cooperatiu<\/strong>:\n<ul>\n<li>Establir relacions solid\u00e0ries entre els alumnes<\/li>\n<li>Incrementar el rendiment de tots els alumnes.<\/li>\n<li>Aconseguir un nivell superior de raonament dels alumnes.<\/li>\n<li>Augmentar la cohesi\u00f3 del grup<\/li>\n<li>Desenvolupar les habilitats socials dels alumnes.<\/li>\n<li>Respectar els diferents punts de vista.<\/li>\n<\/ul>\n<\/li>\n<li><strong>Perspectiva STEAM<\/strong>: model d\u2019aprenentatge que integra coneixements, eines i recursos dels \u00e0mbits de la tecnologia, matem\u00e0tiques, ci\u00e8ncies i l\u2019\u00e0mbit art\u00edstic.<\/li>\n<li><strong>Ambients d\u2019aprenentatge: <\/strong>espais de relaci\u00f3 i comunicaci\u00f3 on els infants interactuen, observen, experimenten, inventen, es relacionen, s\u2019emocionen&#8230;<\/li>\n<li><strong>Avaluaci\u00f3 per aprendre &#8211; avaluaci\u00f3 formadora<\/strong>.<\/li>\n<li><strong>Compet\u00e8ncia digital<\/strong>: rob\u00f2tica, port\u00e0tils i tauletes a totes les etapes.<\/li>\n<\/ul>\n<p><strong>Altres projectes que portem a terme:<\/strong><\/p>\n<ul style=\"list-style-type: square;\">\n<li><strong>Estalvi Energ\u00e8tic<\/strong>: Es promou la sensibilitzaci\u00f3 entre els infants per fer un \u00fas responsable dels recursos de l&#8217;escola: aigua, llum, material escolar d&#8217;\u00fas com\u00fa i d&#8217;\u00fas personal.<\/li>\n<li>Vetllem per una escola sostenible, <strong>evitem el consum de pl\u00e0stic i d&#8217;alumini<\/strong> i hem engegat v\u00e0ries campanyes entre l&#8217;alumnat per anar avan\u00e7ant en les iniciatives sostenibles.<\/li>\n<\/ul>\n<p><strong>Conviv\u00e8ncia:\u00a0<\/strong><\/p>\n<ul style=\"list-style-type: square;\">\n<li><strong>Projecte Emociona&#8217;t i Pla d&#8217;acci\u00f3 tutorial.<\/strong><\/li>\n<\/ul>\n<p>Celebraci\u00f3 de jornades singulars per l&#8217;educaci\u00f3 per la pau, la sostenibilitat, la igualtat i iniciatives solid\u00e0ries amb l&#8217;entorn i les persones afavoreixen un creixement cr\u00edtic i respectu\u00f3s dels infants.<\/p>\n<ul style=\"list-style-type: square;\">\n<li><strong>Projecte Patis:\u00a0<\/strong><\/li>\n<\/ul>\n<p>L&#8217;hora de l&#8217;esbarjo ha de ser un espai de relaxaci\u00f3, de conversa, per fer nous amics, per gaudir de l&#8217;esmorzar i la millor manera de fer-ho \u00e9s al pati de l&#8217;escola.<\/p>\n<ul>\n<li>A Educaci\u00f3 Infantil els infants gaudeixen de jocs diversos que afavoreixen la creativitat i les relacions interpersonals.<\/li>\n<li>A Educaci\u00f3 Prim\u00e0ria els espais diversificats han guanyat terreny i l&#8217;alumnat pot jugar a jocs cl\u00e0ssics, llegir, dibuixar, seure i xerrar i interactuar amb la resta de companys en un espai dist\u00e8s i agradable.<\/li>\n<\/ul>\n<p>&nbsp;<\/p>\n","protected":false},"excerpt":{"rendered":"<p>Els nostres projectes d&#8217;innovaci\u00f3 s\u00f3n: AICLE (Aprenentatge Integrat de Continguts en Lleng\u00fces Estrangeres) \u00a0 \u00a0 \u00a0 Let\u2019s Maths: C\u00e0lcul i projectes de geometria i mesura des de 4t d\u2019Ed. Prim\u00e0ria. Aprenentatge cooperatiu: Establir relacions solid\u00e0ries entre els alumnes Incrementar el rendiment de tots els alumnes. Aconseguir un nivell superior de raonament dels alumnes. Augmentar la [&hellip;]<\/p>\n","protected":false},"author":3,"featured_media":0,"parent":22,"menu_order":90,"comment_status":"closed","ping_status":"closed","template":"","meta":{"_bbp_topic_count":0,"_bbp_reply_count":0,"_bbp_total_topic_count":0,"_bbp_total_reply_count":0,"_bbp_voice_count":0,"_bbp_anonymous_reply_count":0,"_bbp_topic_count_hidden":0,"_bbp_reply_count_hidden":0,"_bbp_forum_subforum_count":0,"site-sidebar-layout":"default","site-content-layout":"","ast-site-content-layout":"default","site-content-style":"default","site-sidebar-style":"default","ast-global-header-display":"","ast-banner-title-visibility":"","ast-main-header-display":"","ast-hfb-above-header-display":"","ast-hfb-below-header-display":"","ast-hfb-mobile-header-display":"","site-post-title":"","ast-breadcrumbs-content":"","ast-featured-img":"","footer-sml-layout":"","theme-transparent-header-meta":"default","adv-header-id-meta":"","stick-header-meta":"","header-above-stick-meta":"","header-main-stick-meta":"","header-below-stick-meta":"","astra-migrate-meta-layouts":"set","ast-page-background-enabled":"default","ast-page-background-meta":{"desktop":{"background-color":"var(--ast-global-color-4)","background-image":"","background-repeat":"repeat","background-position":"center center","background-size":"auto","background-attachment":"scroll","background-type":"","background-media":"","overlay-type":"","overlay-color":"","overlay-opacity":"","overlay-gradient":""},"tablet":{"background-color":"","background-image":"","background-repeat":"repeat","background-position":"center center","background-size":"auto","background-attachment":"scroll","background-type":"","background-media":"","overlay-type":"","overlay-color":"","overlay-opacity":"","overlay-gradient":""},"mobile":{"background-color":"","background-image":"","background-repeat":"repeat","background-position":"center center","background-size":"auto","background-attachment":"scroll","background-type":"","background-media":"","overlay-type":"","overlay-color":"","overlay-opacity":"","overlay-gradient":""}},"ast-content-background-meta":{"desktop":{"background-color":"var(--ast-global-color-5)","background-image":"","background-repeat":"repeat","background-position":"center center","background-size":"auto","background-attachment":"scroll","background-type":"","background-media":"","overlay-type":"","overlay-color":"","overlay-opacity":"","overlay-gradient":""},"tablet":{"background-color":"var(--ast-global-color-5)","background-image":"","background-repeat":"repeat","background-position":"center center","background-size":"auto","background-attachment":"scroll","background-type":"","background-media":"","overlay-type":"","overlay-color":"","overlay-opacity":"","overlay-gradient":""},"mobile":{"background-color":"var(--ast-global-color-5)","background-image":"","background-repeat":"repeat","background-position":"center center","background-size":"auto","background-attachment":"scroll","background-type":"","background-media":"","overlay-type":"","overlay-color":"","overlay-opacity":"","overlay-gradient":""}},"footnotes":""},"class_list":["post-1738","page","type-page","status-publish","hentry"],"post_mailing_queue_ids":[],"_links":{"self":[{"href":"https:\/\/agora.xtec.cat\/ceipsotdelcamp\/wp-json\/wp\/v2\/pages\/1738","targetHints":{"allow":["GET"]}}],"collection":[{"href":"https:\/\/agora.xtec.cat\/ceipsotdelcamp\/wp-json\/wp\/v2\/pages"}],"about":[{"href":"https:\/\/agora.xtec.cat\/ceipsotdelcamp\/wp-json\/wp\/v2\/types\/page"}],"author":[{"embeddable":true,"href":"https:\/\/agora.xtec.cat\/ceipsotdelcamp\/wp-json\/wp\/v2\/users\/3"}],"replies":[{"embeddable":true,"href":"https:\/\/agora.xtec.cat\/ceipsotdelcamp\/wp-json\/wp\/v2\/comments?post=1738"}],"version-history":[{"count":5,"href":"https:\/\/agora.xtec.cat\/ceipsotdelcamp\/wp-json\/wp\/v2\/pages\/1738\/revisions"}],"predecessor-version":[{"id":8830,"href":"https:\/\/agora.xtec.cat\/ceipsotdelcamp\/wp-json\/wp\/v2\/pages\/1738\/revisions\/8830"}],"up":[{"embeddable":true,"href":"https:\/\/agora.xtec.cat\/ceipsotdelcamp\/wp-json\/wp\/v2\/pages\/22"}],"wp:attachment":[{"href":"https:\/\/agora.xtec.cat\/ceipsotdelcamp\/wp-json\/wp\/v2\/media?parent=1738"}],"curies":[{"name":"wp","href":"https:\/\/api.w.org\/{rel}","templated":true}]}}