{"id":1592,"date":"2019-02-13T11:02:22","date_gmt":"2019-02-13T10:02:22","guid":{"rendered":"http:\/\/agora.xtec.cat\/ceipsotdelcamp\/?page_id=1592"},"modified":"2023-01-22T20:15:35","modified_gmt":"2023-01-22T19:15:35","slug":"infantil","status":"publish","type":"page","link":"https:\/\/agora.xtec.cat\/ceipsotdelcamp\/projecte-educatiu\/curriculum\/infantil\/","title":{"rendered":"Ed. Infantil"},"content":{"rendered":"<p>El nou curr\u00edculum d&#8217;Educaci\u00f3 Infantil est\u00e0 en tr\u00e0mit.<\/p>\n<p>Podeu consultar la informaci\u00f3 publicada pel Departament d&#8217;Educaci\u00f3:<\/p>\n<p>a) <a href=\"https:\/\/projectes.xtec.cat\/nou-curriculum\/educacio-basica\/\">El nou curr\u00edculum d&#8217;Educaci\u00f3 Infantil<\/a><\/p>\n<p>b) <a href=\"https:\/\/docs.google.com\/presentation\/d\/1FfpBX87f2taRgBijF8EIyFmi_Z7k9OJS\/edit?usp=sharing&amp;ouid=103113893986265429725&amp;rtpof=true&amp;sd=true\">Guia de l&#8217;Educaci\u00f3 Infantil<\/a><\/p>\n<p><a href=\"https:\/\/docs.google.com\/presentation\/d\/1FfpBX87f2taRgBijF8EIyFmi_Z7k9OJS\/edit?usp=sharing&amp;ouid=103113893986265429725&amp;rtpof=true&amp;sd=true\"><img loading=\"lazy\" decoding=\"async\" class=\"alignnone size-large wp-image-6908\" src=\"https:\/\/agora.xtec.cat\/ceipsotdelcamp\/wp-content\/uploads\/usu1699\/2023\/01\/GUIA-EDUCACIO-INFANTIL.pptx-1024x576.jpg\" alt=\"\" width=\"1024\" height=\"576\" srcset=\"https:\/\/agora.xtec.cat\/ceipsotdelcamp\/wp-content\/uploads\/usu1699\/2023\/01\/GUIA-EDUCACIO-INFANTIL.pptx-1024x576.jpg 1024w, https:\/\/agora.xtec.cat\/ceipsotdelcamp\/wp-content\/uploads\/usu1699\/2023\/01\/GUIA-EDUCACIO-INFANTIL.pptx-300x169.jpg 300w, https:\/\/agora.xtec.cat\/ceipsotdelcamp\/wp-content\/uploads\/usu1699\/2023\/01\/GUIA-EDUCACIO-INFANTIL.pptx-768x432.jpg 768w, https:\/\/agora.xtec.cat\/ceipsotdelcamp\/wp-content\/uploads\/usu1699\/2023\/01\/GUIA-EDUCACIO-INFANTIL.pptx-1536x864.jpg 1536w, https:\/\/agora.xtec.cat\/ceipsotdelcamp\/wp-content\/uploads\/usu1699\/2023\/01\/GUIA-EDUCACIO-INFANTIL.pptx.jpg 1920w\" sizes=\"auto, (max-width: 1024px) 100vw, 1024px\" \/><\/a><\/p>\n<p>&nbsp;<\/p>\n","protected":false},"excerpt":{"rendered":"<p>El nou curr\u00edculum d&#8217;Educaci\u00f3 Infantil est\u00e0 en tr\u00e0mit. Podeu consultar la informaci\u00f3 publicada pel Departament d&#8217;Educaci\u00f3: a) El nou curr\u00edculum d&#8217;Educaci\u00f3 Infantil b) Guia de l&#8217;Educaci\u00f3 Infantil &nbsp;<\/p>\n","protected":false},"author":3,"featured_media":0,"parent":540,"menu_order":10,"comment_status":"closed","ping_status":"closed","template":"","meta":{"_bbp_topic_count":0,"_bbp_reply_count":0,"_bbp_total_topic_count":0,"_bbp_total_reply_count":0,"_bbp_voice_count":0,"_bbp_anonymous_reply_count":0,"_bbp_topic_count_hidden":0,"_bbp_reply_count_hidden":0,"_bbp_forum_subforum_count":0,"site-sidebar-layout":"default","site-content-layout":"","ast-site-content-layout":"","site-content-style":"default","site-sidebar-style":"default","ast-global-header-display":"","ast-banner-title-visibility":"","ast-main-header-display":"","ast-hfb-above-header-display":"","ast-hfb-below-header-display":"","ast-hfb-mobile-header-display":"","site-post-title":"","ast-breadcrumbs-content":"","ast-featured-img":"","footer-sml-layout":"","theme-transparent-header-meta":"","adv-header-id-meta":"","stick-header-meta":"","header-above-stick-meta":"","header-main-stick-meta":"","header-below-stick-meta":"","astra-migrate-meta-layouts":"default","ast-page-background-enabled":"default","ast-page-background-meta":{"desktop":{"background-color":"var(--ast-global-color-4)","background-image":"","background-repeat":"repeat","background-position":"center center","background-size":"auto","background-attachment":"scroll","background-type":"","background-media":"","overlay-type":"","overlay-color":"","overlay-opacity":"","overlay-gradient":""},"tablet":{"background-color":"","background-image":"","background-repeat":"repeat","background-position":"center center","background-size":"auto","background-attachment":"scroll","background-type":"","background-media":"","overlay-type":"","overlay-color":"","overlay-opacity":"","overlay-gradient":""},"mobile":{"background-color":"","background-image":"","background-repeat":"repeat","background-position":"center center","background-size":"auto","background-attachment":"scroll","background-type":"","background-media":"","overlay-type":"","overlay-color":"","overlay-opacity":"","overlay-gradient":""}},"ast-content-background-meta":{"desktop":{"background-color":"var(--ast-global-color-5)","background-image":"","background-repeat":"repeat","background-position":"center center","background-size":"auto","background-attachment":"scroll","background-type":"","background-media":"","overlay-type":"","overlay-color":"","overlay-opacity":"","overlay-gradient":""},"tablet":{"background-color":"var(--ast-global-color-5)","background-image":"","background-repeat":"repeat","background-position":"center center","background-size":"auto","background-attachment":"scroll","background-type":"","background-media":"","overlay-type":"","overlay-color":"","overlay-opacity":"","overlay-gradient":""},"mobile":{"background-color":"var(--ast-global-color-5)","background-image":"","background-repeat":"repeat","background-position":"center center","background-size":"auto","background-attachment":"scroll","background-type":"","background-media":"","overlay-type":"","overlay-color":"","overlay-opacity":"","overlay-gradient":""}},"footnotes":""},"class_list":["post-1592","page","type-page","status-publish","hentry"],"post_mailing_queue_ids":[],"_links":{"self":[{"href":"https:\/\/agora.xtec.cat\/ceipsotdelcamp\/wp-json\/wp\/v2\/pages\/1592","targetHints":{"allow":["GET"]}}],"collection":[{"href":"https:\/\/agora.xtec.cat\/ceipsotdelcamp\/wp-json\/wp\/v2\/pages"}],"about":[{"href":"https:\/\/agora.xtec.cat\/ceipsotdelcamp\/wp-json\/wp\/v2\/types\/page"}],"author":[{"embeddable":true,"href":"https:\/\/agora.xtec.cat\/ceipsotdelcamp\/wp-json\/wp\/v2\/users\/3"}],"replies":[{"embeddable":true,"href":"https:\/\/agora.xtec.cat\/ceipsotdelcamp\/wp-json\/wp\/v2\/comments?post=1592"}],"version-history":[{"count":2,"href":"https:\/\/agora.xtec.cat\/ceipsotdelcamp\/wp-json\/wp\/v2\/pages\/1592\/revisions"}],"predecessor-version":[{"id":6911,"href":"https:\/\/agora.xtec.cat\/ceipsotdelcamp\/wp-json\/wp\/v2\/pages\/1592\/revisions\/6911"}],"up":[{"embeddable":true,"href":"https:\/\/agora.xtec.cat\/ceipsotdelcamp\/wp-json\/wp\/v2\/pages\/540"}],"wp:attachment":[{"href":"https:\/\/agora.xtec.cat\/ceipsotdelcamp\/wp-json\/wp\/v2\/media?parent=1592"}],"curies":[{"name":"wp","href":"https:\/\/api.w.org\/{rel}","templated":true}]}}