{"id":8730,"date":"2024-12-13T09:35:37","date_gmt":"2024-12-13T08:35:37","guid":{"rendered":"https:\/\/agora.xtec.cat\/ceipsorianomontagut\/?page_id=8730"},"modified":"2024-12-13T09:43:27","modified_gmt":"2024-12-13T08:43:27","slug":"escacs-a-lescola","status":"publish","type":"page","link":"https:\/\/agora.xtec.cat\/ceipsorianomontagut\/escacs-a-lescola\/","title":{"rendered":"Escacs a l&#8217;escola"},"content":{"rendered":"<p><img loading=\"lazy\" decoding=\"async\" class=\"aligncenter size-medium wp-image-8749\" src=\"https:\/\/agora.xtec.cat\/ceipsorianomontagut\/wp-content\/uploads\/usu1929\/2024\/12\/escacs-300x225.jpg\" alt=\"\" width=\"300\" height=\"225\" srcset=\"https:\/\/agora.xtec.cat\/ceipsorianomontagut\/wp-content\/uploads\/usu1929\/2024\/12\/escacs-300x225.jpg 300w, https:\/\/agora.xtec.cat\/ceipsorianomontagut\/wp-content\/uploads\/usu1929\/2024\/12\/escacs-200x150.jpg 200w, https:\/\/agora.xtec.cat\/ceipsorianomontagut\/wp-content\/uploads\/usu1929\/2024\/12\/escacs.jpg 720w\" sizes=\"auto, (max-width: 300px) 100vw, 300px\" \/><\/p>\n<p>El projecte destaca la relaci\u00f3 i utilitat del joc dels escacs en l\u2019\u00e0mbit educatiu. \u00c9s un recurs que potencia el desenvolupament de les estructures cognitives, el raonament i el pensament logicomatem\u00e0tic, les habilitats ling\u00fc\u00edstiques i els h\u00e0bits de conducta.<\/p>\n<p>Es comen\u00e7a a primer de prim\u00e0ria. Al voltant dels 6 anys \u00e9s l\u2019edat id\u00f2nia per iniciar-se en la seq\u00fc\u00e8ncia observo\u2013penso\u2013jugo, que es practica en el joc i s\u2019intenta fer extensiva a la vida.<\/p>\n<p>Utilitzem els escacs com a eina d\u2019aprenentatge, entre d&#8217;altres coneixements es treballa les matem\u00e0tiques.<\/p>\n<p>Tamb\u00e9 fem escacs a l\u2019hora del pati. L&#8217;alumnat fa diverses activitats per familiarizar-se amb el tauler i les peces on jugant van aprenent els moviments del joc.<\/p>\n<p><img loading=\"lazy\" decoding=\"async\" class=\"aligncenter size-medium wp-image-8726\" src=\"https:\/\/agora.xtec.cat\/ceipsorianomontagut\/wp-content\/uploads\/usu1929\/2024\/12\/734a89c8-46cd-41bd-a8d8-ec6c33e337f2-300x142.jpeg\" alt=\"\" width=\"300\" height=\"142\" srcset=\"https:\/\/agora.xtec.cat\/ceipsorianomontagut\/wp-content\/uploads\/usu1929\/2024\/12\/734a89c8-46cd-41bd-a8d8-ec6c33e337f2-300x142.jpeg 300w, https:\/\/agora.xtec.cat\/ceipsorianomontagut\/wp-content\/uploads\/usu1929\/2024\/12\/734a89c8-46cd-41bd-a8d8-ec6c33e337f2-1024x485.jpeg 1024w, https:\/\/agora.xtec.cat\/ceipsorianomontagut\/wp-content\/uploads\/usu1929\/2024\/12\/734a89c8-46cd-41bd-a8d8-ec6c33e337f2-768x363.jpeg 768w, https:\/\/agora.xtec.cat\/ceipsorianomontagut\/wp-content\/uploads\/usu1929\/2024\/12\/734a89c8-46cd-41bd-a8d8-ec6c33e337f2-1536x727.jpeg 1536w, https:\/\/agora.xtec.cat\/ceipsorianomontagut\/wp-content\/uploads\/usu1929\/2024\/12\/734a89c8-46cd-41bd-a8d8-ec6c33e337f2.jpeg 2016w\" sizes=\"auto, (max-width: 300px) 100vw, 300px\" \/><\/p>\n","protected":false},"excerpt":{"rendered":"<p>El projecte destaca la relaci\u00f3 i utilitat del joc dels escacs en l\u2019\u00e0mbit educatiu. \u00c9s un recurs que potencia el desenvolupament de les estructures cognitives, el raonament i el pensament logicomatem\u00e0tic, les habilitats ling\u00fc\u00edstiques i els h\u00e0bits de conducta. Es comen\u00e7a a primer de prim\u00e0ria. Al voltant dels 6 anys \u00e9s l\u2019edat id\u00f2nia per iniciar-se [&hellip;]<\/p>\n","protected":false},"author":1,"featured_media":0,"parent":0,"menu_order":0,"comment_status":"closed","ping_status":"closed","template":"","meta":{"_bbp_topic_count":0,"_bbp_reply_count":0,"_bbp_total_topic_count":0,"_bbp_total_reply_count":0,"_bbp_voice_count":0,"_bbp_anonymous_reply_count":0,"_bbp_topic_count_hidden":0,"_bbp_reply_count_hidden":0,"_bbp_forum_subforum_count":0,"site-sidebar-layout":"default","site-content-layout":"","ast-site-content-layout":"","site-content-style":"default","site-sidebar-style":"default","ast-global-header-display":"","ast-banner-title-visibility":"","ast-main-header-display":"","ast-hfb-above-header-display":"","ast-hfb-below-header-display":"","ast-hfb-mobile-header-display":"","site-post-title":"","ast-breadcrumbs-content":"","ast-featured-img":"","footer-sml-layout":"","theme-transparent-header-meta":"","adv-header-id-meta":"","stick-header-meta":"","header-above-stick-meta":"","header-main-stick-meta":"","header-below-stick-meta":"","astra-migrate-meta-layouts":"default","ast-page-background-enabled":"default","ast-page-background-meta":{"desktop":{"background-color":"var(--ast-global-color-4)","background-image":"","background-repeat":"repeat","background-position":"center center","background-size":"auto","background-attachment":"scroll","background-type":"","background-media":"","overlay-type":"","overlay-color":"","overlay-opacity":"","overlay-gradient":""},"tablet":{"background-color":"","background-image":"","background-repeat":"repeat","background-position":"center center","background-size":"auto","background-attachment":"scroll","background-type":"","background-media":"","overlay-type":"","overlay-color":"","overlay-opacity":"","overlay-gradient":""},"mobile":{"background-color":"","background-image":"","background-repeat":"repeat","background-position":"center center","background-size":"auto","background-attachment":"scroll","background-type":"","background-media":"","overlay-type":"","overlay-color":"","overlay-opacity":"","overlay-gradient":""}},"ast-content-background-meta":{"desktop":{"background-color":"var(--ast-global-color-5)","background-image":"","background-repeat":"repeat","background-position":"center center","background-size":"auto","background-attachment":"scroll","background-type":"","background-media":"","overlay-type":"","overlay-color":"","overlay-opacity":"","overlay-gradient":""},"tablet":{"background-color":"var(--ast-global-color-5)","background-image":"","background-repeat":"repeat","background-position":"center center","background-size":"auto","background-attachment":"scroll","background-type":"","background-media":"","overlay-type":"","overlay-color":"","overlay-opacity":"","overlay-gradient":""},"mobile":{"background-color":"var(--ast-global-color-5)","background-image":"","background-repeat":"repeat","background-position":"center center","background-size":"auto","background-attachment":"scroll","background-type":"","background-media":"","overlay-type":"","overlay-color":"","overlay-opacity":"","overlay-gradient":""}},"footnotes":""},"class_list":["post-8730","page","type-page","status-publish","hentry"],"post_mailing_queue_ids":[],"_links":{"self":[{"href":"https:\/\/agora.xtec.cat\/ceipsorianomontagut\/wp-json\/wp\/v2\/pages\/8730","targetHints":{"allow":["GET"]}}],"collection":[{"href":"https:\/\/agora.xtec.cat\/ceipsorianomontagut\/wp-json\/wp\/v2\/pages"}],"about":[{"href":"https:\/\/agora.xtec.cat\/ceipsorianomontagut\/wp-json\/wp\/v2\/types\/page"}],"author":[{"embeddable":true,"href":"https:\/\/agora.xtec.cat\/ceipsorianomontagut\/wp-json\/wp\/v2\/users\/1"}],"replies":[{"embeddable":true,"href":"https:\/\/agora.xtec.cat\/ceipsorianomontagut\/wp-json\/wp\/v2\/comments?post=8730"}],"version-history":[{"count":5,"href":"https:\/\/agora.xtec.cat\/ceipsorianomontagut\/wp-json\/wp\/v2\/pages\/8730\/revisions"}],"predecessor-version":[{"id":8751,"href":"https:\/\/agora.xtec.cat\/ceipsorianomontagut\/wp-json\/wp\/v2\/pages\/8730\/revisions\/8751"}],"wp:attachment":[{"href":"https:\/\/agora.xtec.cat\/ceipsorianomontagut\/wp-json\/wp\/v2\/media?parent=8730"}],"curies":[{"name":"wp","href":"https:\/\/api.w.org\/{rel}","templated":true}]}}