{"id":6623,"date":"2021-11-15T19:29:18","date_gmt":"2021-11-15T18:29:18","guid":{"rendered":"https:\/\/agora.xtec.cat\/ceipsorianomontagut\/?page_id=6623"},"modified":"2023-06-26T09:56:29","modified_gmt":"2023-06-26T07:56:29","slug":"comunicacio-de-la-comunitat-educativa","status":"publish","type":"page","link":"https:\/\/agora.xtec.cat\/ceipsorianomontagut\/lescola\/documents-de-centre\/estrategia-digital-de-centre\/cultura-digital\/comunicacio-de-la-comunitat-educativa\/","title":{"rendered":"PLA DE COMUNICACI\u00d3"},"content":{"rendered":"<p>A l&#8217;escola utilitzem l&#8217;app del Classdojo que \u00e9s una plataforma virtual per poder treballar a l&#8217;aula juntament amb les fam\u00edlies.<\/p>\n<p>La utilitzem com a mitj\u00e0 de comunicaci\u00f3 ja que \u00e9s instant\u00e0nia. Els missatges que s&#8217;envien poden ser personals, d&#8217;aula o d&#8217;escola. Nom\u00e9s \u00e9s necessita descarregar-se l&#8217;app o entrar a la web https:\/\/www.classdojo.com\/es-es\/ i amb el codi que facilita el\/la mestre\/a als i les alumnes nom\u00e9s cal registrar-se i posar el codi.<\/p>\n<p>Amb aquesta plataforma virtual podem a m\u00e9s de comunicar-nos amb les fam\u00edlies seguir el dia a dia a l&#8217;aula amb la hist\u00f2ria de la classe on es pengen , fotos, escrits&#8230; del que est\u00e0 passant a l&#8217;aula dels seus fills\/es.<\/p>\n<p>Un altre mitj\u00e0 de comunicaci\u00f3 \u00e9s amb el WhatsApp de l&#8217;escola per aquelles fam\u00edlies que\u00a0 no tenen la possibilitat de connectar-se.<\/p>\n<p>A continuaci\u00f3, us presentem el <a href=\"https:\/\/docs.google.com\/document\/d\/1IwdDis9K_hlwaiHzltkP7kotesItYGbI\/edit?usp=share_link&amp;ouid=110542318671919440703&amp;rtpof=true&amp;sd=true\">PLA DE COMUNICACI\u00d3<\/a> de l&#8217;escola.<\/p>\n","protected":false},"excerpt":{"rendered":"<p>A l&#8217;escola utilitzem l&#8217;app del Classdojo que \u00e9s una plataforma virtual per poder treballar a l&#8217;aula juntament amb les fam\u00edlies. La utilitzem com a mitj\u00e0 de comunicaci\u00f3 ja que \u00e9s instant\u00e0nia. Els missatges que s&#8217;envien poden ser personals, d&#8217;aula o d&#8217;escola. Nom\u00e9s \u00e9s necessita descarregar-se l&#8217;app o entrar a la web https:\/\/www.classdojo.com\/es-es\/ i amb el [&hellip;]<\/p>\n","protected":false},"author":1,"featured_media":0,"parent":6604,"menu_order":0,"comment_status":"closed","ping_status":"closed","template":"","meta":{"_bbp_topic_count":0,"_bbp_reply_count":0,"_bbp_total_topic_count":0,"_bbp_total_reply_count":0,"_bbp_voice_count":0,"_bbp_anonymous_reply_count":0,"_bbp_topic_count_hidden":0,"_bbp_reply_count_hidden":0,"_bbp_forum_subforum_count":0,"site-sidebar-layout":"default","site-content-layout":"","ast-site-content-layout":"","site-content-style":"default","site-sidebar-style":"default","ast-global-header-display":"","ast-banner-title-visibility":"","ast-main-header-display":"","ast-hfb-above-header-display":"","ast-hfb-below-header-display":"","ast-hfb-mobile-header-display":"","site-post-title":"","ast-breadcrumbs-content":"","ast-featured-img":"","footer-sml-layout":"","theme-transparent-header-meta":"","adv-header-id-meta":"","stick-header-meta":"","header-above-stick-meta":"","header-main-stick-meta":"","header-below-stick-meta":"","astra-migrate-meta-layouts":"default","ast-page-background-enabled":"default","ast-page-background-meta":{"desktop":{"background-color":"var(--ast-global-color-4)","background-image":"","background-repeat":"repeat","background-position":"center center","background-size":"auto","background-attachment":"scroll","background-type":"","background-media":"","overlay-type":"","overlay-color":"","overlay-opacity":"","overlay-gradient":""},"tablet":{"background-color":"","background-image":"","background-repeat":"repeat","background-position":"center center","background-size":"auto","background-attachment":"scroll","background-type":"","background-media":"","overlay-type":"","overlay-color":"","overlay-opacity":"","overlay-gradient":""},"mobile":{"background-color":"","background-image":"","background-repeat":"repeat","background-position":"center center","background-size":"auto","background-attachment":"scroll","background-type":"","background-media":"","overlay-type":"","overlay-color":"","overlay-opacity":"","overlay-gradient":""}},"ast-content-background-meta":{"desktop":{"background-color":"var(--ast-global-color-5)","background-image":"","background-repeat":"repeat","background-position":"center center","background-size":"auto","background-attachment":"scroll","background-type":"","background-media":"","overlay-type":"","overlay-color":"","overlay-opacity":"","overlay-gradient":""},"tablet":{"background-color":"var(--ast-global-color-5)","background-image":"","background-repeat":"repeat","background-position":"center center","background-size":"auto","background-attachment":"scroll","background-type":"","background-media":"","overlay-type":"","overlay-color":"","overlay-opacity":"","overlay-gradient":""},"mobile":{"background-color":"var(--ast-global-color-5)","background-image":"","background-repeat":"repeat","background-position":"center center","background-size":"auto","background-attachment":"scroll","background-type":"","background-media":"","overlay-type":"","overlay-color":"","overlay-opacity":"","overlay-gradient":""}},"footnotes":""},"class_list":["post-6623","page","type-page","status-publish","hentry"],"post_mailing_queue_ids":[],"_links":{"self":[{"href":"https:\/\/agora.xtec.cat\/ceipsorianomontagut\/wp-json\/wp\/v2\/pages\/6623","targetHints":{"allow":["GET"]}}],"collection":[{"href":"https:\/\/agora.xtec.cat\/ceipsorianomontagut\/wp-json\/wp\/v2\/pages"}],"about":[{"href":"https:\/\/agora.xtec.cat\/ceipsorianomontagut\/wp-json\/wp\/v2\/types\/page"}],"author":[{"embeddable":true,"href":"https:\/\/agora.xtec.cat\/ceipsorianomontagut\/wp-json\/wp\/v2\/users\/1"}],"replies":[{"embeddable":true,"href":"https:\/\/agora.xtec.cat\/ceipsorianomontagut\/wp-json\/wp\/v2\/comments?post=6623"}],"version-history":[{"count":4,"href":"https:\/\/agora.xtec.cat\/ceipsorianomontagut\/wp-json\/wp\/v2\/pages\/6623\/revisions"}],"predecessor-version":[{"id":8161,"href":"https:\/\/agora.xtec.cat\/ceipsorianomontagut\/wp-json\/wp\/v2\/pages\/6623\/revisions\/8161"}],"up":[{"embeddable":true,"href":"https:\/\/agora.xtec.cat\/ceipsorianomontagut\/wp-json\/wp\/v2\/pages\/6604"}],"wp:attachment":[{"href":"https:\/\/agora.xtec.cat\/ceipsorianomontagut\/wp-json\/wp\/v2\/media?parent=6623"}],"curies":[{"name":"wp","href":"https:\/\/api.w.org\/{rel}","templated":true}]}}