{"id":6613,"date":"2021-11-15T19:26:43","date_gmt":"2021-11-15T18:26:43","guid":{"rendered":"https:\/\/agora.xtec.cat\/ceipsorianomontagut\/?page_id=6613"},"modified":"2021-11-15T20:18:32","modified_gmt":"2021-11-15T19:18:32","slug":"descripcio-de-serveis-digitals","status":"publish","type":"page","link":"https:\/\/agora.xtec.cat\/ceipsorianomontagut\/lescola\/documents-de-centre\/estrategia-digital-de-centre\/cultura-digital\/descripcio-de-serveis-digitals\/","title":{"rendered":"DESCRIPCI\u00d3 DE SERVEIS DIGITALS"},"content":{"rendered":"<p>El centre compta actualment amb ordinadors per al mestre a totes les aules i sistema de projecci\u00f3 en alguns casos PDI i en alguns panell interactiu.<\/p>\n<p>A cada classe a partir de 3r trobem un rac\u00f3 amb ordinadors de sobretaula.<\/p>\n<p>Tamb\u00e9 tenim 3 carros de port\u00e0tils i dos carros de tauletes. Tot aix\u00f2 sense comptar els carros dels port\u00e0tils dels alumnes de 6\u00e8.<\/p>\n<p>Comptem amb els recursos de rob\u00f2tica seg\u00fcents:<\/p>\n<ul>\n<li>Beeboots<\/li>\n<li>Edison<\/li>\n<li>Makey makey<\/li>\n<\/ul>\n<p>Tots els docents tenen el seu propi port\u00e0til per treballar.<\/p>\n<p>Tamb\u00e9 gaudim de 3 impressores en xarxa i una multicopista.<\/p>\n<p>Tot aix\u00f2 est\u00e0 gestionat desde 2 servidors, un d&#8217;impressi\u00f3 i un altre d&#8217;arxius.<\/p>\n<p>Som un centre amb xarxa LAN transformada.<\/p>\n<p>&nbsp;<\/p>\n<p>EXCEL AMB L&#8217;INVENTARI DEL CENTRE (personal autoritzat)<\/p>\n<p><a href=\"https:\/\/aplicacions.gestioeducativa.gencat.cat\/siteminderagent\/forms\/gicar2019\/loginCorp2019ENv4.fcc?TYPE=33554433&amp;REALMOID=06-a52d9437-9de7-48b7-a964-5a6c5e4b81d4&amp;GUID=&amp;SMAUTHREASON=0&amp;METHOD=GET&amp;SMAGENTNAME=-SM-1FMsixKYKBau7gkEG2m1%2brQu7p1EGfrdOo5%2fWj6Qu1TjpJ7k6t3XMhro45XzPnMS&amp;TARGET=-SM-HTTPS%3a%2f%2faplicacions%2eensenyament%2egencat%2ecat%2fidpe%2fprofile%2fSAML2%2fRedirect%2fSSO%3fSAMLRequest%3dlZLNbsIwEIRfJfKdhIS-%2FYpFIKRyKRAsitIdeKsdZwJJZp16nLW9fQ6hKL0iV7JN3v5md9YTEQdc8b9we1-%2FDeALng66CR-%2BPkhZY1FbgQp4igOQNxJXuSPC56EXV5b44w0mgU5EVinDE4NUnMAW4D9UBKe14uU7Z2riUdRrUWldsoJLQGdBQqhaqSQyoQ7QClc6G9U7FVZGg1uHxKZ6CSWRKtlsWHBzLtTKE46v1RRa3WGoOchAR69T3TXSFXVEHmzW6XhAlxDpSxIL1csWTCfpextCNvuIB4mZTUajcfjqlv2SznojUe9fiVgNPRlRA3MkZxAl7Kkm8Sd2J-%2FBJr7j-%2FYTHg1cWrC6Z3CusFO5uB1i2RcQfNptVpx3yBSydB-%2FQFLJuc1sDPwvZqMbex4mcbLPtX9pPoSq2VrvmTx89nK-%2BNTPga51uZzakE4SFnMoqxt-%2BfuBsm8-%3D%26RelayState%3dss-%3Amem-%3A8972aa46d23923a6b747ff1b5ec07f0724ca42cb0264a27e1e7a53c2407914f7\">PORTAL INDIC(NOM\u00c9S PERSONAL AUTORITZAT)<\/a><\/p>\n","protected":false},"excerpt":{"rendered":"<p>El centre compta actualment amb ordinadors per al mestre a totes les aules i sistema de projecci\u00f3 en alguns casos PDI i en alguns panell interactiu. A cada classe a partir de 3r trobem un rac\u00f3 amb ordinadors de sobretaula. Tamb\u00e9 tenim 3 carros de port\u00e0tils i dos carros de tauletes. Tot aix\u00f2 sense comptar [&hellip;]<\/p>\n","protected":false},"author":1,"featured_media":0,"parent":6604,"menu_order":0,"comment_status":"closed","ping_status":"closed","template":"","meta":{"_bbp_topic_count":0,"_bbp_reply_count":0,"_bbp_total_topic_count":0,"_bbp_total_reply_count":0,"_bbp_voice_count":0,"_bbp_anonymous_reply_count":0,"_bbp_topic_count_hidden":0,"_bbp_reply_count_hidden":0,"_bbp_forum_subforum_count":0,"site-sidebar-layout":"default","site-content-layout":"","ast-site-content-layout":"","site-content-style":"default","site-sidebar-style":"default","ast-global-header-display":"","ast-banner-title-visibility":"","ast-main-header-display":"","ast-hfb-above-header-display":"","ast-hfb-below-header-display":"","ast-hfb-mobile-header-display":"","site-post-title":"","ast-breadcrumbs-content":"","ast-featured-img":"","footer-sml-layout":"","theme-transparent-header-meta":"","adv-header-id-meta":"","stick-header-meta":"","header-above-stick-meta":"","header-main-stick-meta":"","header-below-stick-meta":"","astra-migrate-meta-layouts":"default","ast-page-background-enabled":"default","ast-page-background-meta":{"desktop":{"background-color":"var(--ast-global-color-4)","background-image":"","background-repeat":"repeat","background-position":"center center","background-size":"auto","background-attachment":"scroll","background-type":"","background-media":"","overlay-type":"","overlay-color":"","overlay-opacity":"","overlay-gradient":""},"tablet":{"background-color":"","background-image":"","background-repeat":"repeat","background-position":"center center","background-size":"auto","background-attachment":"scroll","background-type":"","background-media":"","overlay-type":"","overlay-color":"","overlay-opacity":"","overlay-gradient":""},"mobile":{"background-color":"","background-image":"","background-repeat":"repeat","background-position":"center center","background-size":"auto","background-attachment":"scroll","background-type":"","background-media":"","overlay-type":"","overlay-color":"","overlay-opacity":"","overlay-gradient":""}},"ast-content-background-meta":{"desktop":{"background-color":"var(--ast-global-color-5)","background-image":"","background-repeat":"repeat","background-position":"center center","background-size":"auto","background-attachment":"scroll","background-type":"","background-media":"","overlay-type":"","overlay-color":"","overlay-opacity":"","overlay-gradient":""},"tablet":{"background-color":"var(--ast-global-color-5)","background-image":"","background-repeat":"repeat","background-position":"center center","background-size":"auto","background-attachment":"scroll","background-type":"","background-media":"","overlay-type":"","overlay-color":"","overlay-opacity":"","overlay-gradient":""},"mobile":{"background-color":"var(--ast-global-color-5)","background-image":"","background-repeat":"repeat","background-position":"center center","background-size":"auto","background-attachment":"scroll","background-type":"","background-media":"","overlay-type":"","overlay-color":"","overlay-opacity":"","overlay-gradient":""}},"footnotes":""},"class_list":["post-6613","page","type-page","status-publish","hentry"],"post_mailing_queue_ids":[],"_links":{"self":[{"href":"https:\/\/agora.xtec.cat\/ceipsorianomontagut\/wp-json\/wp\/v2\/pages\/6613","targetHints":{"allow":["GET"]}}],"collection":[{"href":"https:\/\/agora.xtec.cat\/ceipsorianomontagut\/wp-json\/wp\/v2\/pages"}],"about":[{"href":"https:\/\/agora.xtec.cat\/ceipsorianomontagut\/wp-json\/wp\/v2\/types\/page"}],"author":[{"embeddable":true,"href":"https:\/\/agora.xtec.cat\/ceipsorianomontagut\/wp-json\/wp\/v2\/users\/1"}],"replies":[{"embeddable":true,"href":"https:\/\/agora.xtec.cat\/ceipsorianomontagut\/wp-json\/wp\/v2\/comments?post=6613"}],"version-history":[{"count":3,"href":"https:\/\/agora.xtec.cat\/ceipsorianomontagut\/wp-json\/wp\/v2\/pages\/6613\/revisions"}],"predecessor-version":[{"id":6634,"href":"https:\/\/agora.xtec.cat\/ceipsorianomontagut\/wp-json\/wp\/v2\/pages\/6613\/revisions\/6634"}],"up":[{"embeddable":true,"href":"https:\/\/agora.xtec.cat\/ceipsorianomontagut\/wp-json\/wp\/v2\/pages\/6604"}],"wp:attachment":[{"href":"https:\/\/agora.xtec.cat\/ceipsorianomontagut\/wp-json\/wp\/v2\/media?parent=6613"}],"curies":[{"name":"wp","href":"https:\/\/api.w.org\/{rel}","templated":true}]}}