{"id":38,"date":"2014-09-18T12:34:08","date_gmt":"2014-09-18T11:34:08","guid":{"rendered":"http:\/\/agora.xtec.cat\/ceipsorianomontagut\/?page_id=38"},"modified":"2018-11-13T10:20:25","modified_gmt":"2018-11-13T09:20:25","slug":"salut","status":"publish","type":"page","link":"https:\/\/agora.xtec.cat\/ceipsorianomontagut\/lescola\/salut\/","title":{"rendered":"Salut"},"content":{"rendered":"<p>Aqu\u00ed podreu trobar una s\u00e8rie d&#8217;informaci\u00f3 i documents \u00fatils per a les fam\u00edlies.<\/p>\n<p><strong>Fitxa d&#8217;informaci\u00f3 sanit\u00e0ria<\/strong>: <a href=\"http:\/\/www.xtec.cat\/ceipsorianomontagut\/fitxamedicaalumnes.pdf\">http:\/\/www.xtec.cat\/ceipsorianomontagut\/fitxamedicaalumnes.pdf<\/a><\/p>\n<p><strong>Informaci\u00f3 i administraci\u00f3 de paracetamol<\/strong>: <a href=\"http:\/\/www.xtec.cat\/ceipsorianomontagut\/Paracetamolinformacio.pdf\">http:\/\/www.xtec.cat\/ceipsorianomontagut\/Paracetamolinformacio.pdf<\/a><\/p>\n<p><strong>Polls<\/strong>: <a href=\"http:\/\/www.xtec.cat\/ceipsorianomontagut\/pollsinformacio.pdf\">http:\/\/www.xtec.cat\/ceipsorianomontagut\/pollsinformacio.pdf<\/a><\/p>\n<p><strong>Criteris de no assist\u00e8ncia de l&#8217;alumnat durant un per\u00edode de temps determinat a causa de malalties transmissibles:<\/strong><\/p>\n<p>http:\/\/www.xtec.cat\/ceipsorianomontagut\/doc_criterios_no_asistencia_escolar.pdf<\/p>\n<p><strong>Al\u00b7l\u00e8rgies:\u00a0<\/strong><\/p>\n<p>&nbsp;<\/p>\n<p>&nbsp;<\/p>\n<p>&nbsp;<\/p>\n<p>&nbsp;<\/p>\n<p>&nbsp;<\/p>\n<p>&nbsp;<\/p>\n<p>&nbsp;<\/p>\n","protected":false},"excerpt":{"rendered":"<p>Aqu\u00ed podreu trobar una s\u00e8rie d&#8217;informaci\u00f3 i documents \u00fatils per a les fam\u00edlies. Fitxa d&#8217;informaci\u00f3 sanit\u00e0ria: http:\/\/www.xtec.cat\/ceipsorianomontagut\/fitxamedicaalumnes.pdf Informaci\u00f3 i administraci\u00f3 de paracetamol: http:\/\/www.xtec.cat\/ceipsorianomontagut\/Paracetamolinformacio.pdf Polls: http:\/\/www.xtec.cat\/ceipsorianomontagut\/pollsinformacio.pdf Criteris de no assist\u00e8ncia de l&#8217;alumnat durant un per\u00edode de temps determinat a causa de malalties transmissibles: http:\/\/www.xtec.cat\/ceipsorianomontagut\/doc_criterios_no_asistencia_escolar.pdf Al\u00b7l\u00e8rgies:\u00a0 &nbsp; &nbsp; &nbsp; &nbsp; &nbsp; &nbsp; &nbsp;<\/p>\n","protected":false},"author":1,"featured_media":0,"parent":22,"menu_order":80,"comment_status":"closed","ping_status":"closed","template":"page-templates\/side-menu.php","meta":{"_bbp_topic_count":0,"_bbp_reply_count":0,"_bbp_total_topic_count":0,"_bbp_total_reply_count":0,"_bbp_voice_count":0,"_bbp_anonymous_reply_count":0,"_bbp_topic_count_hidden":0,"_bbp_reply_count_hidden":0,"_bbp_forum_subforum_count":0,"site-sidebar-layout":"default","site-content-layout":"","ast-site-content-layout":"","site-content-style":"default","site-sidebar-style":"default","ast-global-header-display":"","ast-banner-title-visibility":"","ast-main-header-display":"","ast-hfb-above-header-display":"","ast-hfb-below-header-display":"","ast-hfb-mobile-header-display":"","site-post-title":"","ast-breadcrumbs-content":"","ast-featured-img":"","footer-sml-layout":"","theme-transparent-header-meta":"","adv-header-id-meta":"","stick-header-meta":"","header-above-stick-meta":"","header-main-stick-meta":"","header-below-stick-meta":"","astra-migrate-meta-layouts":"default","ast-page-background-enabled":"default","ast-page-background-meta":{"desktop":{"background-color":"var(--ast-global-color-4)","background-image":"","background-repeat":"repeat","background-position":"center center","background-size":"auto","background-attachment":"scroll","background-type":"","background-media":"","overlay-type":"","overlay-color":"","overlay-opacity":"","overlay-gradient":""},"tablet":{"background-color":"","background-image":"","background-repeat":"repeat","background-position":"center center","background-size":"auto","background-attachment":"scroll","background-type":"","background-media":"","overlay-type":"","overlay-color":"","overlay-opacity":"","overlay-gradient":""},"mobile":{"background-color":"","background-image":"","background-repeat":"repeat","background-position":"center center","background-size":"auto","background-attachment":"scroll","background-type":"","background-media":"","overlay-type":"","overlay-color":"","overlay-opacity":"","overlay-gradient":""}},"ast-content-background-meta":{"desktop":{"background-color":"var(--ast-global-color-5)","background-image":"","background-repeat":"repeat","background-position":"center center","background-size":"auto","background-attachment":"scroll","background-type":"","background-media":"","overlay-type":"","overlay-color":"","overlay-opacity":"","overlay-gradient":""},"tablet":{"background-color":"var(--ast-global-color-5)","background-image":"","background-repeat":"repeat","background-position":"center center","background-size":"auto","background-attachment":"scroll","background-type":"","background-media":"","overlay-type":"","overlay-color":"","overlay-opacity":"","overlay-gradient":""},"mobile":{"background-color":"var(--ast-global-color-5)","background-image":"","background-repeat":"repeat","background-position":"center center","background-size":"auto","background-attachment":"scroll","background-type":"","background-media":"","overlay-type":"","overlay-color":"","overlay-opacity":"","overlay-gradient":""}},"footnotes":""},"class_list":["post-38","page","type-page","status-publish","hentry"],"post_mailing_queue_ids":[],"_links":{"self":[{"href":"https:\/\/agora.xtec.cat\/ceipsorianomontagut\/wp-json\/wp\/v2\/pages\/38","targetHints":{"allow":["GET"]}}],"collection":[{"href":"https:\/\/agora.xtec.cat\/ceipsorianomontagut\/wp-json\/wp\/v2\/pages"}],"about":[{"href":"https:\/\/agora.xtec.cat\/ceipsorianomontagut\/wp-json\/wp\/v2\/types\/page"}],"author":[{"embeddable":true,"href":"https:\/\/agora.xtec.cat\/ceipsorianomontagut\/wp-json\/wp\/v2\/users\/1"}],"replies":[{"embeddable":true,"href":"https:\/\/agora.xtec.cat\/ceipsorianomontagut\/wp-json\/wp\/v2\/comments?post=38"}],"version-history":[{"count":3,"href":"https:\/\/agora.xtec.cat\/ceipsorianomontagut\/wp-json\/wp\/v2\/pages\/38\/revisions"}],"predecessor-version":[{"id":488,"href":"https:\/\/agora.xtec.cat\/ceipsorianomontagut\/wp-json\/wp\/v2\/pages\/38\/revisions\/488"}],"up":[{"embeddable":true,"href":"https:\/\/agora.xtec.cat\/ceipsorianomontagut\/wp-json\/wp\/v2\/pages\/22"}],"wp:attachment":[{"href":"https:\/\/agora.xtec.cat\/ceipsorianomontagut\/wp-json\/wp\/v2\/media?parent=38"}],"curies":[{"name":"wp","href":"https:\/\/api.w.org\/{rel}","templated":true}]}}