{"id":36,"date":"2014-09-18T12:33:11","date_gmt":"2014-09-18T11:33:11","guid":{"rendered":"http:\/\/agora.xtec.cat\/ceipsorianomontagut\/?page_id=36"},"modified":"2025-06-25T14:14:46","modified_gmt":"2025-06-25T12:14:46","slug":"material-escolar","status":"publish","type":"page","link":"https:\/\/agora.xtec.cat\/ceipsorianomontagut\/lescola\/material-escolar\/","title":{"rendered":"Material escolar"},"content":{"rendered":"<p><strong>A l&#8217;etapa d&#8217;Educaci\u00f3 infantil:<\/strong><\/p>\n<p>A l&#8217;Educaci\u00f3 Infantil s&#8217;utilitzen diferents materials elaborats pels mestres de l&#8217;escola (fitxes, material manipulatiu llibres de lectura&#8230;). El material que s&#8217;utilitza \u00e9s d&#8217;\u00fas com\u00fa i es queda a les aules, per poder adquirir-lo les fam\u00edlies han de pagar una quota anual.<\/p>\n<p><strong>A l&#8217;etapa de l&#8217;Educaci\u00f3 Prim\u00e0ria:<\/strong><\/p>\n<p>A <strong>1r i 2n<\/strong> s&#8217;utilitzen diferents materials elaborats pels mestres i alguns llibres de text fungibles.<\/p>\n<p><strong>A partir de 3r<\/strong> l&#8217;escola participa al projecte per a la <strong>reutilitzaci\u00f3 de llibres<\/strong>\u00a0 Aquest projecte es basa en l\u2019\u00fas compartit dels llibres.<br \/>\nConsisteix en rebre a inici de curs tots els llibres de text i, en acabar, les fam\u00edlies els cedeixen tots al centre per tal que la promoci\u00f3 seg\u00fcent en pugui fer \u00fas.<br \/>\nLes fam\u00edlies que hi participen nom\u00e9s han d\u2019adquirir els llibres i materials que s\u2019han d\u2019anar renovant i pagar una quota de manteniment anual.<br \/>\nEn el cas que no desitgeu participar d\u2019aquest projecte haureu de comprar tots els llibres de text i us haureu de posar en contacte amb el centre per tal de recollir el llistat complert de llibres i materials.<\/p>\n<p>L\u2019AFA de l\u2019escola hi participa molt directament adquirint i distribuint els materials necessaris de cada curs.<\/p>\n<h2 style=\"text-align: center;\"><a href=\"https:\/\/agora.xtec.cat\/ceipsorianomontagut\/wp-content\/uploads\/usu1929\/2025\/06\/MaterialsAFA2526.pdf\">Material i sortides gestionat per l&#8217;AFA Curs 25_26<\/a><\/h2>\n<h2 style=\"text-align: center;\"><a href=\"https:\/\/agora.xtec.cat\/ceipsorianomontagut\/wp-content\/uploads\/usu1929\/2025\/06\/Materialsescola.pdf\">Materials\u00a0<\/a><\/h2>\n<p>&nbsp;<\/p>\n<p style=\"text-align: center;\">\n","protected":false},"excerpt":{"rendered":"<p>A l&#8217;etapa d&#8217;Educaci\u00f3 infantil: A l&#8217;Educaci\u00f3 Infantil s&#8217;utilitzen diferents materials elaborats pels mestres de l&#8217;escola (fitxes, material manipulatiu llibres de lectura&#8230;). El material que s&#8217;utilitza \u00e9s d&#8217;\u00fas com\u00fa i es queda a les aules, per poder adquirir-lo les fam\u00edlies han de pagar una quota anual. A l&#8217;etapa de l&#8217;Educaci\u00f3 Prim\u00e0ria: A 1r i 2n s&#8217;utilitzen [&hellip;]<\/p>\n","protected":false},"author":1,"featured_media":0,"parent":22,"menu_order":70,"comment_status":"closed","ping_status":"closed","template":"page-templates\/side-menu.php","meta":{"_bbp_topic_count":0,"_bbp_reply_count":0,"_bbp_total_topic_count":0,"_bbp_total_reply_count":0,"_bbp_voice_count":0,"_bbp_anonymous_reply_count":0,"_bbp_topic_count_hidden":0,"_bbp_reply_count_hidden":0,"_bbp_forum_subforum_count":0,"site-sidebar-layout":"default","site-content-layout":"","ast-site-content-layout":"","site-content-style":"default","site-sidebar-style":"default","ast-global-header-display":"","ast-banner-title-visibility":"","ast-main-header-display":"","ast-hfb-above-header-display":"","ast-hfb-below-header-display":"","ast-hfb-mobile-header-display":"","site-post-title":"","ast-breadcrumbs-content":"","ast-featured-img":"","footer-sml-layout":"","theme-transparent-header-meta":"","adv-header-id-meta":"","stick-header-meta":"","header-above-stick-meta":"","header-main-stick-meta":"","header-below-stick-meta":"","astra-migrate-meta-layouts":"default","ast-page-background-enabled":"default","ast-page-background-meta":{"desktop":{"background-color":"var(--ast-global-color-4)","background-image":"","background-repeat":"repeat","background-position":"center center","background-size":"auto","background-attachment":"scroll","background-type":"","background-media":"","overlay-type":"","overlay-color":"","overlay-opacity":"","overlay-gradient":""},"tablet":{"background-color":"","background-image":"","background-repeat":"repeat","background-position":"center center","background-size":"auto","background-attachment":"scroll","background-type":"","background-media":"","overlay-type":"","overlay-color":"","overlay-opacity":"","overlay-gradient":""},"mobile":{"background-color":"","background-image":"","background-repeat":"repeat","background-position":"center center","background-size":"auto","background-attachment":"scroll","background-type":"","background-media":"","overlay-type":"","overlay-color":"","overlay-opacity":"","overlay-gradient":""}},"ast-content-background-meta":{"desktop":{"background-color":"var(--ast-global-color-5)","background-image":"","background-repeat":"repeat","background-position":"center center","background-size":"auto","background-attachment":"scroll","background-type":"","background-media":"","overlay-type":"","overlay-color":"","overlay-opacity":"","overlay-gradient":""},"tablet":{"background-color":"var(--ast-global-color-5)","background-image":"","background-repeat":"repeat","background-position":"center center","background-size":"auto","background-attachment":"scroll","background-type":"","background-media":"","overlay-type":"","overlay-color":"","overlay-opacity":"","overlay-gradient":""},"mobile":{"background-color":"var(--ast-global-color-5)","background-image":"","background-repeat":"repeat","background-position":"center center","background-size":"auto","background-attachment":"scroll","background-type":"","background-media":"","overlay-type":"","overlay-color":"","overlay-opacity":"","overlay-gradient":""}},"footnotes":""},"class_list":["post-36","page","type-page","status-publish","hentry"],"post_mailing_queue_ids":[],"_links":{"self":[{"href":"https:\/\/agora.xtec.cat\/ceipsorianomontagut\/wp-json\/wp\/v2\/pages\/36","targetHints":{"allow":["GET"]}}],"collection":[{"href":"https:\/\/agora.xtec.cat\/ceipsorianomontagut\/wp-json\/wp\/v2\/pages"}],"about":[{"href":"https:\/\/agora.xtec.cat\/ceipsorianomontagut\/wp-json\/wp\/v2\/types\/page"}],"author":[{"embeddable":true,"href":"https:\/\/agora.xtec.cat\/ceipsorianomontagut\/wp-json\/wp\/v2\/users\/1"}],"replies":[{"embeddable":true,"href":"https:\/\/agora.xtec.cat\/ceipsorianomontagut\/wp-json\/wp\/v2\/comments?post=36"}],"version-history":[{"count":6,"href":"https:\/\/agora.xtec.cat\/ceipsorianomontagut\/wp-json\/wp\/v2\/pages\/36\/revisions"}],"predecessor-version":[{"id":8980,"href":"https:\/\/agora.xtec.cat\/ceipsorianomontagut\/wp-json\/wp\/v2\/pages\/36\/revisions\/8980"}],"up":[{"embeddable":true,"href":"https:\/\/agora.xtec.cat\/ceipsorianomontagut\/wp-json\/wp\/v2\/pages\/22"}],"wp:attachment":[{"href":"https:\/\/agora.xtec.cat\/ceipsorianomontagut\/wp-json\/wp\/v2\/media?parent=36"}],"curies":[{"name":"wp","href":"https:\/\/api.w.org\/{rel}","templated":true}]}}