{"id":1384,"date":"2019-10-11T13:45:33","date_gmt":"2019-10-11T11:45:33","guid":{"rendered":"https:\/\/agora.xtec.cat\/ceipsorianomontagut\/?page_id=1384"},"modified":"2023-11-29T12:38:32","modified_gmt":"2023-11-29T11:38:32","slug":"metodologia-grans","status":"publish","type":"page","link":"https:\/\/agora.xtec.cat\/ceipsorianomontagut\/com-treballem-metodologies\/metodologia-grans\/","title":{"rendered":"Metodologia comunitats de grans"},"content":{"rendered":"<div align=\"center\">\n<p>Fem servir metodologies diverses perqu\u00e8 cada alumne t\u00e9 un estil i ritme d\u2019aprenentatge diferent, i d\u2019aquesta manera ens podem adaptar millor a les necessitats de cadasc\u00fa.<\/p>\n<p>&nbsp;<\/p>\n<p>&nbsp;<\/p>\n<p><strong>&#8211; Treball sistem\u00e0tic de les \u00e0rees amb material divers: fitxes, llibres&#8230;<\/strong><\/p>\n<p>Utilitzem llibres de text i fitxes elaborades per l&#8217;equip educatiu de l&#8217;escola.<\/p>\n<p><strong>&#8211; ABP Projectes:<\/strong><\/p>\n<p><span style=\"font-weight: 400;\">promou l<\/span><b>\u2019<\/b><span style=\"font-weight: 400;\">autoaprenentatge, <\/span><b>investigaci\u00f3<\/b><span style=\"font-weight: 400;\">, treball en equip, cercar informaci\u00f3, interpretar-la\u2026<\/span><\/p>\n<p><span style=\"font-weight: 400;\">Es treballen totes les \u00e0rees: matem\u00e0tiques, medi natural&#8230;<\/span><\/p>\n<p><strong>&#8211; Espais<\/strong><\/p>\n<p>Suposen uns escenaris d\u2019aprenentatge, de comunicaci\u00f3 i de relaci\u00f3 on els infants interactuen i experimenten\u00a0 amb diferents materials i propostes basades amb les <strong>diferents intel\u00b7lig\u00e8ncies<\/strong> . Es fan nou grups amb <strong>alumnat de diferents nivells<\/strong>. Cada espai dura 3 sessions seguides.<\/p>\n<p><strong>-Treball cooperatiu<\/strong><\/p>\n<p>\u00c9s una eina d&#8217;aprenentatge en la qual els alumnes s&#8217;organitzen en petits grups per treballar junts amb la intenci\u00f3 d&#8217;aconseguir metes i objectius comuns.<\/p>\n<p><strong>&#8211; Entorn virtual d&#8217;aprenentatge.<\/strong><\/p>\n<p>L&#8217;alumnat utilitza <strong>dispositius digitals com tauletes o ordinadors<\/strong> port\u00e0tils per a treballar diferents continguts de les \u00e0rees. Fem servir la plataforma Goggle Clasroom.<\/p>\n<p>&nbsp;<\/p>\n<p>&nbsp;<\/p>\n<\/div>\n<p>&nbsp;<\/p>\n<p>&nbsp;<\/p>\n","protected":false},"excerpt":{"rendered":"<p>Fem servir metodologies diverses perqu\u00e8 cada alumne t\u00e9 un estil i ritme d\u2019aprenentatge diferent, i d\u2019aquesta manera ens podem adaptar millor a les necessitats de cadasc\u00fa. &nbsp; &nbsp; &#8211; Treball sistem\u00e0tic de les \u00e0rees amb material divers: fitxes, llibres&#8230; Utilitzem llibres de text i fitxes elaborades per l&#8217;equip educatiu de l&#8217;escola. &#8211; ABP Projectes: promou [&hellip;]<\/p>\n","protected":false},"author":1,"featured_media":0,"parent":1377,"menu_order":3,"comment_status":"closed","ping_status":"closed","template":"","meta":{"_bbp_topic_count":0,"_bbp_reply_count":0,"_bbp_total_topic_count":0,"_bbp_total_reply_count":0,"_bbp_voice_count":0,"_bbp_anonymous_reply_count":0,"_bbp_topic_count_hidden":0,"_bbp_reply_count_hidden":0,"_bbp_forum_subforum_count":0,"site-sidebar-layout":"default","site-content-layout":"","ast-site-content-layout":"","site-content-style":"default","site-sidebar-style":"default","ast-global-header-display":"","ast-banner-title-visibility":"","ast-main-header-display":"","ast-hfb-above-header-display":"","ast-hfb-below-header-display":"","ast-hfb-mobile-header-display":"","site-post-title":"","ast-breadcrumbs-content":"","ast-featured-img":"","footer-sml-layout":"","theme-transparent-header-meta":"","adv-header-id-meta":"","stick-header-meta":"","header-above-stick-meta":"","header-main-stick-meta":"","header-below-stick-meta":"","astra-migrate-meta-layouts":"default","ast-page-background-enabled":"default","ast-page-background-meta":{"desktop":{"background-color":"var(--ast-global-color-4)","background-image":"","background-repeat":"repeat","background-position":"center center","background-size":"auto","background-attachment":"scroll","background-type":"","background-media":"","overlay-type":"","overlay-color":"","overlay-opacity":"","overlay-gradient":""},"tablet":{"background-color":"","background-image":"","background-repeat":"repeat","background-position":"center center","background-size":"auto","background-attachment":"scroll","background-type":"","background-media":"","overlay-type":"","overlay-color":"","overlay-opacity":"","overlay-gradient":""},"mobile":{"background-color":"","background-image":"","background-repeat":"repeat","background-position":"center center","background-size":"auto","background-attachment":"scroll","background-type":"","background-media":"","overlay-type":"","overlay-color":"","overlay-opacity":"","overlay-gradient":""}},"ast-content-background-meta":{"desktop":{"background-color":"var(--ast-global-color-5)","background-image":"","background-repeat":"repeat","background-position":"center center","background-size":"auto","background-attachment":"scroll","background-type":"","background-media":"","overlay-type":"","overlay-color":"","overlay-opacity":"","overlay-gradient":""},"tablet":{"background-color":"var(--ast-global-color-5)","background-image":"","background-repeat":"repeat","background-position":"center center","background-size":"auto","background-attachment":"scroll","background-type":"","background-media":"","overlay-type":"","overlay-color":"","overlay-opacity":"","overlay-gradient":""},"mobile":{"background-color":"var(--ast-global-color-5)","background-image":"","background-repeat":"repeat","background-position":"center center","background-size":"auto","background-attachment":"scroll","background-type":"","background-media":"","overlay-type":"","overlay-color":"","overlay-opacity":"","overlay-gradient":""}},"footnotes":""},"class_list":["post-1384","page","type-page","status-publish","hentry"],"post_mailing_queue_ids":[],"_links":{"self":[{"href":"https:\/\/agora.xtec.cat\/ceipsorianomontagut\/wp-json\/wp\/v2\/pages\/1384","targetHints":{"allow":["GET"]}}],"collection":[{"href":"https:\/\/agora.xtec.cat\/ceipsorianomontagut\/wp-json\/wp\/v2\/pages"}],"about":[{"href":"https:\/\/agora.xtec.cat\/ceipsorianomontagut\/wp-json\/wp\/v2\/types\/page"}],"author":[{"embeddable":true,"href":"https:\/\/agora.xtec.cat\/ceipsorianomontagut\/wp-json\/wp\/v2\/users\/1"}],"replies":[{"embeddable":true,"href":"https:\/\/agora.xtec.cat\/ceipsorianomontagut\/wp-json\/wp\/v2\/comments?post=1384"}],"version-history":[{"count":5,"href":"https:\/\/agora.xtec.cat\/ceipsorianomontagut\/wp-json\/wp\/v2\/pages\/1384\/revisions"}],"predecessor-version":[{"id":8334,"href":"https:\/\/agora.xtec.cat\/ceipsorianomontagut\/wp-json\/wp\/v2\/pages\/1384\/revisions\/8334"}],"up":[{"embeddable":true,"href":"https:\/\/agora.xtec.cat\/ceipsorianomontagut\/wp-json\/wp\/v2\/pages\/1377"}],"wp:attachment":[{"href":"https:\/\/agora.xtec.cat\/ceipsorianomontagut\/wp-json\/wp\/v2\/media?parent=1384"}],"curies":[{"name":"wp","href":"https:\/\/api.w.org\/{rel}","templated":true}]}}