{"id":73,"date":"2016-11-11T14:01:51","date_gmt":"2016-11-11T13:01:51","guid":{"rendered":"http:\/\/agora.xtec.cat\/ceipsolilluna\/?page_id=73"},"modified":"2025-02-06T23:50:31","modified_gmt":"2025-02-06T22:50:31","slug":"menjador-escolar","status":"publish","type":"page","link":"https:\/\/agora.xtec.cat\/ceipsolilluna\/ampa\/menjador-escolar\/","title":{"rendered":"Menjador escolar"},"content":{"rendered":"<p>L&#8217;AFA de l&#8217;escola ofereix el servei de <span style=\"color: #0000ff;\"><b>menjador<\/b>,<\/span> amb cuina pr\u00f2pia. Es pot fer \u00fas espor\u00e0dic o habitual.<\/p>\n<p>Existeix una <strong><a href=\"https:\/\/drive.google.com\/file\/d\/1xOErAWTJhiL4rocL52mlk66ADjs3_iae\/view?usp=sharing\">normativa de menjador<\/a>,<\/strong> aprovada en assemblea d&#8217;AFA, que \u00e9s important con\u00e8ixer.<\/p>\n<p>Seguint l&#8217;enlla\u00e7, podeu veure el<strong> <a href=\"https:\/\/camposestela.com\/menus\/\">MEN\u00da DEL MES.<\/a><\/strong><\/p>\n<p>Dins les franges de migdia, el monitoratge organitza i dinamitza activitats, com el Pesa i Pensa.<\/p>\n<p>El projecte de menjador tamb\u00e9 participa en accions solid\u00e0ries i de cooperaci\u00f3, com el projecte<\/p>\n<p><a href=\"http:\/\/https:\/\/www.consellvallesoccidental.cat\/accio-social-educacio-i-formacio\/sostenibilitat-alimentaria\/recooperem-cuina-per-compartir\/\"><img loading=\"lazy\" decoding=\"async\" class=\"aligncenter  wp-image-11591\" src=\"https:\/\/agora.xtec.cat\/ceipsolilluna\/wp-content\/uploads\/usu372\/2025\/02\/logo_recooperem_2021_hor_def-1920x688-1-1024x367.jpg\" alt=\"\" width=\"455\" height=\"163\" srcset=\"https:\/\/agora.xtec.cat\/ceipsolilluna\/wp-content\/uploads\/usu372\/2025\/02\/logo_recooperem_2021_hor_def-1920x688-1-1024x367.jpg 1024w, https:\/\/agora.xtec.cat\/ceipsolilluna\/wp-content\/uploads\/usu372\/2025\/02\/logo_recooperem_2021_hor_def-1920x688-1-300x108.jpg 300w, https:\/\/agora.xtec.cat\/ceipsolilluna\/wp-content\/uploads\/usu372\/2025\/02\/logo_recooperem_2021_hor_def-1920x688-1-768x275.jpg 768w, https:\/\/agora.xtec.cat\/ceipsolilluna\/wp-content\/uploads\/usu372\/2025\/02\/logo_recooperem_2021_hor_def-1920x688-1-1536x550.jpg 1536w, https:\/\/agora.xtec.cat\/ceipsolilluna\/wp-content\/uploads\/usu372\/2025\/02\/logo_recooperem_2021_hor_def-1920x688-1.jpg 1920w\" sizes=\"auto, (max-width: 455px) 100vw, 455px\" \/><\/a><\/p>\n","protected":false},"excerpt":{"rendered":"<p>L&#8217;AFA de l&#8217;escola ofereix el servei de menjador, amb cuina pr\u00f2pia. Es pot fer \u00fas espor\u00e0dic o habitual. Existeix una normativa de menjador, aprovada en assemblea d&#8217;AFA, que \u00e9s important con\u00e8ixer. Seguint l&#8217;enlla\u00e7, podeu veure el MEN\u00da DEL MES. Dins les franges de migdia, el monitoratge organitza i dinamitza activitats, com el Pesa i Pensa. [&hellip;]<\/p>\n","protected":false},"author":1,"featured_media":0,"parent":325,"menu_order":30,"comment_status":"closed","ping_status":"closed","template":"page-templates\/side-menu.php","meta":{"_bbp_topic_count":0,"_bbp_reply_count":0,"_bbp_total_topic_count":0,"_bbp_total_reply_count":0,"_bbp_voice_count":0,"_bbp_anonymous_reply_count":0,"_bbp_topic_count_hidden":0,"_bbp_reply_count_hidden":0,"_bbp_forum_subforum_count":0,"site-sidebar-layout":"default","site-content-layout":"","ast-site-content-layout":"","site-content-style":"default","site-sidebar-style":"default","ast-global-header-display":"","ast-banner-title-visibility":"","ast-main-header-display":"","ast-hfb-above-header-display":"","ast-hfb-below-header-display":"","ast-hfb-mobile-header-display":"","site-post-title":"","ast-breadcrumbs-content":"","ast-featured-img":"","footer-sml-layout":"","theme-transparent-header-meta":"","adv-header-id-meta":"","stick-header-meta":"","header-above-stick-meta":"","header-main-stick-meta":"","header-below-stick-meta":"","astra-migrate-meta-layouts":"default","ast-page-background-enabled":"default","ast-page-background-meta":{"desktop":{"background-color":"var(--ast-global-color-4)","background-image":"","background-repeat":"repeat","background-position":"center center","background-size":"auto","background-attachment":"scroll","background-type":"","background-media":"","overlay-type":"","overlay-color":"","overlay-opacity":"","overlay-gradient":""},"tablet":{"background-color":"","background-image":"","background-repeat":"repeat","background-position":"center center","background-size":"auto","background-attachment":"scroll","background-type":"","background-media":"","overlay-type":"","overlay-color":"","overlay-opacity":"","overlay-gradient":""},"mobile":{"background-color":"","background-image":"","background-repeat":"repeat","background-position":"center center","background-size":"auto","background-attachment":"scroll","background-type":"","background-media":"","overlay-type":"","overlay-color":"","overlay-opacity":"","overlay-gradient":""}},"ast-content-background-meta":{"desktop":{"background-color":"var(--ast-global-color-5)","background-image":"","background-repeat":"repeat","background-position":"center center","background-size":"auto","background-attachment":"scroll","background-type":"","background-media":"","overlay-type":"","overlay-color":"","overlay-opacity":"","overlay-gradient":""},"tablet":{"background-color":"var(--ast-global-color-5)","background-image":"","background-repeat":"repeat","background-position":"center center","background-size":"auto","background-attachment":"scroll","background-type":"","background-media":"","overlay-type":"","overlay-color":"","overlay-opacity":"","overlay-gradient":""},"mobile":{"background-color":"var(--ast-global-color-5)","background-image":"","background-repeat":"repeat","background-position":"center center","background-size":"auto","background-attachment":"scroll","background-type":"","background-media":"","overlay-type":"","overlay-color":"","overlay-opacity":"","overlay-gradient":""}},"footnotes":""},"class_list":["post-73","page","type-page","status-publish","hentry"],"post_mailing_queue_ids":[],"_links":{"self":[{"href":"https:\/\/agora.xtec.cat\/ceipsolilluna\/wp-json\/wp\/v2\/pages\/73","targetHints":{"allow":["GET"]}}],"collection":[{"href":"https:\/\/agora.xtec.cat\/ceipsolilluna\/wp-json\/wp\/v2\/pages"}],"about":[{"href":"https:\/\/agora.xtec.cat\/ceipsolilluna\/wp-json\/wp\/v2\/types\/page"}],"author":[{"embeddable":true,"href":"https:\/\/agora.xtec.cat\/ceipsolilluna\/wp-json\/wp\/v2\/users\/1"}],"replies":[{"embeddable":true,"href":"https:\/\/agora.xtec.cat\/ceipsolilluna\/wp-json\/wp\/v2\/comments?post=73"}],"version-history":[{"count":5,"href":"https:\/\/agora.xtec.cat\/ceipsolilluna\/wp-json\/wp\/v2\/pages\/73\/revisions"}],"predecessor-version":[{"id":11592,"href":"https:\/\/agora.xtec.cat\/ceipsolilluna\/wp-json\/wp\/v2\/pages\/73\/revisions\/11592"}],"up":[{"embeddable":true,"href":"https:\/\/agora.xtec.cat\/ceipsolilluna\/wp-json\/wp\/v2\/pages\/325"}],"wp:attachment":[{"href":"https:\/\/agora.xtec.cat\/ceipsolilluna\/wp-json\/wp\/v2\/media?parent=73"}],"curies":[{"name":"wp","href":"https:\/\/api.w.org\/{rel}","templated":true}]}}