{"id":64,"date":"2016-11-11T12:39:08","date_gmt":"2016-11-11T11:39:08","guid":{"rendered":"http:\/\/agora.xtec.cat\/ceipsolilluna\/?page_id=64"},"modified":"2025-02-04T22:47:45","modified_gmt":"2025-02-04T21:47:45","slug":"projecte-educatiu","status":"publish","type":"page","link":"https:\/\/agora.xtec.cat\/ceipsolilluna\/projecte-educatiu\/","title":{"rendered":"Projecte educatiu"},"content":{"rendered":"<h1><span style=\"color: #800080;\">Som<strong> una escola:<\/strong><\/span><\/h1>\n<ul>\n<li>Que <span style=\"color: #333333;\"><strong>apr\u00e8n en context<\/strong>,<\/span> de forma global, partint dels <span style=\"color: #333399;\"><strong>projectes de comunitat <\/strong><\/span><span style=\"color: #333399;\"><strong>d\u2019aula, integrant diversitat de recursos i metodologies, entenent que hi ha <\/strong><\/span><span style=\"color: #333399;\"><strong>diferents estils d\u2019aprenentatge<\/strong>.<\/span> Pensem que els infants han de cr\u00e9ixer amb sentit i benestar, assolint compet\u00e8ncies per viure en un m\u00f3n canviant.<\/li>\n<li><strong>Coeducadora, equitativa, restaurativa i respectuosa amb la diversitat <\/strong>d\u2019infants i fam\u00edlies, on totes les veus i idees s\u00f3n importants. Aprenem convivint, <span style=\"color: #333399;\"><strong>amb el treball cooperatiu, la conversa, pr\u00e0ctiques inclusives de refer\u00e8ncia i projectes compartits entre grups, comunitats o etapes.\u00a0 \u00a0 \u00a0 \u00a0 \u00a0 \u00a0\u00a0<\/strong><\/span><\/li>\n<li>Que promou el <strong>di\u00e0leg, l\u2019escolta, la cultura democr\u00e0tica i la compet\u00e8ncia comunicativa<\/strong> de tots els infants, integrant l\u2019\u00fas de les tres lleng\u00fces i altres sistemes de comunicaci\u00f3 a activitats d\u2019escola.<\/li>\n<\/ul>\n<ul style=\"list-style-type: disc; text-align: justify;\">\n<li>Que <strong>incorpora la perspectiva STEAM, les eines digitals i el llenguatge de programaci\u00f3<\/strong>, reflexionant sobre com aprenem i proposant actuacions i millores del nostre entorn i comunitat.<\/li>\n<\/ul>\n<ul style=\"list-style-type: disc; text-align: justify;\">\n<li><strong>Oberta i participativa,<\/strong> que fa xarxa amb fam\u00edlies, entitats i entorns pedag\u00f2gics.<\/li>\n<\/ul>\n<ul style=\"list-style-type: disc;\">\n<li style=\"text-align: justify;\">Que <strong>camina<\/strong> amb fermesa cap a <span style=\"color: #3366ff;\"><a style=\"color: #3366ff;\" href=\"https:\/\/view.genial.ly\/601fd855a198a90d2050f271\/presentation-avancem-cap-a-la-visio-descola\"><strong>la visi\u00f3 d\u2019escola <\/strong><\/a><\/span>\u00a0que hem creat junts alumnes, fam\u00edlies i mestres, aprofitant els fonaments dels darrers anys, reflexionant i actuant, com a equip i com a comunitat.<\/li>\n<\/ul>\n<h1><span style=\"color: #800080;\"><strong>I com ho fem?<\/strong><\/span><\/h1>\n<ul>\n<li>Enfocament globalitzat amb <strong>projectes de comunitat d\u2019aula.<\/strong><\/li>\n<li>Implementant la perspectiva <strong>STEAM a Infantil i Prim\u00e0ria.<\/strong> Som referents experts en la comunitat de pr\u00e0ctica SteamCat. Tenim un equip estrat\u00e8gic, formaci\u00f3 anual per a tot l&#8217;equip docent i certificat d&#8217;innovaci\u00f3 SteamCat. Participem en projectes cient\u00edfics d\u2019entorn.<\/li>\n<li>Participant al programa <strong>Florence per la millora de les matem\u00e0tiques<\/strong>, amb sessions de codoc\u00e8ncia i formaci\u00f3 del claustre en diferents propostes i materials.<\/li>\n<li>Amb franges setmanals de <strong>treball espec\u00edfic de focus matem\u00e0tic i ling\u00fc\u00edstic<\/strong> a totes les etapes.<\/li>\n<li>Reservant espais de temps setmanal d&#8217;<strong>acci\u00f3 tutorial individualitzada &#8220;Auscultare&#8221;<\/strong> i projecte <strong>&#8220;Vincles&#8221;<\/strong> d\u2019apadrinament entre infants dels diferents grups.<\/li>\n<li><strong><span style=\"color: #333399;\">Dues aules d\u2019estimulaci\u00f3 sensorial, projecte horts i bugaderia<\/span><\/strong> com a projectes inclusius de <strong>SIEI<\/strong> amb participaci\u00f3 de tot l\u2019alumnat de l\u2019escola.<\/li>\n<li><strong>Espai tallers intercicle<\/strong> i projecte d\u2019<strong>apadrinament d\u2019espais naturals<\/strong>.<\/li>\n<li>Mitjan\u00e7ant <strong>pr\u00e0ctiques restauratives, de cultura democr\u00e0tica i participativa:<\/strong> Co<img loading=\"lazy\" decoding=\"async\" class=\"wp-image-11461 alignright\" src=\"https:\/\/agora.xtec.cat\/ceipsolilluna\/wp-content\/uploads\/usu372\/2024\/09\/WhatsApp-Image-2024-09-26-at-12.25.30-689x1024.jpeg\" alt=\"\" width=\"154\" height=\"229\" srcset=\"https:\/\/agora.xtec.cat\/ceipsolilluna\/wp-content\/uploads\/usu372\/2024\/09\/WhatsApp-Image-2024-09-26-at-12.25.30-689x1024.jpeg 689w, https:\/\/agora.xtec.cat\/ceipsolilluna\/wp-content\/uploads\/usu372\/2024\/09\/WhatsApp-Image-2024-09-26-at-12.25.30-202x300.jpeg 202w, https:\/\/agora.xtec.cat\/ceipsolilluna\/wp-content\/uploads\/usu372\/2024\/09\/WhatsApp-Image-2024-09-26-at-12.25.30-768x1142.jpeg 768w, https:\/\/agora.xtec.cat\/ceipsolilluna\/wp-content\/uploads\/usu372\/2024\/09\/WhatsApp-Image-2024-09-26-at-12.25.30-1033x1536.jpeg 1033w, https:\/\/agora.xtec.cat\/ceipsolilluna\/wp-content\/uploads\/usu372\/2024\/09\/WhatsApp-Image-2024-09-26-at-12.25.30.jpeg 1148w\" sizes=\"auto, (max-width: 154px) 100vw, 154px\" \/>nsell d\u2019alumnat, acompanyament al canvi a 6 \u00e8 i trobades pedag\u00f2giques anuals amb tota la comunitat educativa.<\/li>\n<li>Entenent la<strong> formaci\u00f3 permanent i constant<\/strong> com a eina imprescindible en l&#8217;equip docent, tamb\u00e9 com a centre innovador i formador de futurs mestres.<\/li>\n<\/ul>\n","protected":false},"excerpt":{"rendered":"<p>Som una escola: Que apr\u00e8n en context, de forma global, partint dels projectes de comunitat d\u2019aula, integrant diversitat de recursos i metodologies, entenent que hi ha diferents estils d\u2019aprenentatge. Pensem que els infants han de cr\u00e9ixer amb sentit i benestar, assolint compet\u00e8ncies per viure en un m\u00f3n canviant. Coeducadora, equitativa, restaurativa i respectuosa amb la [&hellip;]<\/p>\n","protected":false},"author":1,"featured_media":0,"parent":0,"menu_order":0,"comment_status":"closed","ping_status":"closed","template":"","meta":{"_bbp_topic_count":0,"_bbp_reply_count":0,"_bbp_total_topic_count":0,"_bbp_total_reply_count":0,"_bbp_voice_count":0,"_bbp_anonymous_reply_count":0,"_bbp_topic_count_hidden":0,"_bbp_reply_count_hidden":0,"_bbp_forum_subforum_count":0,"site-sidebar-layout":"default","site-content-layout":"","ast-site-content-layout":"","site-content-style":"default","site-sidebar-style":"default","ast-global-header-display":"","ast-banner-title-visibility":"","ast-main-header-display":"","ast-hfb-above-header-display":"","ast-hfb-below-header-display":"","ast-hfb-mobile-header-display":"","site-post-title":"","ast-breadcrumbs-content":"","ast-featured-img":"","footer-sml-layout":"","theme-transparent-header-meta":"","adv-header-id-meta":"","stick-header-meta":"","header-above-stick-meta":"","header-main-stick-meta":"","header-below-stick-meta":"","astra-migrate-meta-layouts":"default","ast-page-background-enabled":"default","ast-page-background-meta":{"desktop":{"background-color":"var(--ast-global-color-4)","background-image":"","background-repeat":"repeat","background-position":"center center","background-size":"auto","background-attachment":"scroll","background-type":"","background-media":"","overlay-type":"","overlay-color":"","overlay-opacity":"","overlay-gradient":""},"tablet":{"background-color":"","background-image":"","background-repeat":"repeat","background-position":"center center","background-size":"auto","background-attachment":"scroll","background-type":"","background-media":"","overlay-type":"","overlay-color":"","overlay-opacity":"","overlay-gradient":""},"mobile":{"background-color":"","background-image":"","background-repeat":"repeat","background-position":"center center","background-size":"auto","background-attachment":"scroll","background-type":"","background-media":"","overlay-type":"","overlay-color":"","overlay-opacity":"","overlay-gradient":""}},"ast-content-background-meta":{"desktop":{"background-color":"var(--ast-global-color-5)","background-image":"","background-repeat":"repeat","background-position":"center center","background-size":"auto","background-attachment":"scroll","background-type":"","background-media":"","overlay-type":"","overlay-color":"","overlay-opacity":"","overlay-gradient":""},"tablet":{"background-color":"var(--ast-global-color-5)","background-image":"","background-repeat":"repeat","background-position":"center center","background-size":"auto","background-attachment":"scroll","background-type":"","background-media":"","overlay-type":"","overlay-color":"","overlay-opacity":"","overlay-gradient":""},"mobile":{"background-color":"var(--ast-global-color-5)","background-image":"","background-repeat":"repeat","background-position":"center center","background-size":"auto","background-attachment":"scroll","background-type":"","background-media":"","overlay-type":"","overlay-color":"","overlay-opacity":"","overlay-gradient":""}},"footnotes":""},"class_list":["post-64","page","type-page","status-publish","hentry"],"post_mailing_queue_ids":[],"_links":{"self":[{"href":"https:\/\/agora.xtec.cat\/ceipsolilluna\/wp-json\/wp\/v2\/pages\/64","targetHints":{"allow":["GET"]}}],"collection":[{"href":"https:\/\/agora.xtec.cat\/ceipsolilluna\/wp-json\/wp\/v2\/pages"}],"about":[{"href":"https:\/\/agora.xtec.cat\/ceipsolilluna\/wp-json\/wp\/v2\/types\/page"}],"author":[{"embeddable":true,"href":"https:\/\/agora.xtec.cat\/ceipsolilluna\/wp-json\/wp\/v2\/users\/1"}],"replies":[{"embeddable":true,"href":"https:\/\/agora.xtec.cat\/ceipsolilluna\/wp-json\/wp\/v2\/comments?post=64"}],"version-history":[{"count":6,"href":"https:\/\/agora.xtec.cat\/ceipsolilluna\/wp-json\/wp\/v2\/pages\/64\/revisions"}],"predecessor-version":[{"id":11509,"href":"https:\/\/agora.xtec.cat\/ceipsolilluna\/wp-json\/wp\/v2\/pages\/64\/revisions\/11509"}],"wp:attachment":[{"href":"https:\/\/agora.xtec.cat\/ceipsolilluna\/wp-json\/wp\/v2\/media?parent=64"}],"curies":[{"name":"wp","href":"https:\/\/api.w.org\/{rel}","templated":true}]}}