{"id":469,"date":"2016-12-04T22:47:27","date_gmt":"2016-12-04T21:47:27","guid":{"rendered":"http:\/\/agora.xtec.cat\/ceipsolilluna\/?page_id=469"},"modified":"2025-02-09T17:22:18","modified_gmt":"2025-02-09T16:22:18","slug":"moments-a-recordar","status":"publish","type":"page","link":"https:\/\/agora.xtec.cat\/ceipsolilluna\/moments-a-recordar\/","title":{"rendered":"Moments fent escola"},"content":{"rendered":"<p>Hi ha dies o setmanes especials per l\u2019escola, alguns oberts a la participaci\u00f3 de les fam\u00edlies, en les<br \/>\nquals ens trobem per comunitats, cicles o tots els grups classe per compartir, aprendre, gaudir o celebrar junts. Alguns s\u00f3n organitzats per l\u2019equip docent, d\u2019altres per l\u2019alumnat. La comissi\u00f3 de festes de l\u2019AFA, el grup de fam\u00edlies Teatrer@s i el grup de m\u00fasica col\u00b7laboren en l\u2019organitzaci\u00f3 o contingut de les festes.<\/p>\n<ul>\n<li><strong>Benvinguda als infants d\u2019I3<\/strong>, organitzada per AFA i les fam\u00edlies d\u2019I4 i I5.<img loading=\"lazy\" decoding=\"async\" class=\"wp-image-11657 alignright\" src=\"https:\/\/agora.xtec.cat\/ceipsolilluna\/wp-content\/uploads\/usu372\/2025\/02\/WhatsApp-Image-2025-02-08-at-14.43.07-768x1024.jpeg\" alt=\"\" width=\"186\" height=\"248\" srcset=\"https:\/\/agora.xtec.cat\/ceipsolilluna\/wp-content\/uploads\/usu372\/2025\/02\/WhatsApp-Image-2025-02-08-at-14.43.07-768x1024.jpeg 768w, https:\/\/agora.xtec.cat\/ceipsolilluna\/wp-content\/uploads\/usu372\/2025\/02\/WhatsApp-Image-2025-02-08-at-14.43.07-225x300.jpeg 225w, https:\/\/agora.xtec.cat\/ceipsolilluna\/wp-content\/uploads\/usu372\/2025\/02\/WhatsApp-Image-2025-02-08-at-14.43.07-1152x1536.jpeg 1152w, https:\/\/agora.xtec.cat\/ceipsolilluna\/wp-content\/uploads\/usu372\/2025\/02\/WhatsApp-Image-2025-02-08-at-14.43.07.jpeg 1200w\" sizes=\"auto, (max-width: 186px) 100vw, 186px\" \/><\/li>\n<li><strong>Preparades i preparats! Celebrem la gran festa!<\/strong> (darrer divendres de setembre), compartim els acords de grup i ens visiten El Sol i la Lluna i els capgrossos de l&#8217;escola.<\/li>\n<li><img loading=\"lazy\" decoding=\"async\" class=\"wp-image-11658 alignnone\" src=\"https:\/\/agora.xtec.cat\/ceipsolilluna\/wp-content\/uploads\/usu372\/2025\/02\/WhatsApp-Image-2025-02-08-at-14.43.07-1-1024x768.jpeg\" alt=\"\" width=\"253\" height=\"190\" srcset=\"https:\/\/agora.xtec.cat\/ceipsolilluna\/wp-content\/uploads\/usu372\/2025\/02\/WhatsApp-Image-2025-02-08-at-14.43.07-1-1024x768.jpeg 1024w, https:\/\/agora.xtec.cat\/ceipsolilluna\/wp-content\/uploads\/usu372\/2025\/02\/WhatsApp-Image-2025-02-08-at-14.43.07-1-300x225.jpeg 300w, https:\/\/agora.xtec.cat\/ceipsolilluna\/wp-content\/uploads\/usu372\/2025\/02\/WhatsApp-Image-2025-02-08-at-14.43.07-1-768x576.jpeg 768w, https:\/\/agora.xtec.cat\/ceipsolilluna\/wp-content\/uploads\/usu372\/2025\/02\/WhatsApp-Image-2025-02-08-at-14.43.07-1-1536x1152.jpeg 1536w, https:\/\/agora.xtec.cat\/ceipsolilluna\/wp-content\/uploads\/usu372\/2025\/02\/WhatsApp-Image-2025-02-08-at-14.43.07-1-200x150.jpeg 200w, https:\/\/agora.xtec.cat\/ceipsolilluna\/wp-content\/uploads\/usu372\/2025\/02\/WhatsApp-Image-2025-02-08-at-14.43.07-1.jpeg 1600w\" sizes=\"auto, (max-width: 253px) 100vw, 253px\" \/><\/li>\n<li><strong>Castanyada,<\/strong> festa interna amb col\u00b7laboraci\u00f3 de fam\u00edlies volunt\u00e0ries i AFA.<\/li>\n<li><strong>Dia de la m\u00fasica<\/strong> (Santa Cec\u00edlia, 22 de novembre), festa interna en horari lectiu.<\/li>\n<li><strong>Activitats de Nadal<\/strong>, intercanvi d&#8217;objectes entre vincles i <strong>Concert de Nadales. <\/strong>L\u2019AFA organitza <strong>dinar de Nadal per fam\u00edlies i Quinto solidari<\/strong> amb la Marat\u00f3 de TV3.<\/li>\n<li><strong>Setmana de Carnaval<\/strong>: Gr\u00e0cies a les fam\u00edlies teatrer@s rebem v\u00eddeos enigma. Dijous Gras tots els grups de l\u2019escola fan una sortida. La setmana tanca amb la participaci\u00f3 a la rua de Carnaval del poble, organitzada per la comissi\u00f3 d\u2019AFA.<\/li>\n<li><strong>Congr\u00e9s i fira de l\u2019eix transversal:<\/strong> Activitats i congr\u00e9s intern i fira oberta a fam\u00edlies en horari lectiu per compartir el que hem apr\u00e8s al llarg de 8 dies d\u2019un projecte global i transversal d\u2019escola.<\/li>\n<li><strong>Sant Jordi (23 d\u2019abril):<\/strong> festa interna, organitzada per l&#8217;equip d&#8217;impuls a la lectura.<\/li>\n<li><strong>Celebrem el final de curs!<\/strong> Festa interna per tancar el curs i acomiadar els grups de sis\u00e8.<img loading=\"lazy\" decoding=\"async\" class=\"wp-image-11661 alignleft\" src=\"https:\/\/agora.xtec.cat\/ceipsolilluna\/wp-content\/uploads\/usu372\/2025\/02\/WhatsApp-Image-2025-02-08-at-15.36.12-3-1024x768.jpeg\" alt=\"\" width=\"333\" height=\"250\" srcset=\"https:\/\/agora.xtec.cat\/ceipsolilluna\/wp-content\/uploads\/usu372\/2025\/02\/WhatsApp-Image-2025-02-08-at-15.36.12-3-1024x768.jpeg 1024w, https:\/\/agora.xtec.cat\/ceipsolilluna\/wp-content\/uploads\/usu372\/2025\/02\/WhatsApp-Image-2025-02-08-at-15.36.12-3-300x225.jpeg 300w, https:\/\/agora.xtec.cat\/ceipsolilluna\/wp-content\/uploads\/usu372\/2025\/02\/WhatsApp-Image-2025-02-08-at-15.36.12-3-768x576.jpeg 768w, https:\/\/agora.xtec.cat\/ceipsolilluna\/wp-content\/uploads\/usu372\/2025\/02\/WhatsApp-Image-2025-02-08-at-15.36.12-3-1536x1152.jpeg 1536w, https:\/\/agora.xtec.cat\/ceipsolilluna\/wp-content\/uploads\/usu372\/2025\/02\/WhatsApp-Image-2025-02-08-at-15.36.12-3-200x150.jpeg 200w, https:\/\/agora.xtec.cat\/ceipsolilluna\/wp-content\/uploads\/usu372\/2025\/02\/WhatsApp-Image-2025-02-08-at-15.36.12-3.jpeg 1600w\" sizes=\"auto, (max-width: 333px) 100vw, 333px\" \/><\/li>\n<\/ul>\n<p><img loading=\"lazy\" decoding=\"async\" class=\"wp-image-11660 alignnone\" src=\"https:\/\/agora.xtec.cat\/ceipsolilluna\/wp-content\/uploads\/usu372\/2025\/02\/WhatsApp-Image-2025-02-08-at-14.36.39-1024x768.jpeg\" alt=\"\" width=\"326\" height=\"244\" srcset=\"https:\/\/agora.xtec.cat\/ceipsolilluna\/wp-content\/uploads\/usu372\/2025\/02\/WhatsApp-Image-2025-02-08-at-14.36.39-1024x768.jpeg 1024w, https:\/\/agora.xtec.cat\/ceipsolilluna\/wp-content\/uploads\/usu372\/2025\/02\/WhatsApp-Image-2025-02-08-at-14.36.39-300x225.jpeg 300w, https:\/\/agora.xtec.cat\/ceipsolilluna\/wp-content\/uploads\/usu372\/2025\/02\/WhatsApp-Image-2025-02-08-at-14.36.39-768x576.jpeg 768w, https:\/\/agora.xtec.cat\/ceipsolilluna\/wp-content\/uploads\/usu372\/2025\/02\/WhatsApp-Image-2025-02-08-at-14.36.39-1536x1152.jpeg 1536w, https:\/\/agora.xtec.cat\/ceipsolilluna\/wp-content\/uploads\/usu372\/2025\/02\/WhatsApp-Image-2025-02-08-at-14.36.39-200x150.jpeg 200w, https:\/\/agora.xtec.cat\/ceipsolilluna\/wp-content\/uploads\/usu372\/2025\/02\/WhatsApp-Image-2025-02-08-at-14.36.39.jpeg 1600w\" sizes=\"auto, (max-width: 326px) 100vw, 326px\" \/><\/p>\n<ul>\n<li><strong>Jornada Esportiva<\/strong> (comunitat educativa 2007-2025) i <strong>festa final curs AFA<\/strong>.<\/li>\n<\/ul>\n<p>Per\u00f2 altres moments importants, i que s&#8217;han celebrat, des de l&#8217;inici de l&#8217;escola han estat: la festa d&#8217;<b>inauguraci\u00f3 el curs 2007-2008<\/b>, la festa d&#8217;<b>inauguraci\u00f3 el curs 2010-2001,\u00a0<\/b>el <b>lipdub del curs 2011-2012,\u00a0<\/b>la<b> can\u00e7\u00f3 del des\u00e8 aniversari i les <a href=\"http:\/\/agora.xtec.cat\/ceipsolilluna\/general\/lescola-ja-te-10-anys\/\">diferents activitats<\/a> realitzades al llarg del curs\u00a0<\/b>i <a href=\"http:\/\/agora.xtec.cat\/ceipsolilluna\/general\/recordem-la-gloria\/\">l&#8217;homenatge<\/a> a <strong>la mestra Gl\u00f2ria Mart\u00ed.<\/strong><\/p>\n<table style=\"border-collapse: collapse; width: 100%;\" border=\"1\">\n<tbody>\n<tr>\n<td style=\"width: 50%;\"><iframe loading=\"lazy\" src=\"\/\/www.youtube.com\/embed\/ryf1S-04suo\" width=\"360\" height=\"175\" frameborder=\"0\" allowfullscreen=\"allowfullscreen\"><\/iframe><\/td>\n<td style=\"width: 50%;\"><iframe loading=\"lazy\" src=\"\/\/www.youtube.com\/embed\/z0GJeVsK4Dk\" width=\"360\" height=\"175\" frameborder=\"0\" allowfullscreen=\"allowfullscreen\"><\/iframe><\/td>\n<\/tr>\n<tr>\n<td style=\"width: 50%;\">\u00a0<iframe loading=\"lazy\" src=\"\/\/www.youtube.com\/embed\/yB9OD2nzZFE\" width=\"360\" height=\"175\" frameborder=\"0\" allowfullscreen=\"allowfullscreen\"><\/iframe><iframe loading=\"lazy\" src=\"https:\/\/www.youtube.com\/embed\/bgpqWwGvVso\" width=\"360\" height=\"175\" frameborder=\"0\" allowfullscreen=\"allowfullscreen\"><\/iframe><\/td>\n<td style=\"width: 50%;\">\u00a0<iframe loading=\"lazy\" src=\"https:\/\/www.youtube.com\/embed\/FkAFiSrbXgc\" width=\"360\" height=\"175\" frameborder=\"0\" allowfullscreen=\"allowfullscreen\"><span data-mce-type=\"bookmark\" style=\"display: inline-block; width: 0px; overflow: hidden; line-height: 0;\" class=\"mce_SELRES_start\">\ufeff<\/span><\/iframe><\/td>\n<\/tr>\n<\/tbody>\n<\/table>\n","protected":false},"excerpt":{"rendered":"<p>Hi ha dies o setmanes especials per l\u2019escola, alguns oberts a la participaci\u00f3 de les fam\u00edlies, en les quals ens trobem per comunitats, cicles o tots els grups classe per compartir, aprendre, gaudir o celebrar junts. Alguns s\u00f3n organitzats per l\u2019equip docent, d\u2019altres per l\u2019alumnat. La comissi\u00f3 de festes de l\u2019AFA, el grup de fam\u00edlies [&hellip;]<\/p>\n","protected":false},"author":1,"featured_media":0,"parent":0,"menu_order":40,"comment_status":"closed","ping_status":"closed","template":"page-templates\/side-menu.php","meta":{"_bbp_topic_count":0,"_bbp_reply_count":0,"_bbp_total_topic_count":0,"_bbp_total_reply_count":0,"_bbp_voice_count":0,"_bbp_anonymous_reply_count":0,"_bbp_topic_count_hidden":0,"_bbp_reply_count_hidden":0,"_bbp_forum_subforum_count":0,"site-sidebar-layout":"default","site-content-layout":"","ast-site-content-layout":"","site-content-style":"default","site-sidebar-style":"default","ast-global-header-display":"","ast-banner-title-visibility":"","ast-main-header-display":"","ast-hfb-above-header-display":"","ast-hfb-below-header-display":"","ast-hfb-mobile-header-display":"","site-post-title":"","ast-breadcrumbs-content":"","ast-featured-img":"","footer-sml-layout":"","theme-transparent-header-meta":"","adv-header-id-meta":"","stick-header-meta":"","header-above-stick-meta":"","header-main-stick-meta":"","header-below-stick-meta":"","astra-migrate-meta-layouts":"default","ast-page-background-enabled":"default","ast-page-background-meta":{"desktop":{"background-color":"var(--ast-global-color-4)","background-image":"","background-repeat":"repeat","background-position":"center center","background-size":"auto","background-attachment":"scroll","background-type":"","background-media":"","overlay-type":"","overlay-color":"","overlay-opacity":"","overlay-gradient":""},"tablet":{"background-color":"","background-image":"","background-repeat":"repeat","background-position":"center center","background-size":"auto","background-attachment":"scroll","background-type":"","background-media":"","overlay-type":"","overlay-color":"","overlay-opacity":"","overlay-gradient":""},"mobile":{"background-color":"","background-image":"","background-repeat":"repeat","background-position":"center center","background-size":"auto","background-attachment":"scroll","background-type":"","background-media":"","overlay-type":"","overlay-color":"","overlay-opacity":"","overlay-gradient":""}},"ast-content-background-meta":{"desktop":{"background-color":"var(--ast-global-color-5)","background-image":"","background-repeat":"repeat","background-position":"center center","background-size":"auto","background-attachment":"scroll","background-type":"","background-media":"","overlay-type":"","overlay-color":"","overlay-opacity":"","overlay-gradient":""},"tablet":{"background-color":"var(--ast-global-color-5)","background-image":"","background-repeat":"repeat","background-position":"center center","background-size":"auto","background-attachment":"scroll","background-type":"","background-media":"","overlay-type":"","overlay-color":"","overlay-opacity":"","overlay-gradient":""},"mobile":{"background-color":"var(--ast-global-color-5)","background-image":"","background-repeat":"repeat","background-position":"center center","background-size":"auto","background-attachment":"scroll","background-type":"","background-media":"","overlay-type":"","overlay-color":"","overlay-opacity":"","overlay-gradient":""}},"footnotes":""},"class_list":["post-469","page","type-page","status-publish","hentry"],"post_mailing_queue_ids":[],"_links":{"self":[{"href":"https:\/\/agora.xtec.cat\/ceipsolilluna\/wp-json\/wp\/v2\/pages\/469","targetHints":{"allow":["GET"]}}],"collection":[{"href":"https:\/\/agora.xtec.cat\/ceipsolilluna\/wp-json\/wp\/v2\/pages"}],"about":[{"href":"https:\/\/agora.xtec.cat\/ceipsolilluna\/wp-json\/wp\/v2\/types\/page"}],"author":[{"embeddable":true,"href":"https:\/\/agora.xtec.cat\/ceipsolilluna\/wp-json\/wp\/v2\/users\/1"}],"replies":[{"embeddable":true,"href":"https:\/\/agora.xtec.cat\/ceipsolilluna\/wp-json\/wp\/v2\/comments?post=469"}],"version-history":[{"count":6,"href":"https:\/\/agora.xtec.cat\/ceipsolilluna\/wp-json\/wp\/v2\/pages\/469\/revisions"}],"predecessor-version":[{"id":11664,"href":"https:\/\/agora.xtec.cat\/ceipsolilluna\/wp-json\/wp\/v2\/pages\/469\/revisions\/11664"}],"wp:attachment":[{"href":"https:\/\/agora.xtec.cat\/ceipsolilluna\/wp-json\/wp\/v2\/media?parent=469"}],"curies":[{"name":"wp","href":"https:\/\/api.w.org\/{rel}","templated":true}]}}