{"id":370,"date":"2016-11-21T22:28:13","date_gmt":"2016-11-21T21:28:13","guid":{"rendered":"http:\/\/agora.xtec.cat\/ceipsolilluna\/?page_id=370"},"modified":"2026-02-12T19:24:25","modified_gmt":"2026-02-12T18:24:25","slug":"el-pujalet","status":"publish","type":"page","link":"https:\/\/agora.xtec.cat\/ceipsolilluna\/dinteres\/el-pujalet\/","title":{"rendered":"El Pujalet"},"content":{"rendered":"<p>El Pujalet \u00e9s la revista que crea el grup del taller de grans. Durant les sessions decideixen les seccions, articles, treballen el contingut i si cal, fan la recerca necess\u00e0ria.<\/p>\n<p>Col\u00b7laboren en el proc\u00e9s i la maquetaci\u00f3 final fam\u00edlies de l&#8217;escola.<\/p>\n<p>Us convidem a llegir-los clicant sobre les imatges.\u00a0<a href=\"https:\/\/drive.google.com\/file\/d\/1oeKHGzf82NBYsp4ZVsd1ZFdnMPZuoEMt\/view?usp=drive_web\"><br \/>\n<\/a><a href=\"https:\/\/agora.xtec.cat\/ceipsolilluna\/wp-content\/uploads\/usu372\/2026\/02\/El-Pujalet-v02-1-comprimido.pdf\"><img loading=\"lazy\" decoding=\"async\" class=\"aligncenter wp-image-11986 size-full\" src=\"https:\/\/agora.xtec.cat\/ceipsolilluna\/wp-content\/uploads\/usu372\/2026\/02\/Captura-de-pantalla-2026-02-12-191702.jpg\" alt=\"\" width=\"574\" height=\"808\" srcset=\"https:\/\/agora.xtec.cat\/ceipsolilluna\/wp-content\/uploads\/usu372\/2026\/02\/Captura-de-pantalla-2026-02-12-191702.jpg 574w, https:\/\/agora.xtec.cat\/ceipsolilluna\/wp-content\/uploads\/usu372\/2026\/02\/Captura-de-pantalla-2026-02-12-191702-213x300.jpg 213w\" sizes=\"auto, (max-width: 574px) 100vw, 574px\" \/><\/a><a href=\"https:\/\/drive.google.com\/file\/d\/1UmBcnV_ZPJiqIPQEJoZ1eZDNTKYnjybw\/view?usp=sharing\"><br \/>\n<img loading=\"lazy\" decoding=\"async\" class=\"wp-image-11666 aligncenter\" src=\"https:\/\/agora.xtec.cat\/ceipsolilluna\/wp-content\/uploads\/usu372\/2025\/02\/Pujalet-24.jpg\" alt=\"\" width=\"459\" height=\"650\" srcset=\"https:\/\/agora.xtec.cat\/ceipsolilluna\/wp-content\/uploads\/usu372\/2025\/02\/Pujalet-24.jpg 448w, https:\/\/agora.xtec.cat\/ceipsolilluna\/wp-content\/uploads\/usu372\/2025\/02\/Pujalet-24-212x300.jpg 212w\" sizes=\"auto, (max-width: 459px) 100vw, 459px\" \/><\/a><a href=\"http:\/\/https:\/\/drive.google.com\/file\/d\/1fiJLbNmbztWoiPnOXGrOw-SZGXmqV-k6\/view?usp=sharing\"><img loading=\"lazy\" decoding=\"async\" class=\"aligncenter wp-image-11669\" src=\"https:\/\/agora.xtec.cat\/ceipsolilluna\/wp-content\/uploads\/usu372\/2025\/02\/pujalet-21.jpg\" alt=\"\" width=\"451\" height=\"637\" srcset=\"https:\/\/agora.xtec.cat\/ceipsolilluna\/wp-content\/uploads\/usu372\/2025\/02\/pujalet-21.jpg 447w, https:\/\/agora.xtec.cat\/ceipsolilluna\/wp-content\/uploads\/usu372\/2025\/02\/pujalet-21-213x300.jpg 213w\" sizes=\"auto, (max-width: 451px) 100vw, 451px\" \/><\/a><a href=\"https:\/\/drive.google.com\/file\/d\/1Flbpj8gZG6toRCAxXQpM2Dg7Ut2auiT2\/view?usp=sharing\"><img loading=\"lazy\" decoding=\"async\" class=\"aligncenter size-full wp-image-11667\" src=\"https:\/\/agora.xtec.cat\/ceipsolilluna\/wp-content\/uploads\/usu372\/2025\/02\/pujalet-19.jpg\" alt=\"\" width=\"462\" height=\"649\" srcset=\"https:\/\/agora.xtec.cat\/ceipsolilluna\/wp-content\/uploads\/usu372\/2025\/02\/pujalet-19.jpg 462w, https:\/\/agora.xtec.cat\/ceipsolilluna\/wp-content\/uploads\/usu372\/2025\/02\/pujalet-19-214x300.jpg 214w\" sizes=\"auto, (max-width: 462px) 100vw, 462px\" \/><\/a><\/p>\n<p><a href=\"https:\/\/issuu.com\/ceipsolilluna\/docs\/scan-0438\"><img loading=\"lazy\" decoding=\"async\" class=\"size-full wp-image-11108 alignleft\" src=\"https:\/\/agora.xtec.cat\/ceipsolilluna\/wp-content\/uploads\/usu372\/2023\/01\/pujalet-18.png\" alt=\"\" width=\"325\" height=\"454\" srcset=\"https:\/\/agora.xtec.cat\/ceipsolilluna\/wp-content\/uploads\/usu372\/2023\/01\/pujalet-18.png 325w, https:\/\/agora.xtec.cat\/ceipsolilluna\/wp-content\/uploads\/usu372\/2023\/01\/pujalet-18-215x300.png 215w\" sizes=\"auto, (max-width: 325px) 100vw, 325px\" \/><\/a><\/p>\n<p>&nbsp;<\/p>\n<p>&nbsp;<\/p>\n<p>&nbsp;<\/p>\n<p>&nbsp;<\/p>\n<p>&nbsp;<\/p>\n<p>&nbsp;<\/p>\n<p>&nbsp;<\/p>\n<p>&nbsp;<\/p>\n<p>&nbsp;<\/p>\n<p>&nbsp;<\/p>\n<p><a href=\"https:\/\/issuu.com\/ceipsolilluna\/docs\/pujalet_23ca5bcca936a4\"><img loading=\"lazy\" decoding=\"async\" class=\"size-full wp-image-10985 alignleft\" src=\"https:\/\/agora.xtec.cat\/ceipsolilluna\/wp-content\/uploads\/usu372\/2022\/06\/pujalet.jpg\" alt=\"\" width=\"317\" height=\"435\" srcset=\"https:\/\/agora.xtec.cat\/ceipsolilluna\/wp-content\/uploads\/usu372\/2022\/06\/pujalet.jpg 317w, https:\/\/agora.xtec.cat\/ceipsolilluna\/wp-content\/uploads\/usu372\/2022\/06\/pujalet-219x300.jpg 219w\" sizes=\"auto, (max-width: 317px) 100vw, 317px\" \/><\/a><\/p>\n<p>&nbsp;<\/p>\n<p>&nbsp;<\/p>\n<p>&nbsp;<\/p>\n<p>&nbsp;<\/p>\n<p>&nbsp;<\/p>\n<p>&nbsp;<\/p>\n<p>&nbsp;<\/p>\n<p>&nbsp;<\/p>\n<p>&nbsp;<\/p>\n<p>&nbsp;<\/p>\n<p><a href=\"https:\/\/issuu.com\/ceipsolilluna\/docs\/pujalet_xpress_16_-_v02\"><img loading=\"lazy\" decoding=\"async\" class=\"size-full wp-image-10711 alignleft\" src=\"https:\/\/agora.xtec.cat\/ceipsolilluna\/wp-content\/uploads\/usu372\/2021\/07\/pujalet_16.jpg\" alt=\"\" width=\"378\" height=\"438\" srcset=\"https:\/\/agora.xtec.cat\/ceipsolilluna\/wp-content\/uploads\/usu372\/2021\/07\/pujalet_16.jpg 378w, https:\/\/agora.xtec.cat\/ceipsolilluna\/wp-content\/uploads\/usu372\/2021\/07\/pujalet_16-259x300.jpg 259w\" sizes=\"auto, (max-width: 378px) 100vw, 378px\" \/><\/a><\/p>\n<p>&nbsp;<\/p>\n<p>&nbsp;<\/p>\n<p>&nbsp;<\/p>\n<p>&nbsp;<\/p>\n<p>&nbsp;<\/p>\n<p>&nbsp;<\/p>\n<p>&nbsp;<\/p>\n<p>&nbsp;<\/p>\n<p>&nbsp;<\/p>\n<p>&nbsp;<\/p>\n<p><a href=\"https:\/\/issuu.com\/ceipsolilluna\/docs\/el_pujalet_xpress__15_-_v02\"><img loading=\"lazy\" decoding=\"async\" class=\"wp-image-10609 alignleft\" src=\"https:\/\/agora.xtec.cat\/ceipsolilluna\/wp-content\/uploads\/usu372\/2021\/03\/pujalet-15.jpg\" alt=\"\" width=\"375\" height=\"434\" srcset=\"https:\/\/agora.xtec.cat\/ceipsolilluna\/wp-content\/uploads\/usu372\/2021\/03\/pujalet-15.jpg 378w, https:\/\/agora.xtec.cat\/ceipsolilluna\/wp-content\/uploads\/usu372\/2021\/03\/pujalet-15-259x300.jpg 259w\" sizes=\"auto, (max-width: 375px) 100vw, 375px\" \/><\/a><\/p>\n<p>&nbsp;<\/p>\n<p>&nbsp;<\/p>\n<p>&nbsp;<\/p>\n<p>&nbsp;<\/p>\n<p>&nbsp;<\/p>\n<p>&nbsp;<\/p>\n<p>&nbsp;<\/p>\n<p>&nbsp;<\/p>\n<p>&nbsp;<\/p>\n<p>&nbsp;<\/p>\n<p><a href=\"https:\/\/issuu.com\/ceipsolilluna\/docs\/el_pujalet_xpress__14_-_v02\"><img loading=\"lazy\" decoding=\"async\" class=\"wp-image-10406 alignleft\" src=\"https:\/\/agora.xtec.cat\/ceipsolilluna\/wp-content\/uploads\/usu372\/2020\/12\/pujalet14.jpg\" alt=\"\" width=\"523\" height=\"350\" srcset=\"https:\/\/agora.xtec.cat\/ceipsolilluna\/wp-content\/uploads\/usu372\/2020\/12\/pujalet14.jpg 644w, https:\/\/agora.xtec.cat\/ceipsolilluna\/wp-content\/uploads\/usu372\/2020\/12\/pujalet14-300x201.jpg 300w\" sizes=\"auto, (max-width: 523px) 100vw, 523px\" \/><\/a><\/p>\n<p>&nbsp;<\/p>\n<p>&nbsp;<\/p>\n<p>&nbsp;<\/p>\n<p>&nbsp;<\/p>\n<p>&nbsp;<\/p>\n<p>&nbsp;<\/p>\n<p>&nbsp;<\/p>\n<p>&nbsp;<\/p>\n<p><a href=\"https:\/\/issuu.com\/ceipsolilluna\/docs\/pujalet_14328c9a0ea807\"><img loading=\"lazy\" decoding=\"async\" class=\" wp-image-9879 alignleft\" src=\"https:\/\/agora.xtec.cat\/ceipsolilluna\/wp-content\/uploads\/usu372\/2020\/01\/pujalet12.jpg\" alt=\"\" width=\"525\" height=\"371\" \/><\/a><\/p>\n<p>&nbsp;<\/p>\n<p>&nbsp;<\/p>\n<p>&nbsp;<\/p>\n<p>&nbsp;<\/p>\n<p>&nbsp;<\/p>\n<p>&nbsp;<\/p>\n<p><a href=\"https:\/\/issuu.com\/ceipsolilluna\/docs\/pujalet_8c2aa98d4ddf4d\"><img loading=\"lazy\" decoding=\"async\" class=\"size-full wp-image-9694 alignleft\" src=\"https:\/\/agora.xtec.cat\/ceipsolilluna\/wp-content\/uploads\/usu372\/2019\/06\/pujalet12.jpg\" alt=\"\" width=\"525\" height=\"371\" \/><\/a><\/p>\n<p>&nbsp;<\/p>\n<p>&nbsp;<\/p>\n<p>&nbsp;<\/p>\n<p>&nbsp;<\/p>\n<p>&nbsp;<\/p>\n<p>&nbsp;<\/p>\n<p>&nbsp;<\/p>\n<p>&nbsp;<\/p>\n<div class=\"issuuembed\" style=\"width: 525px; height: 371px;\" data-configid=\"3724828\/69102106\"><\/div>\n<p><script type=\"text\/javascript\" src=\"\/\/e.issuu.com\/embed.js\" async=\"true\"><\/script><\/p>\n<p>El Pujalet expr\u00e9s n\u00ba 10<\/p>\n<div class=\"issuuembed\" style=\"width: 525px; height: 371px;\" data-configid=\"3724828\/66556812\"><\/div>\n<p><script type=\"text\/javascript\" src=\"\/\/e.issuu.com\/embed.js\" async=\"true\"><\/script><\/p>\n<p>El Pujalet expr\u00e9s n\u00ba 9<\/p>\n<div class=\"issuuembed\" style=\"width: 525px; height: 371px;\" data-configid=\"3724828\/62605607\"><\/div>\n<p><script type=\"text\/javascript\" src=\"\/\/e.issuu.com\/embed.js\" async=\"true\"><\/script><br \/>\nEl Pujalet expr\u00e9s n\u00ba 8<\/p>\n<div class=\"issuuembed\" style=\"width: 525px; height: 371px;\" data-configid=\"3724828\/62735117\"><\/div>\n<p><script type=\"text\/javascript\" src=\"\/\/e.issuu.com\/embed.js\" async=\"true\"><\/script><br \/>\nEl Pujalet expr\u00e9s n\u00ba 7<\/p>\n<div class=\"issuuembed\" style=\"width: 525px; height: 371px;\" data-configid=\"3724828\/57413772\"><\/div>\n<p><script type=\"text\/javascript\" src=\"\/\/e.issuu.com\/embed.js\" async=\"true\"><\/script><\/p>\n<p>El Pujalet expr\u00e9s n\u00ba 6<\/p>\n<div class=\"issuuembed\" style=\"width: 525px; height: 371px;\" data-configid=\"3724828\/50393027\"><\/div>\n<p><script src=\"\/\/e.issuu.com\/embed.js\" async=\"true\" type=\"text\/javascript\"><\/script><\/p>\n<p>El Pujalet expr\u00e9s n\u00ba 5<\/p>\n<div class=\"issuuembed\" style=\"width: 525px; height: 371px;\" data-configid=\"3724828\/46884275\"><\/div>\n<p><script src=\"\/\/e.issuu.com\/embed.js\" async=\"true\" type=\"text\/javascript\"><\/script><\/p>\n<p>El Pujalet expr\u00e9s n\u00ba 4<\/p>\n<p><iframe title=\"El Pujalet expr\u00e9s\" src=\"https:\/\/e.issuu.com\/embed.html?u=ceipsolilluna&#038;d=pujalet\" style=\"border:none; width: 500px; height: 383px;\" allow=\"clipboard-write,allow-top-navigation,allow-top-navigation-by-user-activation,allow-downloads,allow-scripts,allow-same-origin,allow-popups,allow-modals,allow-popups-to-escape-sandbox,allow-forms\"  allowfullscreen=\"true\"><\/iframe><\/p>\n<p>&nbsp;<\/p>\n","protected":false},"excerpt":{"rendered":"<p>El Pujalet \u00e9s la revista que crea el grup del taller de grans. Durant les sessions decideixen les seccions, articles, treballen el contingut i si cal, fan la recerca necess\u00e0ria. Col\u00b7laboren en el proc\u00e9s i la maquetaci\u00f3 final fam\u00edlies de l&#8217;escola. Us convidem a llegir-los clicant sobre les imatges.\u00a0 &nbsp; &nbsp; &nbsp; &nbsp; &nbsp; &nbsp; [&hellip;]<\/p>\n","protected":false},"author":1,"featured_media":0,"parent":359,"menu_order":30,"comment_status":"closed","ping_status":"closed","template":"","meta":{"_bbp_topic_count":0,"_bbp_reply_count":0,"_bbp_total_topic_count":0,"_bbp_total_reply_count":0,"_bbp_voice_count":0,"_bbp_anonymous_reply_count":0,"_bbp_topic_count_hidden":0,"_bbp_reply_count_hidden":0,"_bbp_forum_subforum_count":0,"site-sidebar-layout":"default","site-content-layout":"","ast-site-content-layout":"default","site-content-style":"default","site-sidebar-style":"default","ast-global-header-display":"","ast-banner-title-visibility":"","ast-main-header-display":"","ast-hfb-above-header-display":"","ast-hfb-below-header-display":"","ast-hfb-mobile-header-display":"","site-post-title":"","ast-breadcrumbs-content":"","ast-featured-img":"","footer-sml-layout":"","theme-transparent-header-meta":"default","adv-header-id-meta":"","stick-header-meta":"","header-above-stick-meta":"","header-main-stick-meta":"","header-below-stick-meta":"","astra-migrate-meta-layouts":"set","ast-page-background-enabled":"default","ast-page-background-meta":{"desktop":{"background-color":"var(--ast-global-color-4)","background-image":"","background-repeat":"repeat","background-position":"center center","background-size":"auto","background-attachment":"scroll","background-type":"","background-media":"","overlay-type":"","overlay-color":"","overlay-opacity":"","overlay-gradient":""},"tablet":{"background-color":"","background-image":"","background-repeat":"repeat","background-position":"center center","background-size":"auto","background-attachment":"scroll","background-type":"","background-media":"","overlay-type":"","overlay-color":"","overlay-opacity":"","overlay-gradient":""},"mobile":{"background-color":"","background-image":"","background-repeat":"repeat","background-position":"center center","background-size":"auto","background-attachment":"scroll","background-type":"","background-media":"","overlay-type":"","overlay-color":"","overlay-opacity":"","overlay-gradient":""}},"ast-content-background-meta":{"desktop":{"background-color":"var(--ast-global-color-5)","background-image":"","background-repeat":"repeat","background-position":"center center","background-size":"auto","background-attachment":"scroll","background-type":"","background-media":"","overlay-type":"","overlay-color":"","overlay-opacity":"","overlay-gradient":""},"tablet":{"background-color":"var(--ast-global-color-5)","background-image":"","background-repeat":"repeat","background-position":"center center","background-size":"auto","background-attachment":"scroll","background-type":"","background-media":"","overlay-type":"","overlay-color":"","overlay-opacity":"","overlay-gradient":""},"mobile":{"background-color":"var(--ast-global-color-5)","background-image":"","background-repeat":"repeat","background-position":"center center","background-size":"auto","background-attachment":"scroll","background-type":"","background-media":"","overlay-type":"","overlay-color":"","overlay-opacity":"","overlay-gradient":""}},"footnotes":""},"class_list":["post-370","page","type-page","status-publish","hentry"],"post_mailing_queue_ids":[],"_links":{"self":[{"href":"https:\/\/agora.xtec.cat\/ceipsolilluna\/wp-json\/wp\/v2\/pages\/370","targetHints":{"allow":["GET"]}}],"collection":[{"href":"https:\/\/agora.xtec.cat\/ceipsolilluna\/wp-json\/wp\/v2\/pages"}],"about":[{"href":"https:\/\/agora.xtec.cat\/ceipsolilluna\/wp-json\/wp\/v2\/types\/page"}],"author":[{"embeddable":true,"href":"https:\/\/agora.xtec.cat\/ceipsolilluna\/wp-json\/wp\/v2\/users\/1"}],"replies":[{"embeddable":true,"href":"https:\/\/agora.xtec.cat\/ceipsolilluna\/wp-json\/wp\/v2\/comments?post=370"}],"version-history":[{"count":6,"href":"https:\/\/agora.xtec.cat\/ceipsolilluna\/wp-json\/wp\/v2\/pages\/370\/revisions"}],"predecessor-version":[{"id":11989,"href":"https:\/\/agora.xtec.cat\/ceipsolilluna\/wp-json\/wp\/v2\/pages\/370\/revisions\/11989"}],"up":[{"embeddable":true,"href":"https:\/\/agora.xtec.cat\/ceipsolilluna\/wp-json\/wp\/v2\/pages\/359"}],"wp:attachment":[{"href":"https:\/\/agora.xtec.cat\/ceipsolilluna\/wp-json\/wp\/v2\/media?parent=370"}],"curies":[{"name":"wp","href":"https:\/\/api.w.org\/{rel}","templated":true}]}}