{"id":363,"date":"2016-11-21T22:22:25","date_gmt":"2016-11-21T21:22:25","guid":{"rendered":"http:\/\/agora.xtec.cat\/ceipsolilluna\/?page_id=363"},"modified":"2026-03-05T11:25:25","modified_gmt":"2026-03-05T10:25:25","slug":"autoritzacions","status":"publish","type":"page","link":"https:\/\/agora.xtec.cat\/ceipsolilluna\/dinteres\/autoritzacions\/","title":{"rendered":"Autoritzacions"},"content":{"rendered":"<p>Des d&#8217;aquesta p\u00e0gina podeu accedir a les autoritzacions i peticions m\u00e9s habituals.<a style=\"color: #2795b6;\" href=\"https:\/\/drive.google.com\/open?id=0B8pl3iHVHDajNmtpb19ibFZFaG8\" target=\"_blank\" rel=\"noopener\"><span class=\"ff2 fs20\"><img loading=\"lazy\" decoding=\"async\" class=\"alignright wp-image-11470\" src=\"https:\/\/agora.xtec.cat\/ceipsolilluna\/wp-content\/uploads\/usu372\/2024\/11\/AUTORITZACIONS-724x1024.png\" alt=\"\" width=\"256\" height=\"260\" \/><\/span><\/a><\/p>\n<ul style=\"list-style-type: circle;\">\n<li><a href=\"https:\/\/drive.google.com\/file\/d\/1cw3by0KOrkeo0cBbK-oGXuALb8Lv20wC\/view?usp=sharing\" target=\"_blank\" rel=\"noopener\"><span class=\"fs20 ff2 cf4\">Autoritzaci\u00f3 recollida infants I3 a 2n<\/span><\/a><\/li>\n<li><a href=\"https:\/\/drive.google.com\/open?id=0B8pl3iHVHDajc3A3Skl1aUpjUXc\" target=\"_blank\" rel=\"noopener\"><span class=\"ff2 fs20 cf4\">Abs\u00e8ncies dels alumnes<\/span><\/a><\/li>\n<li><span class=\"ff2 fs20\"><a href=\"https:\/\/drive.google.com\/file\/d\/1V-R3hOVZu3NBqkL-RP2GgF_eclSF7ClC\/view?usp=sharing\" target=\"_blank\" rel=\"noopener\">Autoritzaci\u00f3 drets d&#8217;imatge i veu<\/a><\/span><\/li>\n<li><a href=\"https:\/\/drive.google.com\/file\/d\/1MiligiR0VMsW2SHOrD_dTvHqXUXt9AE8\/view?usp=sharing\" target=\"_blank\" rel=\"noopener\"><span class=\"ff2 fs20\">Autoritzaci\u00f3 per a l&#8217;\u00fas de serveis i recursos digitals<\/span><\/a><\/li>\n<li><a href=\"https:\/\/drive.google.com\/open?id=0B8pl3iHVHDajMVg5TFZENXhtWFU\" target=\"_blank\" rel=\"noopener\"><span class=\"ff2 fs20\">Sortida de l&#8217;alumnat fora del recinte escolar<\/span><\/a><\/li>\n<li><a href=\"https:\/\/drive.google.com\/file\/d\/19PMTWzyLK1T6qHTuGhSCJYQU11ovvWpD\/view?usp=sharing\" target=\"_blank\" rel=\"noopener\"><span class=\"ff2 fs20\">Autoritzaci\u00f3 alumnat de 3r a 6\u00e8 a marxar sols a casa<\/span><\/a><\/li>\n<li><a href=\"https:\/\/drive.google.com\/open?id=0B8pl3iHVHDajS1BiUEo5OEg5WFE\" target=\"_blank\" rel=\"noopener\"><span class=\"ff2 fs20\">Autoritzaci\u00f3 de sortides escolars pel poble i rodalies<\/span><\/a><\/li>\n<li style=\"text-align: justify;\"><a href=\"https:\/\/drive.google.com\/file\/d\/1vDB3xsaXHFNHU852y7DfgkdxFFuVtQNu\/view?usp=sharing\" target=\"_blank\" rel=\"noopener\"><span class=\"ff2 fs20\">Autoritzaci\u00f3 de paracetamol<\/span><\/a><span class=\"cf0 fs18 ff2\"><i><br \/>\n<\/i><\/span>En relaci\u00f3 a l\u2019administraci\u00f3 de medicaments, d\u2019acord amb les instruccions del Departament d&#8217;Ensenyament, cal que la fam\u00edlia aporti una recepta o informe m\u00e8dic amb el nom de l&#8217;infant, la pauta i el nom del medicament a administrar. Aix\u00ed mateix, cal que la fam\u00edlia autoritzi per escrit al personal del centre perqu\u00e8 pugui administrar la medicaci\u00f3 sempre que sigui imprescindible fer-ho en horari lectiu. Recordem que, per a nosaltres, la col\u00b7laboraci\u00f3 amb les fam\u00edlies \u00e9s fonamental per oferir un entorn educatiu on cada infant se senti cuidat, respectat i en igualtat d\u2019oportunitats.<\/li>\n<\/ul>\n<p>&nbsp;<\/p>\n","protected":false},"excerpt":{"rendered":"<p>Des d&#8217;aquesta p\u00e0gina podeu accedir a les autoritzacions i peticions m\u00e9s habituals. Autoritzaci\u00f3 recollida infants I3 a 2n Abs\u00e8ncies dels alumnes Autoritzaci\u00f3 drets d&#8217;imatge i veu Autoritzaci\u00f3 per a l&#8217;\u00fas de serveis i recursos digitals Sortida de l&#8217;alumnat fora del recinte escolar Autoritzaci\u00f3 alumnat de 3r a 6\u00e8 a marxar sols a casa Autoritzaci\u00f3 de [&hellip;]<\/p>\n","protected":false},"author":1,"featured_media":0,"parent":359,"menu_order":10,"comment_status":"closed","ping_status":"closed","template":"","meta":{"_bbp_topic_count":0,"_bbp_reply_count":0,"_bbp_total_topic_count":0,"_bbp_total_reply_count":0,"_bbp_voice_count":0,"_bbp_anonymous_reply_count":0,"_bbp_topic_count_hidden":0,"_bbp_reply_count_hidden":0,"_bbp_forum_subforum_count":0,"site-sidebar-layout":"default","site-content-layout":"","ast-site-content-layout":"default","site-content-style":"default","site-sidebar-style":"default","ast-global-header-display":"","ast-banner-title-visibility":"","ast-main-header-display":"","ast-hfb-above-header-display":"","ast-hfb-below-header-display":"","ast-hfb-mobile-header-display":"","site-post-title":"","ast-breadcrumbs-content":"","ast-featured-img":"","footer-sml-layout":"","theme-transparent-header-meta":"default","adv-header-id-meta":"","stick-header-meta":"","header-above-stick-meta":"","header-main-stick-meta":"","header-below-stick-meta":"","astra-migrate-meta-layouts":"set","ast-page-background-enabled":"default","ast-page-background-meta":{"desktop":{"background-color":"var(--ast-global-color-4)","background-image":"","background-repeat":"repeat","background-position":"center center","background-size":"auto","background-attachment":"scroll","background-type":"","background-media":"","overlay-type":"","overlay-color":"","overlay-opacity":"","overlay-gradient":""},"tablet":{"background-color":"","background-image":"","background-repeat":"repeat","background-position":"center center","background-size":"auto","background-attachment":"scroll","background-type":"","background-media":"","overlay-type":"","overlay-color":"","overlay-opacity":"","overlay-gradient":""},"mobile":{"background-color":"","background-image":"","background-repeat":"repeat","background-position":"center center","background-size":"auto","background-attachment":"scroll","background-type":"","background-media":"","overlay-type":"","overlay-color":"","overlay-opacity":"","overlay-gradient":""}},"ast-content-background-meta":{"desktop":{"background-color":"var(--ast-global-color-5)","background-image":"","background-repeat":"repeat","background-position":"center center","background-size":"auto","background-attachment":"scroll","background-type":"","background-media":"","overlay-type":"","overlay-color":"","overlay-opacity":"","overlay-gradient":""},"tablet":{"background-color":"var(--ast-global-color-5)","background-image":"","background-repeat":"repeat","background-position":"center center","background-size":"auto","background-attachment":"scroll","background-type":"","background-media":"","overlay-type":"","overlay-color":"","overlay-opacity":"","overlay-gradient":""},"mobile":{"background-color":"var(--ast-global-color-5)","background-image":"","background-repeat":"repeat","background-position":"center center","background-size":"auto","background-attachment":"scroll","background-type":"","background-media":"","overlay-type":"","overlay-color":"","overlay-opacity":"","overlay-gradient":""}},"footnotes":""},"class_list":["post-363","page","type-page","status-publish","hentry"],"post_mailing_queue_ids":[],"_links":{"self":[{"href":"https:\/\/agora.xtec.cat\/ceipsolilluna\/wp-json\/wp\/v2\/pages\/363","targetHints":{"allow":["GET"]}}],"collection":[{"href":"https:\/\/agora.xtec.cat\/ceipsolilluna\/wp-json\/wp\/v2\/pages"}],"about":[{"href":"https:\/\/agora.xtec.cat\/ceipsolilluna\/wp-json\/wp\/v2\/types\/page"}],"author":[{"embeddable":true,"href":"https:\/\/agora.xtec.cat\/ceipsolilluna\/wp-json\/wp\/v2\/users\/1"}],"replies":[{"embeddable":true,"href":"https:\/\/agora.xtec.cat\/ceipsolilluna\/wp-json\/wp\/v2\/comments?post=363"}],"version-history":[{"count":6,"href":"https:\/\/agora.xtec.cat\/ceipsolilluna\/wp-json\/wp\/v2\/pages\/363\/revisions"}],"predecessor-version":[{"id":12012,"href":"https:\/\/agora.xtec.cat\/ceipsolilluna\/wp-json\/wp\/v2\/pages\/363\/revisions\/12012"}],"up":[{"embeddable":true,"href":"https:\/\/agora.xtec.cat\/ceipsolilluna\/wp-json\/wp\/v2\/pages\/359"}],"wp:attachment":[{"href":"https:\/\/agora.xtec.cat\/ceipsolilluna\/wp-json\/wp\/v2\/media?parent=363"}],"curies":[{"name":"wp","href":"https:\/\/api.w.org\/{rel}","templated":true}]}}