{"id":36,"date":"2016-11-18T12:33:11","date_gmt":"2016-11-18T11:33:11","guid":{"rendered":"http:\/\/agora.xtec.cat\/ceipsolilluna\/?page_id=36"},"modified":"2026-02-07T11:36:30","modified_gmt":"2026-02-07T10:36:30","slug":"el-claustre","status":"publish","type":"page","link":"https:\/\/agora.xtec.cat\/ceipsolilluna\/lescola\/el-claustre\/","title":{"rendered":"L&#8217;equip"},"content":{"rendered":"<p><img loading=\"lazy\" decoding=\"async\" class=\"aligncenter size-full wp-image-11806\" src=\"https:\/\/agora.xtec.cat\/ceipsolilluna\/wp-content\/uploads\/usu372\/2025\/09\/Copia-de-Lequip-docent-24-25-1.jpg\" alt=\"\" width=\"2000\" height=\"1414\" srcset=\"https:\/\/agora.xtec.cat\/ceipsolilluna\/wp-content\/uploads\/usu372\/2025\/09\/Copia-de-Lequip-docent-24-25-1.jpg 2000w, https:\/\/agora.xtec.cat\/ceipsolilluna\/wp-content\/uploads\/usu372\/2025\/09\/Copia-de-Lequip-docent-24-25-1-300x212.jpg 300w, https:\/\/agora.xtec.cat\/ceipsolilluna\/wp-content\/uploads\/usu372\/2025\/09\/Copia-de-Lequip-docent-24-25-1-1024x724.jpg 1024w, https:\/\/agora.xtec.cat\/ceipsolilluna\/wp-content\/uploads\/usu372\/2025\/09\/Copia-de-Lequip-docent-24-25-1-768x543.jpg 768w, https:\/\/agora.xtec.cat\/ceipsolilluna\/wp-content\/uploads\/usu372\/2025\/09\/Copia-de-Lequip-docent-24-25-1-1536x1086.jpg 1536w\" sizes=\"auto, (max-width: 2000px) 100vw, 2000px\" \/><\/p>\n<p><strong>El curs 25-26 a El Sol i la Lluna serem 221 infants, d&#8217;I3 a 6\u00e8 (dos grups a 1r).<\/strong><\/p>\n<p>L&#8217;equip de persones que hi treballarem est\u00e0 format per:<\/p>\n<p><strong><span style=\"color: #000080;\">COMISSI\u00d3 PEDAG\u00d2GICA<\/span><\/strong><\/p>\n<p><strong>Equip Directiu<\/strong><br \/>\nDirecci\u00f3: Gl\u00f2ria Rinc\u00f3n\u00a0 \u00a0 \u00a0 \u00a0 \u00a0 \u00a0 \u00a0gloriarincon@solilluna.cat<br \/>\nCap d\u2019estudis: N\u00e0dia L\u00f3pez\u00a0 \u00a0 \u00a0nadialopez@solilluna.cat<br \/>\nSecretaria: Marina Asensio\u00a0 \u00a0 \u00a0marinaasensio@solilluna.cat<\/p>\n<p><strong>Coordinaci\u00f3 d\u2019equips<\/strong><br \/>\nLourdes Cabrera (coordinaci\u00f3 equip infantil)<br \/>\nFrank Hern\u00e1ndez (coordinaci\u00f3 equip prim\u00e0ria)<br \/>\nLaia Cuquerella (referent mitjans)<br \/>\nM\u00edriam Humet (referent grans)<\/p>\n<p><strong><span style=\"color: #000080;\">COMUNITATS I REFERENTS DE GRUP<\/span><\/strong><br \/>\nAquest curs 25-26, cada grup\/nivell tindr\u00e0 un tutor\/tutora i un segon docent referent de grup per infants i fam\u00edlies, que interv\u00e9 fent suport o codoc\u00e8ncia i amb la tutoria en la planificaci\u00f3 dels projectes i seguiment de l\u2019evoluci\u00f3 dels infants.<\/p>\n<p><strong>Infantil, Comunitat petits i petites d\u2019I3, I4 i I5\u00a0 \u00a0 \u00a0 \u00a0 \u00a0 \u00a0 Coordinaci\u00f3 Lourdes Cabrera<\/strong><\/p>\n<p>I3: Annita Fern\u00e1ndez (Cristina Servitge\/Laura Mart\u00ednez) i Anna Rodr\u00edguez\u00a0 (TEEI)\/Maria Ortiz<\/p>\n<p><span style=\"font-size: 16px;\">I4: Ana Vila i Log\u00e0 Gr\u00e0cia\u00a0 \u00a0 \u00a0 \u00a0 \u00a0 \u00a0 \u00a0 \u00a0 \u00a0 \u00a0 \u00a0 \u00a0 \u00a0 \u00a0 \u00a0 \u00a0 \u00a0 \u00a0 \u00a0 \u00a0 \u00a0 \u00a0 \u00a0 \u00a0 \u00a0 \u00a0 \u00a0 \u00a0 \u00a0 \u00a0 \u00a0 \u00a0 \u00a0 \u00a0 \u00a0 \u00a0 \u00a0 \u00a0 \u00a0 \u00a0 \u00a0 \u00a0 \u00a0 <\/span><\/p>\n<p>I5: Tani Sep\u00falveda i Marina Asensio<\/p>\n<p><strong>Prim\u00e0ria, Coordinaci\u00f3 Frank Hern\u00e1ndez<\/strong><br \/>\n<strong>Comunitat mitjans i mitjanes de primer, segon i tercer, referent Laia Cuquerella<\/strong><\/p>\n<p>Nivell de 1r: M\u00edriam Porras (A), N\u00e0dia L\u00f3pez (B) i Paula D\u00edaz<\/p>\n<p>2n: Ali Rubio i Al\u00edcia S\u00e1ez (Marta Mesa)<\/p>\n<p>3r: Belinda Mart\u00edn i Laia Cuquerella<\/p>\n<p><strong>Comunitat de grans de quart, cinqu\u00e8 i sis\u00e8, referent M\u00edriam Humet<\/strong><\/p>\n<p>4t: Daniel Maci\u00e1n i Noelia Escario<\/p>\n<p>5\u00e8: Sara Garc\u00eda (Guillem Badenes) i M\u00edriam Humet<\/p>\n<p>6\u00e8: Santi Camps i Gl\u00f2ria Rinc\u00f3n<\/p>\n<p><strong>Especialitats<\/strong><br \/>\nAtenci\u00f3 a la diversitat: N\u00e0dia L\u00f3pez (coordinaci\u00f3), M\u00edriam Humet i Marta Mesa<br \/>\nEquip SIEI: Lourdes Cabrera, Mireia Ferr\u00e1ndiz i Maria Aguilar<br \/>\nPsicomotricitat i Ed. F\u00edsica: Frank Hern\u00e1ndez (Bernat L.)<br \/>\nAngl\u00e8s: Paula D\u00edaz (1r), Laia Cuquerella (i4-I5 i de 2n a 6\u00e8) i Gl\u00f2ria Rinc\u00f3n (4t a 6\u00e8).<br \/>\nM\u00fasica: Noelia Escario d\u2019I3 a 6\u00e8<\/p>\n<p><strong>Completen l\u2019equip de professionals&#8230;<\/strong><br \/>\nLa Montse Llargu\u00e9s i la Merc\u00e8 Laguna, que col\u00b7laboraran en activitats d\u2019escola com a mestres jubilades.<br \/>\nEn Denis Serrano, que aquest curs \u00e9s formador\/mentor digital 4.0 als nostres serveis educatius i la Roc\u00edo Mart\u00ednez, formadora dels Serveis Ling\u00fc\u00edstics.<br \/>\nLa Montse S\u00e1nchez, que col\u00b7labora amb l\u2019escola puntualment.<br \/>\n<strong>EAP<\/strong>: Marta Mart\u00ednez<br \/>\n<strong>Logopeda CREDA:<\/strong> * per confirmar<br \/>\n<strong>Programa PCTI a infantil:<\/strong> Ana de Manuel<br \/>\n<strong>Vetlladores:<\/strong> Montse Bernal, Anna Plana (vetlladora projecte SUMA*)<br \/>\n<strong>Auxiliar de conversa en llengua anglesa: <\/strong>Pere Belmonte<br \/>\n<strong>Conserge:<\/strong> Gl\u00f2ria Valls<br \/>\n<strong>Administrativa:<\/strong> Isabel Ramos<\/p>\n","protected":false},"excerpt":{"rendered":"<p>El curs 25-26 a El Sol i la Lluna serem 221 infants, d&#8217;I3 a 6\u00e8 (dos grups a 1r). L&#8217;equip de persones que hi treballarem est\u00e0 format per: COMISSI\u00d3 PEDAG\u00d2GICA Equip Directiu Direcci\u00f3: Gl\u00f2ria Rinc\u00f3n\u00a0 \u00a0 \u00a0 \u00a0 \u00a0 \u00a0 \u00a0gloriarincon@solilluna.cat Cap d\u2019estudis: N\u00e0dia L\u00f3pez\u00a0 \u00a0 \u00a0nadialopez@solilluna.cat Secretaria: Marina Asensio\u00a0 \u00a0 \u00a0marinaasensio@solilluna.cat Coordinaci\u00f3 d\u2019equips Lourdes [&hellip;]<\/p>\n","protected":false},"author":1,"featured_media":0,"parent":22,"menu_order":30,"comment_status":"closed","ping_status":"closed","template":"","meta":{"_bbp_topic_count":0,"_bbp_reply_count":0,"_bbp_total_topic_count":0,"_bbp_total_reply_count":0,"_bbp_voice_count":0,"_bbp_anonymous_reply_count":0,"_bbp_topic_count_hidden":0,"_bbp_reply_count_hidden":0,"_bbp_forum_subforum_count":0,"site-sidebar-layout":"default","site-content-layout":"","ast-site-content-layout":"default","site-content-style":"default","site-sidebar-style":"default","ast-global-header-display":"","ast-banner-title-visibility":"","ast-main-header-display":"","ast-hfb-above-header-display":"","ast-hfb-below-header-display":"","ast-hfb-mobile-header-display":"","site-post-title":"","ast-breadcrumbs-content":"","ast-featured-img":"","footer-sml-layout":"","theme-transparent-header-meta":"default","adv-header-id-meta":"","stick-header-meta":"","header-above-stick-meta":"","header-main-stick-meta":"","header-below-stick-meta":"","astra-migrate-meta-layouts":"set","ast-page-background-enabled":"default","ast-page-background-meta":{"desktop":{"background-color":"var(--ast-global-color-4)","background-image":"","background-repeat":"repeat","background-position":"center center","background-size":"auto","background-attachment":"scroll","background-type":"","background-media":"","overlay-type":"","overlay-color":"","overlay-opacity":"","overlay-gradient":""},"tablet":{"background-color":"","background-image":"","background-repeat":"repeat","background-position":"center center","background-size":"auto","background-attachment":"scroll","background-type":"","background-media":"","overlay-type":"","overlay-color":"","overlay-opacity":"","overlay-gradient":""},"mobile":{"background-color":"","background-image":"","background-repeat":"repeat","background-position":"center center","background-size":"auto","background-attachment":"scroll","background-type":"","background-media":"","overlay-type":"","overlay-color":"","overlay-opacity":"","overlay-gradient":""}},"ast-content-background-meta":{"desktop":{"background-color":"var(--ast-global-color-5)","background-image":"","background-repeat":"repeat","background-position":"center center","background-size":"auto","background-attachment":"scroll","background-type":"","background-media":"","overlay-type":"","overlay-color":"","overlay-opacity":"","overlay-gradient":""},"tablet":{"background-color":"var(--ast-global-color-5)","background-image":"","background-repeat":"repeat","background-position":"center center","background-size":"auto","background-attachment":"scroll","background-type":"","background-media":"","overlay-type":"","overlay-color":"","overlay-opacity":"","overlay-gradient":""},"mobile":{"background-color":"var(--ast-global-color-5)","background-image":"","background-repeat":"repeat","background-position":"center center","background-size":"auto","background-attachment":"scroll","background-type":"","background-media":"","overlay-type":"","overlay-color":"","overlay-opacity":"","overlay-gradient":""}},"footnotes":""},"class_list":["post-36","page","type-page","status-publish","hentry"],"post_mailing_queue_ids":[],"_links":{"self":[{"href":"https:\/\/agora.xtec.cat\/ceipsolilluna\/wp-json\/wp\/v2\/pages\/36","targetHints":{"allow":["GET"]}}],"collection":[{"href":"https:\/\/agora.xtec.cat\/ceipsolilluna\/wp-json\/wp\/v2\/pages"}],"about":[{"href":"https:\/\/agora.xtec.cat\/ceipsolilluna\/wp-json\/wp\/v2\/types\/page"}],"author":[{"embeddable":true,"href":"https:\/\/agora.xtec.cat\/ceipsolilluna\/wp-json\/wp\/v2\/users\/1"}],"replies":[{"embeddable":true,"href":"https:\/\/agora.xtec.cat\/ceipsolilluna\/wp-json\/wp\/v2\/comments?post=36"}],"version-history":[{"count":6,"href":"https:\/\/agora.xtec.cat\/ceipsolilluna\/wp-json\/wp\/v2\/pages\/36\/revisions"}],"predecessor-version":[{"id":11927,"href":"https:\/\/agora.xtec.cat\/ceipsolilluna\/wp-json\/wp\/v2\/pages\/36\/revisions\/11927"}],"up":[{"embeddable":true,"href":"https:\/\/agora.xtec.cat\/ceipsolilluna\/wp-json\/wp\/v2\/pages\/22"}],"wp:attachment":[{"href":"https:\/\/agora.xtec.cat\/ceipsolilluna\/wp-json\/wp\/v2\/media?parent=36"}],"curies":[{"name":"wp","href":"https:\/\/api.w.org\/{rel}","templated":true}]}}