{"id":343,"date":"2016-11-21T16:04:16","date_gmt":"2016-11-21T15:04:16","guid":{"rendered":"http:\/\/agora.xtec.cat\/ceipsolilluna\/?page_id=343"},"modified":"2022-11-05T19:12:24","modified_gmt":"2022-11-05T18:12:24","slug":"blogs-de-lescola","status":"publish","type":"page","link":"https:\/\/agora.xtec.cat\/ceipsolilluna\/blogs-de-lescola\/","title":{"rendered":"Blocs de l&#8217;escola"},"content":{"rendered":"<p>&nbsp;<\/p>\n<p>A m\u00e9s de la web, l&#8217;escola t\u00e9 publicat una s\u00e8rie de blogs que us convidem a visitar i a interactuar, sempre que ho considereu oport\u00fa.<\/p>\n<p style=\"text-align: center;\"><img loading=\"lazy\" decoding=\"async\" class=\"aligncenter wp-image-9415\" src=\"https:\/\/agora.xtec.cat\/ceipsolilluna\/wp-content\/uploads\/usu372\/2018\/10\/blocs.jpg\" alt=\"\" width=\"629\" height=\"178\" \/><\/p>\n<p>&nbsp;<\/p>\n<table style=\"width: 99.07063%; border-collapse: collapse; border-style: solid; border-color: #0d237a; height: 28px;\" border=\"1\">\n<tbody>\n<tr>\n<td style=\"width: 10.309246%; background-color: #e6e04e; text-align: center;\"><a href=\"http:\/\/blocs.xtec.cat\/petitssolilluna\/\">Petits<\/a><\/td>\n<td style=\"width: 9.689548%; background-color: #14f5ea; text-align: center;\"><a href=\"http:\/\/blocs.xtec.cat\/mitjanssolilluna\/\">Mitjans<\/a><\/td>\n<td style=\"width: 10.066262%; background-color: #45ed69; text-align: center;\"><a href=\"http:\/\/blocs.xtec.cat\/granssolilluna\/\">Grans<\/a><\/td>\n<td style=\"width: 7.967557%; background-color: #e6e04e; text-align: center;\"><a href=\"http:\/\/englishsolilluna.blogspot.com.es\/\">English<\/a><\/td>\n<td style=\"width: 12.666986%; background-color: #bfbeed; text-align: center;\"><a href=\"http:\/\/erasmussolilluna.blogspot.com\">Erasmus+<\/a><\/td>\n<td style=\"width: 11.521947%; background-color: #f0f08b; text-align: center;\"><a href=\"https:\/\/erasmussolilluna22.blogspot.com\">Erasmus+ 2022<\/a><\/td>\n<td style=\"width: 11.760936%; background-color: #2de6f7; text-align: center;\"><a href=\"http:\/\/blocs.xtec.cat\/bibliosolilluna\/\">Biblioteca<\/a><\/td>\n<td style=\"width: 9.69456%; background-color: #f1b4fa; text-align: center;\"><a href=\"http:\/\/blocs.xtec.cat\/solillunapedagogic\/\">Pedag\u00f2gic<\/a><\/td>\n<td style=\"width: 9.031496%; background-color: #b4ed42; text-align: center;\"><a href=\"http:\/\/www.xtec.cat\/ceipsolilluna\/blogs-anteriors.html\">Altres<\/a><\/td>\n<td style=\"width: 17.981173%; background-color: #fac8d8; text-align: center;\"><a href=\"http:\/\/agora.xtec.cat\/ceipsolilluna\/ampa\/\">AFA<\/a><\/td>\n<\/tr>\n<\/tbody>\n<\/table>\n<p>&nbsp;<\/p>\n","protected":false},"excerpt":{"rendered":"<p>&nbsp; A m\u00e9s de la web, l&#8217;escola t\u00e9 publicat una s\u00e8rie de blogs que us convidem a visitar i a interactuar, sempre que ho considereu oport\u00fa. &nbsp; Petits Mitjans Grans English Erasmus+ Erasmus+ 2022 Biblioteca Pedag\u00f2gic Altres AFA &nbsp;<\/p>\n","protected":false},"author":1,"featured_media":0,"parent":0,"menu_order":0,"comment_status":"closed","ping_status":"closed","template":"","meta":{"_bbp_topic_count":0,"_bbp_reply_count":0,"_bbp_total_topic_count":0,"_bbp_total_reply_count":0,"_bbp_voice_count":0,"_bbp_anonymous_reply_count":0,"_bbp_topic_count_hidden":0,"_bbp_reply_count_hidden":0,"_bbp_forum_subforum_count":0,"site-sidebar-layout":"default","site-content-layout":"","ast-site-content-layout":"","site-content-style":"default","site-sidebar-style":"default","ast-global-header-display":"","ast-banner-title-visibility":"","ast-main-header-display":"","ast-hfb-above-header-display":"","ast-hfb-below-header-display":"","ast-hfb-mobile-header-display":"","site-post-title":"","ast-breadcrumbs-content":"","ast-featured-img":"","footer-sml-layout":"","theme-transparent-header-meta":"","adv-header-id-meta":"","stick-header-meta":"","header-above-stick-meta":"","header-main-stick-meta":"","header-below-stick-meta":"","astra-migrate-meta-layouts":"default","ast-page-background-enabled":"default","ast-page-background-meta":{"desktop":{"background-color":"var(--ast-global-color-4)","background-image":"","background-repeat":"repeat","background-position":"center center","background-size":"auto","background-attachment":"scroll","background-type":"","background-media":"","overlay-type":"","overlay-color":"","overlay-opacity":"","overlay-gradient":""},"tablet":{"background-color":"","background-image":"","background-repeat":"repeat","background-position":"center center","background-size":"auto","background-attachment":"scroll","background-type":"","background-media":"","overlay-type":"","overlay-color":"","overlay-opacity":"","overlay-gradient":""},"mobile":{"background-color":"","background-image":"","background-repeat":"repeat","background-position":"center center","background-size":"auto","background-attachment":"scroll","background-type":"","background-media":"","overlay-type":"","overlay-color":"","overlay-opacity":"","overlay-gradient":""}},"ast-content-background-meta":{"desktop":{"background-color":"var(--ast-global-color-5)","background-image":"","background-repeat":"repeat","background-position":"center center","background-size":"auto","background-attachment":"scroll","background-type":"","background-media":"","overlay-type":"","overlay-color":"","overlay-opacity":"","overlay-gradient":""},"tablet":{"background-color":"var(--ast-global-color-5)","background-image":"","background-repeat":"repeat","background-position":"center center","background-size":"auto","background-attachment":"scroll","background-type":"","background-media":"","overlay-type":"","overlay-color":"","overlay-opacity":"","overlay-gradient":""},"mobile":{"background-color":"var(--ast-global-color-5)","background-image":"","background-repeat":"repeat","background-position":"center center","background-size":"auto","background-attachment":"scroll","background-type":"","background-media":"","overlay-type":"","overlay-color":"","overlay-opacity":"","overlay-gradient":""}},"footnotes":""},"class_list":["post-343","page","type-page","status-publish","hentry"],"post_mailing_queue_ids":[],"_links":{"self":[{"href":"https:\/\/agora.xtec.cat\/ceipsolilluna\/wp-json\/wp\/v2\/pages\/343","targetHints":{"allow":["GET"]}}],"collection":[{"href":"https:\/\/agora.xtec.cat\/ceipsolilluna\/wp-json\/wp\/v2\/pages"}],"about":[{"href":"https:\/\/agora.xtec.cat\/ceipsolilluna\/wp-json\/wp\/v2\/types\/page"}],"author":[{"embeddable":true,"href":"https:\/\/agora.xtec.cat\/ceipsolilluna\/wp-json\/wp\/v2\/users\/1"}],"replies":[{"embeddable":true,"href":"https:\/\/agora.xtec.cat\/ceipsolilluna\/wp-json\/wp\/v2\/comments?post=343"}],"version-history":[{"count":3,"href":"https:\/\/agora.xtec.cat\/ceipsolilluna\/wp-json\/wp\/v2\/pages\/343\/revisions"}],"predecessor-version":[{"id":11079,"href":"https:\/\/agora.xtec.cat\/ceipsolilluna\/wp-json\/wp\/v2\/pages\/343\/revisions\/11079"}],"wp:attachment":[{"href":"https:\/\/agora.xtec.cat\/ceipsolilluna\/wp-json\/wp\/v2\/media?parent=343"}],"curies":[{"name":"wp","href":"https:\/\/api.w.org\/{rel}","templated":true}]}}