{"id":325,"date":"2016-11-20T23:06:25","date_gmt":"2016-11-20T22:06:25","guid":{"rendered":"http:\/\/agora.xtec.cat\/ceipsolilluna\/?page_id=325"},"modified":"2026-03-22T21:08:06","modified_gmt":"2026-03-22T20:08:06","slug":"ampa","status":"publish","type":"page","link":"https:\/\/agora.xtec.cat\/ceipsolilluna\/ampa\/","title":{"rendered":"AFA"},"content":{"rendered":"<p><img loading=\"lazy\" decoding=\"async\" class=\"aligncenter size-full wp-image-9926\" src=\"https:\/\/agora.xtec.cat\/ceipsolilluna\/wp-content\/uploads\/usu372\/2020\/01\/afa_logo.png\" alt=\"\" width=\"908\" height=\"245\" srcset=\"https:\/\/agora.xtec.cat\/ceipsolilluna\/wp-content\/uploads\/usu372\/2020\/01\/afa_logo.png 908w, https:\/\/agora.xtec.cat\/ceipsolilluna\/wp-content\/uploads\/usu372\/2020\/01\/afa_logo-300x81.png 300w, https:\/\/agora.xtec.cat\/ceipsolilluna\/wp-content\/uploads\/usu372\/2020\/01\/afa_logo-768x207.png 768w\" sizes=\"auto, (max-width: 908px) 100vw, 908px\" \/><\/p>\n<p>&nbsp;<\/p>\n<p><a href=\"https:\/\/drive.google.com\/file\/d\/1FoRGuTpi2kYkZtvfbZ39L7_aYpYJANPs\/view\"><span style=\"color: #0000ff;\"><strong>INFORMACI\u00d3 CURS 25-26 (Clica aqu\u00ed)<\/strong><\/span><\/a><\/p>\n<p style=\"text-align: justify;\">L&#8217;AFA de l&#8217;Escola El Sol i la Lluna es va constituir formalment a la <a href=\"https:\/\/drive.google.com\/file\/d\/0B8pl3iHVHDajRmRPZkJ5MXk4dFE\/view\">junta extraordin\u00e0ria <\/a>del 14 de maig de 2007, en la qu\u00e8 tamb\u00e9 es van signar els estatuts per part dels socis fundadors.<\/p>\n<p style=\"text-align: justify;\">L&#8217;\u00faltim dilluns de cada mes es fan les <strong>assemblees ordin\u00e0ries<\/strong>, on tots les fam\u00edlies dels infants hi esteu convocades, per tal d&#8217;impulsar iniciatives o prendre decisions importants per a l&#8217;escola. Les <strong>actes de les reunions<\/strong> es fan arribar a les fam\u00edlies per correu electr\u00f2nic.<\/p>\n<p style=\"text-align: justify;\">Les principals <strong>activitats gestionades per l&#8217;AFA<\/strong> de l&#8217;escola s\u00f3n: l&#8217;acollida matinal i de tarda, el menjador escolar i les activitats extraescolars. La coordinadora de menjador i la coordinadora d&#8217;AFA tenen horaris d&#8217;atenci\u00f3 a les fam\u00edlies per qualsevol gesti\u00f3, tant presencialment com per tel\u00e8fon: <strong>666 19 25 64\u00a0<\/strong>o correu electr\u00f2nic <a href=\"mailto:ampaceipelsolilalluna@gmail.com\" target=\"_blank\" rel=\"noopener noreferrer\">ampaceipelsolilalluna@gmail.com<\/a><\/p>\n<p style=\"text-align: justify;\">L&#8217;AFA t\u00e9 diferents comissions que participen en l&#8217;organitzaci\u00f3 i realitzaci\u00f3 d&#8217;activitats a l&#8217;escola: comissi\u00f3 de patis, menjador, extraescolars, festes i comunicaci\u00f3. Tamb\u00e9 hi ha un grup de fam\u00edlies teatrer<span class=\"\">@s, <\/span>aficionades al teatre i un grup de m\u00fasica, amb pares, mares o ex-alumnes, que participen oferint obres o concerts en diferents activitats o projectes d&#8217;escola.<\/p>\n<p><img loading=\"lazy\" decoding=\"async\" class=\"aligncenter size-full wp-image-12046\" src=\"https:\/\/agora.xtec.cat\/ceipsolilluna\/wp-content\/uploads\/usu372\/2026\/03\/Calendari-AFA-25-26.jpg\" alt=\"\" width=\"1470\" height=\"2000\" srcset=\"https:\/\/agora.xtec.cat\/ceipsolilluna\/wp-content\/uploads\/usu372\/2026\/03\/Calendari-AFA-25-26.jpg 1470w, https:\/\/agora.xtec.cat\/ceipsolilluna\/wp-content\/uploads\/usu372\/2026\/03\/Calendari-AFA-25-26-221x300.jpg 221w, https:\/\/agora.xtec.cat\/ceipsolilluna\/wp-content\/uploads\/usu372\/2026\/03\/Calendari-AFA-25-26-753x1024.jpg 753w, https:\/\/agora.xtec.cat\/ceipsolilluna\/wp-content\/uploads\/usu372\/2026\/03\/Calendari-AFA-25-26-768x1045.jpg 768w, https:\/\/agora.xtec.cat\/ceipsolilluna\/wp-content\/uploads\/usu372\/2026\/03\/Calendari-AFA-25-26-1129x1536.jpg 1129w\" sizes=\"auto, (max-width: 1470px) 100vw, 1470px\" \/><\/p>\n","protected":false},"excerpt":{"rendered":"<p>&nbsp; INFORMACI\u00d3 CURS 25-26 (Clica aqu\u00ed) L&#8217;AFA de l&#8217;Escola El Sol i la Lluna es va constituir formalment a la junta extraordin\u00e0ria del 14 de maig de 2007, en la qu\u00e8 tamb\u00e9 es van signar els estatuts per part dels socis fundadors. L&#8217;\u00faltim dilluns de cada mes es fan les assemblees ordin\u00e0ries, on tots les [&hellip;]<\/p>\n","protected":false},"author":1,"featured_media":0,"parent":0,"menu_order":0,"comment_status":"closed","ping_status":"closed","template":"","meta":{"_bbp_topic_count":0,"_bbp_reply_count":0,"_bbp_total_topic_count":0,"_bbp_total_reply_count":0,"_bbp_voice_count":0,"_bbp_anonymous_reply_count":0,"_bbp_topic_count_hidden":0,"_bbp_reply_count_hidden":0,"_bbp_forum_subforum_count":0,"site-sidebar-layout":"default","site-content-layout":"","ast-site-content-layout":"default","site-content-style":"default","site-sidebar-style":"default","ast-global-header-display":"","ast-banner-title-visibility":"","ast-main-header-display":"","ast-hfb-above-header-display":"","ast-hfb-below-header-display":"","ast-hfb-mobile-header-display":"","site-post-title":"","ast-breadcrumbs-content":"","ast-featured-img":"","footer-sml-layout":"","theme-transparent-header-meta":"default","adv-header-id-meta":"","stick-header-meta":"","header-above-stick-meta":"","header-main-stick-meta":"","header-below-stick-meta":"","astra-migrate-meta-layouts":"set","ast-page-background-enabled":"default","ast-page-background-meta":{"desktop":{"background-color":"var(--ast-global-color-4)","background-image":"","background-repeat":"repeat","background-position":"center center","background-size":"auto","background-attachment":"scroll","background-type":"","background-media":"","overlay-type":"","overlay-color":"","overlay-opacity":"","overlay-gradient":""},"tablet":{"background-color":"","background-image":"","background-repeat":"repeat","background-position":"center center","background-size":"auto","background-attachment":"scroll","background-type":"","background-media":"","overlay-type":"","overlay-color":"","overlay-opacity":"","overlay-gradient":""},"mobile":{"background-color":"","background-image":"","background-repeat":"repeat","background-position":"center center","background-size":"auto","background-attachment":"scroll","background-type":"","background-media":"","overlay-type":"","overlay-color":"","overlay-opacity":"","overlay-gradient":""}},"ast-content-background-meta":{"desktop":{"background-color":"var(--ast-global-color-5)","background-image":"","background-repeat":"repeat","background-position":"center center","background-size":"auto","background-attachment":"scroll","background-type":"","background-media":"","overlay-type":"","overlay-color":"","overlay-opacity":"","overlay-gradient":""},"tablet":{"background-color":"var(--ast-global-color-5)","background-image":"","background-repeat":"repeat","background-position":"center center","background-size":"auto","background-attachment":"scroll","background-type":"","background-media":"","overlay-type":"","overlay-color":"","overlay-opacity":"","overlay-gradient":""},"mobile":{"background-color":"var(--ast-global-color-5)","background-image":"","background-repeat":"repeat","background-position":"center center","background-size":"auto","background-attachment":"scroll","background-type":"","background-media":"","overlay-type":"","overlay-color":"","overlay-opacity":"","overlay-gradient":""}},"footnotes":""},"class_list":["post-325","page","type-page","status-publish","hentry"],"post_mailing_queue_ids":[],"_links":{"self":[{"href":"https:\/\/agora.xtec.cat\/ceipsolilluna\/wp-json\/wp\/v2\/pages\/325","targetHints":{"allow":["GET"]}}],"collection":[{"href":"https:\/\/agora.xtec.cat\/ceipsolilluna\/wp-json\/wp\/v2\/pages"}],"about":[{"href":"https:\/\/agora.xtec.cat\/ceipsolilluna\/wp-json\/wp\/v2\/types\/page"}],"author":[{"embeddable":true,"href":"https:\/\/agora.xtec.cat\/ceipsolilluna\/wp-json\/wp\/v2\/users\/1"}],"replies":[{"embeddable":true,"href":"https:\/\/agora.xtec.cat\/ceipsolilluna\/wp-json\/wp\/v2\/comments?post=325"}],"version-history":[{"count":6,"href":"https:\/\/agora.xtec.cat\/ceipsolilluna\/wp-json\/wp\/v2\/pages\/325\/revisions"}],"predecessor-version":[{"id":12047,"href":"https:\/\/agora.xtec.cat\/ceipsolilluna\/wp-json\/wp\/v2\/pages\/325\/revisions\/12047"}],"wp:attachment":[{"href":"https:\/\/agora.xtec.cat\/ceipsolilluna\/wp-json\/wp\/v2\/media?parent=325"}],"curies":[{"name":"wp","href":"https:\/\/api.w.org\/{rel}","templated":true}]}}