{"id":32,"date":"2016-11-11T12:31:33","date_gmt":"2016-11-11T11:31:33","guid":{"rendered":"http:\/\/agora.xtec.cat\/ceipsolilluna\/?page_id=32"},"modified":"2025-07-17T21:39:57","modified_gmt":"2025-07-17T19:39:57","slug":"calendari-del-curs","status":"publish","type":"page","link":"https:\/\/agora.xtec.cat\/ceipsolilluna\/lescola\/calendari-del-curs\/","title":{"rendered":"Calendari del curs"},"content":{"rendered":"<h4><strong>Inici de curs:<\/strong><\/h4>\n<p>8 de setembre de 2025<\/p>\n<h4 style=\"text-align: justify;\"><strong>Vacances:<\/strong><\/h4>\n<p style=\"text-align: justify;\">Del 20 de desembre de 2025 al 7 de gener de 2026 (ambd\u00f3s inclosos)<\/p>\n<p style=\"text-align: justify;\">Del 28 de mar\u00e7 al 6 d&#8217;abril de 2025 (ambd\u00f3s inclosos)<\/p>\n<p style=\"text-align: justify;\">A partir del 20 de juny de 2026<\/p>\n<h4 style=\"text-align: justify;\"><strong>Festes locals:<\/strong><\/h4>\n<p style=\"text-align: justify;\">15 de setembre de 2025<\/p>\n<p style=\"text-align: justify;\">19 de mar\u00e7 de 2026<\/p>\n<h4 style=\"text-align: justify;\"><strong>Dies festius de lliure disposici\u00f3:<\/strong><\/h4>\n<p style=\"text-align: justify;\">3 de novembre de 2025<\/p>\n<p style=\"text-align: justify;\">16 de febrer de 2026<\/p>\n<p style=\"text-align: justify;\">20 de mar\u00e7 de 2026<\/p>\n<p style=\"text-align: justify;\">30 d&#8217;abril de 2026<\/p>\n<h4 style=\"text-align: justify;\"><strong>Jornada compactada: <\/strong>9:00-13:00 h<\/h4>\n<p style=\"text-align: justify;\">El 19 de desembre de 2025 i del 8 al 19 de juny de 2026<\/p>\n<p style=\"text-align: justify;\"><strong>L\u2019<\/strong><b>horari lectiu<\/b> del centre \u00e9s de 9:00 a 12:30 h i de 15:00 a 16:30 h per a tot l&#8217;alumnat del centre. El 19 de desembre de 2024 i del 8 al 19 de juny de 2026 es realitza horari compactat de 9:00 a 13:00 h. (L&#8217;alumnat que utilitza el servei de menjador surt de 15:00 a 15:30h)<\/p>\n<p style=\"text-align: justify;\">Per als infants que inicien l\u2019escolaritzaci\u00f3 a I3 s\u2019organitza un per\u00edode d\u2019adaptaci\u00f3 que suposa una certa modificaci\u00f3 dels horaris dels\u00a0 primers dies de classe, i que es fa saber a les fam\u00edlies en les reunions pr\u00e8vies corresponents. Aquests dies s\u00f3n: 8, 9, 10 i 12 de setembre de 2025.<\/p>\n<p style=\"text-align: center;\"><img loading=\"lazy\" decoding=\"async\" class=\"aligncenter wp-image-11789 size-full\" src=\"https:\/\/agora.xtec.cat\/ceipsolilluna\/wp-content\/uploads\/usu372\/2025\/07\/Calendari-25-26-1-pdf.jpg\" alt=\"\" width=\"1497\" height=\"1059\" \/><\/p>\n<p style=\"text-align: center;\">\n","protected":false},"excerpt":{"rendered":"<p>Inici de curs: 8 de setembre de 2025 Vacances: Del 20 de desembre de 2025 al 7 de gener de 2026 (ambd\u00f3s inclosos) Del 28 de mar\u00e7 al 6 d&#8217;abril de 2025 (ambd\u00f3s inclosos) A partir del 20 de juny de 2026 Festes locals: 15 de setembre de 2025 19 de mar\u00e7 de 2026 Dies [&hellip;]<\/p>\n","protected":false},"author":1,"featured_media":0,"parent":22,"menu_order":60,"comment_status":"closed","ping_status":"closed","template":"page-templates\/side-menu.php","meta":{"_bbp_topic_count":0,"_bbp_reply_count":0,"_bbp_total_topic_count":0,"_bbp_total_reply_count":0,"_bbp_voice_count":0,"_bbp_anonymous_reply_count":0,"_bbp_topic_count_hidden":0,"_bbp_reply_count_hidden":0,"_bbp_forum_subforum_count":0,"site-sidebar-layout":"default","site-content-layout":"","ast-site-content-layout":"","site-content-style":"default","site-sidebar-style":"default","ast-global-header-display":"","ast-banner-title-visibility":"","ast-main-header-display":"","ast-hfb-above-header-display":"","ast-hfb-below-header-display":"","ast-hfb-mobile-header-display":"","site-post-title":"","ast-breadcrumbs-content":"","ast-featured-img":"","footer-sml-layout":"","theme-transparent-header-meta":"","adv-header-id-meta":"","stick-header-meta":"","header-above-stick-meta":"","header-main-stick-meta":"","header-below-stick-meta":"","astra-migrate-meta-layouts":"default","ast-page-background-enabled":"default","ast-page-background-meta":{"desktop":{"background-color":"var(--ast-global-color-4)","background-image":"","background-repeat":"repeat","background-position":"center center","background-size":"auto","background-attachment":"scroll","background-type":"","background-media":"","overlay-type":"","overlay-color":"","overlay-opacity":"","overlay-gradient":""},"tablet":{"background-color":"","background-image":"","background-repeat":"repeat","background-position":"center center","background-size":"auto","background-attachment":"scroll","background-type":"","background-media":"","overlay-type":"","overlay-color":"","overlay-opacity":"","overlay-gradient":""},"mobile":{"background-color":"","background-image":"","background-repeat":"repeat","background-position":"center center","background-size":"auto","background-attachment":"scroll","background-type":"","background-media":"","overlay-type":"","overlay-color":"","overlay-opacity":"","overlay-gradient":""}},"ast-content-background-meta":{"desktop":{"background-color":"var(--ast-global-color-5)","background-image":"","background-repeat":"repeat","background-position":"center center","background-size":"auto","background-attachment":"scroll","background-type":"","background-media":"","overlay-type":"","overlay-color":"","overlay-opacity":"","overlay-gradient":""},"tablet":{"background-color":"var(--ast-global-color-5)","background-image":"","background-repeat":"repeat","background-position":"center center","background-size":"auto","background-attachment":"scroll","background-type":"","background-media":"","overlay-type":"","overlay-color":"","overlay-opacity":"","overlay-gradient":""},"mobile":{"background-color":"var(--ast-global-color-5)","background-image":"","background-repeat":"repeat","background-position":"center center","background-size":"auto","background-attachment":"scroll","background-type":"","background-media":"","overlay-type":"","overlay-color":"","overlay-opacity":"","overlay-gradient":""}},"footnotes":""},"class_list":["post-32","page","type-page","status-publish","hentry"],"post_mailing_queue_ids":[],"_links":{"self":[{"href":"https:\/\/agora.xtec.cat\/ceipsolilluna\/wp-json\/wp\/v2\/pages\/32","targetHints":{"allow":["GET"]}}],"collection":[{"href":"https:\/\/agora.xtec.cat\/ceipsolilluna\/wp-json\/wp\/v2\/pages"}],"about":[{"href":"https:\/\/agora.xtec.cat\/ceipsolilluna\/wp-json\/wp\/v2\/types\/page"}],"author":[{"embeddable":true,"href":"https:\/\/agora.xtec.cat\/ceipsolilluna\/wp-json\/wp\/v2\/users\/1"}],"replies":[{"embeddable":true,"href":"https:\/\/agora.xtec.cat\/ceipsolilluna\/wp-json\/wp\/v2\/comments?post=32"}],"version-history":[{"count":6,"href":"https:\/\/agora.xtec.cat\/ceipsolilluna\/wp-json\/wp\/v2\/pages\/32\/revisions"}],"predecessor-version":[{"id":11790,"href":"https:\/\/agora.xtec.cat\/ceipsolilluna\/wp-json\/wp\/v2\/pages\/32\/revisions\/11790"}],"up":[{"embeddable":true,"href":"https:\/\/agora.xtec.cat\/ceipsolilluna\/wp-json\/wp\/v2\/pages\/22"}],"wp:attachment":[{"href":"https:\/\/agora.xtec.cat\/ceipsolilluna\/wp-json\/wp\/v2\/media?parent=32"}],"curies":[{"name":"wp","href":"https:\/\/api.w.org\/{rel}","templated":true}]}}