{"id":30,"date":"2016-11-11T12:30:23","date_gmt":"2016-11-11T11:30:23","guid":{"rendered":"http:\/\/agora.xtec.cat\/ceipsolilluna\/?page_id=30"},"modified":"2025-02-06T23:20:33","modified_gmt":"2025-02-06T22:20:33","slug":"instal%c2%b7lacions","status":"publish","type":"page","link":"https:\/\/agora.xtec.cat\/ceipsolilluna\/lescola\/instal%c2%b7lacions\/","title":{"rendered":"Instal\u00b7lacions i espais d&#8217;aprenentatge"},"content":{"rendered":"<p>L&#8217;escola consta de tres plantes.<\/p>\n<ul style=\"list-style-type: circle;\">\n<li>A la superior, a la que accedim del carrer Bassetes, trobem els despatxos i la sala de professors.<\/li>\n<li>A la planta del mig hi ha les aules de grup d&#8217;educaci\u00f3 infantil (petits), l&#8217;aula de psicomotricitat, l&#8217;espai d&#8217;art llums i ombres, l&#8217;espai Tinkering, la biblioteca, el pati de petits, el menjador, la cuina, l&#8217;espai bugaderia i el despatx de l&#8217;AFA.<\/li>\n<li>A la planta inferior trobem les aules de grup de prim\u00e0ria (mitjans i grans), l&#8217;aula de m\u00fasica, aula de cultura digital, les aules d&#8217;angl\u00e8s, l&#8217;espai recursos de diversitat, les dues aules multisensorial, el Lab STEAM\/Ci\u00e8ncies, el taller d&#8217;Art, dues aules polivalents, els patis i el pavell\u00f3 Dani Pedrosa, com a gimn\u00e0s de l&#8217;escola de 9:00 a 18:00h.<\/li>\n<\/ul>\n<p><strong>Us convidem a visitar les instal\u00b7lacions i espais d&#8217;aprenentatge a la visita virtual:<\/strong><\/p>\n<div style=\"width: 100%;\">\n<div style=\"position: relative; padding-bottom: 56.25%; padding-top: 0px; height: 0px; padding-left: 40px;\"><iframe loading=\"lazy\" src=\"https:\/\/view.genial.ly\/601fbbbd3668350d001430b5\" width=\"600\" height=\"338\" frameborder=\"0\"><\/iframe><\/div>\n<\/div>\n<p>&nbsp;<\/p>\n","protected":false},"excerpt":{"rendered":"<p>L&#8217;escola consta de tres plantes. A la superior, a la que accedim del carrer Bassetes, trobem els despatxos i la sala de professors. A la planta del mig hi ha les aules de grup d&#8217;educaci\u00f3 infantil (petits), l&#8217;aula de psicomotricitat, l&#8217;espai d&#8217;art llums i ombres, l&#8217;espai Tinkering, la biblioteca, el pati de petits, el menjador, [&hellip;]<\/p>\n","protected":false},"author":1,"featured_media":0,"parent":22,"menu_order":70,"comment_status":"closed","ping_status":"closed","template":"page-templates\/side-menu.php","meta":{"_bbp_topic_count":0,"_bbp_reply_count":0,"_bbp_total_topic_count":0,"_bbp_total_reply_count":0,"_bbp_voice_count":0,"_bbp_anonymous_reply_count":0,"_bbp_topic_count_hidden":0,"_bbp_reply_count_hidden":0,"_bbp_forum_subforum_count":0,"site-sidebar-layout":"default","site-content-layout":"","ast-site-content-layout":"","site-content-style":"default","site-sidebar-style":"default","ast-global-header-display":"","ast-banner-title-visibility":"","ast-main-header-display":"","ast-hfb-above-header-display":"","ast-hfb-below-header-display":"","ast-hfb-mobile-header-display":"","site-post-title":"","ast-breadcrumbs-content":"","ast-featured-img":"","footer-sml-layout":"","theme-transparent-header-meta":"","adv-header-id-meta":"","stick-header-meta":"","header-above-stick-meta":"","header-main-stick-meta":"","header-below-stick-meta":"","astra-migrate-meta-layouts":"default","ast-page-background-enabled":"default","ast-page-background-meta":{"desktop":{"background-color":"var(--ast-global-color-4)","background-image":"","background-repeat":"repeat","background-position":"center center","background-size":"auto","background-attachment":"scroll","background-type":"","background-media":"","overlay-type":"","overlay-color":"","overlay-opacity":"","overlay-gradient":""},"tablet":{"background-color":"","background-image":"","background-repeat":"repeat","background-position":"center center","background-size":"auto","background-attachment":"scroll","background-type":"","background-media":"","overlay-type":"","overlay-color":"","overlay-opacity":"","overlay-gradient":""},"mobile":{"background-color":"","background-image":"","background-repeat":"repeat","background-position":"center center","background-size":"auto","background-attachment":"scroll","background-type":"","background-media":"","overlay-type":"","overlay-color":"","overlay-opacity":"","overlay-gradient":""}},"ast-content-background-meta":{"desktop":{"background-color":"var(--ast-global-color-5)","background-image":"","background-repeat":"repeat","background-position":"center center","background-size":"auto","background-attachment":"scroll","background-type":"","background-media":"","overlay-type":"","overlay-color":"","overlay-opacity":"","overlay-gradient":""},"tablet":{"background-color":"var(--ast-global-color-5)","background-image":"","background-repeat":"repeat","background-position":"center center","background-size":"auto","background-attachment":"scroll","background-type":"","background-media":"","overlay-type":"","overlay-color":"","overlay-opacity":"","overlay-gradient":""},"mobile":{"background-color":"var(--ast-global-color-5)","background-image":"","background-repeat":"repeat","background-position":"center center","background-size":"auto","background-attachment":"scroll","background-type":"","background-media":"","overlay-type":"","overlay-color":"","overlay-opacity":"","overlay-gradient":""}},"footnotes":""},"class_list":["post-30","page","type-page","status-publish","hentry"],"post_mailing_queue_ids":[],"_links":{"self":[{"href":"https:\/\/agora.xtec.cat\/ceipsolilluna\/wp-json\/wp\/v2\/pages\/30","targetHints":{"allow":["GET"]}}],"collection":[{"href":"https:\/\/agora.xtec.cat\/ceipsolilluna\/wp-json\/wp\/v2\/pages"}],"about":[{"href":"https:\/\/agora.xtec.cat\/ceipsolilluna\/wp-json\/wp\/v2\/types\/page"}],"author":[{"embeddable":true,"href":"https:\/\/agora.xtec.cat\/ceipsolilluna\/wp-json\/wp\/v2\/users\/1"}],"replies":[{"embeddable":true,"href":"https:\/\/agora.xtec.cat\/ceipsolilluna\/wp-json\/wp\/v2\/comments?post=30"}],"version-history":[{"count":6,"href":"https:\/\/agora.xtec.cat\/ceipsolilluna\/wp-json\/wp\/v2\/pages\/30\/revisions"}],"predecessor-version":[{"id":11587,"href":"https:\/\/agora.xtec.cat\/ceipsolilluna\/wp-json\/wp\/v2\/pages\/30\/revisions\/11587"}],"up":[{"embeddable":true,"href":"https:\/\/agora.xtec.cat\/ceipsolilluna\/wp-json\/wp\/v2\/pages\/22"}],"wp:attachment":[{"href":"https:\/\/agora.xtec.cat\/ceipsolilluna\/wp-json\/wp\/v2\/media?parent=30"}],"curies":[{"name":"wp","href":"https:\/\/api.w.org\/{rel}","templated":true}]}}