{"id":28,"date":"2016-11-18T12:29:35","date_gmt":"2016-11-18T11:29:35","guid":{"rendered":"http:\/\/agora.xtec.cat\/ceipsolilluna\/?page_id=28"},"modified":"2026-01-25T21:23:27","modified_gmt":"2026-01-25T20:23:27","slug":"consell-escolar","status":"publish","type":"page","link":"https:\/\/agora.xtec.cat\/ceipsolilluna\/lescola\/consell-escolar\/","title":{"rendered":"Consell escolar"},"content":{"rendered":"<p>El Consell Escolar del centre est\u00e0 format per 18 membres: l&#8217;equip directiu (la secret\u00e0ria amb veu per\u00f2 sense vot), cinc mestres, sis membres del sector de fam\u00edlies (un dels quals \u00e9s a proposta de l&#8217;AFA), el representant municipal, un representant del PAE i un representant del PAS.<\/p>\n<table style=\"border-color: #ffffff; background-color: #ffffff; height: 559px;\" border=\"0\" width=\"864\" cellspacing=\"0\" cellpadding=\"0\">\n<caption>\u00a0<\/caption>\n<tbody>\n<tr style=\"background-color: #edfafa; height: 338px;\">\n<td style=\"border-color: #0328ff; height: 338px;\">\n<h3 style=\"text-align: left;\"><span class=\"fs15 cf2 ff1\"><b>Equip directiu<\/b><\/span><\/h3>\n<p><span class=\"fs13 cf2 ff1\">Gl\u00f2ria Rinc\u00f3n<\/span><\/p>\n<p>N\u00e0dia L\u00f3pez<\/p>\n<p><span class=\"fs13 cf2 ff1\">Marina Asensio<\/span><\/p>\n<p>&nbsp;<\/p>\n<p>&nbsp;<\/p>\n<p>&nbsp;<\/p>\n<p>&nbsp;<\/p>\n<p>&nbsp;<\/td>\n<td style=\"border-color: #0328ff; height: 338px;\">\n<h3><span class=\"fs15 cf2 ff1\"><b>Sector mestres<\/b><\/span><\/h3>\n<p><span style=\"font-family: inherit; font-size: 1em;\">M\u00edriam Porras<\/span><\/p>\n<p><span style=\"font-family: inherit; font-size: 1em;\">Lourdes Cabrera<\/span><\/p>\n<p>Daniel Macian<\/p>\n<p>Frank Hern\u00e1ndez<\/p>\n<p>Anna Fern\u00e1ndez<\/p>\n<p>&nbsp;<\/p>\n<p>&nbsp;<\/td>\n<td style=\"border-color: #0328ff; height: 338px;\">\n<h3><span class=\"fs15 cf2 ff1\"><b>Sector fam\u00edlies<\/b><\/span><\/h3>\n<p>Jordi Ballart<\/p>\n<p>Mireia Guitart<\/p>\n<p>Meritxell Capdevila<\/p>\n<p>Alejandro de Haro<\/p>\n<p>Maite Aguilar<\/p>\n<p>&nbsp;<\/p>\n<p>&nbsp;<\/p>\n<p>&nbsp;<\/p>\n<p>&nbsp;<\/td>\n<td style=\"border-color: #0328ff; height: 338px;\">\n<h3><span class=\"fs15 cf2 ff1\"><b>AFA<\/b><\/span><\/h3>\n<p><span class=\"fs13 cf2 ff1\">M\u00f2nica C\u00f3rdoba<\/span><\/p>\n<h3><span class=\"fs15 cf2 ff1\"><b>Ajuntament<\/b><\/span><\/h3>\n<p><span class=\"fs13 cf2 ff1\">Anna Riera<\/span><\/p>\n<h3><span class=\"fs15 cf2 ff1\"><b>PAS <\/b><\/span><\/h3>\n<p><span class=\"fs13 cf2 ff1\">Isabel Maria Ramos<\/span><\/p>\n<h3><span class=\"fs15 cf2 ff1\"><b>PAE<\/b><\/span><\/h3>\n<p>Anna Rodr\u00edguez<\/p>\n<p>&nbsp;<\/td>\n<\/tr>\n<tr style=\"height: 172px;\">\n<td style=\"border-color: #0328ff; height: 172px;\" colspan=\"4\"><img loading=\"lazy\" decoding=\"async\" class=\"wp-image-304 size-medium aligncenter\" src=\"http:\/\/agora.xtec.cat\/ceipsolilluna\/wp-content\/uploads\/usu372\/2014\/09\/consell_escolar-300x139.jpg\" alt=\"consell_escolar\" width=\"300\" height=\"139\" srcset=\"https:\/\/agora.xtec.cat\/ceipsolilluna\/wp-content\/uploads\/usu372\/2014\/09\/consell_escolar-300x139.jpg 300w, https:\/\/agora.xtec.cat\/ceipsolilluna\/wp-content\/uploads\/usu372\/2014\/09\/consell_escolar.jpg 713w\" sizes=\"auto, (max-width: 300px) 100vw, 300px\" \/><\/td>\n<\/tr>\n<\/tbody>\n<\/table>\n","protected":false},"excerpt":{"rendered":"<p>El Consell Escolar del centre est\u00e0 format per 18 membres: l&#8217;equip directiu (la secret\u00e0ria amb veu per\u00f2 sense vot), cinc mestres, sis membres del sector de fam\u00edlies (un dels quals \u00e9s a proposta de l&#8217;AFA), el representant municipal, un representant del PAE i un representant del PAS. \u00a0 Equip directiu Gl\u00f2ria Rinc\u00f3n N\u00e0dia L\u00f3pez Marina [&hellip;]<\/p>\n","protected":false},"author":1,"featured_media":0,"parent":22,"menu_order":40,"comment_status":"closed","ping_status":"closed","template":"","meta":{"_bbp_topic_count":0,"_bbp_reply_count":0,"_bbp_total_topic_count":0,"_bbp_total_reply_count":0,"_bbp_voice_count":0,"_bbp_anonymous_reply_count":0,"_bbp_topic_count_hidden":0,"_bbp_reply_count_hidden":0,"_bbp_forum_subforum_count":0,"site-sidebar-layout":"default","site-content-layout":"","ast-site-content-layout":"default","site-content-style":"default","site-sidebar-style":"default","ast-global-header-display":"","ast-banner-title-visibility":"","ast-main-header-display":"","ast-hfb-above-header-display":"","ast-hfb-below-header-display":"","ast-hfb-mobile-header-display":"","site-post-title":"","ast-breadcrumbs-content":"","ast-featured-img":"","footer-sml-layout":"","theme-transparent-header-meta":"default","adv-header-id-meta":"","stick-header-meta":"","header-above-stick-meta":"","header-main-stick-meta":"","header-below-stick-meta":"","astra-migrate-meta-layouts":"set","ast-page-background-enabled":"default","ast-page-background-meta":{"desktop":{"background-color":"var(--ast-global-color-4)","background-image":"","background-repeat":"repeat","background-position":"center center","background-size":"auto","background-attachment":"scroll","background-type":"","background-media":"","overlay-type":"","overlay-color":"","overlay-opacity":"","overlay-gradient":""},"tablet":{"background-color":"","background-image":"","background-repeat":"repeat","background-position":"center center","background-size":"auto","background-attachment":"scroll","background-type":"","background-media":"","overlay-type":"","overlay-color":"","overlay-opacity":"","overlay-gradient":""},"mobile":{"background-color":"","background-image":"","background-repeat":"repeat","background-position":"center center","background-size":"auto","background-attachment":"scroll","background-type":"","background-media":"","overlay-type":"","overlay-color":"","overlay-opacity":"","overlay-gradient":""}},"ast-content-background-meta":{"desktop":{"background-color":"var(--ast-global-color-5)","background-image":"","background-repeat":"repeat","background-position":"center center","background-size":"auto","background-attachment":"scroll","background-type":"","background-media":"","overlay-type":"","overlay-color":"","overlay-opacity":"","overlay-gradient":""},"tablet":{"background-color":"var(--ast-global-color-5)","background-image":"","background-repeat":"repeat","background-position":"center center","background-size":"auto","background-attachment":"scroll","background-type":"","background-media":"","overlay-type":"","overlay-color":"","overlay-opacity":"","overlay-gradient":""},"mobile":{"background-color":"var(--ast-global-color-5)","background-image":"","background-repeat":"repeat","background-position":"center center","background-size":"auto","background-attachment":"scroll","background-type":"","background-media":"","overlay-type":"","overlay-color":"","overlay-opacity":"","overlay-gradient":""}},"footnotes":""},"class_list":["post-28","page","type-page","status-publish","hentry"],"post_mailing_queue_ids":[],"_links":{"self":[{"href":"https:\/\/agora.xtec.cat\/ceipsolilluna\/wp-json\/wp\/v2\/pages\/28","targetHints":{"allow":["GET"]}}],"collection":[{"href":"https:\/\/agora.xtec.cat\/ceipsolilluna\/wp-json\/wp\/v2\/pages"}],"about":[{"href":"https:\/\/agora.xtec.cat\/ceipsolilluna\/wp-json\/wp\/v2\/types\/page"}],"author":[{"embeddable":true,"href":"https:\/\/agora.xtec.cat\/ceipsolilluna\/wp-json\/wp\/v2\/users\/1"}],"replies":[{"embeddable":true,"href":"https:\/\/agora.xtec.cat\/ceipsolilluna\/wp-json\/wp\/v2\/comments?post=28"}],"version-history":[{"count":6,"href":"https:\/\/agora.xtec.cat\/ceipsolilluna\/wp-json\/wp\/v2\/pages\/28\/revisions"}],"predecessor-version":[{"id":11877,"href":"https:\/\/agora.xtec.cat\/ceipsolilluna\/wp-json\/wp\/v2\/pages\/28\/revisions\/11877"}],"up":[{"embeddable":true,"href":"https:\/\/agora.xtec.cat\/ceipsolilluna\/wp-json\/wp\/v2\/pages\/22"}],"wp:attachment":[{"href":"https:\/\/agora.xtec.cat\/ceipsolilluna\/wp-json\/wp\/v2\/media?parent=28"}],"curies":[{"name":"wp","href":"https:\/\/api.w.org\/{rel}","templated":true}]}}