{"id":269,"date":"2016-11-16T15:52:41","date_gmt":"2016-11-16T14:52:41","guid":{"rendered":"http:\/\/agora.xtec.cat\/ceipsolilluna\/?page_id=269"},"modified":"2025-03-18T19:20:20","modified_gmt":"2025-03-18T18:20:20","slug":"administracio-i-serveis","status":"publish","type":"page","link":"https:\/\/agora.xtec.cat\/ceipsolilluna\/lescola\/administracio-i-serveis\/","title":{"rendered":"Administraci\u00f3 i Serveis"},"content":{"rendered":"<p>Som moltes les persones que fem que l&#8217;escola funcioni i pugui oferir qualitat pedag\u00f2gica, atencional i dels diferents serveis als infants i fam\u00edlies:<\/p>\n<header class=\"entry-header\">\n<h1 class=\"entry-title\"><sup>EAP i Logop\u00e8dia<\/sup><\/h1>\n<\/header>\n<div class=\"entry-content\">\n<table>\n<tbody>\n<tr>\n<td><img loading=\"lazy\" decoding=\"async\" class=\"aligncenter size-full wp-image-415\" src=\"http:\/\/agora.xtec.cat\/ceipsolilluna\/wp-content\/uploads\/usu372\/2016\/11\/eap.jpg\" alt=\"eap\" width=\"156\" height=\"151\" \/><\/td>\n<td>Comptem amb l\u2019assessorament d\u2019un membre de l\u2019EAP un mat\u00ed setmanalment. La seva intervenci\u00f3 es concreta en l\u2019atenci\u00f3 a l\u2019alumnat i a les seves fam\u00edlies i en el suport al professorat.<\/td>\n<\/tr>\n<tr>\n<td><img loading=\"lazy\" decoding=\"async\" class=\"aligncenter size-full wp-image-411\" src=\"http:\/\/agora.xtec.cat\/ceipsolilluna\/wp-content\/uploads\/usu372\/2016\/11\/logopeda_29cl55ia.jpg\" alt=\"logopeda_29cl55ia\" width=\"193\" height=\"165\" \/><\/td>\n<td><span class=\"fs20 ff1 cf4\">Comptem amb la intervenci\u00f3 d\u2019una logopeda que dona suport a diversos infants del centre<\/span><span class=\"fs20 ff1 cf4\">\u00a0amb problemes de llenguatge, previ dictamen i aprovaci\u00f3 del Departament.<\/span><\/td>\n<\/tr>\n<\/tbody>\n<\/table>\n<p>&nbsp;<\/p>\n<\/div>\n<table style=\"height: 493px; border-color: #ffffff; background-color: #ffffff; width: 89.698%;\" border=\"0\" width=\"745\" cellspacing=\"0\" cellpadding=\"0\">\n<tbody>\n<tr style=\"border-color: #0328ff; background-color: #e9f2f5; height: 517px;\">\n<td style=\"width: 30.1205%; height: 493px; border-color: #0328ff;\">\n<h3><span class=\"fs15 cf4 ff1\"><b>Consergeria<\/b><\/span><\/h3>\n<p>Gl\u00f2ria Valls<\/p>\n<h3><span class=\"fs15 cf4 ff1\"><b>Administrativa<\/b><\/span><\/h3>\n<p><span class=\"fs13 cf4 ff1\">Isabel Ramos<\/span><span class=\"fs15 cf4 ff1\"><b><br \/>\n<\/b><\/span><\/p>\n<h3><span class=\"fs15 cf4 ff1\"><b>Servei de neteja<br \/>\n<\/b><\/span><\/h3>\n<p><span class=\"fs13 cf4 ff1\">Magdalena Cantero<\/span><\/p>\n<p>Mireia<\/p>\n<p>Yolanda<\/p>\n<h3><b><span class=\"fs13 cf4 ff1\">Acollida matinal: <\/span><\/b><\/h3>\n<p><b><\/b><span class=\"fs13 cf4 ff1\">Isa Rodr\u00edguez\/<b><\/b><\/span>Mar\u00eda Mancha<\/p>\n<h3><span class=\"fs13 cf4 ff1\"><b>Acollida tarda:<\/b> <\/span><\/h3>\n<p><span class=\"fs13 cf4 ff1\">Dolors Rodr\u00edguez<\/span><\/p>\n<p>&nbsp;<\/p>\n<p>&nbsp;<\/p>\n<p>&nbsp;<\/td>\n<td style=\"width: 29.6687%; height: 493px; border-color: #0328ff;\">\n<h3><span class=\"fs15 cf4 ff1\"><b>Servei menjador<\/b><\/span><span class=\"fs13 cf4 ff1\"><br \/>\n<\/span><\/h3>\n<p><span class=\"fs13 cf4 ff1\"><b>Cuinera: <\/b><\/span><\/p>\n<p><span class=\"fs13 cf4 ff1\">Maribel Ruiz<\/span><\/p>\n<p><span class=\"fs13 cf4 ff1\"><b>Auxiliar cuina:<\/b><\/span><\/p>\n<p>Salom\u00e9<\/p>\n<p><span class=\"fs13 cf4 ff1\"><b>Monitors\/es:<\/b> <\/span><\/p>\n<p><span class=\"fs13 cf4 ff1\">Dolors Rodr\u00edguez<\/span><\/p>\n<p><span class=\"fs13 cf4 ff1\">Isabel Rodr\u00edguez<\/span><\/p>\n<p><span class=\"fs13 cf4 ff1\">Mar\u00eda Mancha<\/span><\/p>\n<p><span class=\"fs13 cf4 ff1\">Joana Zoyo<\/span><\/p>\n<p>Paqui Garc\u00eda<\/p>\n<p>Carla Toledo<\/p>\n<p>Sara Santos<\/p>\n<p>Montse Sucarrats<\/p>\n<p>Montse Bernat<\/td>\n<td style=\"width: 40.0602%; height: 493px; border-color: #0328ff;\">\n<h3><span class=\"fs15 cf4 ff1\"><b>Coordinadores AFA<\/b><\/span><\/h3>\n<p><span class=\"fs15 cf4 ff1\"><span class=\"fs13 cf4 ff1\">Joana Zoyo i Anna Vil\u00e0<\/span><\/span><\/p>\n<h3><span class=\"fs15 cf4 ff1\"><b><span class=\"fs15 cf4 ff1\"><b>Presidentes AFA<\/b><\/span><\/b><\/span><\/h3>\n<p><span class=\"fs15 cf4 ff1\"><span class=\"fs13 cf4 ff1\">Imma Brualla i Cristina Cruz<\/span><\/span><\/p>\n<p>&nbsp;<\/p>\n<p>&nbsp;<\/p>\n<p>&nbsp;<\/p>\n<p>&nbsp;<\/p>\n<p>&nbsp;<\/p>\n<p>&nbsp;<\/p>\n<p>&nbsp;<\/p>\n<p>&nbsp;<\/p>\n<p>&nbsp;<\/p>\n<p>&nbsp;<\/p>\n<p>&nbsp;<\/p>\n<p>&nbsp;<\/p>\n<p>&nbsp;<\/td>\n<\/tr>\n<\/tbody>\n<\/table>\n<p>&nbsp;<\/p>\n","protected":false},"excerpt":{"rendered":"<p>Som moltes les persones que fem que l&#8217;escola funcioni i pugui oferir qualitat pedag\u00f2gica, atencional i dels diferents serveis als infants i fam\u00edlies: EAP i Logop\u00e8dia Comptem amb l\u2019assessorament d\u2019un membre de l\u2019EAP un mat\u00ed setmanalment. La seva intervenci\u00f3 es concreta en l\u2019atenci\u00f3 a l\u2019alumnat i a les seves fam\u00edlies i en el suport al [&hellip;]<\/p>\n","protected":false},"author":1,"featured_media":0,"parent":22,"menu_order":50,"comment_status":"closed","ping_status":"closed","template":"page-templates\/side-menu.php","meta":{"_bbp_topic_count":0,"_bbp_reply_count":0,"_bbp_total_topic_count":0,"_bbp_total_reply_count":0,"_bbp_voice_count":0,"_bbp_anonymous_reply_count":0,"_bbp_topic_count_hidden":0,"_bbp_reply_count_hidden":0,"_bbp_forum_subforum_count":0,"site-sidebar-layout":"default","site-content-layout":"","ast-site-content-layout":"","site-content-style":"default","site-sidebar-style":"default","ast-global-header-display":"","ast-banner-title-visibility":"","ast-main-header-display":"","ast-hfb-above-header-display":"","ast-hfb-below-header-display":"","ast-hfb-mobile-header-display":"","site-post-title":"","ast-breadcrumbs-content":"","ast-featured-img":"","footer-sml-layout":"","theme-transparent-header-meta":"","adv-header-id-meta":"","stick-header-meta":"","header-above-stick-meta":"","header-main-stick-meta":"","header-below-stick-meta":"","astra-migrate-meta-layouts":"default","ast-page-background-enabled":"default","ast-page-background-meta":{"desktop":{"background-color":"var(--ast-global-color-4)","background-image":"","background-repeat":"repeat","background-position":"center center","background-size":"auto","background-attachment":"scroll","background-type":"","background-media":"","overlay-type":"","overlay-color":"","overlay-opacity":"","overlay-gradient":""},"tablet":{"background-color":"","background-image":"","background-repeat":"repeat","background-position":"center center","background-size":"auto","background-attachment":"scroll","background-type":"","background-media":"","overlay-type":"","overlay-color":"","overlay-opacity":"","overlay-gradient":""},"mobile":{"background-color":"","background-image":"","background-repeat":"repeat","background-position":"center center","background-size":"auto","background-attachment":"scroll","background-type":"","background-media":"","overlay-type":"","overlay-color":"","overlay-opacity":"","overlay-gradient":""}},"ast-content-background-meta":{"desktop":{"background-color":"var(--ast-global-color-5)","background-image":"","background-repeat":"repeat","background-position":"center center","background-size":"auto","background-attachment":"scroll","background-type":"","background-media":"","overlay-type":"","overlay-color":"","overlay-opacity":"","overlay-gradient":""},"tablet":{"background-color":"var(--ast-global-color-5)","background-image":"","background-repeat":"repeat","background-position":"center center","background-size":"auto","background-attachment":"scroll","background-type":"","background-media":"","overlay-type":"","overlay-color":"","overlay-opacity":"","overlay-gradient":""},"mobile":{"background-color":"var(--ast-global-color-5)","background-image":"","background-repeat":"repeat","background-position":"center center","background-size":"auto","background-attachment":"scroll","background-type":"","background-media":"","overlay-type":"","overlay-color":"","overlay-opacity":"","overlay-gradient":""}},"footnotes":""},"class_list":["post-269","page","type-page","status-publish","hentry"],"post_mailing_queue_ids":[],"_links":{"self":[{"href":"https:\/\/agora.xtec.cat\/ceipsolilluna\/wp-json\/wp\/v2\/pages\/269","targetHints":{"allow":["GET"]}}],"collection":[{"href":"https:\/\/agora.xtec.cat\/ceipsolilluna\/wp-json\/wp\/v2\/pages"}],"about":[{"href":"https:\/\/agora.xtec.cat\/ceipsolilluna\/wp-json\/wp\/v2\/types\/page"}],"author":[{"embeddable":true,"href":"https:\/\/agora.xtec.cat\/ceipsolilluna\/wp-json\/wp\/v2\/users\/1"}],"replies":[{"embeddable":true,"href":"https:\/\/agora.xtec.cat\/ceipsolilluna\/wp-json\/wp\/v2\/comments?post=269"}],"version-history":[{"count":6,"href":"https:\/\/agora.xtec.cat\/ceipsolilluna\/wp-json\/wp\/v2\/pages\/269\/revisions"}],"predecessor-version":[{"id":11734,"href":"https:\/\/agora.xtec.cat\/ceipsolilluna\/wp-json\/wp\/v2\/pages\/269\/revisions\/11734"}],"up":[{"embeddable":true,"href":"https:\/\/agora.xtec.cat\/ceipsolilluna\/wp-json\/wp\/v2\/pages\/22"}],"wp:attachment":[{"href":"https:\/\/agora.xtec.cat\/ceipsolilluna\/wp-json\/wp\/v2\/media?parent=269"}],"curies":[{"name":"wp","href":"https:\/\/api.w.org\/{rel}","templated":true}]}}