{"id":11697,"date":"2025-02-15T11:32:02","date_gmt":"2025-02-15T10:32:02","guid":{"rendered":"https:\/\/agora.xtec.cat\/ceipsolilluna\/?page_id=11697"},"modified":"2025-02-15T11:32:02","modified_gmt":"2025-02-15T10:32:02","slug":"trobades-pedagogiques-de-comunitat-educativa","status":"publish","type":"page","link":"https:\/\/agora.xtec.cat\/ceipsolilluna\/pedagogic-i-acords-de-comunitat\/trobades-pedagogiques-de-comunitat-educativa\/","title":{"rendered":"Trobades pedag\u00f2giques de comunitat educativa"},"content":{"rendered":"<p>Les trobades pedag\u00f2giques han estat un moment de trobada per fam\u00edlies, docents i infants, des del naixement de la nostra escola i el nostre projecte educatiu.<\/p>\n<p>Any rere any, una persona experta en un tema d&#8217;inter\u00e8s, ens acompanya al llarg d&#8217;una tarda oberta a fam\u00edlies, infants i xarxa educativa del nostre entorn.\u00a0 Aqu\u00ed teniu els cartells de les darreres trobades pedag\u00f2giques.<\/p>\n<p><img loading=\"lazy\" decoding=\"async\" class=\"aligncenter size-large wp-image-11700\" src=\"https:\/\/agora.xtec.cat\/ceipsolilluna\/wp-content\/uploads\/usu372\/2025\/02\/CARTELL-XV-Trobada-Pedagogica-410x1024.jpg\" alt=\"\" width=\"410\" height=\"1024\" srcset=\"https:\/\/agora.xtec.cat\/ceipsolilluna\/wp-content\/uploads\/usu372\/2025\/02\/CARTELL-XV-Trobada-Pedagogica-410x1024.jpg 410w, https:\/\/agora.xtec.cat\/ceipsolilluna\/wp-content\/uploads\/usu372\/2025\/02\/CARTELL-XV-Trobada-Pedagogica-120x300.jpg 120w, https:\/\/agora.xtec.cat\/ceipsolilluna\/wp-content\/uploads\/usu372\/2025\/02\/CARTELL-XV-Trobada-Pedagogica-768x1920.jpg 768w, https:\/\/agora.xtec.cat\/ceipsolilluna\/wp-content\/uploads\/usu372\/2025\/02\/CARTELL-XV-Trobada-Pedagogica.jpg 800w\" sizes=\"auto, (max-width: 410px) 100vw, 410px\" \/><\/p>\n<p><img loading=\"lazy\" decoding=\"async\" class=\"aligncenter size-large wp-image-11702\" src=\"https:\/\/agora.xtec.cat\/ceipsolilluna\/wp-content\/uploads\/usu372\/2025\/02\/XIV-TROBADA-PEDAGOGICA-410x1024.jpg\" alt=\"\" width=\"410\" height=\"1024\" srcset=\"https:\/\/agora.xtec.cat\/ceipsolilluna\/wp-content\/uploads\/usu372\/2025\/02\/XIV-TROBADA-PEDAGOGICA-410x1024.jpg 410w, https:\/\/agora.xtec.cat\/ceipsolilluna\/wp-content\/uploads\/usu372\/2025\/02\/XIV-TROBADA-PEDAGOGICA-120x300.jpg 120w, https:\/\/agora.xtec.cat\/ceipsolilluna\/wp-content\/uploads\/usu372\/2025\/02\/XIV-TROBADA-PEDAGOGICA-768x1920.jpg 768w, https:\/\/agora.xtec.cat\/ceipsolilluna\/wp-content\/uploads\/usu372\/2025\/02\/XIV-TROBADA-PEDAGOGICA-819x2048.jpg 819w, https:\/\/agora.xtec.cat\/ceipsolilluna\/wp-content\/uploads\/usu372\/2025\/02\/XIV-TROBADA-PEDAGOGICA-scaled.jpg 1024w\" sizes=\"auto, (max-width: 410px) 100vw, 410px\" \/><\/p>\n<p><img loading=\"lazy\" decoding=\"async\" class=\"aligncenter size-large wp-image-11701\" src=\"https:\/\/agora.xtec.cat\/ceipsolilluna\/wp-content\/uploads\/usu372\/2025\/02\/White-Black-Illustratrion-Learning-Education-Infographic-410x1024.jpg\" alt=\"\" width=\"410\" height=\"1024\" srcset=\"https:\/\/agora.xtec.cat\/ceipsolilluna\/wp-content\/uploads\/usu372\/2025\/02\/White-Black-Illustratrion-Learning-Education-Infographic-410x1024.jpg 410w, https:\/\/agora.xtec.cat\/ceipsolilluna\/wp-content\/uploads\/usu372\/2025\/02\/White-Black-Illustratrion-Learning-Education-Infographic-120x300.jpg 120w, https:\/\/agora.xtec.cat\/ceipsolilluna\/wp-content\/uploads\/usu372\/2025\/02\/White-Black-Illustratrion-Learning-Education-Infographic-768x1920.jpg 768w, https:\/\/agora.xtec.cat\/ceipsolilluna\/wp-content\/uploads\/usu372\/2025\/02\/White-Black-Illustratrion-Learning-Education-Infographic.jpg 800w\" sizes=\"auto, (max-width: 410px) 100vw, 410px\" \/><\/p>\n<p><img loading=\"lazy\" decoding=\"async\" class=\"aligncenter size-large wp-image-11703\" src=\"https:\/\/agora.xtec.cat\/ceipsolilluna\/wp-content\/uploads\/usu372\/2025\/02\/Trobada-Pedagogica-STEAMulem_page-0001-1-515x1024.jpg\" alt=\"\" width=\"515\" height=\"1024\" srcset=\"https:\/\/agora.xtec.cat\/ceipsolilluna\/wp-content\/uploads\/usu372\/2025\/02\/Trobada-Pedagogica-STEAMulem_page-0001-1-515x1024.jpg 515w, https:\/\/agora.xtec.cat\/ceipsolilluna\/wp-content\/uploads\/usu372\/2025\/02\/Trobada-Pedagogica-STEAMulem_page-0001-1-151x300.jpg 151w, https:\/\/agora.xtec.cat\/ceipsolilluna\/wp-content\/uploads\/usu372\/2025\/02\/Trobada-Pedagogica-STEAMulem_page-0001-1-768x1527.jpg 768w, https:\/\/agora.xtec.cat\/ceipsolilluna\/wp-content\/uploads\/usu372\/2025\/02\/Trobada-Pedagogica-STEAMulem_page-0001-1-773x1536.jpg 773w, https:\/\/agora.xtec.cat\/ceipsolilluna\/wp-content\/uploads\/usu372\/2025\/02\/Trobada-Pedagogica-STEAMulem_page-0001-1-1030x2048.jpg 1030w, https:\/\/agora.xtec.cat\/ceipsolilluna\/wp-content\/uploads\/usu372\/2025\/02\/Trobada-Pedagogica-STEAMulem_page-0001-1-scaled.jpg 1288w\" sizes=\"auto, (max-width: 515px) 100vw, 515px\" \/><\/p>\n","protected":false},"excerpt":{"rendered":"<p>Les trobades pedag\u00f2giques han estat un moment de trobada per fam\u00edlies, docents i infants, des del naixement de la nostra escola i el nostre projecte educatiu. Any rere any, una persona experta en un tema d&#8217;inter\u00e8s, ens acompanya al llarg d&#8217;una tarda oberta a fam\u00edlies, infants i xarxa educativa del nostre entorn.\u00a0 Aqu\u00ed teniu els [&hellip;]<\/p>\n","protected":false},"author":1,"featured_media":0,"parent":11683,"menu_order":0,"comment_status":"closed","ping_status":"closed","template":"","meta":{"_bbp_topic_count":0,"_bbp_reply_count":0,"_bbp_total_topic_count":0,"_bbp_total_reply_count":0,"_bbp_voice_count":0,"_bbp_anonymous_reply_count":0,"_bbp_topic_count_hidden":0,"_bbp_reply_count_hidden":0,"_bbp_forum_subforum_count":0,"site-sidebar-layout":"default","site-content-layout":"","ast-site-content-layout":"","site-content-style":"default","site-sidebar-style":"default","ast-global-header-display":"","ast-banner-title-visibility":"","ast-main-header-display":"","ast-hfb-above-header-display":"","ast-hfb-below-header-display":"","ast-hfb-mobile-header-display":"","site-post-title":"","ast-breadcrumbs-content":"","ast-featured-img":"","footer-sml-layout":"","theme-transparent-header-meta":"","adv-header-id-meta":"","stick-header-meta":"","header-above-stick-meta":"","header-main-stick-meta":"","header-below-stick-meta":"","astra-migrate-meta-layouts":"default","ast-page-background-enabled":"default","ast-page-background-meta":{"desktop":{"background-color":"var(--ast-global-color-4)","background-image":"","background-repeat":"repeat","background-position":"center center","background-size":"auto","background-attachment":"scroll","background-type":"","background-media":"","overlay-type":"","overlay-color":"","overlay-opacity":"","overlay-gradient":""},"tablet":{"background-color":"","background-image":"","background-repeat":"repeat","background-position":"center center","background-size":"auto","background-attachment":"scroll","background-type":"","background-media":"","overlay-type":"","overlay-color":"","overlay-opacity":"","overlay-gradient":""},"mobile":{"background-color":"","background-image":"","background-repeat":"repeat","background-position":"center center","background-size":"auto","background-attachment":"scroll","background-type":"","background-media":"","overlay-type":"","overlay-color":"","overlay-opacity":"","overlay-gradient":""}},"ast-content-background-meta":{"desktop":{"background-color":"var(--ast-global-color-5)","background-image":"","background-repeat":"repeat","background-position":"center center","background-size":"auto","background-attachment":"scroll","background-type":"","background-media":"","overlay-type":"","overlay-color":"","overlay-opacity":"","overlay-gradient":""},"tablet":{"background-color":"var(--ast-global-color-5)","background-image":"","background-repeat":"repeat","background-position":"center center","background-size":"auto","background-attachment":"scroll","background-type":"","background-media":"","overlay-type":"","overlay-color":"","overlay-opacity":"","overlay-gradient":""},"mobile":{"background-color":"var(--ast-global-color-5)","background-image":"","background-repeat":"repeat","background-position":"center center","background-size":"auto","background-attachment":"scroll","background-type":"","background-media":"","overlay-type":"","overlay-color":"","overlay-opacity":"","overlay-gradient":""}},"footnotes":""},"class_list":["post-11697","page","type-page","status-publish","hentry"],"post_mailing_queue_ids":[],"_links":{"self":[{"href":"https:\/\/agora.xtec.cat\/ceipsolilluna\/wp-json\/wp\/v2\/pages\/11697","targetHints":{"allow":["GET"]}}],"collection":[{"href":"https:\/\/agora.xtec.cat\/ceipsolilluna\/wp-json\/wp\/v2\/pages"}],"about":[{"href":"https:\/\/agora.xtec.cat\/ceipsolilluna\/wp-json\/wp\/v2\/types\/page"}],"author":[{"embeddable":true,"href":"https:\/\/agora.xtec.cat\/ceipsolilluna\/wp-json\/wp\/v2\/users\/1"}],"replies":[{"embeddable":true,"href":"https:\/\/agora.xtec.cat\/ceipsolilluna\/wp-json\/wp\/v2\/comments?post=11697"}],"version-history":[{"count":2,"href":"https:\/\/agora.xtec.cat\/ceipsolilluna\/wp-json\/wp\/v2\/pages\/11697\/revisions"}],"predecessor-version":[{"id":11704,"href":"https:\/\/agora.xtec.cat\/ceipsolilluna\/wp-json\/wp\/v2\/pages\/11697\/revisions\/11704"}],"up":[{"embeddable":true,"href":"https:\/\/agora.xtec.cat\/ceipsolilluna\/wp-json\/wp\/v2\/pages\/11683"}],"wp:attachment":[{"href":"https:\/\/agora.xtec.cat\/ceipsolilluna\/wp-json\/wp\/v2\/media?parent=11697"}],"curies":[{"name":"wp","href":"https:\/\/api.w.org\/{rel}","templated":true}]}}