{"id":11691,"date":"2025-02-15T11:05:08","date_gmt":"2025-02-15T10:05:08","guid":{"rendered":"https:\/\/agora.xtec.cat\/ceipsolilluna\/?page_id=11691"},"modified":"2025-03-02T21:29:33","modified_gmt":"2025-03-02T20:29:33","slug":"eixos-transversals-i-acords-descola","status":"publish","type":"page","link":"https:\/\/agora.xtec.cat\/ceipsolilluna\/pedagogic-i-acords-de-comunitat\/eixos-transversals-i-acords-descola\/","title":{"rendered":"Eixos transversals i acords d&#8217;escola"},"content":{"rendered":"<p>Cada curs, abans de tancar el segon trimestre, tota l&#8217;escola inicia projectes que parteixen d&#8217;un eix transversal. S&#8217;inicien amb una situaci\u00f3 d&#8217;aprenentatge o activitat de motivaci\u00f3 i es tanquen amb una fireta exposici\u00f3 oberta a les fam\u00edlies en la qual els infants han d&#8217;explicar all\u00f2 que han descobert o apr\u00e8s. El Consell d&#8217;Alumnat, d&#8217;acord a les propostes dels grups classe, estableix amb l&#8217;equip directiu uns acords que parteixen d&#8217;all\u00f2 que hem apr\u00e8s. S\u00f3n dec\u00e0legs o normes que considerem imprescindible per la nostra conviv\u00e8ncia i maneres de ser, fer i viure.<\/p>\n<p>Aquests acords s\u00f3n ben visibles a un espai de l&#8217;escola i es treballen i recorden amb el grup, i en les diferents iniciatives o propostes de millora.<\/p>\n<p><img loading=\"lazy\" decoding=\"async\" class=\"aligncenter size-large wp-image-11709\" src=\"https:\/\/agora.xtec.cat\/ceipsolilluna\/wp-content\/uploads\/usu372\/2025\/03\/1-724x1024.jpg\" alt=\"\" width=\"724\" height=\"1024\" srcset=\"https:\/\/agora.xtec.cat\/ceipsolilluna\/wp-content\/uploads\/usu372\/2025\/03\/1-724x1024.jpg 724w, https:\/\/agora.xtec.cat\/ceipsolilluna\/wp-content\/uploads\/usu372\/2025\/03\/1-212x300.jpg 212w, https:\/\/agora.xtec.cat\/ceipsolilluna\/wp-content\/uploads\/usu372\/2025\/03\/1-768x1086.jpg 768w, https:\/\/agora.xtec.cat\/ceipsolilluna\/wp-content\/uploads\/usu372\/2025\/03\/1-1086x1536.jpg 1086w, https:\/\/agora.xtec.cat\/ceipsolilluna\/wp-content\/uploads\/usu372\/2025\/03\/1.jpg 1414w\" sizes=\"auto, (max-width: 724px) 100vw, 724px\" \/><\/p>\n<p><img loading=\"lazy\" decoding=\"async\" class=\"aligncenter size-large wp-image-11711\" src=\"https:\/\/agora.xtec.cat\/ceipsolilluna\/wp-content\/uploads\/usu372\/2025\/03\/3-724x1024.jpg\" alt=\"\" width=\"724\" height=\"1024\" srcset=\"https:\/\/agora.xtec.cat\/ceipsolilluna\/wp-content\/uploads\/usu372\/2025\/03\/3-724x1024.jpg 724w, https:\/\/agora.xtec.cat\/ceipsolilluna\/wp-content\/uploads\/usu372\/2025\/03\/3-212x300.jpg 212w, https:\/\/agora.xtec.cat\/ceipsolilluna\/wp-content\/uploads\/usu372\/2025\/03\/3-768x1086.jpg 768w, https:\/\/agora.xtec.cat\/ceipsolilluna\/wp-content\/uploads\/usu372\/2025\/03\/3-1086x1536.jpg 1086w, https:\/\/agora.xtec.cat\/ceipsolilluna\/wp-content\/uploads\/usu372\/2025\/03\/3.jpg 1414w\" sizes=\"auto, (max-width: 724px) 100vw, 724px\" \/><\/p>\n<p><img loading=\"lazy\" decoding=\"async\" class=\"aligncenter size-large wp-image-11710\" src=\"https:\/\/agora.xtec.cat\/ceipsolilluna\/wp-content\/uploads\/usu372\/2025\/03\/2-724x1024.jpg\" alt=\"\" width=\"724\" height=\"1024\" srcset=\"https:\/\/agora.xtec.cat\/ceipsolilluna\/wp-content\/uploads\/usu372\/2025\/03\/2-724x1024.jpg 724w, https:\/\/agora.xtec.cat\/ceipsolilluna\/wp-content\/uploads\/usu372\/2025\/03\/2-212x300.jpg 212w, https:\/\/agora.xtec.cat\/ceipsolilluna\/wp-content\/uploads\/usu372\/2025\/03\/2-768x1086.jpg 768w, https:\/\/agora.xtec.cat\/ceipsolilluna\/wp-content\/uploads\/usu372\/2025\/03\/2-1086x1536.jpg 1086w, https:\/\/agora.xtec.cat\/ceipsolilluna\/wp-content\/uploads\/usu372\/2025\/03\/2.jpg 1414w\" sizes=\"auto, (max-width: 724px) 100vw, 724px\" \/><\/p>\n<p><img loading=\"lazy\" decoding=\"async\" class=\"aligncenter size-large wp-image-11712\" src=\"https:\/\/agora.xtec.cat\/ceipsolilluna\/wp-content\/uploads\/usu372\/2025\/03\/4-724x1024.jpg\" alt=\"\" width=\"724\" height=\"1024\" srcset=\"https:\/\/agora.xtec.cat\/ceipsolilluna\/wp-content\/uploads\/usu372\/2025\/03\/4-724x1024.jpg 724w, https:\/\/agora.xtec.cat\/ceipsolilluna\/wp-content\/uploads\/usu372\/2025\/03\/4-212x300.jpg 212w, https:\/\/agora.xtec.cat\/ceipsolilluna\/wp-content\/uploads\/usu372\/2025\/03\/4-768x1086.jpg 768w, https:\/\/agora.xtec.cat\/ceipsolilluna\/wp-content\/uploads\/usu372\/2025\/03\/4-1086x1536.jpg 1086w, https:\/\/agora.xtec.cat\/ceipsolilluna\/wp-content\/uploads\/usu372\/2025\/03\/4.jpg 1414w\" sizes=\"auto, (max-width: 724px) 100vw, 724px\" \/><\/p>\n<p><strong>CURS 23-24, AIGUA<\/strong><\/p>\n<div style=\"width: 1122px;\" class=\"wp-video\"><!--[if lt IE 9]><script>document.createElement('video');<\/script><![endif]-->\n<video class=\"wp-video-shortcode\" id=\"video-11691-1\" width=\"1122\" height=\"792\" preload=\"metadata\" controls=\"controls\"><source type=\"video\/mp4\" src=\"https:\/\/agora.xtec.cat\/ceipsolilluna\/wp-content\/uploads\/usu372\/2025\/02\/Copia-de-FIRA-EIX-TRANSVERSAL-23-24.mp4?_=1\" \/><a href=\"https:\/\/agora.xtec.cat\/ceipsolilluna\/wp-content\/uploads\/usu372\/2025\/02\/Copia-de-FIRA-EIX-TRANSVERSAL-23-24.mp4\">https:\/\/agora.xtec.cat\/ceipsolilluna\/wp-content\/uploads\/usu372\/2025\/02\/Copia-de-FIRA-EIX-TRANSVERSAL-23-24.mp4<\/a><\/video><\/div>\n<div><\/div>\n<div>Trobem a secretaria un micr\u00f2fon de r\u00e0dio. Hem anat preguntant per tots els grups classe i a tots els mestres, per si en sabien alguna cosa. Ning\u00fa sabia com podia haver arribat aquest micr\u00f2fon a l&#8217;escola de forma tan misteriosa!<\/div>\n<div><\/div>\n<div><img loading=\"lazy\" decoding=\"async\" class=\"CToWUd a6T alignleft\" tabindex=\"0\" src=\"https:\/\/mail.google.com\/mail\/u\/1?ui=2&amp;ik=353eafcf13&amp;attid=0.0.1&amp;permmsgid=msg-a:r-3117355035573510107&amp;th=18e1f06131621eaa&amp;view=fimg&amp;fur=ip&amp;permmsgid=msg-a:r-3117355035573510107&amp;sz=s0-l75-ft&amp;attbid=ANGjdJ8OyDYjmm6cU8geHeCrlWUM_MRvNJUA8XywW0P5MHGhzwJlwT6quy8UMb0YVRFffZzpEgGwF3IoL6djtAanlxyqHLrmITzUwItp1LrkmL3O53ZLc-Y77RkapbA&amp;disp=emb&amp;realattid=ii_ltiwhx4k0&amp;zw\" alt=\"image.png\" width=\"274\" height=\"210\" data-image-whitelisted=\"\" data-bit=\"iit\" \/><\/div>\n<div><\/div>\n<div>La mateixa tarda va sonar per megafonia una falca de R\u00e0dio Castellar que ens comunicava que divendres 22 de Mar\u00e7 faran un programa de r\u00e0dio en directe a la nostra escola per celebrar el dia mundial de l&#8217;<span class=\"il\">aigua<\/span>\u00a0a la nostra fira de l&#8217;eix transversal d&#8217;enguany.<\/div>\n<div>Ben engrescats i com a cloenda del segon trimestre, v\u00e0rem comen\u00e7ar les setmanes de l&#8217;eix transversal d&#8217;escola, sobre un mateix tema &#8221; <span class=\"il\">Aigua<\/span>&#8220;.<\/div>\n<div><\/div>\n<div><\/div>\n<div><\/div>\n<div><\/div>\n<div><\/div>\n<div><img loading=\"lazy\" decoding=\"async\" class=\"CToWUd a6T\" tabindex=\"0\" src=\"https:\/\/mail.google.com\/mail\/u\/1?ui=2&amp;ik=353eafcf13&amp;attid=0.0.2&amp;permmsgid=msg-a:r-3117355035573510107&amp;th=18e1f06131621eaa&amp;view=fimg&amp;fur=ip&amp;permmsgid=msg-a:r-3117355035573510107&amp;sz=s0-l75-ft&amp;attbid=ANGjdJ9B9uKsi6lJksS3ZvfWP9btVSL2uTRXL4kU5koksjy6Hc3v-z-EiOr2BadGZq27MRb4OowH8Uf5wQLwe12MhNXsY4W4Gwx3g2azhmLECU4mZ_K9gcOSffhorIk&amp;disp=emb&amp;realattid=ii_ltiwlqdo1&amp;zw\" alt=\"image.png\" width=\"355\" height=\"511\" data-image-whitelisted=\"\" data-bit=\"iit\" \/><\/div>\n","protected":false},"excerpt":{"rendered":"<p>Cada curs, abans de tancar el segon trimestre, tota l&#8217;escola inicia projectes que parteixen d&#8217;un eix transversal. S&#8217;inicien amb una situaci\u00f3 d&#8217;aprenentatge o activitat de motivaci\u00f3 i es tanquen amb una fireta exposici\u00f3 oberta a les fam\u00edlies en la qual els infants han d&#8217;explicar all\u00f2 que han descobert o apr\u00e8s. El Consell d&#8217;Alumnat, d&#8217;acord a [&hellip;]<\/p>\n","protected":false},"author":1,"featured_media":0,"parent":11683,"menu_order":0,"comment_status":"closed","ping_status":"closed","template":"","meta":{"_bbp_topic_count":0,"_bbp_reply_count":0,"_bbp_total_topic_count":0,"_bbp_total_reply_count":0,"_bbp_voice_count":0,"_bbp_anonymous_reply_count":0,"_bbp_topic_count_hidden":0,"_bbp_reply_count_hidden":0,"_bbp_forum_subforum_count":0,"site-sidebar-layout":"default","site-content-layout":"","ast-site-content-layout":"","site-content-style":"default","site-sidebar-style":"default","ast-global-header-display":"","ast-banner-title-visibility":"","ast-main-header-display":"","ast-hfb-above-header-display":"","ast-hfb-below-header-display":"","ast-hfb-mobile-header-display":"","site-post-title":"","ast-breadcrumbs-content":"","ast-featured-img":"","footer-sml-layout":"","theme-transparent-header-meta":"","adv-header-id-meta":"","stick-header-meta":"","header-above-stick-meta":"","header-main-stick-meta":"","header-below-stick-meta":"","astra-migrate-meta-layouts":"default","ast-page-background-enabled":"default","ast-page-background-meta":{"desktop":{"background-color":"var(--ast-global-color-4)","background-image":"","background-repeat":"repeat","background-position":"center center","background-size":"auto","background-attachment":"scroll","background-type":"","background-media":"","overlay-type":"","overlay-color":"","overlay-opacity":"","overlay-gradient":""},"tablet":{"background-color":"","background-image":"","background-repeat":"repeat","background-position":"center center","background-size":"auto","background-attachment":"scroll","background-type":"","background-media":"","overlay-type":"","overlay-color":"","overlay-opacity":"","overlay-gradient":""},"mobile":{"background-color":"","background-image":"","background-repeat":"repeat","background-position":"center center","background-size":"auto","background-attachment":"scroll","background-type":"","background-media":"","overlay-type":"","overlay-color":"","overlay-opacity":"","overlay-gradient":""}},"ast-content-background-meta":{"desktop":{"background-color":"var(--ast-global-color-5)","background-image":"","background-repeat":"repeat","background-position":"center center","background-size":"auto","background-attachment":"scroll","background-type":"","background-media":"","overlay-type":"","overlay-color":"","overlay-opacity":"","overlay-gradient":""},"tablet":{"background-color":"var(--ast-global-color-5)","background-image":"","background-repeat":"repeat","background-position":"center center","background-size":"auto","background-attachment":"scroll","background-type":"","background-media":"","overlay-type":"","overlay-color":"","overlay-opacity":"","overlay-gradient":""},"mobile":{"background-color":"var(--ast-global-color-5)","background-image":"","background-repeat":"repeat","background-position":"center center","background-size":"auto","background-attachment":"scroll","background-type":"","background-media":"","overlay-type":"","overlay-color":"","overlay-opacity":"","overlay-gradient":""}},"footnotes":""},"class_list":["post-11691","page","type-page","status-publish","hentry"],"post_mailing_queue_ids":[],"_links":{"self":[{"href":"https:\/\/agora.xtec.cat\/ceipsolilluna\/wp-json\/wp\/v2\/pages\/11691","targetHints":{"allow":["GET"]}}],"collection":[{"href":"https:\/\/agora.xtec.cat\/ceipsolilluna\/wp-json\/wp\/v2\/pages"}],"about":[{"href":"https:\/\/agora.xtec.cat\/ceipsolilluna\/wp-json\/wp\/v2\/types\/page"}],"author":[{"embeddable":true,"href":"https:\/\/agora.xtec.cat\/ceipsolilluna\/wp-json\/wp\/v2\/users\/1"}],"replies":[{"embeddable":true,"href":"https:\/\/agora.xtec.cat\/ceipsolilluna\/wp-json\/wp\/v2\/comments?post=11691"}],"version-history":[{"count":5,"href":"https:\/\/agora.xtec.cat\/ceipsolilluna\/wp-json\/wp\/v2\/pages\/11691\/revisions"}],"predecessor-version":[{"id":11713,"href":"https:\/\/agora.xtec.cat\/ceipsolilluna\/wp-json\/wp\/v2\/pages\/11691\/revisions\/11713"}],"up":[{"embeddable":true,"href":"https:\/\/agora.xtec.cat\/ceipsolilluna\/wp-json\/wp\/v2\/pages\/11683"}],"wp:attachment":[{"href":"https:\/\/agora.xtec.cat\/ceipsolilluna\/wp-json\/wp\/v2\/media?parent=11691"}],"curies":[{"name":"wp","href":"https:\/\/api.w.org\/{rel}","templated":true}]}}